{"id":23,"date":"2020-05-18T08:41:55","date_gmt":"2020-05-18T11:41:55","guid":{"rendered":"https:\/\/www.ufmg.br\/95anos\/?page_id=23"},"modified":"2022-06-30T10:28:31","modified_gmt":"2022-06-30T13:28:31","slug":"noticias","status":"publish","type":"page","link":"https:\/\/www.ufmg.br\/95anos\/noticias\/","title":{"rendered":"Not\u00edcias"},"content":{"rendered":"\n<h1>UFMG abre celebra\u00e7\u00f5es de seus 95 anos<\/h1>\n\n\n\n<h2>Nesta quarta, dia 8, o 94\u00ba anivers\u00e1rio ser\u00e1 marcado por entrega da Medalha de Honra UFMG e edi\u00e7\u00e3o especial do ciclo &#8216;Tempos presentes&#8217;<\/h2>\n\n\n\n<p>segunda-feira, 6 de setembro 2021, \u00e0s 08h06<\/p>\n\n\n\n<p>No dia 7 de setembro, a UFMG completa 94 anos. Para marcar a data e, ao mesmo tempo, dar in\u00edcio&nbsp;\u00e0s celebra\u00e7\u00f5es do ano 95, a Universidade promove uma programa\u00e7\u00e3o on-line no dia 8, quarta-feira. Uma solenidade pela manh\u00e3 ter\u00e1 como ponto alto a entrega da Medalha de Honra UFMG a 20 ex-alunos. \u00c0 noite, edi\u00e7\u00e3o especial da s\u00e9rie&nbsp;<em>Tempos presentes<\/em>&nbsp;vai reunir especialistas para abordar,&nbsp;sob perspectivas diversas,&nbsp;o tema&nbsp;<em>O que aprendemos com a pandemia<\/em>?<\/p>\n\n\n\n<p>A reitora Sandra Regina Goulart Almeida ressalta a import\u00e2ncia de marcar a data do anivers\u00e1rio da UFMG celebrando a contribui\u00e7\u00e3o inestim\u00e1vel da Institui\u00e7\u00e3o para a sociedade e resgatando as suas muitas hist\u00f3rias por meio da atua\u00e7\u00e3o de destaque de v\u00e1rios de seus egressos.&nbsp;\u201cVamos celebrar a hist\u00f3ria da UFMG, simbolizada por pessoas que se formaram aqui e aplicaram seus conhecimentos para o bem da sociedade, e enfatizar nossa atua\u00e7\u00e3o frente aos enormes desafios de v\u00e1rios tempos, em especial esses gerados pela pandemia de covid-19, que mobiliza pesquisadores e profissionais de todas as \u00e1reas\u201d, afirma.<\/p>\n\n\n\n<p>Sandra Goulart enfatiza que, nos dois momentos da programa\u00e7\u00e3o, a comunidade acad\u00eamica vai comemorar a participa\u00e7\u00e3o efetiva da UFMG no cotidiano e no desenvolvimento de Belo Horizonte, de Minas Gerais e do Brasil: \u201cH\u00e1 mais de nove d\u00e9cadas, a Universidade forma profissionais e produz conhecimento que proporciona melhorias na vida das pessoas, interage com outros saberes e se coloca \u00e0 disposi\u00e7\u00e3o da sociedade para atender suas demandas, enfrentando os desafios de nosso tempo com altivez e esperan\u00e7a por dias melhores\u201d.<\/p>\n\n\n\n<p><strong>Medalha<br><\/strong>A partir das 10h,&nbsp;<a href=\"http:\/\/youtube.com\/cacufmg\" target=\"_blank\" rel=\"noreferrer noopener\">com transmiss\u00e3o pelo YouTube<\/a>, Sandra Goulart e o vice-reitor, Alessandro Fernandes Moreira, estar\u00e3o acompanhados, on-line, de reitores de gest\u00f5es anteriores e diretores de unidades. Os ex-alunos homenageados (veja a rela\u00e7\u00e3o ao final deste texto) foram indicados pelas congrega\u00e7\u00f5es das unidades acad\u00eamicas e pela reitora. A entrega da Medalha de Honra ser\u00e1 simb\u00f3lica, na reuni\u00e3o virtual, e, em momento oportuno, os ex-alunos receber\u00e3o a Medalha, um certificado e uma roseta de lapela.<\/p>\n\n\n\n<p>A Medalha de Honra UFMG, institu\u00edda pela Portaria n\u00ba 2.048\/2000, \u00e9 \u201cconcedida a ex-alunos que se tenham distinguido por contribui\u00e7\u00f5es relevantes \u00e0 sociedade em geral\u201d. A outorga ocorre uma vez a cada Reitorado. A condecora\u00e7\u00e3o \u00e9 feita a pessoas que tenham conclu\u00eddo gradua\u00e7\u00e3o, mestrado ou doutorado na UFMG e que n\u00e3o estejam, \u00e0 \u00e9poca da indica\u00e7\u00e3o, vinculadas \u00e0 Institui\u00e7\u00e3o. A trajet\u00f3ria profissional e os servi\u00e7os prestados \u00e0 comunidade n\u00e3o precisam estar relacionados \u00e0 \u00e1rea de conhecimento na qual se insere o curso feito pelo homenageado. Nesta edi\u00e7\u00e3o da Medalha de Honra, 17 ex-alunos foram indicados por unidades, e tr\u00eas, pela reitora.<\/p>\n\n\n\n<p><strong>Li\u00e7\u00f5es da pandemia<\/strong><br>\u00c0s 18h, ter\u00e1 in\u00edcio o encontro da s\u00e9rie&nbsp;<em>Tempos presentes<\/em>. As professoras Ana Gomes, da Faculdade de Educa\u00e7\u00e3o, Helo\u00edsa Starling, da Faculdade de Filosofia e Ci\u00eancias Humanas, e o professor Jo\u00e3o Trindade Marques, do Instituto de Ci\u00eancias Biol\u00f3gicas, abordar\u00e3o o tema O que aprendemos com a pandemia?. Cada um deles far\u00e1 uma exposi\u00e7\u00e3o de at\u00e9 20 minutos, e a modera\u00e7\u00e3o ficar\u00e1 a cargo da reitora Sandra Goulart Almeida.<\/p>\n\n\n\n<p>O ciclo de confer\u00eancias&nbsp;<em><a href=\"https:\/\/www.ufmg.br\/tempospresentes\/\" target=\"_blank\" rel=\"noreferrer noopener\">Tempos presentes<\/a><\/em>, organizado pela UFMG desde 2019, tem o intuito de contribuir para pensar a Universidade e a nossa \u00e9poca. De acordo com o texto que apresenta a s\u00e9rie, a ideia \u00e9 \u201caportar conhecimento, reflex\u00e3o e questionamento, que se fazem indispens\u00e1veis para a reconstru\u00e7\u00e3o da no\u00e7\u00e3o de Hist\u00f3ria como tradu\u00e7\u00e3o da vontade humana de orientar sua exist\u00eancia pela utopia de um futuro digno de ser sonhado&#8221;.<\/p>\n\n\n\n<p>Ana Maria Rabelo Gomes atua com \u00eanfase em antropologia e educa\u00e7\u00e3o, sobretudo nos temas educa\u00e7\u00e3o ind\u00edgena, cultura e escolariza\u00e7\u00e3o, aprendizagem e cultura, ecologia de pr\u00e1ticas e cosmopol\u00edtica. Ela cursou o doutorado em Educa\u00e7\u00e3o na Universidade de Bolonha (It\u00e1lia) e fez estudos de p\u00f3s-doutorado no Programa de P\u00f3s-gradua\u00e7\u00e3o em Antropologia Social do Museu Nacional, da UFRJ.<\/p>\n\n\n\n<p>Heloisa Murgel Starling, vinculada ao Departamento de Hist\u00f3ria da Fafich, atua na \u00e1rea de ci\u00eancia pol\u00edtica e suas rela\u00e7\u00f5es com hist\u00f3ria, rep\u00fablica, Brasil, can\u00e7\u00e3o popular e quest\u00e3o agr\u00e1ria. Cursou gradua\u00e7\u00e3o em hist\u00f3ria e mestrado em ci\u00eancia pol\u00edtica na UFMG, e doutorado em ci\u00eancia pol\u00edtica (ci\u00eancia pol\u00edtica e sociologia) no Instituto Universit\u00e1rio de Pesquisas do Rio de Janeiro (Iuperj). Coordena a cole\u00e7\u00e3o&nbsp;<em>Arquivos da Repress\u00e3o no Brasil<\/em>, da Companhia das Letras.<\/p>\n\n\n\n<p>Jo\u00e3o Trindade Marques \u00e9 professor do Departamento de Bioqu\u00edmica e Imunologia do ICB. Atua nas \u00e1reas de imunologia e microbiologia, com foco principal no papel de RNAs n\u00e3o codificantes e vias de RNA de interfer\u00eancia na intera\u00e7\u00e3o v\u00edrus-hospedeiro em modelos invertebrados como o mosquito&nbsp;<em>Aedes aegypti<\/em>&nbsp;e a mosca&nbsp;<em>Drosophila melanogaster<\/em>. Graduou-se no ICB, onde tamb\u00e9m cursou mestrado e doutorado em microbiologia. Fez estudos de p\u00f3s-doutorado na Cleveland Clinic e na Northwestern University de Chicago, ambas nos EUA.<\/p>\n\n\n\n<p><strong>Medalha de Honra UFMG, 2021<\/strong><\/p>\n\n\n\n<p><em>Indica\u00e7\u00f5es das Unidades<\/em><\/p>\n\n\n\n<p><strong>Andersen Viana \u2013 Escola de M\u00fasica<br><\/strong>Graduado em Composi\u00e7\u00e3o (Bacharelado), 1992<\/p>\n\n\n\n<p><strong>Cleide Aparecida Fernandes \u2013 Escola de Ci\u00eancia da Informa\u00e7\u00e3o<br><\/strong>Graduada em Biblioteconomia, 2004<\/p>\n\n\n\n<p><strong>Daniele Lopes Leal \u2013 Faculdade de Odontologia<br><\/strong>Mestre (2013) e doutora (2017) em Odontologia<\/p>\n\n\n\n<p><strong>Fernando Guadalupe dos Santos Lins Brand\u00e3o \u2013 Instituto de Ci\u00eancias Exatas<br><\/strong>Graduado (2004) e mestre (2005) em F\u00edsica<\/p>\n\n\n\n<p><strong>Francisco Ant\u00f4nio Lobo Leite (Chico Lobo) \u2013 Escola de Educa\u00e7\u00e3o F\u00edsica, Fisioterapia e Terapia Ocupacional<br><\/strong>Graduado em Educa\u00e7\u00e3o F\u00edsica, 2004<\/p>\n\n\n\n<p><strong>Guilherme Gontijo Flores \u2013 Faculdade de Letras<br><\/strong>Mestre em Estudos Liter\u00e1rios, 2007<\/p>\n\n\n\n<p><strong>Jackson Machado Pinto \u2013 Faculdade de Medicina<br><\/strong>Graduado em Medicina, 1978, e mestre em Dermatologia, 1991<\/p>\n\n\n\n<p><strong>Jo\u00e3o Castilho \u2013 Escola de Belas Artes<br><\/strong>Mestre em Artes e Tecnologia da Imagem, 2010<\/p>\n\n\n\n<p><strong>Maria Mazzarello Rodrigues \u2013 Faculdade de Filosofia e Ci\u00eancias Humanas<br><\/strong>Graduada em Jornalismo, 1966<\/p>\n\n\n\n<p><strong>Mariana Xavier Byndless \u2013 Escola de Veterin\u00e1ria<br><\/strong>Graduada em Medicina Veterin\u00e1ria, 2007, mestre (2009) e doutora (2013) em Ci\u00eancia Animal (cursa resid\u00eancia p\u00f3s-doutoral na UFMG)<\/p>\n\n\n\n<p><strong>Mario Neto Borges \u2013 Escola de Engenharia<br><\/strong>Mestre em Engenharia El\u00e9trica, 1985<\/p>\n\n\n\n<p><strong>Meiruze Souza Freitas \u2013 Faculdade de Farm\u00e1cia<br><\/strong>Graduada em Farm\u00e1cia (An\u00e1lises Cl\u00ednicas), 2000<\/p>\n\n\n\n<p><strong>Naiane Dias Nunes \u2013 Faculdade de Educa\u00e7\u00e3o<br><\/strong>Graduada em Licenciatura em Educa\u00e7\u00e3o do Campo, 2016, mestre em Educa\u00e7\u00e3o e Doc\u00eancia, 2019<\/p>\n\n\n\n<p><strong>Paulo Ant\u00f4nio de Carvalho \u2013 Faculdade de Direito<br><\/strong>Bacharel em Direito, 1970<\/p>\n\n\n\n<p><strong>Paulo de Tarso Amorim Castro \u2013 Instituto de Geoci\u00eancias<br><\/strong>Graduado em Geologia, 1981<\/p>\n\n\n\n<p><strong>Wanderson Kleber de Oliveira \u2013 Escola de Enfermagem<br><\/strong>Graduado em Enfermagem, 1997<\/p>\n\n\n\n<p><strong>Z\u00e9lia Maria Profeta da Luz \u2013 Instituto de Ci\u00eancias Biol\u00f3gicas<br><\/strong>Graduado em Farm\u00e1cia, 1986, doutor em Parasitologia, 2003<\/p>\n\n\n\n<p><em>Indica\u00e7\u00f5es da reitora<\/em><\/p>\n\n\n\n<p><strong>Ana Martins Marques<br><\/strong>Graduada em Letras (licenciatura), 2000, e mestre em Estudos Liter\u00e1rios, 2003<\/p>\n\n\n\n<p><strong>Ivair Gontijo<\/strong><br>Graduado (1985) e mestre (1990) em F\u00edsica<\/p>\n\n\n\n<p><strong>Teuda Magalh\u00e3es Fernandes (Teuda Bara)<br><\/strong>Graduada em Ci\u00eancias Sociais (Antropologia), 1974<\/p>\n\n\n\n<p>Itamar Rigueira Jr.<\/p>\n","protected":false},"excerpt":{"rendered":"<p>UFMG abre celebra\u00e7\u00f5es de seus 95 anos Nesta quarta, dia [&hellip;]<\/p>\n","protected":false},"author":1,"featured_media":0,"parent":0,"menu_order":0,"comment_status":"closed","ping_status":"closed","template":"page-news.php","meta":[],"_links":{"self":[{"href":"https:\/\/www.ufmg.br\/95anos\/wp-json\/wp\/v2\/pages\/23"}],"collection":[{"href":"https:\/\/www.ufmg.br\/95anos\/wp-json\/wp\/v2\/pages"}],"about":[{"href":"https:\/\/www.ufmg.br\/95anos\/wp-json\/wp\/v2\/types\/page"}],"author":[{"embeddable":true,"href":"https:\/\/www.ufmg.br\/95anos\/wp-json\/wp\/v2\/users\/1"}],"replies":[{"embeddable":true,"href":"https:\/\/www.ufmg.br\/95anos\/wp-json\/wp\/v2\/comments?post=23"}],"version-history":[{"count":2,"href":"https:\/\/www.ufmg.br\/95anos\/wp-json\/wp\/v2\/pages\/23\/revisions"}],"predecessor-version":[{"id":6171,"href":"https:\/\/www.ufmg.br\/95anos\/wp-json\/wp\/v2\/pages\/23\/revisions\/6171"}],"wp:attachment":[{"href":"https:\/\/www.ufmg.br\/95anos\/wp-json\/wp\/v2\/media?parent=23"}],"curies":[{"name":"wp","href":"https:\/\/api.w.org\/{rel}","templated":true}]}}