{"id":5621,"date":"2022-04-29T15:38:05","date_gmt":"2022-04-29T18:38:05","guid":{"rendered":"https:\/\/www.ufmg.br\/95anos\/?page_id=5621"},"modified":"2022-05-23T14:35:42","modified_gmt":"2022-05-23T17:35:42","slug":"apresentacao","status":"publish","type":"page","link":"https:\/\/www.ufmg.br\/95anos\/apresentacao\/","title":{"rendered":"Apresenta\u00e7\u00e3o"},"content":{"rendered":"\n<p>A funda\u00e7\u00e3o da Universidade Federal de Minas Gerais (UFMG) e a proclama\u00e7\u00e3o da independ\u00eancia do Brasil fazem anivers\u00e1rio na mesma data: 7 de setembro. N\u00e3o se trata de uma efem\u00e9ride coincidente. A UFMG materializou, de forma tardia, o sonho acalentado pelos inconfidentes de instalar uma universidade no Brasil. Qualquer projeto de na\u00e7\u00e3o soberana est\u00e1 condicionado \u00e0 exist\u00eancia de universidades fortes, aut\u00f4nomas e geradoras de conhecimento de ponta, e nossos inconfidentes, atentos \u00e0s experi\u00eancias do mundo \u00e0 \u00e9poca, tinham clareza dessa necessidade. <\/p>\n\n\n\n<p>Liderados pelo nosso primeiro reitor, Francisco Mendes Pimentel, nossos pioneiros escolheram a data de 7 de setembro de 1927 para inaugurar a ent\u00e3o Universidade de Minas Gerais (a UMG), 105 anos depois da independ\u00eancia do Brasil. Definiram aquele dia \u2013 7 de setembro \u2013 para demarcar a converg\u00eancia e a justaposi\u00e7\u00e3o de dois projetos simbi\u00f3ticos: o de um Brasil livre e o de uma universidade aut\u00f4noma.&nbsp;<\/p>\n\n\n\n<p>S\u00e3o muitas as interse\u00e7\u00f5es entre os projetos de pa\u00eds e de uma universidade p\u00fablica, gratuita e de qualidade como a UFMG. E elas ser\u00e3o real\u00e7adas neste ano de 2022 em que se comemoram os 200 anos da independ\u00eancia do Brasil e os 95 anos da UFMG.<\/p>\n\n\n\n<p>Essas duas datas fundamentais em nossa hist\u00f3ria ser\u00e3o celebradas e, sobretudo, escrutinadas com muita reflex\u00e3o. A UFMG est\u00e1 preparando uma ampla programa\u00e7\u00e3o, que tamb\u00e9m pretende dialogar com outros eventos fundantes de nossa hist\u00f3ria: os 100 anos da Semana de Arte Moderna, marco do Modernismo, os 90 anos do voto feminino no Brasil, refer\u00eancia temporal da luta emancipat\u00f3ria das mulheres, e os 125 anos de funda\u00e7\u00e3o de Belo Horizonte, primeira cidade planejada no Brasil. <\/p>\n\n\n\n<p>Desde j\u00e1 fica o convite para que a nossa comunidade contribua com a constru\u00e7\u00e3o dessa programa\u00e7\u00e3o e participe das reflex\u00f5es sobre os projetos de pa\u00eds e de universidade que, interdependentes, devem caminhar juntos em dire\u00e7\u00e3o a uma sociedade mais justa e fraterna.&nbsp;<\/p>\n","protected":false},"excerpt":{"rendered":"<p>A funda\u00e7\u00e3o da Universidade Federal de Minas Gerais (UFMG) e [&hellip;]<\/p>\n","protected":false},"author":1,"featured_media":0,"parent":0,"menu_order":0,"comment_status":"closed","ping_status":"closed","template":"","meta":[],"_links":{"self":[{"href":"https:\/\/www.ufmg.br\/95anos\/wp-json\/wp\/v2\/pages\/5621"}],"collection":[{"href":"https:\/\/www.ufmg.br\/95anos\/wp-json\/wp\/v2\/pages"}],"about":[{"href":"https:\/\/www.ufmg.br\/95anos\/wp-json\/wp\/v2\/types\/page"}],"author":[{"embeddable":true,"href":"https:\/\/www.ufmg.br\/95anos\/wp-json\/wp\/v2\/users\/1"}],"replies":[{"embeddable":true,"href":"https:\/\/www.ufmg.br\/95anos\/wp-json\/wp\/v2\/comments?post=5621"}],"version-history":[{"count":3,"href":"https:\/\/www.ufmg.br\/95anos\/wp-json\/wp\/v2\/pages\/5621\/revisions"}],"predecessor-version":[{"id":6384,"href":"https:\/\/www.ufmg.br\/95anos\/wp-json\/wp\/v2\/pages\/5621\/revisions\/6384"}],"wp:attachment":[{"href":"https:\/\/www.ufmg.br\/95anos\/wp-json\/wp\/v2\/media?parent=5621"}],"curies":[{"name":"wp","href":"https:\/\/api.w.org\/{rel}","templated":true}]}}