{"id":5661,"date":"2022-05-02T09:17:44","date_gmt":"2022-05-02T12:17:44","guid":{"rendered":"https:\/\/www.ufmg.br\/95anos\/?page_id=5661"},"modified":"2022-06-06T10:25:39","modified_gmt":"2022-06-06T13:25:39","slug":"para-compartilhar","status":"publish","type":"page","link":"https:\/\/www.ufmg.br\/95anos\/para-compartilhar\/","title":{"rendered":"Para compartilhar"},"content":{"rendered":"\n<p>Este selo comemorativo foi criado para marcar os 95 anos da Universidade Federal de Minas Gerais. A proposta \u00e9 que ele seja aplicado em pe\u00e7as de divulga\u00e7\u00e3o e de comunica\u00e7\u00e3o interna, inclusive no \u00e2mbito dos \u00f3rg\u00e3os e das unidades, at\u00e9 agosto de 2023.<\/p>\n\n\n\n<div class=\"wp-block-image\"><figure class=\"aligncenter size-large is-resized\"><img loading=\"lazy\" src=\"https:\/\/www.ufmg.br\/95anos\/wp-content\/uploads\/2022\/06\/Selo_95_COR_HORIZ.png\" alt=\"\" class=\"wp-image-6185\" width=\"265\" height=\"228\"\/><\/figure><\/div>\n\n\n\n<p>Nas atividades que integram as comemora\u00e7\u00f5es do anivers\u00e1rio da Universidade, o selo dever\u00e1 ter posi\u00e7\u00e3o de destaque nas pe\u00e7as de comunica\u00e7\u00e3o (conte\u00fado para site, publica\u00e7\u00f5es, apresenta\u00e7\u00f5es, v\u00eddeos, banners, folders, brindes etc.). Essas atividades ser\u00e3o organizadas e promovidas exclusivamente pelo gabinete da reitoria.<\/p>\n\n\n\n<p>Mais informa\u00e7\u00f5es podem ser acessadas no <a rel=\"noreferrer noopener\" href=\"https:\/\/www.ufmg.br\/95anos\/wp-content\/uploads\/2022\/06\/Manual__selo95anos_2022-copy.pdf\" data-type=\"URL\" data-id=\"https:\/\/www.ufmg.br\/95anos\/wp-content\/uploads\/2022\/06\/Manual__selo95anos_2022-copy.pdf\" target=\"_blank\">Manual\u00a0Aplica\u00e7\u00e3o Selo 95 anos UFMG<\/a>. <\/p>\n\n\n\n<p>Baixe o selo e o papel timbrado <a rel=\"noreferrer noopener\" href=\"https:\/\/drive.google.com\/drive\/u\/0\/folders\/1tQSHL0WBZeRPhfHvix_ieBYhbdKsSto4\" data-type=\"URL\" data-id=\"https:\/\/drive.google.com\/drive\/u\/0\/folders\/1tQSHL0WBZeRPhfHvix_ieBYhbdKsSto4\" target=\"_blank\">aqui<\/a>.<\/p>\n\n\n\n<p><\/p>\n","protected":false},"excerpt":{"rendered":"<p>Este selo comemorativo foi criado para marcar os 95 anos [&hellip;]<\/p>\n","protected":false},"author":1,"featured_media":0,"parent":0,"menu_order":0,"comment_status":"closed","ping_status":"closed","template":"","meta":[],"_links":{"self":[{"href":"https:\/\/www.ufmg.br\/95anos\/wp-json\/wp\/v2\/pages\/5661"}],"collection":[{"href":"https:\/\/www.ufmg.br\/95anos\/wp-json\/wp\/v2\/pages"}],"about":[{"href":"https:\/\/www.ufmg.br\/95anos\/wp-json\/wp\/v2\/types\/page"}],"author":[{"embeddable":true,"href":"https:\/\/www.ufmg.br\/95anos\/wp-json\/wp\/v2\/users\/1"}],"replies":[{"embeddable":true,"href":"https:\/\/www.ufmg.br\/95anos\/wp-json\/wp\/v2\/comments?post=5661"}],"version-history":[{"count":5,"href":"https:\/\/www.ufmg.br\/95anos\/wp-json\/wp\/v2\/pages\/5661\/revisions"}],"predecessor-version":[{"id":6196,"href":"https:\/\/www.ufmg.br\/95anos\/wp-json\/wp\/v2\/pages\/5661\/revisions\/6196"}],"wp:attachment":[{"href":"https:\/\/www.ufmg.br\/95anos\/wp-json\/wp\/v2\/media?parent=5661"}],"curies":[{"name":"wp","href":"https:\/\/api.w.org\/{rel}","templated":true}]}}