{"id":6226,"date":"2022-06-22T12:28:33","date_gmt":"2022-06-22T15:28:33","guid":{"rendered":"https:\/\/www.ufmg.br\/95anos\/?page_id=6226"},"modified":"2022-08-11T10:22:41","modified_gmt":"2022-08-11T13:22:41","slug":"programacao-95-anos","status":"publish","type":"page","link":"https:\/\/www.ufmg.br\/95anos\/programacao-95-anos\/","title":{"rendered":"Programa\u00e7\u00e3o 95 anos"},"content":{"rendered":"\n<p><strong>JUNHO<\/strong><\/p>\n\n\n<div id=\"sp-ea-181\" class=\"sp-ea-one sp-easy-accordion\" data-ex-icon=\"fa-minus\" data-col-icon=\"fa-plus\"  data-ea-active=\"ea-click\"  data-ea-mode=\"vertical\" data-preloader=\"\"><div class=\"ea-card  sp-ea-single\"><h3 class=\"ea-header\"><a class=\"collapsed\" data-sptoggle=\"spcollapse\" data-sptarget=\"#collapse1810\" href=\"javascript:void(0)\"><i class=\"ea-expand-icon fa fa-plus\"><\/i> 05\/06: Domingo no Campus: dia do meio ambiente;<\/a><\/h3><div class=\"sp-collapse spcollapse spcollapse\" id=\"collapse1810\" data-parent=\"#sp-ea-181\"><div class=\"ea-body\"> <div class=\"widget\">\n<p class=\"release__highlight\">Evento foi realizado pela \u00faltima vez em 2019<\/p>\n<p>Tr\u00eas anos ap\u00f3s sua \u00faltima edi\u00e7\u00e3o, o\u00a0<em class=\"redactor-inline-converted\">Domingo no campus<\/em>\u00a0volta em 2022 com nada menos que 24 atra\u00e7\u00f5es. As atividades do evento \u2013 que ser\u00e1 realizado em\u00a05 de junho, Dia Mundial do Meio Ambiente, das 9h \u00e0s 13h\u2013,\u00a0\u00a0foram selecionadas entre 34 propostas submetidas por docentes, t\u00e9cnico-administrativos e estudantes da pr\u00f3pria UFMG. A atividade\u00a0\u00e9 aberta n\u00e3o apenas \u00e0 comunidade universit\u00e1ria, mas a qualquer pessoa que queira participar.<\/p>\n<p>Haver\u00e1 apresenta\u00e7\u00f5es musicais e de arte, uma atividade para donos de pets, lan\u00e7amento de livros infantis, sarau de poesia, oficinas de badminton, pintura e origami, passeio cicl\u00edstico, jogos de tabuleiro, piquenique musical \u2013\u00a0<a href=\"https:\/\/www.ufmg.br\/proex\/wp-content\/uploads\/2022\/05\/Domingo-no-Campus-Programacao-de-05-de-Junho-de-2022-1.pdf\" target=\"_blank\" rel=\"noopener\">a lista est\u00e1 publicada\u00a0no site da Pr\u00f3-reitoria de Extens\u00e3o (Proex)<\/a>.<\/p>\n<p>As propostas selecionadas foram avaliadas pela\u00a0comiss\u00e3o organizadora de acordo com crit\u00e9rios de viabilidade, capacidade de atendimento ao p\u00fablico estimado, adequa\u00e7\u00e3o e pertin\u00eancia \u00e0 tem\u00e1tica ambiental. Os pr\u00f3prios proponentes ficar\u00e3o respons\u00e1veis pelas atra\u00e7\u00f5es\u00a0no dia do evento, que ser\u00e3o oferecidas em ambientes\u00a0abertos do campus, como o gramado da Reitoria, o bosque da Escola de M\u00fasica, a Pra\u00e7a de Servi\u00e7os, as \u00e1reas no entorno do Instituto de Ci\u00eancias Biol\u00f3gicas (ICB) e alguns trechos da Avenida Mendes Pimentel, a principal do campus.<\/p>\n<p><strong>Lazer, esporte, arte e cultura<\/strong><\/p>\n<p>O\u00a0<em class=\"redactor-inline-converted\">Domingo no campus<\/em>\u00a0\u00e9 realizado com o objetivo de abrir os espa\u00e7os ao ar livre dos\u00a0campi\u00a0da UFMG para que sejam oferecidas ao p\u00fablico em geral atividades de lazer, esporte, arte e cultura.<\/p>\n<p>A \u00faltima edi\u00e7\u00e3o do evento foi realizada\u00a0<a href=\"https:\/\/ufmg.br\/comunicacao\/noticias\/domingo-no-campus-comemora-semana-do-meio-ambiente\" target=\"_blank\" rel=\"noopener\">em junho de 2019, tamb\u00e9m na Semana do Meio Ambiente<\/a>. Em seguida, o evento foi suspenso em raz\u00e3o de\u00a0restri\u00e7\u00f5es or\u00e7ament\u00e1rias e, posteriormente, em decorr\u00eancia da\u00a0pandemia de covid-19.<\/p>\n<p>Al\u00e9m do evento do dia\u00a05 de junho, est\u00e1 programada, no campus Pampulha, uma edi\u00e7\u00e3o em 4 de setembro, em comemora\u00e7\u00e3o aos 95 anos da\u00a0UFMG. O Instituto de\u00a0Ci\u00eancias Agr\u00e1rias (ICA), em Montes Claros, tamb\u00e9m sediar\u00e1 uma edi\u00e7\u00e3o, em data a ser definida.<\/p>\n<p><a href=\"https:\/\/www.facebook.com\/domingonocampusufmg\" target=\"_blank\" rel=\"noopener\">A programa\u00e7\u00e3o do\u00a0<em>Domingo no campus<\/em>\u00a0tamb\u00e9m pode ser acompanhada em sua p\u00e1gina no Facebook<\/a>.<\/p>\n<\/div>\n<div class=\"widget  widget--small  widget--text\">\n<footer>\n<p class=\"author\">Assessoria de Imprensa UFMG<\/p>\n<\/footer>\n<\/div>\n <\/div><\/div><\/div><div class=\"ea-card  sp-ea-single\"><h3 class=\"ea-header\"><a class=\"collapsed\" data-sptoggle=\"spcollapse\" data-sptarget=\"#collapse1811\" href=\"javascript:void(0)\"><i class=\"ea-expand-icon fa fa-plus\"><\/i> 22\/06: Web Semin\u00e1rio: \u201cSa\u00fade, educa\u00e7\u00e3o e \u00e9tica em tempos de pandemia: experi\u00eancias francesas e brasileira\"<\/a><\/h3><div class=\"sp-collapse spcollapse spcollapse\" id=\"collapse1811\" data-parent=\"#sp-ea-181\"><div class=\"ea-body\"> <p>22\/06: Web Semin\u00e1rio: \u201cSa\u00fade, educa\u00e7\u00e3o e \u00e9tica em tempos de pandemia: experi\u00eancias francesas e brasileiras\u201d(DRI\/UFMG)<\/p>\n<p>Emmanuel Rusch (Tours), Una\u00ed Tupinamb\u00e1s (UFMG).<br \/>\nMedia\u00e7\u00e3o: Daisy Cunha (FaE)<\/p>\n<p>Transmiss\u00e3o pelo\u00a0 Canal da CAC no youtube : https:\/\/www.youtube.com\/c\/CACUFMG<\/p>\n <\/div><\/div><\/div><\/div>\n\n\n\n<p><strong>JULHO<\/strong><\/p>\n\n\n<div id=\"sp-ea-6152\" class=\"sp-ea-one sp-easy-accordion\" data-ex-icon=\"fa-minus\" data-col-icon=\"fa-plus\"  data-ea-active=\"ea-click\"  data-ea-mode=\"vertical\" data-preloader=\"\"><div class=\"ea-card  sp-ea-single\"><h3 class=\"ea-header\"><a class=\"collapsed\" data-sptoggle=\"spcollapse\" data-sptarget=\"#collapse61520\" href=\"javascript:void(0)\"><i class=\"ea-expand-icon fa fa-plus\"><\/i> 04 a 15\/07 : Summer School <\/a><\/h3><div class=\"sp-collapse spcollapse spcollapse\" id=\"collapse61520\" data-parent=\"#sp-ea-6152\"><div class=\"ea-body\"> <p><a href=\"https:\/\/www.ufmg.br\/summerschool\/\">https:\/\/www.ufmg.br\/summerschool\/<\/a><\/p>\n <\/div><\/div><\/div><div class=\"ea-card  sp-ea-single\"><h3 class=\"ea-header\"><a class=\"collapsed\" data-sptoggle=\"spcollapse\" data-sptarget=\"#collapse61521\" href=\"javascript:void(0)\"><i class=\"ea-expand-icon fa fa-plus\"><\/i> 18 a 23 de Julho : 54\u00aa Festival de Inverno da UFMG <\/a><\/h3><div class=\"sp-collapse spcollapse spcollapse\" id=\"collapse61521\" data-parent=\"#sp-ea-6152\"><div class=\"ea-body\"> <p>Por uma pol\u00edtica de cultura na universidade \u00e9 o tema-manifesto desta edi\u00e7\u00e3o, que faz coro em defesa da universidade p\u00fablica, da ci\u00eancia e do papel central da cultura na miss\u00e3o de nossas institui\u00e7\u00f5es. De forma gratuita e aberta a popula\u00e7\u00e3o, acontecer\u00e3o apresenta\u00e7\u00f5es art\u00edsticas, rodas de conversa, exposi\u00e7\u00f5es e muito mais, nos espa\u00e7os de cultura da UFMG<\/p>\n<p>Saiba mais:\u00a0<a href=\"https:\/\/www.ufmg.br\/festivaldeinverno\/\">https:\/\/www.ufmg.br\/festivaldeinverno\/<\/a><\/p>\n <\/div><\/div><\/div><div class=\"ea-card  sp-ea-single\"><h3 class=\"ea-header\"><a class=\"collapsed\" data-sptoggle=\"spcollapse\" data-sptarget=\"#collapse61522\" href=\"javascript:void(0)\"><i class=\"ea-expand-icon fa fa-plus\"><\/i> 22 a 24 de Julho: Exposi\u00e7\u00e3o Itiner\u00e1rios da Independ\u00eancia em Prados<\/a><\/h3><div class=\"sp-collapse spcollapse spcollapse\" id=\"collapse61522\" data-parent=\"#sp-ea-6152\"><div class=\"ea-body\"> <h2 class=\"news__title\"><strong><span style=\"font-size: 12pt;\">Exposi\u00e7\u00e3o \u2018Itiner\u00e1rios da Independ\u00eancia\u2019 homenageia a inconfidente Hip\u00f3lita Jacinta, em Prados | <\/span><\/strong><strong><span style=\"font-size: 12pt;\">Evento de abertura, no Campo das Vertentes, reunir\u00e1 a ministra C\u00e1rmen L\u00facia, a cantora Z\u00e9lia Duncan, a roteirista Antonia Pellegrino e a historiadora da UFMG Heloisa Starling<\/span><\/strong><\/h2>\n<p>Personagem com papel decisivo na Inconfid\u00eancia \u2012 ou Conjura\u00e7\u00e3o Mineira, como preferem historiadores que buscam ressignificar o car\u00e1ter criminoso atribu\u00eddo pela Coroa Portuguesa ao movimento \u2012, Hip\u00f3lita Jacinta Teixeira de Melo, esposa do inconfidente Francisco Ant\u00f4nio de Oliveira Lopes, foi a respons\u00e1vel pela ordem que deflagrou o levante militar ap\u00f3s a pris\u00e3o de Tiradentes e do delator Joaquim Silv\u00e9rio dos Reis.<\/p>\n<p>Ela se arriscava na distribui\u00e7\u00e3o de cartas e comunicados entre os insurgentes e, mais tarde, destruiu documentos que poderiam compromet\u00ea-los. Acabou punida, com todos os bens confiscados por Portugal, depois que o c\u00f4njuge foi expatriado.<\/p>\n<p>Apagada\u00a0dos registros hist\u00f3ricos por s\u00e9culos, Hip\u00f3lita ser\u00e1 homenageada em sua terra natal, Prados, munic\u00edpio mineiro vizinho \u00e0 cidade hist\u00f3rica de Tiradentes, no Campo das Vertentes, nesta sexta-feira, 22, com a passagem da exposi\u00e7\u00e3o\u00a0<a href=\"https:\/\/ufmg.br\/comunicacao\/noticias\/caminhao-museu-traca-os-itinerarios-da-independencia\" target=\"_blank\" rel=\"noopener\"><em>Itiner\u00e1rios da independ\u00eancia<\/em><\/a>, montada no caminh\u00e3o-museu do Projeto Rep\u00fablica da UFMG. Ela \u00e9 uma das personagens que contribu\u00edram para a emancipa\u00e7\u00e3o brasileira.<\/p>\n<p>O evento de abertura,\u00a0<em class=\"redactor-inline-converted\">Hip\u00f3lita Jacinta, a mulher que estava l\u00e1<\/em>, a partir das 17h, no Parque de Exposi\u00e7\u00f5es Prefeito Gast\u00e3o de Azevedo Cardoso, ter\u00e1 a participa\u00e7\u00e3o da ministra do Supremo Tribunal Federal C\u00e1rmen L\u00facia Antunes Rocha, da cantora Z\u00e9lia Duncan, da roteirista e produtora Antonia Pellegrino e da historiadora Heloisa Starling, coordenadora do Projeto Rep\u00fablica.<\/p>\n<p>Na ocasi\u00e3o, Pellegrino lan\u00e7ar\u00e1 o\u00a0<em class=\"redactor-inline-converted\">podcast Mulheres na Independ\u00eancia<\/em>, produzido para a Globoplay,\u00a0e debater\u00e1 com Starling a import\u00e2ncia da Conjura\u00e7\u00e3o Mineira para o ciclo de lutas pela independ\u00eancia do Brasil. Em seguida, a ministra C\u00e1rmen L\u00facia far\u00e1 uma apresenta\u00e7\u00e3o sobre Hip\u00f3lita. Por fim, a cantora Z\u00e9lia Duncan ler\u00e1 trechos do livro\u00a0<em class=\"redactor-inline-converted\">Romanceiro da Inconfid\u00eancia<\/em>, de Cec\u00edlia Meireles.<\/p>\n<p>A exposi\u00e7\u00e3o, com entrada gratuita, ficar\u00e1 aberta ao p\u00fablico, em Prados, at\u00e9\u00a0domingo, dia 24. O hor\u00e1rio de visita\u00e7\u00e3o \u00e9 das 10h \u00e0s 19h, na sexta e no s\u00e1bado, e das 10h \u00e0s 14h,\u00a0no domingo. As pr\u00f3ximas paradas do caminh\u00e3o-museu ser\u00e3o no\u00a0Rio de Janeiro, S\u00e3o Paulo, Salvador e\u00a0Recife. As datas ainda n\u00e3o foram\u00a0definidas.<\/p>\n<p><strong>Itiner\u00e2ncia<br \/>\n<\/strong>A exposi\u00e7\u00e3o itinerante foi montada no caminh\u00e3o-museu do Projeto Rep\u00fablica com apoio do Senado Federal, por meio da Comiss\u00e3o Especial Curadora do Bicenten\u00e1rio da Independ\u00eancia do Brasil. De 6 a 8 de julho, a mostra passou pelo campus Pampulha, no \u00e2mbito das comemora\u00e7\u00f5es dos 95 anos da UFMG e dos 200 anos da emancipa\u00e7\u00e3o do Brasil.<\/p>\n <\/div><\/div><\/div><\/div>\n\n\n\n<p><strong>AGOSTO<\/strong><\/p>\n\n\n<div id=\"sp-ea-6154\" class=\"sp-ea-one sp-easy-accordion\" data-ex-icon=\"fa-minus\" data-col-icon=\"fa-plus\"  data-ea-active=\"ea-click\"  data-ea-mode=\"vertical\" data-preloader=\"\"><div class=\"ea-card  sp-ea-single\"><h3 class=\"ea-header\"><a class=\"collapsed\" data-sptoggle=\"spcollapse\" data-sptarget=\"#collapse61540\" href=\"javascript:void(0)\"><i class=\"ea-expand-icon fa fa-plus\"><\/i> 22\/08 a 02\/09: Atividades de Acolhimento 2022\/2 <\/a><\/h3><div class=\"sp-collapse spcollapse spcollapse\" id=\"collapse61540\" data-parent=\"#sp-ea-6154\"><div class=\"ea-body\"> No Content <\/div><\/div><\/div><div class=\"ea-card  sp-ea-single\"><h3 class=\"ea-header\"><a class=\"collapsed\" data-sptoggle=\"spcollapse\" data-sptarget=\"#collapse61541\" href=\"javascript:void(0)\"><i class=\"ea-expand-icon fa fa-plus\"><\/i> 29\/08 a 02\/09 : 19\u00ba Semin\u00e1rio de Diamantina <\/a><\/h3><div class=\"sp-collapse spcollapse spcollapse\" id=\"collapse61541\" data-parent=\"#sp-ea-6154\"><div class=\"ea-body\"> <p>Confer\u00eancia \" Duzentos Anos de Independ\u00eancia \" com Professor Fernando Novais<\/p>\n<p>Confer\u00eancia \" Brasil: 200 anos de Sonhos, Frustra\u00e7\u00f5es e Possibilidades \" com Professor Jos\u00e9 Murilo de Carvalho<\/p>\n <\/div><\/div><\/div><\/div>\n\n\n\n<p><strong>SETEMBRO<\/strong><\/p>\n\n\n<div id=\"sp-ea-6162\" class=\"sp-ea-one sp-easy-accordion\" data-ex-icon=\"fa-minus\" data-col-icon=\"fa-plus\"  data-ea-active=\"ea-click\"  data-ea-mode=\"vertical\" data-preloader=\"\"><div class=\"ea-card  sp-ea-single\"><h3 class=\"ea-header\"><a class=\"collapsed\" data-sptoggle=\"spcollapse\" data-sptarget=\"#collapse61620\" href=\"javascript:void(0)\"><i class=\"ea-expand-icon fa fa-plus\"><\/i> 04\/09: Domingo no Campus: 95 anos da UFMG<\/a><\/h3><div class=\"sp-collapse spcollapse spcollapse\" id=\"collapse61620\" data-parent=\"#sp-ea-6162\"><div class=\"ea-body\"> <p>Em breve mais informa\u00e7\u00f5es<\/p>\n <\/div><\/div><\/div><div class=\"ea-card  sp-ea-single\"><h3 class=\"ea-header\"><a class=\"collapsed\" data-sptoggle=\"spcollapse\" data-sptarget=\"#collapse61621\" href=\"javascript:void(0)\"><i class=\"ea-expand-icon fa fa-plus\"><\/i> 02\/09: Conversa sobre Literatura entre a gram\u00e1tica e a lei <\/a><\/h3><div class=\"sp-collapse spcollapse spcollapse\" id=\"collapse61621\" data-parent=\"#sp-ea-6162\"><div class=\"ea-body\"> <p><span style=\"font-weight: 400;\">A Faculdade de direito da UFMG convida para: \u201cConversa sobre Literatura entre a gram\u00e1tica e a lei \u201c; Um bate-papo com o escritor Marc\u00edlio Fran\u00e7a Castro\u00a0<\/span><\/p>\n<p><span style=\"font-weight: 400;\">Local: Audit\u00f3rio Alice Monteiro de Barros\u00a0<\/span><\/p>\n<p><span style=\"font-weight: 400;\">Data: 02\/09\/2022<\/span><\/p>\n<p><span style=\"font-weight: 400;\">Hor\u00e1rio: 11h15<\/span><\/p>\n <\/div><\/div><\/div><div class=\"ea-card  sp-ea-single\"><h3 class=\"ea-header\"><a class=\"collapsed\" data-sptoggle=\"spcollapse\" data-sptarget=\"#collapse61622\" href=\"javascript:void(0)\"><i class=\"ea-expand-icon fa fa-plus\"><\/i> 05\/09: Cerim\u00f4nia 95 anos da UFMG | Medalha Mendes Pimentel <\/a><\/h3><div class=\"sp-collapse spcollapse spcollapse\" id=\"collapse61622\" data-parent=\"#sp-ea-6162\"><div class=\"ea-body\"> <p>A Medalha Reitor Mendes Pimentel \u00e9 uma condecora\u00e7\u00e3o criada pela Universidade Federal de Minas Gerais como forma de estreitar os la\u00e7os entre a Institui\u00e7\u00e3o e a sociedade. Ela homenageia egressos e egressas que t\u00eam contribui\u00e7\u00f5es destacadas para a sociedade em suas respectivas \u00e1reas de atua\u00e7\u00e3o. A medalha \u00e9 tamb\u00e9m uma forma de a Universidade homenagear o primeiro dirigente<a href=\"https:\/\/www.ufmg.br\/copi\/breve-biografia-de-francisco-mendes-pimentel\/\">, Francisco Mendes Pimentel<\/a>, que coordenou a cria\u00e7\u00e3o da Universidade de Minas Gerais (UMG).<\/p>\n<p>A condecora\u00e7\u00e3o \u00e9 uma proposta de Comiss\u00e3o Especial institu\u00edda pela Portaria 01976, de 24\/08\/2000, que estudou formas de a Institui\u00e7\u00e3o prestar homenagem a egressos e egressas. A Medalha de Honra Mendes Pimentel foi criada pela Portaria 2048, de 4 de setembro de 2000, durante a gest\u00e3o do reitor Francisco C\u00e9sar S\u00e1 Barreto.<\/p>\n<p>Concedida pela primeira vez em 2000, a entrega aconteceu na naquele excepcionalmente no m\u00eas de dezembro, quando ocorreram as comemora\u00e7\u00f5es do anivers\u00e1rio de Belo Horizonte. Em 22 anos, a UFMG concedeu 146 homenagens, sendo 10 Medalhas Mendes Pimentel e as outras 136, Medalhas de Honra.<\/p>\n <\/div><\/div><\/div><div class=\"ea-card  sp-ea-single\"><h3 class=\"ea-header\"><a class=\"collapsed\" data-sptoggle=\"spcollapse\" data-sptarget=\"#collapse61623\" href=\"javascript:void(0)\"><i class=\"ea-expand-icon fa fa-plus\"><\/i> 07\/09 a 10\/11: Exposi\u00e7\u00e3o 95 anos da UFMG <\/a><\/h3><div class=\"sp-collapse spcollapse spcollapse\" id=\"collapse61623\" data-parent=\"#sp-ea-6162\"><div class=\"ea-body\"> <p>4\u00ba andar da Biblioteca Central, com abertura dia 07 de Setembro de 2022 e encerramento em 10 de Novembro de 2022<\/p>\n <\/div><\/div><\/div><div class=\"ea-card  sp-ea-single\"><h3 class=\"ea-header\"><a class=\"collapsed\" data-sptoggle=\"spcollapse\" data-sptarget=\"#collapse61624\" href=\"javascript:void(0)\"><i class=\"ea-expand-icon fa fa-plus\"><\/i> 22\/09 e 23\/09 : 23\u00aa UFMG Jovem: Ci\u00eancia, Tecnologia, Arte e Cultura no exerc\u00edcio da cidadania<\/a><\/h3><div class=\"sp-collapse spcollapse spcollapse\" id=\"collapse61624\" data-parent=\"#sp-ea-6162\"><div class=\"ea-body\"> <p>A Pr\u00f3-Reitoria de Extens\u00e3o da Universidade Federal de Minas Gerais (PROEX\/UFMG), por meio da Diretoria de Divulga\u00e7\u00e3o Cient\u00edfica, torna p\u00fablico a presente Chamada e convida professores\/as e estudantes da Educa\u00e7\u00e3o B\u00e1sica e Profissional a inscreverem trabalhos para apresenta\u00e7\u00e3o e participa\u00e7\u00e3o nos seguintes eventos da 23\u00aa UFMG Jovem: Ci\u00eancia, Tecnologia, Arte e Cultura no exerc\u00edcio da cidadania<\/p>\n<p>1. Feira da Educa\u00e7\u00e3o B\u00e1sica<br \/>\n2. Mostra Nacional de Educa\u00e7\u00e3o em Ci\u00eancias da Vida e da Natureza<br \/>\n3. Desafio: Como a Ci\u00eancia, Tecnologia, Arte e Cultura contribuem para o seu<br \/>\nexerc\u00edcio da cidadania?<\/p>\n<p>A 23\u00aa UFMG Jovem contar\u00e1 tamb\u00e9m com outros dois eventos virtuais abertos \u00e0 participa\u00e7\u00e3o de<br \/>\ntodas e todos:<\/p>\n<p>4. #Explora UFMG<br \/>\n5. Conversa com Cientistas.<br \/>\nOs eventos ser\u00e3o realizados no formato virtual, nos dias 22 e 23 de setembro de 2022. O link ser\u00e1 divulgado no site da Proex\/UFMG (https:\/\/www2.ufmg.br\/proex\/); no Facebook (www.facebook.com\/feiraufmgjovem\/), Instagram (www.instagram.com\/ufmgjovem2022\/) e<br \/>\np\u00e1gina da UFMG JOVEM (https:\/\/www.ufmg.br\/ufmgjovem\/); no Facebook (@ufmg.prof), no Instagram (@ProfbioNacional) e na p\u00e1gina do PROFBIO (www.profbio.ufmg.br).<\/p>\n<p>Todos os eventos da 23\u00aa UFMG Jovem contam com o apoio do Conselho Nacional de Desenvolvimento Cient\u00edfico e Tecnol\u00f3gico (CNPq) e da Coordena\u00e7\u00e3o de Aperfei\u00e7oamento de Pessoal de N\u00edvel Superior (CAPES).<\/p>\n<p>Para mais informa\u00e7\u00f5es:\u00a0<a href=\"https:\/\/www.ufmg.br\/ufmgjovem\/\">https:\/\/www.ufmg.br\/ufmgjovem\/<\/a><\/p>\n <\/div><\/div><\/div><\/div>\n\n\n\n<p><strong>OUTUBRO<\/strong><\/p>\n\n\n<div id=\"sp-ea-6164\" class=\"sp-ea-one sp-easy-accordion\" data-ex-icon=\"fa-minus\" data-col-icon=\"fa-plus\"  data-ea-active=\"ea-click\"  data-ea-mode=\"vertical\" data-preloader=\"\"><div class=\"ea-card  sp-ea-single\"><h3 class=\"ea-header\"><a class=\"collapsed\" data-sptoggle=\"spcollapse\" data-sptarget=\"#collapse61640\" href=\"javascript:void(0)\"><i class=\"ea-expand-icon fa fa-plus\"><\/i> 19\/10  a 21\/10 :  Semana do Conhecimento da UFMG <\/a><\/h3><div class=\"sp-collapse spcollapse spcollapse\" id=\"collapse61640\" data-parent=\"#sp-ea-6164\"><div class=\"ea-body\"> <p>Em breve mais informa\u00e7\u00f5es.<\/p>\n <\/div><\/div><\/div><div class=\"ea-card  sp-ea-single\"><h3 class=\"ea-header\"><a class=\"collapsed\" data-sptoggle=\"spcollapse\" data-sptarget=\"#collapse61641\" href=\"javascript:void(0)\"><i class=\"ea-expand-icon fa fa-plus\"><\/i> 07\/09 a 10\/11: Exposi\u00e7\u00e3o 95 anos da UFMG <\/a><\/h3><div class=\"sp-collapse spcollapse spcollapse\" id=\"collapse61641\" data-parent=\"#sp-ea-6164\"><div class=\"ea-body\"> <p><span style=\"font-weight: 400;\">4\u00ba andar da Biblioteca Central, com abertura dia 07 de Setembro de 2022 e encerramento em 10 de Novembro de 2022<\/span><\/p>\n<p>\u00a0<\/p>\n <\/div><\/div><\/div><div class=\"ea-card  sp-ea-single\"><h3 class=\"ea-header\"><a class=\"collapsed\" data-sptoggle=\"spcollapse\" data-sptarget=\"#collapse61642\" href=\"javascript:void(0)\"><i class=\"ea-expand-icon fa fa-plus\"><\/i> 17\/10 a 16\/12 : Exposi\u00e7\u00e3o 200 anos da Independ\u00eancia do Brasil <\/a><\/h3><div class=\"sp-collapse spcollapse spcollapse\" id=\"collapse61642\" data-parent=\"#sp-ea-6164\"><div class=\"ea-body\"> <p>A exposi\u00e7\u00e3o ter\u00e1 lugar no hall do 4\u00ba andar da Biblioteca Central, com abertura em 17 de Outubro de 2022 e encerramento em 16 de dezembro de 2022.<\/p>\n <\/div><\/div><\/div><\/div>\n\n\n\n<p><strong>NOVEMBRO<\/strong><\/p>\n\n\n<div id=\"sp-ea-6166\" class=\"sp-ea-one sp-easy-accordion\" data-ex-icon=\"fa-minus\" data-col-icon=\"fa-plus\"  data-ea-active=\"ea-click\"  data-ea-mode=\"vertical\" data-preloader=\"\"><div class=\"ea-card  sp-ea-single\"><h3 class=\"ea-header\"><a class=\"collapsed\" data-sptoggle=\"spcollapse\" data-sptarget=\"#collapse61660\" href=\"javascript:void(0)\"><i class=\"ea-expand-icon fa fa-plus\"><\/i> 01 a 30\/11: Novembro Negro<\/a><\/h3><div class=\"sp-collapse spcollapse spcollapse\" id=\"collapse61660\" data-parent=\"#sp-ea-6166\"><div class=\"ea-body\"> No Content <\/div><\/div><\/div><div class=\"ea-card  sp-ea-single\"><h3 class=\"ea-header\"><a class=\"collapsed\" data-sptoggle=\"spcollapse\" data-sptarget=\"#collapse61661\" href=\"javascript:void(0)\"><i class=\"ea-expand-icon fa fa-plus\"><\/i> 01 a 30\/11: Semin\u00e1rio \u201cDa inconfid\u00eancia \u00e0 Independ\u00eancia: quais independ\u00eancias comemorar e quais independ\u00eancias sonhar?\u201d<\/a><\/h3><div class=\"sp-collapse spcollapse spcollapse\" id=\"collapse61661\" data-parent=\"#sp-ea-6166\"><div class=\"ea-body\"> No Content <\/div><\/div><\/div><div class=\"ea-card  sp-ea-single\"><h3 class=\"ea-header\"><a class=\"collapsed\" data-sptoggle=\"spcollapse\" data-sptarget=\"#collapse61662\" href=\"javascript:void(0)\"><i class=\"ea-expand-icon fa fa-plus\"><\/i> 07\/09 a 10\/11: Exposi\u00e7\u00e3o 95 anos da UFMG <\/a><\/h3><div class=\"sp-collapse spcollapse spcollapse\" id=\"collapse61662\" data-parent=\"#sp-ea-6166\"><div class=\"ea-body\"> <p><span style=\"font-weight: 400;\">4\u00ba andar da Biblioteca Central, com abertura dia 07 de Setembro de 2022 e encerramento em 10 de Novembro de 2022<\/span><\/p>\n <\/div><\/div><\/div><div class=\"ea-card  sp-ea-single\"><h3 class=\"ea-header\"><a class=\"collapsed\" data-sptoggle=\"spcollapse\" data-sptarget=\"#collapse61663\" href=\"javascript:void(0)\"><i class=\"ea-expand-icon fa fa-plus\"><\/i> 17\/10 a 16\/12 : Exposi\u00e7\u00e3o 200 anos da Independ\u00eancia do Brasil <\/a><\/h3><div class=\"sp-collapse spcollapse spcollapse\" id=\"collapse61663\" data-parent=\"#sp-ea-6166\"><div class=\"ea-body\"> <p><span style=\"font-weight: 400;\">A exposi\u00e7\u00e3o ter\u00e1 lugar no hall do 4\u00ba andar da Biblioteca Central, com abertura em 17 de Outubro de 2022 e encerramento em 16 de dezembro de 2022.<\/span><\/p>\n<p>\u00a0<\/p>\n <\/div><\/div><\/div><div class=\"ea-card  sp-ea-single\"><h3 class=\"ea-header\"><a class=\"collapsed\" data-sptoggle=\"spcollapse\" data-sptarget=\"#collapse61664\" href=\"javascript:void(0)\"><i class=\"ea-expand-icon fa fa-plus\"><\/i>  8\/11 a 11\/1  S\u00e9rie de Semin\u00e1rios UFMG Intelig\u00eancia e Intelig\u00eancia Artificial<\/a><\/h3><div class=\"sp-collapse spcollapse spcollapse\" id=\"collapse61664\" data-parent=\"#sp-ea-6166\"><div class=\"ea-body\"> <header>\n<h1>S\u00e9rie de Semin\u00e1rios UFMG Intelig\u00eancia e Intelig\u00eancia Artificial<\/h1>\n<\/header>\n<div class=\"main-content\">\n<p>O Instituto de Estudos Avan\u00e7ados Transdisciplinares da Universidade Federal de Minas Gerais sediar\u00e1 a 4\u00aa edi\u00e7\u00e3o da Intercontinental Academia (ICA), iniciativa que visa promover a cria\u00e7\u00e3o de uma rede global de futuros l\u00edderes em pesquisa.<\/p>\n<p>Em Belo Horizonte, os dois eventos ser\u00e3o realizados em paralelo: com o Intercontinental Academia 4 ter\u00e1 uma programa\u00e7\u00e3o mais privada, centrada em um grupo selecionado de bolsistas e mentores de diferentes partes do mundo.<\/p>\n<p>A S\u00e9rie de Semin\u00e1rios UFMG Intelig\u00eancia e Intelig\u00eancia Artificial se constitui de uma s\u00e9rie de semin\u00e1rios e mesas redondas sobre temas relacionados a processos cognitivos, intelig\u00eancia artificial e suas implica\u00e7\u00f5es que contribuem para moldar o mundo, abrindo novas possibilidades, desafios e perguntas. Um grupo muito selecionado de acad\u00eamicos e especialistas internacionais fornecer\u00e1 uma ampla perspectiva do tema e das transforma\u00e7\u00f5es esperadas.<\/p>\n<p><a href=\"https:\/\/www.ufmg.br\/ieat\/iai\/br\/o-evento\/\">Mais informa\u00e7\u00f5es no site do evento;<\/a><\/p>\n<\/div>\n <\/div><\/div><\/div><\/div>\n\n\n\n<p><strong>DEZEMBRO<\/strong><\/p>\n\n\n<div id=\"sp-ea-6168\" class=\"sp-ea-one sp-easy-accordion\" data-ex-icon=\"fa-minus\" data-col-icon=\"fa-plus\"  data-ea-active=\"ea-click\"  data-ea-mode=\"vertical\" data-preloader=\"\"><div class=\"ea-card  sp-ea-single\"><h3 class=\"ea-header\"><a class=\"collapsed\" data-sptoggle=\"spcollapse\" data-sptarget=\"#collapse61680\" href=\"javascript:void(0)\"><i class=\"ea-expand-icon fa fa-plus\"><\/i> 02\/12: Jornada de Direitos Humanos;<\/a><\/h3><div class=\"sp-collapse spcollapse spcollapse\" id=\"collapse61680\" data-parent=\"#sp-ea-6168\"><div class=\"ea-body\"> <p>Em breve mais informa\u00e7\u00f5es<\/p>\n <\/div><\/div><\/div><div class=\"ea-card  sp-ea-single\"><h3 class=\"ea-header\"><a class=\"collapsed\" data-sptoggle=\"spcollapse\" data-sptarget=\"#collapse61681\" href=\"javascript:void(0)\"><i class=\"ea-expand-icon fa fa-plus\"><\/i> 17\/10 a 16\/12: Exposi\u00e7\u00e3o 200 anos da Independ\u00eancia do Brasil <\/a><\/h3><div class=\"sp-collapse spcollapse spcollapse\" id=\"collapse61681\" data-parent=\"#sp-ea-6168\"><div class=\"ea-body\"> <p><span style=\"font-weight: 400;\">A exposi\u00e7\u00e3o ter\u00e1 lugar no hall do 4\u00ba andar da Biblioteca Central, com abertura em 17 de Outubro de 2022 e encerramento em 16 de dezembro de 2022.<\/span><\/p>\n <\/div><\/div><\/div><\/div>\n","protected":false},"excerpt":{"rendered":"<p>JUNHO JULHO AGOSTO SETEMBRO OUTUBRO NOVEMBRO DEZEMBRO<\/p>\n","protected":false},"author":3,"featured_media":0,"parent":0,"menu_order":0,"comment_status":"closed","ping_status":"closed","template":"","meta":[],"_links":{"self":[{"href":"https:\/\/www.ufmg.br\/95anos\/wp-json\/wp\/v2\/pages\/6226"}],"collection":[{"href":"https:\/\/www.ufmg.br\/95anos\/wp-json\/wp\/v2\/pages"}],"about":[{"href":"https:\/\/www.ufmg.br\/95anos\/wp-json\/wp\/v2\/types\/page"}],"author":[{"embeddable":true,"href":"https:\/\/www.ufmg.br\/95anos\/wp-json\/wp\/v2\/users\/3"}],"replies":[{"embeddable":true,"href":"https:\/\/www.ufmg.br\/95anos\/wp-json\/wp\/v2\/comments?post=6226"}],"version-history":[{"count":3,"href":"https:\/\/www.ufmg.br\/95anos\/wp-json\/wp\/v2\/pages\/6226\/revisions"}],"predecessor-version":[{"id":6234,"href":"https:\/\/www.ufmg.br\/95anos\/wp-json\/wp\/v2\/pages\/6226\/revisions\/6234"}],"wp:attachment":[{"href":"https:\/\/www.ufmg.br\/95anos\/wp-json\/wp\/v2\/media?parent=6226"}],"curies":[{"name":"wp","href":"https:\/\/api.w.org\/{rel}","templated":true}]}}