{"id":6423,"date":"2022-09-12T15:28:37","date_gmt":"2022-09-12T18:28:37","guid":{"rendered":"https:\/\/www.ufmg.br\/95anos\/?page_id=6423"},"modified":"2022-09-20T10:24:09","modified_gmt":"2022-09-20T13:24:09","slug":"exposicoes-95","status":"publish","type":"page","link":"https:\/\/www.ufmg.br\/95anos\/exposicoes-95\/","title":{"rendered":"Exposi\u00e7\u00f5es 95"},"content":{"rendered":"<div id=\"sp-ea-6422\" class=\"sp-ea-one sp-easy-accordion\" data-ex-icon=\"fa-minus\" data-col-icon=\"fa-plus\"  data-ea-active=\"ea-click\"  data-ea-mode=\"vertical\" data-preloader=\"\"><div class=\"ea-card ea-expand sp-ea-single\"><h3 class=\"ea-header\"><a class=\"collapsed\" data-sptoggle=\"spcollapse\" data-sptarget=\"#collapse64220\" href=\"javascript:void(0)\"><i class=\"ea-expand-icon fa fa-minus\"><\/i>  95 anos da UFMG Mem\u00f3ria intelectual<\/a><\/h3><div class=\"sp-collapse spcollapse collapsed show\" id=\"collapse64220\" data-parent=\"#sp-ea-6422\"><div class=\"ea-body\"> <p>Em comemora\u00e7\u00e3o aos\u00a0<a href=\"https:\/\/www.ufmg.br\/95anos\/\" target=\"_blank\" rel=\"noopener\">95 anos da UFMG<\/a>, a Biblioteca Universit\u00e1ria (BU), por meio da Divis\u00e3o de Cole\u00e7\u00f5es Especiais e Obras Raras, selecionou pap\u00e9is e outros objetos que relembram a hist\u00f3ria da institui\u00e7\u00e3o para integrar a exposi\u00e7\u00e3o\u00a0<em class=\"redactor-inline-converted\">95 anos da UFMG Mem\u00f3ria intelectual<\/em>, que foi inaugurada em 4 de setembro, durante o <em>Domingo no campus<\/em>.<\/p>\n<p>A exposi\u00e7\u00e3o, instalada no\u00a0segundo andar do pr\u00e9dio da Biblioteca Central, no campus Pampulha, re\u00fane livros, teses, disserta\u00e7\u00f5es, memoriais, plantas, relat\u00f3rios, cat\u00e1logos, medalhas, fotografias, entre outros materiais produzidos pela comunidade universit\u00e1ria no exerc\u00edcio de atividades de ensino, pesquisa e extens\u00e3o ao longo de toda a hist\u00f3ria\u00a0da Universidade. Os itens integram a\u00a0Cole\u00e7\u00e3o Mem\u00f3ria Intelectual da UFMG, iniciada em 1986.<\/p>\n<p>Segundo K\u00e1tia L\u00facia Pacheco, diretora da BU, os documentos hist\u00f3ricos s\u00e3o capazes de contar a hist\u00f3ria da UFMG e a sua import\u00e2ncia ao longo dos anos. \u201cOs itens da exposi\u00e7\u00e3o mostram nossa trajet\u00f3ria e influ\u00eancia nas \u00e1reas cient\u00edfica, social e cultural no estado de Minas Gerais e no Brasil. Est\u00e3o expostos itens muito interessantes, como a medalha comemorativa dos 50 anos do Conselho Universit\u00e1rio, um chaveiro comemorativo de 1927 e um v\u00eddeo que explica como surgiu e como funciona o nosso sistema de bibliotecas. Contar nossa hist\u00f3ria por meio de documentos \u00e9 muito importante\u201d, diz.<\/p>\n<p>A exposi\u00e7\u00e3o tem curadoria de Fabr\u00edcio Fernandino, professor do Departamento de Artes Pl\u00e1sticas da Escola de Belas Artes (EBA) da UFMG, e ser\u00e1\u00a0itinerante. Ela permanecer\u00e1\u00a0na Biblioteca Central at\u00e9 4 de outubro. Em seguida, ser\u00e1 levada para o sagu\u00e3o da Reitoria, tamb\u00e9m no campus Pampulha. Posteriormente, seguir\u00e1\u00a0para o Centro Cultural UFMG, nas imedia\u00e7\u00f5es da Pra\u00e7a da Esta\u00e7\u00e3o.<\/p>\n <\/div><\/div><\/div><div class=\"ea-card  sp-ea-single\"><h3 class=\"ea-header\"><a class=\"collapsed\" data-sptoggle=\"spcollapse\" data-sptarget=\"#collapse64221\" href=\"javascript:void(0)\"><i class=\"ea-expand-icon fa fa-plus\"><\/i> Exposi\u00e7\u00e3o Minas, mem\u00f3ria moderna<\/a><\/h3><div class=\"sp-collapse spcollapse \" id=\"collapse64221\" data-parent=\"#sp-ea-6422\"><div class=\"ea-body\"> <p class=\"news__mustache\">Montada no campus Pampulha, a mostra revela as rela\u00e7\u00f5es entre intelectuais e artistas da modernidade e um dos fundadores da pol\u00edtica nacional de preserva\u00e7\u00e3o do patrim\u00f4nio cultural<\/p>\n<p>Obras e manuscritos que revelam conex\u00f5es entre intelectuais e artistas da modernidade brasileira e o trabalho do jornalista, advogado e escritor Rodrigo Mello Franco de Andrade comp\u00f5em a exposi\u00e7\u00e3o Minas, mem\u00f3ria moderna, que ser\u00e1 inaugurada neste domingo, 4, \u00e0s 10h30, no campus Pampulha. A abertura integra a programa\u00e7\u00e3o do Domingo no campus, em comemora\u00e7\u00e3o aos 95 anos da UFMG. A mostra estar\u00e1 em cartaz at\u00e9 3 de novembro, no sagu\u00e3o da Reitoria, com visita\u00e7\u00e3o gratuita, de segunda a sexta-feira, das 8h \u00e0s 18h.<\/p>\n<p>Realizada pela Pr\u00f3-reitoria de Cultura da UFMG (Procult) e pela Funda\u00e7\u00e3o Rodrigo Mello Franco de Andrade (FRMFA), a exposi\u00e7\u00e3o re\u00fane obras de arte, documentos, bilhetes e fotografias que pertencem ao acervo da Funda\u00e7\u00e3o e possibilitam entrever as interse\u00e7\u00f5es entre a biografia de Rodrigo \u2013 primeiro dirigente Instituto do Patrim\u00f4nio Hist\u00f3rico e Art\u00edstico Nacional (Iphan) \u2013 e a modernidade brasileira.<\/p>\n<p>\u201cAs obras e documentos reunidos nesta exposi\u00e7\u00e3o, provavelmente pela primeira vez exibidos em conjunto, pertencem \u00e0 Funda\u00e7\u00e3o Rodrigo Mello Franco de Andrade, criada em 1970, cujos instituidores tinham o desejo de contribuir com a preserva\u00e7\u00e3o do patrim\u00f4nio hist\u00f3rico da cidade de Tiradentes, em Minas Gerais. Nada mais acertado do que ter o nome da Funda\u00e7\u00e3o como uma homenagem a um dos mais relevantes agentes da cultura brasileira no s\u00e9culo 20, cuja trajet\u00f3ria \u00e9 marcada pela defesa incans\u00e1vel do patrim\u00f4nio hist\u00f3rico da cidade de Tiradentes e do pa\u00eds e sua promo\u00e7\u00e3o\u201d, destaca a reitora da UFMG, Sandra Regina Goulart Almeida, em texto de apresenta\u00e7\u00e3o da mostra.<\/p>\n<p>\u00c0 frente do \u00f3rg\u00e3o de 1937 a 1968, Rodrigo Mello Franco de Andrade participou do que ficou conhecido como a fase heroica do Iphan \u2013 al\u00e9m de trabalhar pelo fortalecimento da institui\u00e7\u00e3o, tamb\u00e9m foi necess\u00e1rio estabelecer uma s\u00e9rie de medidas para preservar o patrim\u00f4nio hist\u00f3rico e cultural do Brasil. Ele recebeu apoio e colabora\u00e7\u00e3o de importantes nomes brasileiros, entre os quais, alguns que figuram na exposi\u00e7\u00e3o, como Guignard, Carlos Scliar, Edson Motta, Portinari e outros.<\/p>\n<p><strong class=\"redactor-inline-converted\">Drummond, L\u00facio Costa, Burle Marx...<br \/>\n<\/strong>Al\u00e9m de obras desses artistas, tamb\u00e9m ser\u00e1 poss\u00edvel ver manuscritos, bilhetes e projetos de L\u00facio Costa, Carlos Drummond de Andrade, fotografias de cidades mineiras, sobretudo de Tiradentes, feitas nos anos 1960 e pertencentes ao Laborat\u00f3rio de Fotodocumenta\u00e7\u00e3o Sylvio de Vasconcelos, bem como imagens de projetos paisag\u00edsticos feitos por Burle Marx para Tiradentes a pedido da FRMFA, pertencentes ao Instituto Hist\u00f3rico e Geogr\u00e1fico de Tiradentes.<\/p>\n<p>\u201cA Funda\u00e7\u00e3o reuniu, com base em doa\u00e7\u00f5es, um acervo diversificado, hoje conservado em Tiradentes e em Belo Horizonte sob guarda do Espa\u00e7o Acervo Art\u00edstico UFMG. Os itens reunidos nesta exposi\u00e7\u00e3o revelam o car\u00e1ter de trabalho, de obra em sentido lato, do impulso de moderniza\u00e7\u00e3o que marcava o Brasil entre as d\u00e9cadas de 1920 e 1960. Das muitas figuras que aparecem na mostra, Rodrigo \u00e9 talvez a mais rotineira e menos aparente\u201d, afirma Verona Segantini, presidente da FRMFA e coordenadora geral da exposi\u00e7\u00e3o.<\/p>\n<p><strong class=\"redactor-inline-converted\">A Funda\u00e7\u00e3o<br \/>\n<\/strong>Rec\u00e9m-credenciada como funda\u00e7\u00e3o de apoio \u00e0 cultura da UFMG, a Funda\u00e7\u00e3o Rodrigo Mello Franco de Andrade existe desde a d\u00e9cada de 70, quando foi institu\u00edda com o objetivo de preservar im\u00f3veis e bens dotados de valor hist\u00f3rico, cultural e art\u00edstico em Tiradentes. Em 1997, a presid\u00eancia do Conselho Curador da FRMFA foi transferida para a UFMG, que passou a contribuir de forma sistem\u00e1tica para a recupera\u00e7\u00e3o e conserva\u00e7\u00e3o do patrim\u00f4nio da cidade, que congrega um registro hist\u00f3rico singular e de fundamental import\u00e2ncia para a compreens\u00e3o da identidade e da mem\u00f3ria nacional.<\/p>\n<p>Abertura: 4 de setembro\u00a0(domingo), \u00e0s 10h30<br \/>\nVisita\u00e7\u00e3o at\u00e9\u00a03 de novembro,\u00a0de segunda a sexta-feira, das 8h \u00e0s 18h<br \/>\nLocal | sagu\u00e3o da Reitoria da UFMG (Av. Ant\u00f4nio Carlos, 6.627)<br \/>\nEntrada gratuita<\/p>\n<p>[Com Assessoria de Comunica\u00e7\u00e3o da Procult]<\/p>\n <\/div><\/div><\/div><\/div>\n","protected":false},"excerpt":{"rendered":"","protected":false},"author":2,"featured_media":0,"parent":0,"menu_order":0,"comment_status":"closed","ping_status":"closed","template":"","meta":[],"_links":{"self":[{"href":"https:\/\/www.ufmg.br\/95anos\/wp-json\/wp\/v2\/pages\/6423"}],"collection":[{"href":"https:\/\/www.ufmg.br\/95anos\/wp-json\/wp\/v2\/pages"}],"about":[{"href":"https:\/\/www.ufmg.br\/95anos\/wp-json\/wp\/v2\/types\/page"}],"author":[{"embeddable":true,"href":"https:\/\/www.ufmg.br\/95anos\/wp-json\/wp\/v2\/users\/2"}],"replies":[{"embeddable":true,"href":"https:\/\/www.ufmg.br\/95anos\/wp-json\/wp\/v2\/comments?post=6423"}],"version-history":[{"count":1,"href":"https:\/\/www.ufmg.br\/95anos\/wp-json\/wp\/v2\/pages\/6423\/revisions"}],"predecessor-version":[{"id":6424,"href":"https:\/\/www.ufmg.br\/95anos\/wp-json\/wp\/v2\/pages\/6423\/revisions\/6424"}],"wp:attachment":[{"href":"https:\/\/www.ufmg.br\/95anos\/wp-json\/wp\/v2\/media?parent=6423"}],"curies":[{"name":"wp","href":"https:\/\/api.w.org\/{rel}","templated":true}]}}