{"id":6776,"date":"2022-10-14T14:13:08","date_gmt":"2022-10-14T17:13:08","guid":{"rendered":"https:\/\/www.ufmg.br\/95anos\/?page_id=6776"},"modified":"2022-12-07T18:38:36","modified_gmt":"2022-12-07T21:38:36","slug":"ele-viu-a-internet-chegar-2","status":"publish","type":"page","link":"https:\/\/www.ufmg.br\/95anos\/diversa-95\/ele-viu-a-internet-chegar-2\/","title":{"rendered":"Ele viu a internet chegar"},"content":{"rendered":"\t\t<div data-elementor-type=\"wp-page\" data-elementor-id=\"6776\" class=\"elementor elementor-6776\">\n\t\t\t\t\t\t\t\t\t<section class=\"elementor-section elementor-top-section elementor-element elementor-element-2558528 elementor-section-boxed elementor-section-height-default elementor-section-height-default\" data-id=\"2558528\" data-element_type=\"section\">\n\t\t\t\t\t\t<div class=\"elementor-container elementor-column-gap-default\">\n\t\t\t\t\t<div class=\"elementor-column elementor-col-100 elementor-top-column elementor-element elementor-element-c4a1dc9\" data-id=\"c4a1dc9\" data-element_type=\"column\">\n\t\t\t<div class=\"elementor-widget-wrap elementor-element-populated\">\n\t\t\t\t\t\t\t\t<div class=\"elementor-element elementor-element-1bba25f elementor-widget elementor-widget-text-editor\" data-id=\"1bba25f\" data-element_type=\"widget\" data-widget_type=\"text-editor.default\">\n\t\t\t\t<div class=\"elementor-widget-container\">\n\t\t\t<style>\/*! elementor - v3.6.5 - 27-04-2022 *\/\n.elementor-widget-text-editor.elementor-drop-cap-view-stacked .elementor-drop-cap{background-color:#818a91;color:#fff}.elementor-widget-text-editor.elementor-drop-cap-view-framed .elementor-drop-cap{color:#818a91;border:3px solid;background-color:transparent}.elementor-widget-text-editor:not(.elementor-drop-cap-view-default) .elementor-drop-cap{margin-top:8px}.elementor-widget-text-editor:not(.elementor-drop-cap-view-default) .elementor-drop-cap-letter{width:1em;height:1em}.elementor-widget-text-editor .elementor-drop-cap{float:left;text-align:center;line-height:1;font-size:50px}.elementor-widget-text-editor .elementor-drop-cap-letter{display:inline-block}<\/style>\t\t\t\t<p><span style=\"color: #000000; font-family: Tajawal, sans-serif;\"><span style=\"font-size: 30px;\"><i>Virg\u00edlio Almeida, do DCC, tem um prop\u00f3sito: compreender a grande rede de computadores para al\u00e9m da dimens\u00e3o tecnol\u00f3gica\u00a0<\/i><\/span><\/span><\/p>\t\t\t\t\t\t<\/div>\n\t\t\t\t<\/div>\n\t\t\t\t\t<\/div>\n\t\t<\/div>\n\t\t\t\t\t\t\t<\/div>\n\t\t<\/section>\n\t\t\t\t<section class=\"elementor-section elementor-top-section elementor-element elementor-element-c9447d0 elementor-section-boxed elementor-section-height-default elementor-section-height-default\" data-id=\"c9447d0\" data-element_type=\"section\">\n\t\t\t\t\t\t<div class=\"elementor-container elementor-column-gap-default\">\n\t\t\t\t\t<div class=\"elementor-column elementor-col-100 elementor-top-column elementor-element elementor-element-682b97a\" data-id=\"682b97a\" data-element_type=\"column\">\n\t\t\t<div class=\"elementor-widget-wrap elementor-element-populated\">\n\t\t\t\t\t\t\t\t<div class=\"elementor-element elementor-element-96d42a6 elementor-widget elementor-widget-text-editor\" data-id=\"96d42a6\" data-element_type=\"widget\" data-widget_type=\"text-editor.default\">\n\t\t\t\t<div class=\"elementor-widget-container\">\n\t\t\t\t\t\t\t<p><font color=\"#000000\" face=\"Tajawal, sans-serif\"><span style=\"font-size: 22.5px;\">Luana Macieira<\/span><\/font><br><\/p>\t\t\t\t\t\t<\/div>\n\t\t\t\t<\/div>\n\t\t\t\t\t<\/div>\n\t\t<\/div>\n\t\t\t\t\t\t\t<\/div>\n\t\t<\/section>\n\t\t\t\t<section class=\"elementor-section elementor-top-section elementor-element elementor-element-0f18b91 elementor-section-boxed elementor-section-height-default elementor-section-height-default\" data-id=\"0f18b91\" data-element_type=\"section\">\n\t\t\t\t\t\t<div class=\"elementor-container elementor-column-gap-default\">\n\t\t\t\t\t<div class=\"elementor-column elementor-col-100 elementor-top-column elementor-element elementor-element-c02e113\" data-id=\"c02e113\" data-element_type=\"column\">\n\t\t\t<div class=\"elementor-widget-wrap elementor-element-populated\">\n\t\t\t\t\t\t\t\t<div class=\"elementor-element elementor-element-8146893 elementor-widget elementor-widget-image\" data-id=\"8146893\" data-element_type=\"widget\" data-widget_type=\"image.default\">\n\t\t\t\t<div class=\"elementor-widget-container\">\n\t\t\t<style>\/*! elementor - v3.6.5 - 27-04-2022 *\/\n.elementor-widget-image{text-align:center}.elementor-widget-image a{display:inline-block}.elementor-widget-image a img[src$=\".svg\"]{width:48px}.elementor-widget-image img{vertical-align:middle;display:inline-block}<\/style>\t\t\t\t\t\t\t\t\t\t\t\t<img width=\"600\" height=\"849\" src=\"https:\/\/www.ufmg.br\/95anos\/wp-content\/uploads\/2022\/10\/Virgilio-2-1-e1665758189494.png\" class=\"attachment-full size-full\" alt=\"\" loading=\"lazy\" \/>\t\t\t\t\t\t\t\t\t\t\t\t\t\t\t<\/div>\n\t\t\t\t<\/div>\n\t\t\t\t<div class=\"elementor-element elementor-element-4793501 elementor-widget elementor-widget-heading\" data-id=\"4793501\" data-element_type=\"widget\" data-widget_type=\"heading.default\">\n\t\t\t\t<div class=\"elementor-widget-container\">\n\t\t\t<style>\/*! elementor - v3.6.5 - 27-04-2022 *\/\n.elementor-heading-title{padding:0;margin:0;line-height:1}.elementor-widget-heading .elementor-heading-title[class*=elementor-size-]>a{color:inherit;font-size:inherit;line-height:inherit}.elementor-widget-heading .elementor-heading-title.elementor-size-small{font-size:15px}.elementor-widget-heading .elementor-heading-title.elementor-size-medium{font-size:19px}.elementor-widget-heading .elementor-heading-title.elementor-size-large{font-size:29px}.elementor-widget-heading .elementor-heading-title.elementor-size-xl{font-size:39px}.elementor-widget-heading .elementor-heading-title.elementor-size-xxl{font-size:59px}<\/style><div class=\"elementor-heading-title elementor-size-default\">Ilustra\u00e7\u00e3o de Gabriel Lisboa sobre foto de Foca Lisboa <\/div>\t\t<\/div>\n\t\t\t\t<\/div>\n\t\t\t\t<div class=\"elementor-element elementor-element-fb6ed46 elementor-widget elementor-widget-spacer\" data-id=\"fb6ed46\" data-element_type=\"widget\" data-widget_type=\"spacer.default\">\n\t\t\t\t<div class=\"elementor-widget-container\">\n\t\t\t<style>\/*! elementor - v3.6.5 - 27-04-2022 *\/\n.e-container.e-container--row .elementor-spacer-inner{width:var(--spacer-size)}.e-container.e-container--column .elementor-spacer-inner,.elementor-column .elementor-spacer-inner{height:var(--spacer-size)}<\/style>\t\t<div class=\"elementor-spacer\">\n\t\t\t<div class=\"elementor-spacer-inner\"><\/div>\n\t\t<\/div>\n\t\t\t\t<\/div>\n\t\t\t\t<\/div>\n\t\t\t\t<div class=\"elementor-element elementor-element-4f82c70 elementor-widget elementor-widget-text-editor\" data-id=\"4f82c70\" data-element_type=\"widget\" data-widget_type=\"text-editor.default\">\n\t\t\t\t<div class=\"elementor-widget-container\">\n\t\t\t\t\t\t\t<p style=\"margin-bottom: 1.33333em;\"><span style=\"color: #000000; font-family: Tajawal, sans-serif;\"><span style=\"font-size: 24px;\">O ano era 1969. O ent\u00e3o estudante Virg\u00edlio Almeida ingressava no curso de gradua\u00e7\u00e3o em engenharia el\u00e9trica da UFMG e n\u00e3o imaginava as transforma\u00e7\u00f5es tecnol\u00f3gicas pelas quais o mundo passaria. N\u00e3o se falava ainda em internet ou em conex\u00f5es de longa dist\u00e2ncia. A rota do jovem estudante parecia tra\u00e7ada, mas acabou alterada quando recebeu um convite para estagiar na \u00e1rea de linguagem de computadores no Centro de Computa\u00e7\u00e3o da UFMG, localizado no subsolo do pr\u00e9dio da Reitoria.&nbsp;<\/span><\/span><\/p>\n<p style=\"margin-bottom: 1.33333em;\"><span style=\"color: #000000; font-family: Tajawal, sans-serif;\"><span style=\"font-size: 24px;\">\u201c<i>Naquela \u00e9poca, ainda n\u00e3o existiam os computadores pessoais (PCs), e esse est\u00e1gio foi o meu primeiro contato com a computa\u00e7\u00e3o. A UFMG tinha um mainframe, computador de grande porte dedicado ao processamento de enorme volume de dados. O Centro de Computa\u00e7\u00e3o treinava as pessoas, e l\u00e1 tamb\u00e9m havia cursos na \u00e1rea de linguagem de computadores<\/i>\u201d, conta.&nbsp;<\/span><\/span><\/p>\n<p style=\"margin-bottom: 1.33333em;\"><span style=\"color: #000000; font-family: Tajawal, sans-serif;\"><span style=\"font-size: 24px;\">Aquele primeiro contato com um computador fez Virg\u00edlio vislumbrar uma carreira na \u00e1rea e, em 1973, o rec\u00e9m-formado engenheiro foi aprovado em um concurso para a \u00e1rea de an\u00e1lise de sistemas na Petrobras. Ap\u00f3s dois anos morando no Rio de Janeiro, ele foi convidado para retornar \u00e0 capital mineira para trabalhar na mesma \u00e1rea, na Companhia Energ\u00e9tica de Minas Gerais (Cemig), onde atuou por oito anos, per\u00edodo em que conciliou o trabalho com a pesquisa de mestrado em Computa\u00e7\u00e3o na Pontif\u00edcia Universidade Cat\u00f3lica do Rio de Janeiro (PUC-Rio).&nbsp;<\/span><\/span><\/p>\n<p style=\"margin-bottom: 1.33333em;\"><span style=\"color: #000000; font-family: Tajawal, sans-serif;\"><span style=\"font-size: 24px;\"><i>\u201cA an\u00e1lise de sistemas foi entrando na minha vida de tal forma que eu acabei acompanhando bem de perto a evolu\u00e7\u00e3o da internet no Brasil. Me apaixonei pelo campo porque ele desenha e planeja os meios para que a informa\u00e7\u00e3o seja processada. Esse conhecimento acabou sendo essencial para a chegada da internet ao pa\u00eds\u201d.&nbsp;<\/i><\/span><\/span><\/p>\n<p style=\"margin-bottom: 1.33333em;\"><span style=\"color: #000000; font-family: Tajawal, sans-serif;\"><span style=\"font-size: 24px;\">Professor em\u00e9rito do Departamento de Ci\u00eancia da Computa\u00e7\u00e3o (DCC) da UFMG e associado do Centro Berkman Klein para Internet e Sociedade, da Universidade Harvard, nos Estados Unidos, Virg\u00edlio Almeida dedicou a vida a entender as novas tecnologias. Ele tamb\u00e9m atuou como secret\u00e1rio de Pol\u00edtica de Inform\u00e1tica do Minist\u00e9rio da Ci\u00eancia, Tecnologia e Inova\u00e7\u00f5es (MCTI). Aos 72 anos, j\u00e1 publicou mais de 170 artigos cient\u00edficos e n\u00e3o se arrisca a prever o futuro das redes.<\/span><\/span><\/p>\n<p style=\"margin-bottom: 1.33333em;\"><span style=\"color: #000000; font-family: Tajawal, sans-serif;\"><span style=\"font-size: 24px;\"><b>Nos tempos da bitnet<\/b><\/span><\/span><\/p>\n<p style=\"margin-bottom: 1.33333em;\"><font color=\"#000000\" face=\"Tajawal, sans-serif\"><span style=\"font-size: 24px;\">A internet surgiu nos anos 1960 nos Estados Unidos, quando o Departamento de Defesa americano criou uma rede de comunica\u00e7\u00e3o de computadores em pontos estrat\u00e9gicos durante a Guerra Fria. Inicialmente, o acesso era restrito a militares e pesquisadores. No Brasil, a comunidade acad\u00eamica conseguiu acesso \u00e0 rede em 1991, por meio do MCTI. \u201cNos prim\u00f3rdios da internet no pa\u00eds havia na UFMG uma conex\u00e3o de redes chamada bitnet, que era uma esp\u00e9cie de precursora desse tipo de servi\u00e7o. At\u00e9 1994, a internet s\u00f3 existia nas universidades. Posteriormente, foi ofertada ao p\u00fablico pelas empresas de telecomunica\u00e7\u00f5es. A UFMG participou desde o in\u00edcio porque tinha conex\u00f5es, treinava as pessoas e fazia pesquisas sobre a internet\u201d, conta o professor.&nbsp;<\/span><\/font><\/p>\n<p style=\"margin-bottom: 1.33333em;\"><span style=\"color: #000000; font-family: Tajawal, sans-serif;\"><span style=\"font-size: 24px;\">Virg\u00edlio s\u00f3 se deu conta do potencial acad\u00eamico da internet quando, em 1994, escreveu, a dist\u00e2ncia, um livro em parceria com os pesquisadores norte-americanos Daniel Menasce e Larry Dowdy. \u201cO livro foi escrito sem nos encontrarmos uma \u00fanica vez, tudo foi feito a dist\u00e2ncia e com comunica\u00e7\u00e3o pela internet. Hoje parece bobo, visto que andamos com celulares que possibilitam a comunica\u00e7\u00e3o em tempo real. Mas, naquela ocasi\u00e3o, isso era algo impens\u00e1vel. A escrita conjunta desse livro abriu as portas para que as colabora\u00e7\u00f5es acad\u00eamicas passassem a ser internacionais e para que perceb\u00eassemos que o mundo caminhava para grandes mudan\u00e7as\u201d, lembra.&nbsp;<\/span><\/span><\/p>\n<p style=\"margin-bottom: 1.33333em;\"><span style=\"color: #000000; font-family: Tajawal, sans-serif;\"><span style=\"font-size: 24px;\"><b>Transdisciplinaridade<\/b><\/span><br><\/span><\/p>\n<p style=\"margin-bottom: 1.33333em;\"><span style=\"color: #000000; font-family: Tajawal, sans-serif;\"><span style=\"font-size: 24px;\">Ao longo de toda a sua carreira, Virg\u00edlio Almeida sempre buscou realizar as suas pesquisas em di\u00e1logo com outras \u00e1reas do conhecimento. Ele j\u00e1 orientou trabalhos nos campos das letras, da psicologia e da ci\u00eancia pol\u00edtica. O interesse pelo di\u00e1logo interdisciplinar tamb\u00e9m levou o professor a participar da cria\u00e7\u00e3o do Instituto de Estudos Avan\u00e7ados Transdisciplinares (IEAT) da UFMG e a ser convidado para atuar como colunista do jornal Estado de Minas. Em suas colunas, abordou temas emergentes e expressou sua paix\u00e3o pela literatura. Desde 2018, mant\u00e9m uma coluna no jornal Valor Econ\u00f4mico, em parceria com o economista Francisco Gaetani.&nbsp;<\/span><\/span><\/p>\n<p style=\"margin-bottom: 1.33333em;\"><span style=\"color: #000000; font-family: Tajawal, sans-serif;\"><span style=\"font-size: 24px;\"><i>\u201c\u00c9 importante que as distintas \u00e1reas do conhecimento conversem, porque a maioria dos problemas da nossa sociedade n\u00e3o podem ser resolvidos por um \u00fanico campo. A computa\u00e7\u00e3o trata os dados, e esse olhar multidisciplinar possibilita a solu\u00e7\u00e3o de v\u00e1rios problemas\u201d<\/i>, diz.<\/span><\/span><\/p>\n<p style=\"margin-bottom: 1.33333em;\"><span style=\"color: #000000; font-family: Tajawal, sans-serif;\"><span style=\"font-size: 24px;\">Wagner Meira Junior, tamb\u00e9m professor do DCC, conta que a transdisciplinaridade e a parceria com alunos e outros pesquisadores sempre foram marcas da carreira de Virg\u00edlio Almeida. Meira foi seu aluno na gradua\u00e7\u00e3o, e hoje os dois trabalham juntos em diversos projetos de pesquisa. <i>\u201cVirg\u00edlio me chamou para trabalhar com ele em 1997 em um projeto da internet brasileira e at\u00e9 hoje atuamos em v\u00e1rias frentes. N\u00f3s dois fizemos uma transi\u00e7\u00e3o de carreira parecida, migrando da \u00e1rea de computadores para a de internet\u201d<\/i>, conta.<\/span><\/span><\/p>\n<p style=\"margin-bottom: 1.33333em;\"><font color=\"#000000\" face=\"Tajawal, sans-serif\"><span style=\"font-size: 24px;\">Para Meira, a parceria tem sido frut\u00edfera porque ambos veem a internet aliada a fatores que v\u00e3o al\u00e9m da tecnologia. <\/span><\/font><i style=\"\"><font color=\"#000000\" face=\"Tajawal, sans-serif\"><span style=\"font-size: 24px;\">\u201c\u00c0 medida que a internet evolu\u00eda do ponto de vista dos problemas, das tecnologias e das suas aplica\u00e7\u00f5es, n\u00f3s caminh\u00e1vamos juntos. O Virg\u00edlio sempre teve uma vis\u00e3o mais ampla de trazer os conhecimentos e percep\u00e7\u00f5es de outras \u00e1reas para os nossos estudos. Al\u00e9m disso, ele tem grande capacidade de \u2018farejar\u2019 os problemas que s\u00e3o relevantes\u201d<\/span><\/font><\/i><font color=\"#000000\" face=\"Tajawal, sans-serif\"><span style=\"font-size: 24px;\">, elogia.&nbsp;<\/span><\/font><\/p>\n<p style=\"margin-bottom: 1.33333em;\"><span style=\"color: #000000; font-family: Tajawal, sans-serif;\"><span style=\"font-size: 24px;\"><b>A vez dos algoritmos<\/b><\/span><\/span><\/p>\n<p style=\"margin-bottom: 1.33333em;\"><span style=\"color: #000000; font-family: Tajawal, sans-serif;\"><span style=\"font-size: 24px;\">Com a revolu\u00e7\u00e3o da computa\u00e7\u00e3o e da internet, os dispositivos digitais passaram a fazer parte do cotidiano das pessoas. Virg\u00edlio Almeida conta que n\u00e3o imaginava que a comunica\u00e7\u00e3o, as compras, o transporte e a hospedagem se transformariam em servi\u00e7os digitais. \u201cSe voc\u00ea quer chegar a um lugar que n\u00e3o conhece, voc\u00ea usa o aplicativo de GPS. Para pedir comida, voc\u00ea usa o de delivery. Para comprar a ra\u00e7\u00e3o do cachorro, existe o de compras. Nosso modo de viver mudou, e assim surgiu a necessidade de estudar essas transforma\u00e7\u00f5es\u201d, explica o professor.&nbsp;<\/span><\/span><\/p>\n<p style=\"margin-bottom: 1.33333em;\"><span style=\"color: #000000; font-family: Tajawal, sans-serif;\"><span style=\"font-size: 24px;\">Para entender como a internet age no cotidiano das sociedades, Virg\u00edlio Almeida concentra suas pesquisas em duas grandes \u00e1reas: a primeira envolve estudos realizados em parceria com pesquisadores do Departamento de Ci\u00eancia Pol\u00edtica (DCP) da UFMG, a fim de compreender novas formas de governan\u00e7a no mundo digital, suas regras e modos de organiza\u00e7\u00e3o; na segunda frente, o objetivo \u00e9 descobrir como os algoritmos alteram as institui\u00e7\u00f5es sociais. \u201c<i>Os algoritmos hoje escolhem o que a gente faz, dirigindo nosso gosto, nossas vontades e nossa inclina\u00e7\u00e3o pol\u00edtica. Eles nos manipulam. Por isso, \u00e9 importante compreender melhor esse processo. Precisamos entender como os humanos interagem com o digital, que agora \u00e9 parte intr\u00ednseca de nossas vidas.<\/i>\u201d<\/span><\/span><\/p>\n<p style=\"margin-bottom: 1.33333em;\"><span style=\"color: #000000; font-family: Tajawal, sans-serif;\"><span style=\"font-size: 24px;\"><b>O futuro das redes<\/b><\/span><\/span><\/p>\n<p style=\"margin-bottom: 1.33333em;\"><span style=\"color: #000000; font-family: Tajawal, sans-serif;\"><span style=\"font-size: 24px;\">Virg\u00edlio Almeida acredita que a internet continuar\u00e1 apresentando quest\u00f5es que precisar\u00e3o ser estudadas porque ela seguir\u00e1 se transformando. Ele ressalta, por\u00e9m, que \u00e9 imposs\u00edvel predizer o seu futuro. \u201c<i>Hoje, as preocupa\u00e7\u00f5es envolvem as redes sociais porque elas exercem um impacto muito grande na economia, na sa\u00fade e na vida das pessoas. Al\u00e9m disso, h\u00e1 um impacto pol\u00edtico forte que traz amea\u00e7as para a democracia<\/i>\u201d, desabafa.&nbsp;<\/span><\/span><\/p>\n<p style=\"margin-bottom: 1.33333em;\"><span style=\"color: #000000; font-family: Tajawal, sans-serif;\"><span style=\"font-size: 24px;\">O pesquisador alerta que uma sociedade polarizada como a brasileira precisa estar atenta \u00e0 prote\u00e7\u00e3o do seu sistema pol\u00edtico e que a internet necessita de regras, normas, boas pr\u00e1ticas e uma legisla\u00e7\u00e3o que proteja o estado democr\u00e1tico de direito.&nbsp;<\/span><\/span><\/p>\n<p style=\"margin-bottom: 1.33333em;\"><span style=\"color: #000000; font-family: Tajawal, sans-serif;\"><span style=\"font-size: 24px;\"><i>\u201cO Brasil j\u00e1 foi lideran\u00e7a nesse assunto com o pioneirismo do Marco Civil da Internet, em 2014. Ele ditou princ\u00edpios, garantias, direitos e deveres para quem usa a internet no pa\u00eds. Depois tivemos a Lei de Prote\u00e7\u00e3o de Dados Pessoais, que avan\u00e7ou na quest\u00e3o da privacidade. Agora, a preocupa\u00e7\u00e3o \u00e9 com a modera\u00e7\u00e3o dos conte\u00fados. As pessoas n\u00e3o podem publicar qualquer coisa nas redes sociais, \u00e9 necess\u00e1rio responsabilidade e regras para o que \u00e9 divulgado\u201d.&nbsp;<\/i><\/span><\/span><\/p>\n<p style=\"margin-bottom: 1.33333em;\"><span style=\"color: #000000; font-family: Tajawal, sans-serif;\"><span style=\"font-size: 24px;\">Virg\u00edlio acalenta esperan\u00e7a em rela\u00e7\u00e3o ao futuro da internet, pois acredita que a economia digital, al\u00e9m de veloz, \u00e9 capaz de ajudar no desenvolvimento sustent\u00e1vel da sociedade, ao contribuir para a economia de recursos e para a diminui\u00e7\u00e3o da polui\u00e7\u00e3o. Entretanto, segundo ele, para que a sociedade usufrua das benesses da internet, o seu acesso precisa se tornar mais igualit\u00e1rio.&nbsp;<\/span><\/span><\/p>\n<p style=\"margin-bottom: 1.33333em;\"><span style=\"color: #000000; font-family: Tajawal, sans-serif;\"><span style=\"font-size: 24px;\"><i>\u201cO acesso \u00e0 internet ainda \u00e9 muito desigual no Brasil, e o governo precisa resolver essa desigualdade. A internet \u00e9 extremamente boa e trouxe avan\u00e7os, vantagens e conveni\u00eancias das quais n\u00e3o podemos prescindir, mas existe um lado obscuro que precisa ser cuidado por meio de legisla\u00e7\u00e3o. As pessoas est\u00e3o discutindo pol\u00edtica no WhatsApp, no Twitter e no Facebook. Apesar de privadas, essas plataformas ocupam um espa\u00e7o p\u00fablico. Por isso, \u00e9 necess\u00e1rio que elas atendam ao interesse coletivo. Se antes a pesquisa na \u00e1rea era restrita \u00e0 computa\u00e7\u00e3o, agora ela se importa com a nossa vida e com a interface que temos com a m\u00e1quina\u201d,<\/i> afirma o professor.<\/span><\/span><\/p>\t\t\t\t\t\t<\/div>\n\t\t\t\t<\/div>\n\t\t\t\t\t<\/div>\n\t\t<\/div>\n\t\t\t\t\t\t\t<\/div>\n\t\t<\/section>\n\t\t\t\t\t\t\t<\/div>\n\t\t","protected":false},"excerpt":{"rendered":"<p>Virg\u00edlio Almeida, do DCC, tem um prop\u00f3sito: compreender a grande [&hellip;]<\/p>\n","protected":false},"author":1,"featured_media":0,"parent":6411,"menu_order":0,"comment_status":"closed","ping_status":"closed","template":"","meta":[],"_links":{"self":[{"href":"https:\/\/www.ufmg.br\/95anos\/wp-json\/wp\/v2\/pages\/6776"}],"collection":[{"href":"https:\/\/www.ufmg.br\/95anos\/wp-json\/wp\/v2\/pages"}],"about":[{"href":"https:\/\/www.ufmg.br\/95anos\/wp-json\/wp\/v2\/types\/page"}],"author":[{"embeddable":true,"href":"https:\/\/www.ufmg.br\/95anos\/wp-json\/wp\/v2\/users\/1"}],"replies":[{"embeddable":true,"href":"https:\/\/www.ufmg.br\/95anos\/wp-json\/wp\/v2\/comments?post=6776"}],"version-history":[{"count":24,"href":"https:\/\/www.ufmg.br\/95anos\/wp-json\/wp\/v2\/pages\/6776\/revisions"}],"predecessor-version":[{"id":6946,"href":"https:\/\/www.ufmg.br\/95anos\/wp-json\/wp\/v2\/pages\/6776\/revisions\/6946"}],"up":[{"embeddable":true,"href":"https:\/\/www.ufmg.br\/95anos\/wp-json\/wp\/v2\/pages\/6411"}],"wp:attachment":[{"href":"https:\/\/www.ufmg.br\/95anos\/wp-json\/wp\/v2\/media?parent=6776"}],"curies":[{"name":"wp","href":"https:\/\/api.w.org\/{rel}","templated":true}]}}