{"id":182,"date":"2025-09-15T09:26:13","date_gmt":"2025-09-15T12:26:13","guid":{"rendered":"https:\/\/www.ufmg.br\/augm2025\/comunicacao\/?page_id=182"},"modified":"2025-09-24T14:24:56","modified_gmt":"2025-09-24T17:24:56","slug":"sobre-a-augm","status":"publish","type":"page","link":"https:\/\/www.ufmg.br\/augm2025\/comunicacao\/sobre-a-augm\/","title":{"rendered":"Sobre a AUGM"},"content":{"rendered":"\n<p>A Associa\u00e7\u00e3o de Universidades Grupo Montevid\u00e9u (AUGM) \u00e9 uma rede de universidades p\u00fablicas da Am\u00e9rica do Sul que compartilham o compromisso com a educa\u00e7\u00e3o superior como bem p\u00fablico, direito social e responsabilidade do Estado. <\/p>\n\n\n\n<p>Fundada em 1991, a AUGM busca fortalecer a integra\u00e7\u00e3o regional por meio da coopera\u00e7\u00e3o acad\u00eamica, cient\u00edfica e cultural entre institui\u00e7\u00f5es de ensino superior da Argentina, Bol\u00edvia, Brasil, Chile, Paraguai e Uruguai. <\/p>\n\n\n\n<p>Suas a\u00e7\u00f5es t\u00eam como foco o est\u00edmulo \u00e0 mobilidade estudantil e docente, ao desenvolvimento de projetos interinstitucionais e \u00e0 produ\u00e7\u00e3o coletiva de conhecimento voltada para os desafios sociais da regi\u00e3o. A atua\u00e7\u00e3o da rede \u00e9 guiada por valores como autonomia universit\u00e1ria, solidariedade, inclus\u00e3o, democracia e desenvolvimento sustent\u00e1vel.<\/p>\n","protected":false},"excerpt":{"rendered":"<p>A Associa\u00e7\u00e3o de Universidades Grupo Montevid\u00e9u (AUGM) \u00e9 uma rede de universidades p\u00fablicas da Am\u00e9rica do Sul que compartilham o compromisso com a educa\u00e7\u00e3o superior como bem p\u00fablico, direito social e responsabilidade do Estado. Fundada em 1991, a AUGM busca fortalecer a integra\u00e7\u00e3o regional por meio da coopera\u00e7\u00e3o acad\u00eamica, cient\u00edfica e cultural entre institui\u00e7\u00f5es de [&hellip;]<\/p>\n","protected":false},"author":3,"featured_media":0,"parent":0,"menu_order":0,"comment_status":"closed","ping_status":"closed","template":"","meta":{"_acf_changed":false,"footnotes":""},"class_list":["post-182","page","type-page","status-publish","hentry"],"acf":[],"_links":{"self":[{"href":"https:\/\/www.ufmg.br\/augm2025\/comunicacao\/wp-json\/wp\/v2\/pages\/182"}],"collection":[{"href":"https:\/\/www.ufmg.br\/augm2025\/comunicacao\/wp-json\/wp\/v2\/pages"}],"about":[{"href":"https:\/\/www.ufmg.br\/augm2025\/comunicacao\/wp-json\/wp\/v2\/types\/page"}],"author":[{"embeddable":true,"href":"https:\/\/www.ufmg.br\/augm2025\/comunicacao\/wp-json\/wp\/v2\/users\/3"}],"replies":[{"embeddable":true,"href":"https:\/\/www.ufmg.br\/augm2025\/comunicacao\/wp-json\/wp\/v2\/comments?post=182"}],"version-history":[{"count":4,"href":"https:\/\/www.ufmg.br\/augm2025\/comunicacao\/wp-json\/wp\/v2\/pages\/182\/revisions"}],"predecessor-version":[{"id":335,"href":"https:\/\/www.ufmg.br\/augm2025\/comunicacao\/wp-json\/wp\/v2\/pages\/182\/revisions\/335"}],"wp:attachment":[{"href":"https:\/\/www.ufmg.br\/augm2025\/comunicacao\/wp-json\/wp\/v2\/media?parent=182"}],"curies":[{"name":"wp","href":"https:\/\/api.w.org\/{rel}","templated":true}]}}