{"id":206,"date":"2025-09-15T09:30:05","date_gmt":"2025-09-15T12:30:05","guid":{"rendered":"https:\/\/www.ufmg.br\/augm2025\/comunicacao\/?page_id=206"},"modified":"2025-09-24T14:24:41","modified_gmt":"2025-09-24T17:24:41","slug":"restaurantes-proximos-a-ufmg","status":"publish","type":"page","link":"https:\/\/www.ufmg.br\/augm2025\/comunicacao\/restaurantes-proximos-a-ufmg\/","title":{"rendered":"Restaurantes pr\u00f3ximos \u00e0 UFMG"},"content":{"rendered":"\n<p><strong>HR Restaurante e Lanchonete <\/strong>&#8211; Pra\u00e7a de Servi\u00e7os do campus UFMG &#8211; $<br>Seg-Sex 7:30 \u00e0s 20:00<br>Restaurante self service dentro do campus Pampulha UFMG.<\/p>\n\n\n\n<p><strong>Anella Ristorante<\/strong> &#8211; Av. Min. Guilhermino de Oliveira, 325 &#8211; $$$<br>Seg-Sex 12:00 \u00e0s 15:00 e 18:00 \u00e0s 23:00 | S\u00e1b 12:00 \u00e0s 00:00 | Dom 12:00 \u00e0s 22:00<br>Massas frescas e especialidades italianas.<\/p>\n\n\n\n<p><strong>Xapuri<\/strong> &#8211;<strong> <\/strong>R. Mandacar\u00fa, 260 &#8211; $$$<strong><br><\/strong>Ter-S\u00e1b 11:00 \u00e0s 22:00 | Dom 11:00 \u00e0s 17:00<br>Culin\u00e1ria mineira tradicional preparada em forno \u00e0 lenha com op\u00e7\u00f5es \u00e0 la carte.<\/p>\n\n\n\n<p><strong>Maria das Tran\u00e7as <\/strong>\u00a0&#8211; R. Estoril, 938 &#8211; $$<br>Seg-S\u00e1b 11:00 \u00e0s 21:00 | Dom 11:00 \u00e0s 18:00<br>Famoso pelo frango ao molho pardo, um dos pratos mais tradicionais de Minas Gerais.<\/p>\n\n\n\n<p><strong>Paladino<\/strong> &#8211; Av. Gildo Macedo Lacerda, 300 &#8211; $$$<br>Ter-Dom 11:30 \u00e0s 16:00 | Sex-Dom 11:30 \u00e0s 17:00<br>Restaurante fazenda com ambiente agrad\u00e1vel e pratos regionais preparados com ingredientes frescos.<br><\/p>\n\n\n\n<p><strong>Restaurante Jardim de Minas<\/strong> &#8211; R. Noraldino de Lima, 581 &#8211; $$<br>Seg-Ter 11:00 \u00e0s 15:00 | Qua-S\u00e1b 11:00 \u00e0s 00:00 | Dom 11:00 \u00e0s 16:00<br>Pratos mineiros servidos em um ambiente r\u00fastico com sele\u00e7\u00e3o de cacha\u00e7as, redes e playground.<\/p>\n\n\n\n<p><strong>Restaurante La Palma<\/strong> &#8211; R. Professor Jerson Martins, 146 &#8211; $$$<br>Seg 18:00 \u00e0s 23:00 | Ter-S\u00e1b 11:30 \u00e0s 23:00 | Dom 11:30 \u00e0s 18:00<br>Pizzas, massas e grelhados com toque gourmet e decora\u00e7\u00e3o moderna e r\u00fastica.<\/p>\n","protected":false},"excerpt":{"rendered":"<p>HR Restaurante e Lanchonete &#8211; Pra\u00e7a de Servi\u00e7os do campus UFMG &#8211; $Seg-Sex 7:30 \u00e0s 20:00Restaurante self service dentro do campus Pampulha UFMG. Anella Ristorante &#8211; Av. Min. Guilhermino de Oliveira, 325 &#8211; $$$Seg-Sex 12:00 \u00e0s 15:00 e 18:00 \u00e0s 23:00 | S\u00e1b 12:00 \u00e0s 00:00 | Dom 12:00 \u00e0s 22:00Massas frescas e especialidades italianas. [&hellip;]<\/p>\n","protected":false},"author":3,"featured_media":0,"parent":0,"menu_order":0,"comment_status":"closed","ping_status":"closed","template":"","meta":{"_acf_changed":false,"footnotes":""},"class_list":["post-206","page","type-page","status-publish","hentry"],"acf":[],"_links":{"self":[{"href":"https:\/\/www.ufmg.br\/augm2025\/comunicacao\/wp-json\/wp\/v2\/pages\/206"}],"collection":[{"href":"https:\/\/www.ufmg.br\/augm2025\/comunicacao\/wp-json\/wp\/v2\/pages"}],"about":[{"href":"https:\/\/www.ufmg.br\/augm2025\/comunicacao\/wp-json\/wp\/v2\/types\/page"}],"author":[{"embeddable":true,"href":"https:\/\/www.ufmg.br\/augm2025\/comunicacao\/wp-json\/wp\/v2\/users\/3"}],"replies":[{"embeddable":true,"href":"https:\/\/www.ufmg.br\/augm2025\/comunicacao\/wp-json\/wp\/v2\/comments?post=206"}],"version-history":[{"count":4,"href":"https:\/\/www.ufmg.br\/augm2025\/comunicacao\/wp-json\/wp\/v2\/pages\/206\/revisions"}],"predecessor-version":[{"id":334,"href":"https:\/\/www.ufmg.br\/augm2025\/comunicacao\/wp-json\/wp\/v2\/pages\/206\/revisions\/334"}],"wp:attachment":[{"href":"https:\/\/www.ufmg.br\/augm2025\/comunicacao\/wp-json\/wp\/v2\/media?parent=206"}],"curies":[{"name":"wp","href":"https:\/\/api.w.org\/{rel}","templated":true}]}}