{"id":211,"date":"2025-09-15T09:31:07","date_gmt":"2025-09-15T12:31:07","guid":{"rendered":"https:\/\/www.ufmg.br\/augm2025\/comunicacao\/?page_id=211"},"modified":"2025-09-24T14:56:29","modified_gmt":"2025-09-24T17:56:29","slug":"sico","status":"publish","type":"page","link":"https:\/\/www.ufmg.br\/augm2025\/comunicacao\/sico\/","title":{"rendered":"SICO"},"content":{"rendered":"\n<p class=\"has-medium-font-size\"><strong><em>Semin\u00e1rio Internacional de Comunica\u00e7\u00e3o Organizacional (SICO)<br><\/em><\/strong><\/p>\n\n\n\n<p>Nos dias <strong>26, 27 e 28 de novembro de 2025,<\/strong> a Universidade Federal de Minas Gerais (UFMG) <strong>sediar\u00e1 a s\u00e9tima edi\u00e7\u00e3o do Semin\u00e1rio Internacional de Comunica\u00e7\u00e3o Organizacional (SICO)<\/strong>. Um evento acad\u00eamico bienal que se consolidou como um importante espa\u00e7o para o interc\u00e2mbio cient\u00edfico e a discuss\u00e3o aprofundada sobre quest\u00f5es epistemol\u00f3gicas e discursivas no campo da Comunica\u00e7\u00e3o Organizacional, no Brasil e em \u00e2mbito internacional.<\/p>\n\n\n\n<p>Idealizado a partir de uma colabora\u00e7\u00e3o estrat\u00e9gica entre grupos de pesquisa de renomadas institui\u00e7\u00f5es de ensino superior, como a Pontif\u00edcia Universidade Cat\u00f3lica de Minas Gerais (PUC-Minas), a Universidade Federal de Minas Gerais (UFMG) e a Universidade Federal de Vi\u00e7osa (UFV), o SICO se destaca por revisitar as contribui\u00e7\u00f5es de pesquisadores de diversas institui\u00e7\u00f5es brasileiras, fortalecendo a pesquisa na \u00e1rea e expandindo sua internacionaliza\u00e7\u00e3o.<\/p>\n\n\n\n<p>Em sua<strong> <\/strong>s\u00e9tima edi\u00e7\u00e3o, o SICO ser\u00e1 realizado com o tema<strong> &#8220;Comunica\u00e7\u00e3o e Universidades&#8221;<\/strong>, proporcionando uma plataforma robusta para reflex\u00e3o sobre o papel das universidades na sociedade contempor\u00e2nea e sobre a rela\u00e7\u00e3o entre comunica\u00e7\u00e3o p\u00fablica e estrat\u00e9gica.<\/p>\n\n\n\n<p>Saiba mais em <a href=\"https:\/\/www.ufmg.br\/sico2025\">https:\/\/www.ufmg.br\/sico2025<\/a><\/p>\n\n\n\n<p class=\"has-medium-font-size\"><strong><em>Submiss\u00e3o de Trabalhos (VII SICO)<\/em><\/strong><\/p>\n\n\n\n<p>Convidamos a comunidade acad\u00eamica &#8211; pesquisadores, professores e estudantes de p\u00f3s-gradua\u00e7\u00e3o e gradua\u00e7\u00e3o &#8211; a submeter trabalhos para o VII Semin\u00e1rio Internacional de Comunica\u00e7\u00e3o Organizacional (SICO), que ocorrer\u00e1 de <strong>26 a 28 de novembro de 2025<\/strong> na UFMG.<\/p>\n\n\n\n<p>Para participar, \u00e9 necess\u00e1rio enviar um <strong>resumo expandido<\/strong> para o e-mail: <strong>comunica@ufmg.br<\/strong><\/p>\n\n\n\n<p><strong><em>Prazos Importantes:<\/em><\/strong><\/p>\n\n\n\n<ul class=\"wp-block-list\">\n<li>Prazo final para submiss\u00e3o de resumos expandidos: 21 de setembro de 2025.<\/li>\n\n\n\n<li>Divulga\u00e7\u00e3o dos resumos aprovados: 20 de outubro de 2025.<\/li>\n\n\n\n<li>O template de submiss\u00e3o pode ser acessado neste <a href=\"https:\/\/docs.google.com\/document\/d\/1YVGYQ8NYNDywIw2u9xGOryjYT5NjUTbc3GWgdMkK5Ok\/edit?usp=sharing\" data-type=\"link\" data-id=\"https:\/\/docs.google.com\/document\/d\/1YVGYQ8NYNDywIw2u9xGOryjYT5NjUTbc3GWgdMkK5Ok\/edit?usp=sharing\">link<\/a>.<\/li>\n<\/ul>\n\n\n\n<p>\u00c9 fundamental que os resumos sejam elaborados estritamente de acordo com o template oficial do evento. Esta \u00e9 uma oportunidade valiosa para apresentar sua pesquisa, dialogar com especialistas e contribuir para a constru\u00e7\u00e3o de novas agendas de pesquisa sobre comunica\u00e7\u00e3o universit\u00e1ria.<\/p>\n\n\n\n<p>Saiba mais em <a href=\"https:\/\/abrapcorp.org.br\/vii-sico-convida-para-submissao-de-trabalhos\/\">https:\/\/abrapcorp.org.br\/vii-sico-convida-para-submissao-de-trabalhos\/<\/a>&nbsp;<\/p>\n","protected":false},"excerpt":{"rendered":"<p>Semin\u00e1rio Internacional de Comunica\u00e7\u00e3o Organizacional (SICO) Nos dias 26, 27 e 28 de novembro de 2025, a Universidade Federal de Minas Gerais (UFMG) sediar\u00e1 a s\u00e9tima edi\u00e7\u00e3o do Semin\u00e1rio Internacional de Comunica\u00e7\u00e3o Organizacional (SICO). Um evento acad\u00eamico bienal que se consolidou como um importante espa\u00e7o para o interc\u00e2mbio cient\u00edfico e a discuss\u00e3o aprofundada sobre quest\u00f5es [&hellip;]<\/p>\n","protected":false},"author":3,"featured_media":0,"parent":0,"menu_order":0,"comment_status":"closed","ping_status":"closed","template":"","meta":{"_acf_changed":false,"footnotes":""},"class_list":["post-211","page","type-page","status-publish","hentry"],"acf":[],"_links":{"self":[{"href":"https:\/\/www.ufmg.br\/augm2025\/comunicacao\/wp-json\/wp\/v2\/pages\/211"}],"collection":[{"href":"https:\/\/www.ufmg.br\/augm2025\/comunicacao\/wp-json\/wp\/v2\/pages"}],"about":[{"href":"https:\/\/www.ufmg.br\/augm2025\/comunicacao\/wp-json\/wp\/v2\/types\/page"}],"author":[{"embeddable":true,"href":"https:\/\/www.ufmg.br\/augm2025\/comunicacao\/wp-json\/wp\/v2\/users\/3"}],"replies":[{"embeddable":true,"href":"https:\/\/www.ufmg.br\/augm2025\/comunicacao\/wp-json\/wp\/v2\/comments?post=211"}],"version-history":[{"count":5,"href":"https:\/\/www.ufmg.br\/augm2025\/comunicacao\/wp-json\/wp\/v2\/pages\/211\/revisions"}],"predecessor-version":[{"id":339,"href":"https:\/\/www.ufmg.br\/augm2025\/comunicacao\/wp-json\/wp\/v2\/pages\/211\/revisions\/339"}],"wp:attachment":[{"href":"https:\/\/www.ufmg.br\/augm2025\/comunicacao\/wp-json\/wp\/v2\/media?parent=211"}],"curies":[{"name":"wp","href":"https:\/\/api.w.org\/{rel}","templated":true}]}}