{"id":220,"date":"2025-09-15T09:34:03","date_gmt":"2025-09-15T12:34:03","guid":{"rendered":"https:\/\/www.ufmg.br\/augm2025\/comunicacao\/?page_id=220"},"modified":"2025-09-24T14:22:16","modified_gmt":"2025-09-24T17:22:16","slug":"cafes-e-brunch-na-regiao-centro-sul","status":"publish","type":"page","link":"https:\/\/www.ufmg.br\/augm2025\/comunicacao\/cafes-e-brunch-na-regiao-centro-sul\/","title":{"rendered":"Caf\u00e9s e Brunch na Regi\u00e3o Centro-Sul"},"content":{"rendered":"\n<p><strong>Uluru Caf\u00e9<\/strong> &#8211; Av. Afonso Pena, 2925 &#8211; $$<br>Seg-S\u00e1b 7:30 \u00e0s 22:00 | Dom 7:30 \u00e0s 20<br>Op\u00e7\u00f5es regionais e internacionais para brunch, almo\u00e7o e jantar.<\/p>\n\n\n\n<p><strong>Casa Baanko<\/strong> &#8211; Av. Afonso Pena, 2881 &#8211; $$$<br>Seg-Sex 8:00 \u00e0s 18:00 | S\u00e1b 8:00 \u00e0s 15:00<br>Espa\u00e7o de coworking com op\u00e7\u00f5es para brunch, lanche, almo\u00e7o e jantar.<\/p>\n\n\n\n<p><strong>Casa Bonomi<\/strong> &#8211; Av. Afonso Pena, 2600 &#8211; $$$<br>Ter-S\u00e1b 07:00 \u00e0s 19:00 | Dom 07:00 \u00e0s 17:00<br>Espa\u00e7o de estilo r\u00fastico com toque franc\u00eas que serve op\u00e7\u00f5es de p\u00e3es artesanais, cappuccinos, tortas e almo\u00e7o.<\/p>\n\n\n\n<p><strong>A P\u00e3o de Queijaria<\/strong> &#8211; Av. \u00c1lvares Cabral, 356 &#8211; $$<br>Seg 9:00 \u00e0s 20:00 | Ter-S\u00e1b 9:00 \u00e0s 21:30 | Dom 9:00 \u00e0s 20:00<br>Delicioso p\u00e3o de queijo tipicamente mineiro com diversas op\u00e7\u00f5es de acompanhamentos e recheios.<\/p>\n\n\n\n<p><strong>Zuzunely<\/strong> &#8211; R. Araguari, 1000 &#8211; $$$<br>Qua-Dom 08:30-15:00<br>Op\u00e7\u00f5es de caf\u00e9, brunch e almo\u00e7o com um toque mineiro.<\/p>\n\n\n\n<p><strong>Bel\u00f4 Caf\u00e9<\/strong> &#8211; R. Sergipe, 1329 &#8211; $$<br>Seg-S\u00e1b 08:00 \u00e0s 22:00 | Dom 08:00 \u00e0s 16:00<br>Op\u00e7\u00f5es de brunch e caf\u00e9 com diversidade de sabores mineiros.<\/p>\n\n\n\n<p><strong>Albertina P\u00e3es<\/strong> &#8211; R. Fernandes Tourinho, 1010 &#8211; $$<br>Qua-Sex 10:00 \u00e0s 18:30 | S\u00e1b 09:30 \u00e0s 14:00<br>P\u00e3es de fermenta\u00e7\u00e3o natural com sabores diferenciados.<\/p>\n","protected":false},"excerpt":{"rendered":"<p>Uluru Caf\u00e9 &#8211; Av. Afonso Pena, 2925 &#8211; $$Seg-S\u00e1b 7:30 \u00e0s 22:00 | Dom 7:30 \u00e0s 20Op\u00e7\u00f5es regionais e internacionais para brunch, almo\u00e7o e jantar. Casa Baanko &#8211; Av. Afonso Pena, 2881 &#8211; $$$Seg-Sex 8:00 \u00e0s 18:00 | S\u00e1b 8:00 \u00e0s 15:00Espa\u00e7o de coworking com op\u00e7\u00f5es para brunch, lanche, almo\u00e7o e jantar. Casa Bonomi &#8211; [&hellip;]<\/p>\n","protected":false},"author":3,"featured_media":0,"parent":0,"menu_order":0,"comment_status":"closed","ping_status":"closed","template":"","meta":{"_acf_changed":false,"footnotes":""},"class_list":["post-220","page","type-page","status-publish","hentry"],"acf":[],"_links":{"self":[{"href":"https:\/\/www.ufmg.br\/augm2025\/comunicacao\/wp-json\/wp\/v2\/pages\/220"}],"collection":[{"href":"https:\/\/www.ufmg.br\/augm2025\/comunicacao\/wp-json\/wp\/v2\/pages"}],"about":[{"href":"https:\/\/www.ufmg.br\/augm2025\/comunicacao\/wp-json\/wp\/v2\/types\/page"}],"author":[{"embeddable":true,"href":"https:\/\/www.ufmg.br\/augm2025\/comunicacao\/wp-json\/wp\/v2\/users\/3"}],"replies":[{"embeddable":true,"href":"https:\/\/www.ufmg.br\/augm2025\/comunicacao\/wp-json\/wp\/v2\/comments?post=220"}],"version-history":[{"count":3,"href":"https:\/\/www.ufmg.br\/augm2025\/comunicacao\/wp-json\/wp\/v2\/pages\/220\/revisions"}],"predecessor-version":[{"id":329,"href":"https:\/\/www.ufmg.br\/augm2025\/comunicacao\/wp-json\/wp\/v2\/pages\/220\/revisions\/329"}],"wp:attachment":[{"href":"https:\/\/www.ufmg.br\/augm2025\/comunicacao\/wp-json\/wp\/v2\/media?parent=220"}],"curies":[{"name":"wp","href":"https:\/\/api.w.org\/{rel}","templated":true}]}}