{"id":222,"date":"2025-09-15T09:34:03","date_gmt":"2025-09-15T12:34:03","guid":{"rendered":"https:\/\/www.ufmg.br\/augm2025\/comunicacao\/?page_id=222"},"modified":"2025-09-24T14:23:09","modified_gmt":"2025-09-24T17:23:09","slug":"culinaria-italiana-em-bh","status":"publish","type":"page","link":"https:\/\/www.ufmg.br\/augm2025\/comunicacao\/culinaria-italiana-em-bh\/","title":{"rendered":"Culin\u00e1ria Italiana em Belo Horizonte"},"content":{"rendered":"\n<p><strong>Cucina di Pastaio<\/strong> &#8211; Av. Get\u00falio Vargas, 58 &#8211; $$$<br>Qua-Sex 12:00 \u00e0s 15:30 e 19:00 \u00e0s 23:00 | S\u00e1b 12:00 \u00e0s 16:00 e 19:00 \u00e0s 23:00 | Dom 12:00 \u00e0s 17:00<br>Destino querido para os entusiastas de massa fresca<\/p>\n\n\n\n<p><strong>Est! Est!! Est.!!<\/strong> &#8211; Av. Get\u00falio Vargas, 107 &#8211; $$<br>Seg-Qui 11:30 \u00e0s 15:00 e 18:00 \u00e0s 23:00 | Sex 11:30 \u00e0s 15:00 e 18:00 \u00e0s 00:00 | S\u00e1b 12:00 \u00e0s 16:00 e 19:00 \u00e0s 00:00 | Dom 12:00 \u00e0s 16:00 e 18:00 \u00e0s 21:00<br>Culin\u00e1ria italiana tradicional com toque moderno.<\/p>\n\n\n\n<p><strong>Nino Cucina<\/strong> &#8211; R. Curitiba, 2090 &#8211; $$$$<br>Seg-Qui 12:00 \u00e0s 15:00 e 19:00 \u00e0s 23:00 | Sex-S\u00e1b 12:00 \u00e0s 16:00 e 19:00 \u00e0s 00:00 | Dom 12:00 \u00e0s 17:00<br>Pratos cl\u00e1ssicos da culin\u00e1ria italiana com um sabor refinado.<\/p>\n\n\n\n<p><strong>Amassa<\/strong> &#8211; R. Tom\u00e9 de Souza, 1186 &#8211; $$<br>Seg-Qua 11:30 \u00e0s 14:30 | Qui-Sex 11:30 \u00e0s 14:30 e 18:30 \u00e0s 22:30 | S\u00e1b 11:30 \u00e0s 15:30<br>Restaurante e emp\u00f3rio de massas artesanais com sabores criativos.<\/p>\n\n\n\n<p><strong>Pasta Lab<\/strong> &#8211; R. Fernandes Tourinho, 235 &#8211; $$$$<br>Seg 12:00 \u00e0s 14:30 e 19:00 \u00e0s 22:30 | Qua-Sex 12:00 \u00e0s 14:30 e 19:00 \u00e0s 22:30 | S\u00e1b 12:00 \u00e0s 16:00 e 19:00 \u00e0s 22:30 | Dom 12:00 \u00e0s 16:00<br>O melhor da culin\u00e1ria italiana com ingredientes frescos e sofisticados.<\/p>\n\n\n\n<p><strong>Gennaro<\/strong> &#8211; R. Alagoas, 642 &#8211; $$<br>Ter-Qui 18:00 \u00e0s 00:00 | Sex 12:00 \u00e0s 16:00 e 18:00 \u00e0s 00:30 | S\u00e1b 12:00 \u00e0s 00:00 | Dom 12:00 \u00e0s 17:30<br>Entradas, massas e pratos principais refinados, al\u00e9m de vinhos italianos.<\/p>\n\n\n\n<p><strong>Anella Ristorante<\/strong> &#8211; Av. Min. Guilhermino de Oliveira, 325 &#8211; $$$<br>Seg-Sex 12:00 \u00e0s 15:00 e 18:00 \u00e0s 23:00 | S\u00e1b 12:00 \u00e0s 00:00 | Dom 12:00 \u00e0s 22:00<br>Massas frescas e especialidades italianas.<\/p>\n\n\n\n<p><strong>Restaurante La Palma<\/strong> &#8211; R. Professor Jerson Martins, 146 &#8211; $$$<br>Seg 18:00 \u00e0s 23:00 | Ter-S\u00e1b 11:30 \u00e0s 23:00 | Dom 11:30 \u00e0s 18:00<br>Pizzas, massas e grelhados com toque gourmet e decora\u00e7\u00e3o moderna e r\u00fastica.<\/p>\n","protected":false},"excerpt":{"rendered":"<p>Cucina di Pastaio &#8211; Av. Get\u00falio Vargas, 58 &#8211; $$$Qua-Sex 12:00 \u00e0s 15:30 e 19:00 \u00e0s 23:00 | S\u00e1b 12:00 \u00e0s 16:00 e 19:00 \u00e0s 23:00 | Dom 12:00 \u00e0s 17:00Destino querido para os entusiastas de massa fresca Est! Est!! Est.!! &#8211; Av. Get\u00falio Vargas, 107 &#8211; $$Seg-Qui 11:30 \u00e0s 15:00 e 18:00 \u00e0s 23:00 [&hellip;]<\/p>\n","protected":false},"author":3,"featured_media":0,"parent":0,"menu_order":0,"comment_status":"closed","ping_status":"closed","template":"","meta":{"_acf_changed":false,"footnotes":""},"class_list":["post-222","page","type-page","status-publish","hentry"],"acf":[],"_links":{"self":[{"href":"https:\/\/www.ufmg.br\/augm2025\/comunicacao\/wp-json\/wp\/v2\/pages\/222"}],"collection":[{"href":"https:\/\/www.ufmg.br\/augm2025\/comunicacao\/wp-json\/wp\/v2\/pages"}],"about":[{"href":"https:\/\/www.ufmg.br\/augm2025\/comunicacao\/wp-json\/wp\/v2\/types\/page"}],"author":[{"embeddable":true,"href":"https:\/\/www.ufmg.br\/augm2025\/comunicacao\/wp-json\/wp\/v2\/users\/3"}],"replies":[{"embeddable":true,"href":"https:\/\/www.ufmg.br\/augm2025\/comunicacao\/wp-json\/wp\/v2\/comments?post=222"}],"version-history":[{"count":3,"href":"https:\/\/www.ufmg.br\/augm2025\/comunicacao\/wp-json\/wp\/v2\/pages\/222\/revisions"}],"predecessor-version":[{"id":331,"href":"https:\/\/www.ufmg.br\/augm2025\/comunicacao\/wp-json\/wp\/v2\/pages\/222\/revisions\/331"}],"wp:attachment":[{"href":"https:\/\/www.ufmg.br\/augm2025\/comunicacao\/wp-json\/wp\/v2\/media?parent=222"}],"curies":[{"name":"wp","href":"https:\/\/api.w.org\/{rel}","templated":true}]}}