{"id":223,"date":"2025-09-15T09:34:03","date_gmt":"2025-09-15T12:34:03","guid":{"rendered":"https:\/\/www.ufmg.br\/augm2025\/comunicacao\/?page_id=223"},"modified":"2025-09-24T14:23:41","modified_gmt":"2025-09-24T17:23:41","slug":"culinaria-japonesa-e-oriental-em-bh","status":"publish","type":"page","link":"https:\/\/www.ufmg.br\/augm2025\/comunicacao\/culinaria-japonesa-e-oriental-em-bh\/","title":{"rendered":"Culin\u00e1ria Asi\u00e1tica em Belo Horizonte"},"content":{"rendered":"\n<p><strong>Okinaki<\/strong> &#8211; Av. \u00c1lvares Cabral, 1303 &#8211; $$<br>Ter-Sex 18:00 \u00e0s 23:00 | S\u00e1b: 12:30 \u00e0s 23:00 | Dom: 12:30 \u00e0s 16:30<br>Restaurante autoral com influ\u00eancia de comida de rua asi\u00e1tica, como ramen (l\u00e1men), baos, oniguiris e pratos experimentais.<\/p>\n\n\n\n<p><strong>Nashy Sushi<\/strong> &#8211; Av. Get\u00falio Vargas, 900 &#8211; $$$<br>Seg-Qui 18:00 \u00e0s 00:00 | Sex-Sab 12:00 \u00e0s 00:00 | Dom 12:00 \u00e0s 22:00<br>Rod\u00edzio de pe\u00e7as frescas e sushi a la carte.<\/p>\n\n\n\n<p><strong>Kanpai<\/strong> &#8211; Rua Tom\u00e1s Gonzaga, 388 &#8211; $$<br>Seg-Qui 18:00 \u00e0s 23:00 | Sex 18:00 \u00e0s 00:00 | S\u00e1b: 12:00 \u00e0s 16:00 e 18:00 \u00e0s 00h | Dom: 12:00 \u00e0s 16:00 e 18:00 \u00e0s 23:00<br>Omakase (rod\u00edzio de especialidades do chef) e sushi a la carte.<\/p>\n\n\n\n<p><strong>Hou Mei<\/strong> &#8211; R. Mar\u00edlia de Dirceu, 159 &#8211; $$<br>Ter-Qua 18:00 \u00e0s 22:30 | Qui 18:00 \u00e0s 23:00 | Sex 18:00 \u00e0s 23:30 | S\u00e1b 12:00 \u00e0s 15:30 e 18:00 \u00e0s 23:30 | Dom 12:00 \u00e0s 16:00<br>Cozinha asi\u00e1tica com op\u00e7\u00f5es individuais e para grupos.<\/p>\n","protected":false},"excerpt":{"rendered":"<p>Okinaki &#8211; Av. \u00c1lvares Cabral, 1303 &#8211; $$Ter-Sex 18:00 \u00e0s 23:00 | S\u00e1b: 12:30 \u00e0s 23:00 | Dom: 12:30 \u00e0s 16:30Restaurante autoral com influ\u00eancia de comida de rua asi\u00e1tica, como ramen (l\u00e1men), baos, oniguiris e pratos experimentais. Nashy Sushi &#8211; Av. Get\u00falio Vargas, 900 &#8211; $$$Seg-Qui 18:00 \u00e0s 00:00 | Sex-Sab 12:00 \u00e0s 00:00 | [&hellip;]<\/p>\n","protected":false},"author":3,"featured_media":0,"parent":0,"menu_order":0,"comment_status":"closed","ping_status":"closed","template":"","meta":{"_acf_changed":false,"footnotes":""},"class_list":["post-223","page","type-page","status-publish","hentry"],"acf":[],"_links":{"self":[{"href":"https:\/\/www.ufmg.br\/augm2025\/comunicacao\/wp-json\/wp\/v2\/pages\/223"}],"collection":[{"href":"https:\/\/www.ufmg.br\/augm2025\/comunicacao\/wp-json\/wp\/v2\/pages"}],"about":[{"href":"https:\/\/www.ufmg.br\/augm2025\/comunicacao\/wp-json\/wp\/v2\/types\/page"}],"author":[{"embeddable":true,"href":"https:\/\/www.ufmg.br\/augm2025\/comunicacao\/wp-json\/wp\/v2\/users\/3"}],"replies":[{"embeddable":true,"href":"https:\/\/www.ufmg.br\/augm2025\/comunicacao\/wp-json\/wp\/v2\/comments?post=223"}],"version-history":[{"count":3,"href":"https:\/\/www.ufmg.br\/augm2025\/comunicacao\/wp-json\/wp\/v2\/pages\/223\/revisions"}],"predecessor-version":[{"id":332,"href":"https:\/\/www.ufmg.br\/augm2025\/comunicacao\/wp-json\/wp\/v2\/pages\/223\/revisions\/332"}],"wp:attachment":[{"href":"https:\/\/www.ufmg.br\/augm2025\/comunicacao\/wp-json\/wp\/v2\/media?parent=223"}],"curies":[{"name":"wp","href":"https:\/\/api.w.org\/{rel}","templated":true}]}}