{"id":227,"date":"2025-09-15T09:34:03","date_gmt":"2025-09-15T12:34:03","guid":{"rendered":"https:\/\/www.ufmg.br\/augm2025\/comunicacao\/?page_id=227"},"modified":"2025-09-29T10:05:47","modified_gmt":"2025-09-29T13:05:47","slug":"conheca-o-conjunto-moderno-da-pampulha","status":"publish","type":"page","link":"https:\/\/www.ufmg.br\/augm2025\/comunicacao\/conheca-o-conjunto-moderno-da-pampulha\/","title":{"rendered":"Conhe\u00e7a o Conjunto Moderno da Pampulha"},"content":{"rendered":"\n<p>O Conjunto Moderno da Pampulha \u00e9 um conjunto arquitet\u00f4nico, paisag\u00edstico e art\u00edstico em Belo Horizonte, Minas Gerais. Foi projetado por Oscar Niemeyer, Roberto Burle Marx e C\u00e2ndido Portinari e foi reconhecido pela UNESCO como patrim\u00f4nio cultural da humanidade. Dentre outros importantes locais, o complexo abriga:<\/p>\n\n\n\n<p><strong>Igreja S\u00e3o Francisco de Assis:<\/strong> um dos mais conhecidos &#8220;cart\u00f5es postais&#8221; de Belo Horizonte, a capela foi elevada ao t\u00edtulo de Santu\u00e1rio Arquidiocesano S\u00e3o Francisco de Assis.<\/p>\n\n\n\n<ul class=\"wp-block-list\">\n<li>Endere\u00e7o: Avenida Otac\u00edlio Negr\u00e3o de Lima, 3000 &#8211; Pampulha<\/li>\n\n\n\n<li>Hor\u00e1rio de funcionamento: Ter\u00e7a a quinta, das 8h \u00e0s 11h e das 13h \u00e0s 17h. Sexta, das 8h \u00e0s 11h e das 13h \u00e0s 16h30.<\/li>\n<\/ul>\n\n\n\n<p><\/p>\n\n\n\n<p><strong>Casa do Baile &#8211; Centro de refer\u00eancia de arquitetura e urbanismo:<\/strong> foi constru\u00edda em 1940 com o objetivo de ser um restaurante dan\u00e7ante. Desde 2002, funciona como um Centro de Arquitetura e Urbanismo, e mant\u00e9m uma rica programa\u00e7\u00e3o de exposi\u00e7\u00f5es culturais.<\/p>\n\n\n\n<ul class=\"wp-block-list\">\n<li>Endere\u00e7o: Avenida Otac\u00edlio Negr\u00e3o de Lima, 751 &#8211; Pampulha<\/li>\n\n\n\n<li>Hor\u00e1rio de funcionamento: Quarta a domingo, das 10h \u00e0s 18h<\/li>\n<\/ul>\n\n\n\n<p><\/p>\n\n\n\n<p><strong>Museu de Arte da Pampulha:<\/strong> seu edif\u00edcio foi projetado pelo arquiteto Oscar Niemeyer, no in\u00edcio da d\u00e9cada de 1940, para ser um cassino, aberto ao p\u00fablico em 1943. Os jardins que circundam o pr\u00e9dio, criados pelo paisagista Roberto Burle Marx, t\u00eam como caracter\u00edstica principal a composi\u00e7\u00e3o de desenhos, formas e cores desenvolvidas com o uso de plantas da flora brasileira. Esculturas de August Zamoyski, Alfredo Ceschiatti e Jos\u00e9 Pedrosa integram a paisagem.<\/p>\n\n\n\n<ul class=\"wp-block-list\">\n<li>Endere\u00e7o: Av. Otac\u00edlio Negr\u00e3o de Lima, 16.585 &#8211; Pampulha<\/li>\n\n\n\n<li>Atualmente o museu est\u00e1 fechado para reformas, por\u00e9m os jardins frontais seguem abertos para visita\u00e7\u00e3o.<\/li>\n<\/ul>\n\n\n\n<p><\/p>\n\n\n\n<p><strong>Iate T\u00eanis Clube:<\/strong> com o formato que remete a um veleiro passeando sobre as \u00e1guas da Lagoa da Pampulha, o Iate T\u00eanis Clube foi constru\u00eddo a partir de um projeto que se diferenciava dos tra\u00e7os utilizados por Oscar Niemeyer nos demais edif\u00edcios do Conjunto Paisag\u00edstico e Arquitet\u00f4nico da Pampulha, ao privilegiar as retas ao inv\u00e9s das curvas.<\/p>\n\n\n\n<ul class=\"wp-block-list\">\n<li>Endere\u00e7o: Av. Otac\u00edlio Negr\u00e3o de Lima, 1350 &#8211; Pampulha<\/li>\n\n\n\n<li>Hor\u00e1rio de funcionamento: Segunda-feira: 8h \u00e0s 15h45 | Ter\u00e7a e Quinta-feira: 8h \u00e0s 19h45 | Quarta e Sexta-feira: 8h \u00e0s 17h45 | S\u00e1bado, Domingo e Feriados: 8h \u00e0s 17h45<\/li>\n\n\n\n<li>Convites pagos: devem ser solicitados pelo WhatsApp do clube, dentro do hor\u00e1rio de atendimento da secretaria.<\/li>\n\n\n\n<li>Convites cortesias: continuam dispon\u00edveis no aplicativo do clube.<\/li>\n<\/ul>\n\n\n\n<p><\/p>\n\n\n\n<p>Saiba mais em: <a href=\"http:\/\/portal.iphan.gov.br\/pagina\/detalhes\/820\/\">http:\/\/portal.iphan.gov.br\/pagina\/detalhes\/820\/<\/a><\/p>\n","protected":false},"excerpt":{"rendered":"<p>O Conjunto Moderno da Pampulha \u00e9 um conjunto arquitet\u00f4nico, paisag\u00edstico e art\u00edstico em Belo Horizonte, Minas Gerais. Foi projetado por Oscar Niemeyer, Roberto Burle Marx e C\u00e2ndido Portinari e foi reconhecido pela UNESCO como patrim\u00f4nio cultural da humanidade. Dentre outros importantes locais, o complexo abriga: Igreja S\u00e3o Francisco de Assis: um dos mais conhecidos &#8220;cart\u00f5es [&hellip;]<\/p>\n","protected":false},"author":3,"featured_media":0,"parent":0,"menu_order":0,"comment_status":"closed","ping_status":"closed","template":"","meta":{"_acf_changed":false,"footnotes":""},"class_list":["post-227","page","type-page","status-publish","hentry"],"acf":[],"_links":{"self":[{"href":"https:\/\/www.ufmg.br\/augm2025\/comunicacao\/wp-json\/wp\/v2\/pages\/227"}],"collection":[{"href":"https:\/\/www.ufmg.br\/augm2025\/comunicacao\/wp-json\/wp\/v2\/pages"}],"about":[{"href":"https:\/\/www.ufmg.br\/augm2025\/comunicacao\/wp-json\/wp\/v2\/types\/page"}],"author":[{"embeddable":true,"href":"https:\/\/www.ufmg.br\/augm2025\/comunicacao\/wp-json\/wp\/v2\/users\/3"}],"replies":[{"embeddable":true,"href":"https:\/\/www.ufmg.br\/augm2025\/comunicacao\/wp-json\/wp\/v2\/comments?post=227"}],"version-history":[{"count":6,"href":"https:\/\/www.ufmg.br\/augm2025\/comunicacao\/wp-json\/wp\/v2\/pages\/227\/revisions"}],"predecessor-version":[{"id":350,"href":"https:\/\/www.ufmg.br\/augm2025\/comunicacao\/wp-json\/wp\/v2\/pages\/227\/revisions\/350"}],"wp:attachment":[{"href":"https:\/\/www.ufmg.br\/augm2025\/comunicacao\/wp-json\/wp\/v2\/media?parent=227"}],"curies":[{"name":"wp","href":"https:\/\/api.w.org\/{rel}","templated":true}]}}