{"id":230,"date":"2025-09-15T09:34:03","date_gmt":"2025-09-15T12:34:03","guid":{"rendered":"https:\/\/www.ufmg.br\/augm2025\/comunicacao\/?page_id=230"},"modified":"2025-09-24T14:24:14","modified_gmt":"2025-09-24T17:24:14","slug":"principais-pontos-turisticos","status":"publish","type":"page","link":"https:\/\/www.ufmg.br\/augm2025\/comunicacao\/principais-pontos-turisticos\/","title":{"rendered":"Principais Pontos Tur\u00edsticos"},"content":{"rendered":"\n<p><strong><span style=\"text-decoration: underline;\">Circuito Cultural Pra\u00e7a da Liberdade<\/span><\/strong><\/p>\n\n\n\n<p>Planejada para ser o centro administrativo da capital mineira, no final do s\u00e9culo XIX, a pra\u00e7a abriga jardins, coretos, repuxos e esculturas em m\u00e1rmore carrara. No entorno da pra\u00e7a est\u00e1 o maior complexo cultural do pa\u00eds, os principais espa\u00e7os do Circuito s\u00e3o:<\/p>\n\n\n\n<ul class=\"wp-block-list\">\n<li><strong>Espa\u00e7o do Conhecimento UFMG <\/strong>&#8211; Pra\u00e7a da Liberdade, 700 &#8211; Gr\u00e1tis<br>Dom-Ter 10h \u00e0s 17h | S\u00e1b 10:00 \u00e0s 21:00<\/li>\n\n\n\n<li><strong>Centro Cultural Banco do Brasil (CCBB)<\/strong> &#8211; Pra\u00e7a da Liberdade, 450 &#8211; Gr\u00e1tis<br>Qua-Seg 10:00 \u00e0s 22:00.<\/li>\n\n\n\n<li><strong>Pal\u00e1cio da Liberdade<\/strong> &#8211; Pra\u00e7a da Liberdade, s\/n\u00ba &#8211; Gr\u00e1tis<br>Qua-Sex 12:00 \u00e0s 18:00 | S\u00e1b-Dom 10:00 \u00e0s 18:00<\/li>\n\n\n\n<li><strong>MM Gerdau &#8211; Museu das Minas e do Metal<\/strong> &#8211; Pra\u00e7a da Liberdade, 680 &#8211; Gr\u00e1tis<br>Ter-Qua 10:00 \u00e0s 17:00 | Qui 10:00 \u00e0s 22:00 | Dom-S\u00e1b 10:00 \u00e0s 17:00<\/li>\n\n\n\n<li><strong>Casa Fiat de Cultura<\/strong> &#8211; Pra\u00e7a da Liberdade, 10 &#8211; Gr\u00e1tis<br>Ter-Sex,10:00 \u00e0s 21:00 | S\u00e1b-Dom 10:00 \u00e0s 18:00<\/li>\n\n\n\n<li><strong>Biblioteca P\u00fablica Estadual Luiz de Bessa<\/strong> &#8211; Pra\u00e7a da Liberdade, 21<br>Segunda a sexta.\n<ul class=\"wp-block-list\">\n<li>Setor Infantojuvenil: 8h \u00e0s 17h<\/li>\n\n\n\n<li>Setor Braille: 8h \u00e0s 18h<\/li>\n\n\n\n<li>Setor Cole\u00e7\u00f5es Especiais: 8h \u00e0s 18h<\/li>\n\n\n\n<li>Setor Hemeroteca Hist\u00f3rica: mediante agendamento no <a href=\"mailto:hemeroteca.biblioteca@secult.mg.gov.br\">hemeroteca.biblioteca@secult.mg.gov.br<\/a>&nbsp;<\/li>\n\n\n\n<li>Galeria Paulo Campos Guimar\u00e3es: 8h \u00e0s 18h (segunda a s\u00e1bado)<\/li>\n<\/ul>\n<\/li>\n\n\n\n<li><strong>Museu Mineiro<\/strong> &#8211; Sala de Exposi\u00e7\u00f5es Tempor\u00e1rias &#8211; Av. Jo\u00e3o Pinheiro, 342 &#8211; Gr\u00e1tis<br>Ter-Sex 12:00 \u00e0s 19:00 | S\u00e1b-Dom 11:00 \u00e0s 17:00<\/li>\n<\/ul>\n\n\n\n<p><\/p>\n\n\n\n<p><strong><span style=\"text-decoration: underline;\">Mercado Central<\/span><\/strong><\/p>\n\n\n\n<p>Localizado bem no centro da cidade, o Mercado Central \u00e9 considerado uma s\u00edntese cultural e gastron\u00f4mica de Minas Gerais. \u00c9 um mercado onde \u00e9 poss\u00edvel comprar e degustar os sabores t\u00edpicos da culin\u00e1ria Mineira. Encontra-se queijo, vinhos, cacha\u00e7as, doces, p\u00e3o de queijo e bares e restaurantes que oferecem a famosa comida t\u00edpica mineira.<\/p>\n\n\n\n<ul class=\"wp-block-list\">\n<li>Endere\u00e7o: Av. Augusto de Lima, 744 &#8211; Centro<\/li>\n\n\n\n<li>Hor\u00e1rio de Funcionamento: Seg-S\u00e1b 08:00 \u00e0s 18:00 | Dom 08:00 \u00e0s 13:00.<\/li>\n<\/ul>\n\n\n\n<p><\/p>\n\n\n\n<p><strong><span style=\"text-decoration: underline;\">Pal\u00e1cio das Artes<\/span><\/strong><\/p>\n\n\n\n<p>O maior centro de produ\u00e7\u00e3o, forma\u00e7\u00e3o e difus\u00e3o art\u00edstico-cultural de Minas Gerais e um dos maiores da Am\u00e9rica Latina, o Pal\u00e1cio das Artes fica no centro de Belo Horizonte, capital de Minas Gerais. Sua \u00e1rea \u00e9 de 18.000 m2, dentro do Parque Municipal Am\u00e9rico Renn\u00e9 Giannetti.<\/p>\n\n\n\n<ul class=\"wp-block-list\">\n<li>Endere\u00e7o: Av. Afonso Pena, 1537, Centro<\/li>\n\n\n\n<li>Hor\u00e1rio de Funcionamento:&nbsp;\n<ul class=\"wp-block-list\">\n<li>Balc\u00e3o de Informa\u00e7\u00f5es: Seg-Sex 9:00 \u00e0s 21:00<\/li>\n\n\n\n<li>Galerias de Arte: Ter-S\u00e1b 9:30 \u00e0s 21:00 | Dom 17:00 \u00e0s 21:00<\/li>\n<\/ul>\n<\/li>\n<\/ul>\n\n\n\n<p><\/p>\n\n\n\n<p><strong><span style=\"text-decoration: underline;\">Parque Municipal Am\u00e9rico Renn\u00e9 Giannetti<\/span><\/strong><\/p>\n\n\n\n<p>Com \u00e1rea de quase 193.000 m2 possui flora diversificada, com \u00e1rvores e plantas ornamentais fornecedoras de n\u00e9ctar e frutos para borboletas, mariposas, aves e outros animais, podendo ser considerado um importante ref\u00fagio para a fauna.<\/p>\n\n\n\n<ul class=\"wp-block-list\">\n<li>Endere\u00e7o: Av. Afonso Pena, 1.377 &#8211; Centro<\/li>\n\n\n\n<li>Hor\u00e1rio de Funcionamento: Ter-S\u00e1b 7:00 \u00e0s 21:00 | Dom 7:00 \u00e0s 17:00<\/li>\n<\/ul>\n\n\n\n<p><\/p>\n\n\n\n<p><strong><span style=\"text-decoration: underline;\">Parque das Mangabeiras<\/span><\/strong><\/p>\n\n\n\n<p>Com projeto paisag\u00edstico assinado por Burle Marx, \u00e9 a maior \u00e1rea verde da cidade, com 2,4 milh\u00f5es de m2 de matas nativas, onde se pode fazer trilhas no meio de micos, esquilos e outros animais silvestres. E tem ainda quiosques, quadras poliesportivas, brinquedos para crian\u00e7as e arenas para shows e teatros.<\/p>\n\n\n\n<ul class=\"wp-block-list\">\n<li>Endere\u00e7o: Avenida Jos\u00e9 do Patroc\u00ednio Pontes, 580 &#8211; Mangabeiras.<\/li>\n\n\n\n<li>Hor\u00e1rio de Funcionamento: Ter-Dom 8:00 \u00e0s 17:00.<\/li>\n<\/ul>\n","protected":false},"excerpt":{"rendered":"<p>Circuito Cultural Pra\u00e7a da Liberdade Planejada para ser o centro administrativo da capital mineira, no final do s\u00e9culo XIX, a pra\u00e7a abriga jardins, coretos, repuxos e esculturas em m\u00e1rmore carrara. No entorno da pra\u00e7a est\u00e1 o maior complexo cultural do pa\u00eds, os principais espa\u00e7os do Circuito s\u00e3o: Mercado Central Localizado bem no centro da cidade, [&hellip;]<\/p>\n","protected":false},"author":3,"featured_media":0,"parent":0,"menu_order":0,"comment_status":"closed","ping_status":"closed","template":"","meta":{"_acf_changed":false,"footnotes":""},"class_list":["post-230","page","type-page","status-publish","hentry"],"acf":[],"_links":{"self":[{"href":"https:\/\/www.ufmg.br\/augm2025\/comunicacao\/wp-json\/wp\/v2\/pages\/230"}],"collection":[{"href":"https:\/\/www.ufmg.br\/augm2025\/comunicacao\/wp-json\/wp\/v2\/pages"}],"about":[{"href":"https:\/\/www.ufmg.br\/augm2025\/comunicacao\/wp-json\/wp\/v2\/types\/page"}],"author":[{"embeddable":true,"href":"https:\/\/www.ufmg.br\/augm2025\/comunicacao\/wp-json\/wp\/v2\/users\/3"}],"replies":[{"embeddable":true,"href":"https:\/\/www.ufmg.br\/augm2025\/comunicacao\/wp-json\/wp\/v2\/comments?post=230"}],"version-history":[{"count":4,"href":"https:\/\/www.ufmg.br\/augm2025\/comunicacao\/wp-json\/wp\/v2\/pages\/230\/revisions"}],"predecessor-version":[{"id":333,"href":"https:\/\/www.ufmg.br\/augm2025\/comunicacao\/wp-json\/wp\/v2\/pages\/230\/revisions\/333"}],"wp:attachment":[{"href":"https:\/\/www.ufmg.br\/augm2025\/comunicacao\/wp-json\/wp\/v2\/media?parent=230"}],"curies":[{"name":"wp","href":"https:\/\/api.w.org\/{rel}","templated":true}]}}