{"id":102,"date":"2024-08-02T11:56:54","date_gmt":"2024-08-02T14:56:54","guid":{"rendered":"https:\/\/www.ufmg.br\/augm2025\/cultura\/?page_id=102"},"modified":"2025-10-17T11:30:07","modified_gmt":"2025-10-17T14:30:07","slug":"grupos-de-trabalho","status":"publish","type":"page","link":"https:\/\/www.ufmg.br\/augm2025\/cultura\/grupos-de-trabalho\/","title":{"rendered":"Grupos de Trabalho (GTs)"},"content":{"rendered":"\n<p>Cinco grupos de trabalho com tem\u00e1ticas espec\u00edficas est\u00e3o elaborando, ao longo do segundo semestre, contribui\u00e7\u00f5es ao I Encontro da Rede de Culturas e Artes de Universidades Latino-americanas, que re\u00fana proposi\u00e7\u00f5es de trabalho para serem realizados por essa nova rede latino-americana. Trata-se, portanto, de um trabalho em grupo que busca trazer propostas objetivas a serem desenvolvidas em curto, m\u00e9dio e longo prazo.<\/p>\n\n\n\n<p><\/p>\n","protected":false},"excerpt":{"rendered":"<p>Cinco grupos de trabalho com tem\u00e1ticas espec\u00edficas est\u00e3o elaborando, ao longo do segundo semestre, contribui\u00e7\u00f5es ao I Encontro da Rede de Culturas e Artes de Universidades Latino-americanas, que re\u00fana proposi\u00e7\u00f5es de trabalho para serem realizados por essa nova rede latino-americana. Trata-se, portanto, de um trabalho em grupo que busca trazer propostas objetivas a serem desenvolvidas [&hellip;]<\/p>\n","protected":false},"author":1,"featured_media":0,"parent":0,"menu_order":0,"comment_status":"closed","ping_status":"closed","template":"page-templates\/page-workshop.php","meta":{"_acf_changed":false,"footnotes":""},"class_list":["post-102","page","type-page","status-publish","hentry"],"acf":[],"_links":{"self":[{"href":"https:\/\/www.ufmg.br\/augm2025\/cultura\/wp-json\/wp\/v2\/pages\/102"}],"collection":[{"href":"https:\/\/www.ufmg.br\/augm2025\/cultura\/wp-json\/wp\/v2\/pages"}],"about":[{"href":"https:\/\/www.ufmg.br\/augm2025\/cultura\/wp-json\/wp\/v2\/types\/page"}],"author":[{"embeddable":true,"href":"https:\/\/www.ufmg.br\/augm2025\/cultura\/wp-json\/wp\/v2\/users\/1"}],"replies":[{"embeddable":true,"href":"https:\/\/www.ufmg.br\/augm2025\/cultura\/wp-json\/wp\/v2\/comments?post=102"}],"version-history":[{"count":7,"href":"https:\/\/www.ufmg.br\/augm2025\/cultura\/wp-json\/wp\/v2\/pages\/102\/revisions"}],"predecessor-version":[{"id":379,"href":"https:\/\/www.ufmg.br\/augm2025\/cultura\/wp-json\/wp\/v2\/pages\/102\/revisions\/379"}],"wp:attachment":[{"href":"https:\/\/www.ufmg.br\/augm2025\/cultura\/wp-json\/wp\/v2\/media?parent=102"}],"curies":[{"name":"wp","href":"https:\/\/api.w.org\/{rel}","templated":true}]}}