{"id":153,"date":"2024-08-02T15:16:52","date_gmt":"2024-08-02T18:16:52","guid":{"rendered":"https:\/\/www.ufmg.br\/augm2025\/cultura\/?page_id=153"},"modified":"2025-10-17T11:34:29","modified_gmt":"2025-10-17T14:34:29","slug":"apresentacao","status":"publish","type":"page","link":"https:\/\/www.ufmg.br\/augm2025\/cultura\/apresentacao\/","title":{"rendered":"O encontro"},"content":{"rendered":"\n<p>O <em>I Encontro da Rede de Culturas e Artes das Universidades Latino-Americanas<\/em> acontecer\u00e1 de forma presencial e <em>online<\/em>, entre os dias<strong> 26 e 28 de novembro de 2025<\/strong>, na Universidade Federal de Minas Gerais (UFMG), na cidade de Belo Horizonte (Minas Gerais, Brasil).<\/p>\n\n\n\n<p>O objetivo \u00e9 propor, no \u00e2mbito da Rede, programas, projetos, a\u00e7\u00f5es e grupos de trabalho ao ensino, \u00e0 cria\u00e7\u00e3o art\u00edstica, \u00e0 pesquisa e \u00e0 extens\u00e3o, de natureza te\u00f3rico-pr\u00e1tica, nas seguintes tem\u00e1ticas: democracia e cidadania cultural, territ\u00f3rios e redes de espa\u00e7os culturais universit\u00e1rios; diversidade cultural e pluralidade epistemol\u00f3gica; campo de trabalho das artes na Am\u00e9rica Latina; pol\u00edticas, planos de arte e cultura e avalia\u00e7\u00e3o nas universidades; cultura e emerg\u00eancia clim\u00e1tica.<\/p>\n\n\n\n<p>A <a href=\"https:\/\/www.ufmg.br\/augm2025\/cultura\/programacao\" target=\"_blank\" rel=\"noreferrer noopener\">programa\u00e7\u00e3o<\/a> inclui reuni\u00f5es de Grupos de Trabalho (GTs), palestras, mesas e apresenta\u00e7\u00f5es culturais, em integra\u00e7\u00e3o com outros dois eventos realizados simultaneamente na UFMG: o <em>8\u00ba Congresso de Extens\u00e3o<\/em> e o <em>2\u00ba Congresso Latino-Americano de M\u00eddias Universit\u00e1rias<\/em>, ambos da Associa\u00e7\u00e3o de Universidades do Grupo Montevid\u00e9u (AUGM).<\/p>\n\n\n\n<p><strong>A rede<\/strong><\/p>\n\n\n\n<p>Criada durante o <em>Semin\u00e1rio Cultura, democracia e cidadania na Am\u00e9rica Latina <\/em>em 2024, a Rede foi constitu\u00edda para dar continuidade aos trabalhos pensados em articula\u00e7\u00e3o regional entre os cinco pa\u00edses envolvidos: Argentina, Brasil, Chile, Paraguai e Uruguai. <\/p>\n\n\n\n<p>Em <a href=\"https:\/\/www.ufmg.br\/augm2025\/cultura\/wp-content\/uploads\/2025\/09\/Carta-do-Seminario-Cultura-Democracia-e-Cidadania.pdf\" target=\"_blank\" rel=\"noreferrer noopener\">carta<\/a> assinada no dia 1\u00ba de novembro de 2024, os(as) gestores(as) e pesquisadores(as) de artes e culturas presentes no&nbsp;semin\u00e1rio&nbsp;deliberaram sobre uma s\u00e9rie de encaminhamentos para o enfrentamento dos desafios regionais e avan\u00e7o na articula\u00e7\u00e3o de um projeto cooperativo para o estudo e difus\u00e3o de Pol\u00edticas de Artes e Culturas nas universidades que fortale\u00e7am a democracia e a cidadania cultural.<\/p>\n\n\n\n<p>Os cinco Grupos de Trabalho integrantes do Encontro foram criados a partir da proposi\u00e7\u00e3o de temas definidos nesta carta, al\u00e9m de outros envolvendo a quest\u00e3o ambiental\/clim\u00e1tica e o recente Acordo de Coopera\u00e7\u00e3o T\u00e9cnica entre os minist\u00e9rios da Educa\u00e7\u00e3o e da Cultura do Brasil.<\/p>\n\n\n\n<div style=\"height:16px\" aria-hidden=\"true\" class=\"wp-block-spacer\"><\/div>\n\n\n\n<p class=\"has-vivid-red-color has-text-color has-link-color wp-elements-469e0dd8d706aae121266f8edf052431\"><strong>Metodologia<\/strong><\/p>\n\n\n\n<ul class=\"wp-block-list\">\n<li><strong>Realiza\u00e7\u00e3o de reuni\u00f5es preparativas<\/strong> <em>online<\/em> nos meses que antecedem o Encontro, nas quais cada Grupo de Trabalho dar\u00e1 in\u00edcio \u00e0 elabora\u00e7\u00e3o de propostas para serem discutidas em novembro;<\/li>\n\n\n\n<li><strong>Apresenta\u00e7\u00e3o das propostas<\/strong> elaboradas pelos Grupos de Trabalho durante o Encontro, para serem discutidas em rede;<\/li>\n\n\n\n<li><strong>Elabora\u00e7\u00e3o e aprova\u00e7\u00e3o<\/strong> do documento final do Encontro, a partir das propostas consolidadas.<\/li>\n<\/ul>\n\n\n\n<div style=\"height:57px\" aria-hidden=\"true\" class=\"wp-block-spacer\"><\/div>\n\n\n\n<p class=\"has-vivid-red-color has-text-color has-link-color wp-elements-60cc950b9711ca4eb1b43e4823b9ba1a\"><strong>Carta do&nbsp;<em>Semin\u00e1rio Cultura, democracia e cidadania na Am\u00e9rica Latina<\/em><\/strong><\/p>\n\n\n\n<div style=\"height:24px\" aria-hidden=\"true\" class=\"wp-block-spacer\"><\/div>\n\n\n\n<div data-wp-interactive=\"core\/file\" class=\"wp-block-file\"><object data-wp-bind--hidden=\"!state.hasPdfPreview\"  class=\"wp-block-file__embed\" data=\"https:\/\/www.ufmg.br\/augm2025\/cultura\/wp-content\/uploads\/2025\/09\/Carta-do-Seminario-Cultura-Democracia-e-Cidadania.pdf\" type=\"application\/pdf\" style=\"width:100%;height:600px\" aria-label=\"Incorporado de Carta-do-Seminario-Cultura-Democracia-e-Cidadania.\"><\/object><a id=\"wp-block-file--media-3f2e3e75-d313-44d6-959a-874e0703b393\" href=\"https:\/\/www.ufmg.br\/augm2025\/cultura\/wp-content\/uploads\/2025\/09\/Carta-do-Seminario-Cultura-Democracia-e-Cidadania.pdf\">Carta-do-Seminario-Cultura-Democracia-e-Cidadania<\/a><a href=\"https:\/\/www.ufmg.br\/augm2025\/cultura\/wp-content\/uploads\/2025\/09\/Carta-do-Seminario-Cultura-Democracia-e-Cidadania.pdf\" class=\"wp-block-file__button wp-element-button\" download aria-describedby=\"wp-block-file--media-3f2e3e75-d313-44d6-959a-874e0703b393\">Baixar<\/a><\/div>\n","protected":false},"excerpt":{"rendered":"<p>O I Encontro da Rede de Culturas e Artes das Universidades Latino-Americanas acontecer\u00e1 de forma presencial e online, entre os dias 26 e 28 de novembro de 2025, na Universidade Federal de Minas Gerais (UFMG), na cidade de Belo Horizonte (Minas Gerais, Brasil). O objetivo \u00e9 propor, no \u00e2mbito da Rede, programas, projetos, a\u00e7\u00f5es e [&hellip;]<\/p>\n","protected":false},"author":1,"featured_media":0,"parent":0,"menu_order":0,"comment_status":"closed","ping_status":"closed","template":"","meta":{"_acf_changed":false,"footnotes":""},"class_list":["post-153","page","type-page","status-publish","hentry"],"acf":[],"_links":{"self":[{"href":"https:\/\/www.ufmg.br\/augm2025\/cultura\/wp-json\/wp\/v2\/pages\/153"}],"collection":[{"href":"https:\/\/www.ufmg.br\/augm2025\/cultura\/wp-json\/wp\/v2\/pages"}],"about":[{"href":"https:\/\/www.ufmg.br\/augm2025\/cultura\/wp-json\/wp\/v2\/types\/page"}],"author":[{"embeddable":true,"href":"https:\/\/www.ufmg.br\/augm2025\/cultura\/wp-json\/wp\/v2\/users\/1"}],"replies":[{"embeddable":true,"href":"https:\/\/www.ufmg.br\/augm2025\/cultura\/wp-json\/wp\/v2\/comments?post=153"}],"version-history":[{"count":88,"href":"https:\/\/www.ufmg.br\/augm2025\/cultura\/wp-json\/wp\/v2\/pages\/153\/revisions"}],"predecessor-version":[{"id":380,"href":"https:\/\/www.ufmg.br\/augm2025\/cultura\/wp-json\/wp\/v2\/pages\/153\/revisions\/380"}],"wp:attachment":[{"href":"https:\/\/www.ufmg.br\/augm2025\/cultura\/wp-json\/wp\/v2\/media?parent=153"}],"curies":[{"name":"wp","href":"https:\/\/api.w.org\/{rel}","templated":true}]}}