{"id":386,"date":"2025-10-17T11:37:38","date_gmt":"2025-10-17T14:37:38","guid":{"rendered":"https:\/\/www.ufmg.br\/augm2025\/cultura\/?page_id=386"},"modified":"2025-10-17T11:37:38","modified_gmt":"2025-10-17T14:37:38","slug":"restaurantes-proximos-a-ufmg","status":"publish","type":"page","link":"https:\/\/www.ufmg.br\/augm2025\/cultura\/restaurantes-proximos-a-ufmg\/","title":{"rendered":"Restaurantes pr\u00f3ximos \u00e0 UFMG"},"content":{"rendered":"\n<p><strong>HR Restaurante e Lanchonete&nbsp;<\/strong>\u2013 Pra\u00e7a de Servi\u00e7os do campus UFMG \u2013 $<br>Seg-Sex 7:30 \u00e0s 20:00<br>Restaurante self service dentro do campus Pampulha UFMG.<\/p>\n\n\n\n<p><strong>Anella Ristorante<\/strong>&nbsp;\u2013 Av. Min. Guilhermino de Oliveira, 325 \u2013 $$$<br>Seg-Sex 12:00 \u00e0s 15:00 e 18:00 \u00e0s 23:00 | S\u00e1b 12:00 \u00e0s 00:00 | Dom 12:00 \u00e0s 22:00<br>Massas frescas e especialidades italianas.<\/p>\n\n\n\n<p><strong>Xapuri<\/strong>&nbsp;\u2013<strong>&nbsp;<\/strong>R. Mandacar\u00fa, 260 \u2013 $$$<strong><br><\/strong>Ter-S\u00e1b 11:00 \u00e0s 22:00 | Dom 11:00 \u00e0s 17:00<br>Culin\u00e1ria mineira tradicional preparada em forno \u00e0 lenha com op\u00e7\u00f5es \u00e0 la carte.<\/p>\n\n\n\n<p><strong>Maria das Tran\u00e7as&nbsp;<\/strong>&nbsp;\u2013 R. Estoril, 938 \u2013 $$<br>Seg-S\u00e1b 11:00 \u00e0s 21:00 | Dom 11:00 \u00e0s 18:00<br>Famoso pelo frango ao molho pardo, um dos pratos mais tradicionais de Minas Gerais.<\/p>\n\n\n\n<p><strong>Paladino<\/strong>&nbsp;\u2013 Av. Gildo Macedo Lacerda, 300 \u2013 $$$<br>Ter-Dom 11:30 \u00e0s 16:00 | Sex-Dom 11:30 \u00e0s 17:00<br>Restaurante fazenda com ambiente agrad\u00e1vel e pratos regionais preparados com ingredientes frescos.<\/p>\n\n\n\n<p><strong>Restaurante Jardim de Minas<\/strong>&nbsp;\u2013 R. Noraldino de Lima, 581 \u2013 $$<br>Seg-Ter 11:00 \u00e0s 15:00 | Qua-S\u00e1b 11:00 \u00e0s 00:00 | Dom 11:00 \u00e0s 16:00<br>Pratos mineiros servidos em um ambiente r\u00fastico com sele\u00e7\u00e3o de cacha\u00e7as, redes e playground.<\/p>\n\n\n\n<p><strong>Restaurante La Palma<\/strong>&nbsp;\u2013 R. Professor Jerson Martins, 146 \u2013 $$$<br>Seg 18:00 \u00e0s 23:00 | Ter-S\u00e1b 11:30 \u00e0s 23:00 | Dom 11:30 \u00e0s 18:00<br>Pizzas, massas e grelhados com toque gourmet e decora\u00e7\u00e3o moderna e r\u00fastica.<\/p>\n","protected":false},"excerpt":{"rendered":"<p>HR Restaurante e Lanchonete&nbsp;\u2013 Pra\u00e7a de Servi\u00e7os do campus UFMG \u2013 $Seg-Sex 7:30 \u00e0s 20:00Restaurante self service dentro do campus Pampulha UFMG. Anella Ristorante&nbsp;\u2013 Av. Min. Guilhermino de Oliveira, 325 \u2013 $$$Seg-Sex 12:00 \u00e0s 15:00 e 18:00 \u00e0s 23:00 | S\u00e1b 12:00 \u00e0s 00:00 | Dom 12:00 \u00e0s 22:00Massas frescas e especialidades italianas. Xapuri&nbsp;\u2013&nbsp;R. Mandacar\u00fa, [&hellip;]<\/p>\n","protected":false},"author":2,"featured_media":0,"parent":0,"menu_order":0,"comment_status":"closed","ping_status":"closed","template":"","meta":{"_acf_changed":false,"footnotes":""},"class_list":["post-386","page","type-page","status-publish","hentry"],"acf":[],"_links":{"self":[{"href":"https:\/\/www.ufmg.br\/augm2025\/cultura\/wp-json\/wp\/v2\/pages\/386"}],"collection":[{"href":"https:\/\/www.ufmg.br\/augm2025\/cultura\/wp-json\/wp\/v2\/pages"}],"about":[{"href":"https:\/\/www.ufmg.br\/augm2025\/cultura\/wp-json\/wp\/v2\/types\/page"}],"author":[{"embeddable":true,"href":"https:\/\/www.ufmg.br\/augm2025\/cultura\/wp-json\/wp\/v2\/users\/2"}],"replies":[{"embeddable":true,"href":"https:\/\/www.ufmg.br\/augm2025\/cultura\/wp-json\/wp\/v2\/comments?post=386"}],"version-history":[{"count":1,"href":"https:\/\/www.ufmg.br\/augm2025\/cultura\/wp-json\/wp\/v2\/pages\/386\/revisions"}],"predecessor-version":[{"id":387,"href":"https:\/\/www.ufmg.br\/augm2025\/cultura\/wp-json\/wp\/v2\/pages\/386\/revisions\/387"}],"wp:attachment":[{"href":"https:\/\/www.ufmg.br\/augm2025\/cultura\/wp-json\/wp\/v2\/media?parent=386"}],"curies":[{"name":"wp","href":"https:\/\/api.w.org\/{rel}","templated":true}]}}