{"id":463,"date":"2025-11-14T15:00:23","date_gmt":"2025-11-14T18:00:23","guid":{"rendered":"https:\/\/www.ufmg.br\/augm2025\/cultura\/?page_id=463"},"modified":"2025-11-14T15:00:23","modified_gmt":"2025-11-14T18:00:23","slug":"equipe","status":"publish","type":"page","link":"https:\/\/www.ufmg.br\/augm2025\/cultura\/equipe\/","title":{"rendered":"Equipe"},"content":{"rendered":"\n<figure class=\"wp-block-table\"><table class=\"has-fixed-layout\"><tbody><tr><td>M\u00f4nica Medeiros Ribeiro<\/td><td>Coordena\u00e7\u00e3o Geral<\/td><\/tr><tr><td>Anderson Perdig\u00e3o Faleiro<\/td><td>Secretaria Executiva<\/td><\/tr><tr><td>Andr\u00e9 Luiz Rezende Cruz<\/td><td>Administrativo<\/td><\/tr><tr><td>Bruno do Carmo Assis Lanna<\/td><td>Infraestrutura e Log\u00edstica<\/td><\/tr><tr><td>Cristhine Lucena Rolim<\/td><td>Coordena\u00e7\u00e3o de Produ\u00e7\u00e3o Cultural<\/td><\/tr><tr><td>Lucas Melo de Siqueira<\/td><td>Administrativo<\/td><\/tr><tr><td>Naiara Pinheiro de Castilho<\/td><td>Assistente da Coordena\u00e7\u00e3o Geral<\/td><\/tr><tr><td>Ros\u00e2ngela da Silva Santos<\/td><td>Produ\u00e7\u00e3o Executiva<\/td><\/tr><tr><td>Vera L\u00facia Magalh\u00e3es Silva<\/td><td>Coordena\u00e7\u00e3o Financeira<\/td><\/tr><tr><td>B\u00e1rbara Ester Profeta da Luz Siqueira<\/td><td>Coordena\u00e7\u00e3o de Comunica\u00e7\u00e3o<\/td><\/tr><tr><td>Filipe Sartoreto<\/td><td>Comunica\u00e7\u00e3o<\/td><\/tr><tr><td>Bruna Fernandes de Lima<\/td><td>Administrativo<\/td><\/tr><tr><td>Mar\u00edlia da Concei\u00e7\u00e3o Fonseca<\/td><td>Contabilidade<\/td><\/tr><tr><td>Ludmila Soares<\/td><td>Produ\u00e7\u00e3o Cultural<\/td><\/tr><\/tbody><\/table><\/figure>\n","protected":false},"excerpt":{"rendered":"<p>M\u00f4nica Medeiros Ribeiro Coordena\u00e7\u00e3o Geral Anderson Perdig\u00e3o Faleiro Secretaria Executiva Andr\u00e9 Luiz Rezende Cruz Administrativo Bruno do Carmo Assis Lanna Infraestrutura e Log\u00edstica Cristhine Lucena Rolim Coordena\u00e7\u00e3o de Produ\u00e7\u00e3o Cultural Lucas Melo de Siqueira Administrativo Naiara Pinheiro de Castilho Assistente da Coordena\u00e7\u00e3o Geral Ros\u00e2ngela da Silva Santos Produ\u00e7\u00e3o Executiva Vera L\u00facia Magalh\u00e3es Silva Coordena\u00e7\u00e3o Financeira [&hellip;]<\/p>\n","protected":false},"author":2,"featured_media":0,"parent":0,"menu_order":0,"comment_status":"closed","ping_status":"closed","template":"","meta":{"_acf_changed":false,"footnotes":""},"class_list":["post-463","page","type-page","status-publish","hentry"],"acf":[],"_links":{"self":[{"href":"https:\/\/www.ufmg.br\/augm2025\/cultura\/wp-json\/wp\/v2\/pages\/463"}],"collection":[{"href":"https:\/\/www.ufmg.br\/augm2025\/cultura\/wp-json\/wp\/v2\/pages"}],"about":[{"href":"https:\/\/www.ufmg.br\/augm2025\/cultura\/wp-json\/wp\/v2\/types\/page"}],"author":[{"embeddable":true,"href":"https:\/\/www.ufmg.br\/augm2025\/cultura\/wp-json\/wp\/v2\/users\/2"}],"replies":[{"embeddable":true,"href":"https:\/\/www.ufmg.br\/augm2025\/cultura\/wp-json\/wp\/v2\/comments?post=463"}],"version-history":[{"count":1,"href":"https:\/\/www.ufmg.br\/augm2025\/cultura\/wp-json\/wp\/v2\/pages\/463\/revisions"}],"predecessor-version":[{"id":464,"href":"https:\/\/www.ufmg.br\/augm2025\/cultura\/wp-json\/wp\/v2\/pages\/463\/revisions\/464"}],"wp:attachment":[{"href":"https:\/\/www.ufmg.br\/augm2025\/cultura\/wp-json\/wp\/v2\/media?parent=463"}],"curies":[{"name":"wp","href":"https:\/\/api.w.org\/{rel}","templated":true}]}}