{"id":206,"date":"2025-04-17T11:09:42","date_gmt":"2025-04-17T14:09:42","guid":{"rendered":"https:\/\/www.ufmg.br\/augm2025\/extensao\/?page_id=206"},"modified":"2025-04-17T11:09:42","modified_gmt":"2025-04-17T14:09:42","slug":"sobre-o-forproex","status":"publish","type":"page","link":"https:\/\/www.ufmg.br\/augm2025\/extensao\/sobre-o-forproex\/","title":{"rendered":"Sobre o FORPROEX"},"content":{"rendered":"\n<p>O F\u00f3rum de Pr\u00f3-Reitores de Extens\u00e3o das Institui\u00e7\u00f5es P\u00fablicas de Educa\u00e7\u00e3o Superior Brasileiras (FORPROEX) re\u00fane representantes das universidades p\u00fablicas do pa\u00eds com o objetivo de fortalecer a extens\u00e3o universit\u00e1ria como parte fundamental da vida acad\u00eamica. O F\u00f3rum atua na constru\u00e7\u00e3o de pol\u00edticas e diretrizes voltadas para a transforma\u00e7\u00e3o social, a promo\u00e7\u00e3o da cidadania e o fortalecimento da democracia, reafirmando o compromisso das institui\u00e7\u00f5es p\u00fablicas com a sociedade.<\/p>\n\n\n\n<p>O FORPROEX promove a articula\u00e7\u00e3o entre pr\u00f3-reitorias e \u00f3rg\u00e3os cong\u00eaneres de extens\u00e3o, incentivando o desenvolvimento de a\u00e7\u00f5es conjuntas, a troca de experi\u00eancias e a integra\u00e7\u00e3o entre universidades de diferentes regi\u00f5es. Tamb\u00e9m mant\u00e9m di\u00e1logo permanente com os demais f\u00f3runs acad\u00eamicos, com os poderes p\u00fablicos e com organiza\u00e7\u00f5es da sociedade civil, ampliando a presen\u00e7a da universidade nos territ\u00f3rios e contribuindo para a constru\u00e7\u00e3o de pol\u00edticas p\u00fablicas.<\/p>\n\n\n\n<p>Sua coordena\u00e7\u00e3o nacional \u00e9 eleita anualmente durante o Encontro Nacional, composto por representantes regionais e tem\u00e1ticos de \u00e1reas como cultura, comunica\u00e7\u00e3o, direitos humanos, educa\u00e7\u00e3o, meio ambiente, sa\u00fade, trabalho e tecnologia. O F\u00f3rum realiza encontros peri\u00f3dicos para debater desafios, compartilhar pr\u00e1ticas e alinhar estrat\u00e9gias de atua\u00e7\u00e3o.<\/p>\n\n\n\n<p>Em 2025, a Universidade Federal de Minas Gerais sediar\u00e1 o Encontro Nacional do FORPROEX, que acontecer\u00e1 em Belo Horizonte na mesma semana do 8\u00ba Congresso da Associa\u00e7\u00e3o de Universidades Grupo Montevid\u00e9u (AUGM). A programa\u00e7\u00e3o conjunta reafirma a import\u00e2ncia da coopera\u00e7\u00e3o entre institui\u00e7\u00f5es e da extens\u00e3o universit\u00e1ria no contexto da integra\u00e7\u00e3o regional sul-americana.<\/p>\n\n\n\n<p><\/p>\n","protected":false},"excerpt":{"rendered":"<p>O F\u00f3rum de Pr\u00f3-Reitores de Extens\u00e3o das Institui\u00e7\u00f5es P\u00fablicas de Educa\u00e7\u00e3o Superior Brasileiras (FORPROEX) re\u00fane representantes das universidades p\u00fablicas do pa\u00eds com o objetivo de fortalecer a extens\u00e3o universit\u00e1ria como parte fundamental da vida acad\u00eamica. O F\u00f3rum atua na constru\u00e7\u00e3o de pol\u00edticas e diretrizes voltadas para a transforma\u00e7\u00e3o social, a promo\u00e7\u00e3o da cidadania e o [&hellip;]<\/p>\n","protected":false},"author":4,"featured_media":0,"parent":0,"menu_order":0,"comment_status":"closed","ping_status":"closed","template":"","meta":{"_acf_changed":false,"footnotes":""},"class_list":["post-206","page","type-page","status-publish","hentry"],"acf":[],"_links":{"self":[{"href":"https:\/\/www.ufmg.br\/augm2025\/extensao\/wp-json\/wp\/v2\/pages\/206"}],"collection":[{"href":"https:\/\/www.ufmg.br\/augm2025\/extensao\/wp-json\/wp\/v2\/pages"}],"about":[{"href":"https:\/\/www.ufmg.br\/augm2025\/extensao\/wp-json\/wp\/v2\/types\/page"}],"author":[{"embeddable":true,"href":"https:\/\/www.ufmg.br\/augm2025\/extensao\/wp-json\/wp\/v2\/users\/4"}],"replies":[{"embeddable":true,"href":"https:\/\/www.ufmg.br\/augm2025\/extensao\/wp-json\/wp\/v2\/comments?post=206"}],"version-history":[{"count":1,"href":"https:\/\/www.ufmg.br\/augm2025\/extensao\/wp-json\/wp\/v2\/pages\/206\/revisions"}],"predecessor-version":[{"id":207,"href":"https:\/\/www.ufmg.br\/augm2025\/extensao\/wp-json\/wp\/v2\/pages\/206\/revisions\/207"}],"wp:attachment":[{"href":"https:\/\/www.ufmg.br\/augm2025\/extensao\/wp-json\/wp\/v2\/media?parent=206"}],"curies":[{"name":"wp","href":"https:\/\/api.w.org\/{rel}","templated":true}]}}