{"id":247,"date":"2025-04-22T18:30:47","date_gmt":"2025-04-22T21:30:47","guid":{"rendered":"https:\/\/www.ufmg.br\/augm2025\/extensao\/?page_id=247"},"modified":"2025-08-22T11:23:49","modified_gmt":"2025-08-22T14:23:49","slug":"inscricoes","status":"publish","type":"page","link":"https:\/\/www.ufmg.br\/augm2025\/extensao\/inscricoes\/","title":{"rendered":"Inscri\u00e7\u00f5es e acesso ao sistema para a submiss\u00e3o de trabalhos"},"content":{"rendered":"\n<div style=\"height:42px\" aria-hidden=\"true\" class=\"wp-block-spacer\"><\/div>\n\n\n\n<div style=\"height:42px\" aria-hidden=\"true\" class=\"wp-block-spacer\"><\/div>\n\n\n\n<div class=\"wp-block-buttons is-content-justification-center is-layout-flex wp-container-core-buttons-is-layout-1 wp-block-buttons-is-layout-flex\">\n<div class=\"wp-block-button\"><a class=\"wp-block-button__link has-white-color has-text-color has-link-color has-text-align-center wp-element-button\" href=\"https:\/\/eventos.ufmg.br\/event\/1\/registrations\/1\/\">Inscri\u00e7\u00f5es: p\u00fablico em geral<\/a><\/div>\n<\/div>\n\n\n\n<div style=\"height:42px\" aria-hidden=\"true\" class=\"wp-block-spacer\"><\/div>\n\n\n\n<div class=\"wp-block-buttons is-content-justification-center is-layout-flex wp-container-core-buttons-is-layout-2 wp-block-buttons-is-layout-flex\">\n<div class=\"wp-block-button\"><a class=\"wp-block-button__link has-white-color has-text-color has-link-color has-text-align-center wp-element-button\" href=\"https:\/\/eventos.ufmg.br\/event\/1\/abstracts\/\">Consulta ao Resumo\/Abstract j\u00e1 submetido<\/a><\/div>\n<\/div>\n\n\n\n<p><\/p>\n","protected":false},"excerpt":{"rendered":"","protected":false},"author":3,"featured_media":0,"parent":0,"menu_order":0,"comment_status":"closed","ping_status":"closed","template":"","meta":{"_acf_changed":false,"footnotes":""},"class_list":["post-247","page","type-page","status-publish","hentry"],"acf":[],"_links":{"self":[{"href":"https:\/\/www.ufmg.br\/augm2025\/extensao\/wp-json\/wp\/v2\/pages\/247"}],"collection":[{"href":"https:\/\/www.ufmg.br\/augm2025\/extensao\/wp-json\/wp\/v2\/pages"}],"about":[{"href":"https:\/\/www.ufmg.br\/augm2025\/extensao\/wp-json\/wp\/v2\/types\/page"}],"author":[{"embeddable":true,"href":"https:\/\/www.ufmg.br\/augm2025\/extensao\/wp-json\/wp\/v2\/users\/3"}],"replies":[{"embeddable":true,"href":"https:\/\/www.ufmg.br\/augm2025\/extensao\/wp-json\/wp\/v2\/comments?post=247"}],"version-history":[{"count":13,"href":"https:\/\/www.ufmg.br\/augm2025\/extensao\/wp-json\/wp\/v2\/pages\/247\/revisions"}],"predecessor-version":[{"id":398,"href":"https:\/\/www.ufmg.br\/augm2025\/extensao\/wp-json\/wp\/v2\/pages\/247\/revisions\/398"}],"wp:attachment":[{"href":"https:\/\/www.ufmg.br\/augm2025\/extensao\/wp-json\/wp\/v2\/media?parent=247"}],"curies":[{"name":"wp","href":"https:\/\/api.w.org\/{rel}","templated":true}]}}