{"id":256,"date":"2025-04-29T11:46:10","date_gmt":"2025-04-29T14:46:10","guid":{"rendered":"https:\/\/www.ufmg.br\/augm2025\/extensao\/?page_id=256"},"modified":"2025-04-29T11:49:39","modified_gmt":"2025-04-29T14:49:39","slug":"comissao-organizadora","status":"publish","type":"page","link":"https:\/\/www.ufmg.br\/augm2025\/extensao\/comissao-organizadora\/","title":{"rendered":"Comiss\u00e3o Organizadora"},"content":{"rendered":"\n<div style=\"height:38px\" aria-hidden=\"true\" class=\"wp-block-spacer\"><\/div>\n\n\n\n<p><strong>Comit\u00ea Local de Organiza\u00e7\u00e3o &#8211; UFMG<\/strong><\/p>\n\n\n\n<figure class=\"wp-block-table\"><table class=\"has-fixed-layout\"><tbody><tr><td><strong>Nome<\/strong>&nbsp;<\/td><td><strong>V\u00ednculo institucional<\/strong>&nbsp;<\/td><\/tr><tr><td>Glaucinei Rodrigues Correa&nbsp;<\/td><td>Pr\u00f3-Reitor de Extens\u00e3o&nbsp;<\/td><\/tr><tr><td>Carmen Rosa Giraldo Vergara&nbsp;&nbsp;<\/td><td>Pr\u00f3-Reitora Adjunta de Extens\u00e3o&nbsp;<\/td><\/tr><tr><td>Eliane Aparecida Ferreira&nbsp;<\/td><td>Pr\u00f3-Reitora Adjunta de Administra\u00e7\u00e3o&nbsp;<\/td><\/tr><tr><td>Fernando Ant\u00f4nio Mencarelli&nbsp;<\/td><td>Pr\u00f3-Reitor de Cultura&nbsp;<\/td><\/tr><tr><td>F\u00e1bia Pereira Lima&nbsp;<\/td><td>Diretora do Centro de Comunica\u00e7\u00e3o da UFMG&nbsp;<\/td><\/tr><tr><td>Claudia Andr\u00e9a Mayorga Borges&nbsp;<\/td><td>Faculdade de Filosofia e Ci\u00eancias Humanas&nbsp;<\/td><\/tr><tr><td>D\u00e9bora D\u2019avila Reis&nbsp;<\/td><td>Diretora de Divulga\u00e7\u00e3o Cient\u00edfica&nbsp;&nbsp;<\/td><\/tr><tr><td>Maria In\u00eas Barreiros Senna&nbsp;<\/td><td>Coordenadora da Rede de Museus&nbsp;<\/td><\/tr><tr><td>Maria Guiomar Frota&nbsp;<\/td><td>Diretora Universidade dos Direitos Humanos&nbsp;<\/td><\/tr><tr><td>Maria Auxiliadora Drumond&nbsp;<\/td><td>Diretora da Esta\u00e7\u00e3o Ecol\u00f3gica da UFMG&nbsp;<\/td><\/tr><tr><td>Viviane Elis\u00e2ngela Gomes&nbsp;<\/td><td>Diretora de Avalia\u00e7\u00e3o e Fomento da Extens\u00e3o&nbsp;<\/td><\/tr><tr><td>Gleide Fernandes de Avelar&nbsp;<\/td><td>Diretora de Apoio \u00e0 Gest\u00e3o da Extens\u00e3o&nbsp;<\/td><\/tr><tr><td>Soraya Aparecida Alvares Coppola&nbsp;<\/td><td>C\u00e2mara de Extens\u00e3o&nbsp;<\/td><\/tr><\/tbody><\/table><\/figure>\n\n\n\n<div style=\"height:38px\" aria-hidden=\"true\" class=\"wp-block-spacer\"><\/div>\n\n\n\n<p><strong>Comit\u00ea Internacional de Organiza\u00e7\u00e3o<\/strong><\/p>\n\n\n\n<figure class=\"wp-block-table\"><table class=\"has-fixed-layout\"><tbody><tr><td><strong>Nome<\/strong>&nbsp;<\/td><td><strong>Universidade<\/strong>&nbsp;<\/td><td><strong>Comiss\u00e3o Permanente&nbsp;<\/strong>&nbsp;<\/td><td><strong>Pa\u00eds<\/strong>&nbsp;<\/td><\/tr><tr><td>Fernando Sosa&nbsp;<\/td><td>AUGM&nbsp;<\/td><td>Secretaria Executiva&nbsp;<\/td><td>Uruguai&nbsp;<\/td><\/tr><tr><td>Mar\u00eda Lucila Reyna&nbsp;<\/td><td>UNLitoral&nbsp;<\/td><td>Extens\u00e3o&nbsp;<\/td><td>Argentina&nbsp;<\/td><\/tr><tr><td>Flavi Ferreira Lisboa Filho&nbsp;<\/td><td>UFSM&nbsp;<\/td><td>Extens\u00e3o&nbsp;<\/td><td>Brasil&nbsp;<\/td><\/tr><tr><td>Fabi\u00e1n Retamal&nbsp;<\/td><td>UCHile&nbsp;<\/td><td>Extens\u00e3o&nbsp;<\/td><td>Chile&nbsp;<\/td><\/tr><tr><td>Rafael Paternain&nbsp;<\/td><td>UDELAR&nbsp;<\/td><td>Extens\u00e3o&nbsp;<\/td><td>Uruguai&nbsp;<\/td><\/tr><tr><td>Josefina Bolis&nbsp;<\/td><td>UNLa Plata&nbsp;<\/td><td>M\u00eddias e Comunica\u00e7\u00e3o Universit\u00e1ria&nbsp;<\/td><td>Argentina&nbsp;<\/td><\/tr><tr><td>Emanuel Bohemeker&nbsp;<\/td><td>UNCordoba&nbsp;<\/td><td>M\u00eddias e Comunica\u00e7\u00e3o Universit\u00e1ria&nbsp;<\/td><td>Argentina&nbsp;<\/td><\/tr><tr><td>Dami\u00e1n Rodr\u00edguez Kees&nbsp;<\/td><td>UNLitoral&nbsp;<\/td><td>Produ\u00e7\u00e3o Art\u00edstica e Cultural&nbsp;<\/td><td>Argentina&nbsp;<\/td><\/tr><tr><td>Fernando Gaspar&nbsp;<\/td><td>UCHile&nbsp;<\/td><td>Produ\u00e7\u00e3o Art\u00edstica e Cultural&nbsp;<\/td><td>Chile&nbsp;<\/td><\/tr><tr><td>Lukas K\u00fchne&nbsp;<\/td><td>UDELAR&nbsp;<\/td><td>Produ\u00e7\u00e3o Art\u00edstica e Cultural&nbsp;<\/td><td>Uruguai&nbsp;<\/td><\/tr><\/tbody><\/table><\/figure>\n","protected":false},"excerpt":{"rendered":"<p>Comit\u00ea Local de Organiza\u00e7\u00e3o &#8211; UFMG Nome&nbsp; V\u00ednculo institucional&nbsp; Glaucinei Rodrigues Correa&nbsp; Pr\u00f3-Reitor de Extens\u00e3o&nbsp; Carmen Rosa Giraldo Vergara&nbsp;&nbsp; Pr\u00f3-Reitora Adjunta de Extens\u00e3o&nbsp; Eliane Aparecida Ferreira&nbsp; Pr\u00f3-Reitora Adjunta de Administra\u00e7\u00e3o&nbsp; Fernando Ant\u00f4nio Mencarelli&nbsp; Pr\u00f3-Reitor de Cultura&nbsp; F\u00e1bia Pereira Lima&nbsp; Diretora do Centro de Comunica\u00e7\u00e3o da UFMG&nbsp; Claudia Andr\u00e9a Mayorga Borges&nbsp; Faculdade de Filosofia e Ci\u00eancias [&hellip;]<\/p>\n","protected":false},"author":3,"featured_media":0,"parent":0,"menu_order":0,"comment_status":"closed","ping_status":"closed","template":"","meta":{"_acf_changed":false,"footnotes":""},"class_list":["post-256","page","type-page","status-publish","hentry"],"acf":[],"_links":{"self":[{"href":"https:\/\/www.ufmg.br\/augm2025\/extensao\/wp-json\/wp\/v2\/pages\/256"}],"collection":[{"href":"https:\/\/www.ufmg.br\/augm2025\/extensao\/wp-json\/wp\/v2\/pages"}],"about":[{"href":"https:\/\/www.ufmg.br\/augm2025\/extensao\/wp-json\/wp\/v2\/types\/page"}],"author":[{"embeddable":true,"href":"https:\/\/www.ufmg.br\/augm2025\/extensao\/wp-json\/wp\/v2\/users\/3"}],"replies":[{"embeddable":true,"href":"https:\/\/www.ufmg.br\/augm2025\/extensao\/wp-json\/wp\/v2\/comments?post=256"}],"version-history":[{"count":5,"href":"https:\/\/www.ufmg.br\/augm2025\/extensao\/wp-json\/wp\/v2\/pages\/256\/revisions"}],"predecessor-version":[{"id":262,"href":"https:\/\/www.ufmg.br\/augm2025\/extensao\/wp-json\/wp\/v2\/pages\/256\/revisions\/262"}],"wp:attachment":[{"href":"https:\/\/www.ufmg.br\/augm2025\/extensao\/wp-json\/wp\/v2\/media?parent=256"}],"curies":[{"name":"wp","href":"https:\/\/api.w.org\/{rel}","templated":true}]}}