{"id":539,"date":"2025-10-30T14:55:29","date_gmt":"2025-10-30T17:55:29","guid":{"rendered":"https:\/\/www.ufmg.br\/augm2025\/extensao\/?page_id=539"},"modified":"2025-11-03T13:27:33","modified_gmt":"2025-11-03T16:27:33","slug":"roda-de-conversa-on-line","status":"publish","type":"page","link":"https:\/\/www.ufmg.br\/augm2025\/extensao\/roda-de-conversa-on-line\/","title":{"rendered":"Roda de Conversa On-Line"},"content":{"rendered":"\n<p>\ud83d\udccc <strong>Participa\u00e7\u00e3o na Roda de Conversa On-Line:<\/strong><\/p>\n\n\n\n<ul class=\"wp-block-list\">\n<li>A roda de conversa consiste em espa\u00e7o para apresenta\u00e7\u00e3o e discuss\u00e3o de sua experi\u00eancia em atividade de extens\u00e3o junto com outros participantes do evento.&nbsp;<\/li>\n\n\n\n<li>Cada roda de conversa se constituir\u00e1 de at\u00e9 10<strong> <\/strong>autores de trabalhos por sala, ter\u00e1 uma hora e meia de dura\u00e7\u00e3o e ser\u00e1 composta por um mediador, que conduzir\u00e1 a apresenta\u00e7\u00e3o e discuss\u00e3o dos trabalhos.<\/li>\n\n\n\n<li>A participa\u00e7\u00e3o em videoconfer\u00eancia demandar\u00e1, necessariamente, a utiliza\u00e7\u00e3o de equipamento para transmiss\u00e3o de v\u00eddeo e \u00e1udio do participante. Recomendamos aten\u00e7\u00e3o para a garantia de um local silencioso e com servi\u00e7o de internet dispon\u00edvel.<\/li>\n\n\n\n<li>Os participantes receber\u00e3o, por email, todos os resumos a serem apresentados em sua roda de conversa.<\/li>\n\n\n\n<li>N\u00e3o \u00e9 necess\u00e1ria a elabora\u00e7\u00e3o de slides para apresenta\u00e7\u00e3o do trabalho. A experi\u00eancia pretendida \u00e9 a de intera\u00e7\u00e3o e di\u00e1logo entre os participantes.<\/li>\n\n\n\n<li>Apenas participantes registrados no trabalho podem participar da roda de conversa. Ressaltamos que n\u00e3o \u00e9 poss\u00edvel a adi\u00e7\u00e3o de novos participantes (autores ou co-autores) nos trabalhos.&nbsp;&nbsp;<\/li>\n<\/ul>\n\n\n\n<p><br>\ud83d\udccc <strong>Local:<br><\/strong>As rodas de conversa, modalidade online, ser\u00e3o realizadas por aplicativo de videoconfer\u00eancia.&nbsp; A informa\u00e7\u00e3o do link de acesso \u00e0 sala ser\u00e1 enviada por e-mail e estar\u00e1 dispon\u00edvel no site do evento.<\/p>\n\n\n\n<p>\ud83d\udccc <strong>Hor\u00e1rio:<\/strong><strong><br><\/strong>As rodas de conversa ser\u00e3o realizadas no dia 27 de Novembro, no turno da manh\u00e3, em dois hor\u00e1rios: de 09 horas \u00e0s 10h30 e de 10h30 \u00e0s 12 horas. O hor\u00e1rio de sua participa\u00e7\u00e3o tamb\u00e9m ser\u00e1 enviado por e-mail e estar\u00e1 dispon\u00edvel no local.<\/p>\n\n\n\n<p>\ud83d\udccc <strong>Altera\u00e7\u00e3o de modalidade:<\/strong><\/p>\n\n\n\n<p>Caso considerar necess\u00e1rio, \u00e9 poss\u00edvel a altera\u00e7\u00e3o da modalidade do evento para \u2018Roda de conversa Presencial\u2019 ou \u2018Apresenta\u00e7\u00e3o de poster\u2019, ressaltamos que estas modalidades s\u00e3o exclusivamente presenciais. Para solicitar a altera\u00e7\u00e3o, gentileza enviar um e-mail para <a href=\"mailto:augm2025@ufmg.br\">augm2025@ufmg.br<\/a> informando a modalidade pretendida, o ID do trabalho e seu t\u00edtulo.<\/p>\n\n\n\n<p>\ud83d\udccc <strong>Certificados:<\/strong><strong><br><\/strong> Os certificados de apresenta\u00e7\u00e3o estar\u00e3o dispon\u00edveis apenas ap\u00f3s o encerramento do evento para os trabalhos presentes nas rodas de conversa. Os participantes ser\u00e3o informados por e-mail da disponibilidade do certificado.<\/p>\n\n\n\n<p>\ud83d\udccc <strong>Publica\u00e7\u00e3o nos Anais:<\/strong><strong><br><\/strong> Apenas os trabalhos aprovados e presentes na Roda de Conversa ser\u00e3o publicados nos Anais do Congresso. Os participantes ser\u00e3o informados por e-mail da publica\u00e7\u00e3o dos Anais.<\/p>\n\n\n\n<p>\ud83d\udccc <strong>Contato:<\/strong><strong><br><\/strong> Em caso de d\u00favidas, estamos \u00e0 disposi\u00e7\u00e3o pelo e-mail <a href=\"mailto:augm2025@ufmg.br\">augm2025@ufmg.br<\/a>, telefones +553134094427 e Whatsapp +553134093215<\/p>\n\n\n\n<p>Refor\u00e7amos que ser\u00e1 enviado, com at\u00e9 uma semana de anteced\u00eancia do evento, um e-mail com a informa\u00e7\u00e3o de <em>link<\/em>, aplicativo de videoconfer\u00eancia, hor\u00e1rio e todos os demais trabalhos de sua roda de conversa.&nbsp;<\/p>\n\n\n\n<p>O <a href=\"https:\/\/www.ufmg.br\/augm2025\/extensao\/\" target=\"_blank\" rel=\"noreferrer noopener\">site<\/a> do 8\u00ba Congresso da AUGM cont\u00e9m toda a programa\u00e7\u00e3o al\u00e9m de informa\u00e7\u00f5es \u00fateis para auxiliar em sua participa\u00e7\u00e3o. Recomendamos acompanhar tamb\u00e9m o <a href=\"https:\/\/www.instagram.com\/augmoficial\/\" target=\"_blank\" rel=\"noreferrer noopener\">Instagram<\/a> da AUGM para as atualiza\u00e7\u00f5es do evento.<\/p>\n","protected":false},"excerpt":{"rendered":"<p>\ud83d\udccc Participa\u00e7\u00e3o na Roda de Conversa On-Line: \ud83d\udccc Local:As rodas de conversa, modalidade online, ser\u00e3o realizadas por aplicativo de videoconfer\u00eancia.&nbsp; A informa\u00e7\u00e3o do link de acesso \u00e0 sala ser\u00e1 enviada por e-mail e estar\u00e1 dispon\u00edvel no site do evento. \ud83d\udccc Hor\u00e1rio:As rodas de conversa ser\u00e3o realizadas no dia 27 de Novembro, no turno da manh\u00e3, [&hellip;]<\/p>\n","protected":false},"author":3,"featured_media":0,"parent":0,"menu_order":0,"comment_status":"closed","ping_status":"closed","template":"","meta":{"_acf_changed":false,"footnotes":""},"class_list":["post-539","page","type-page","status-publish","hentry"],"acf":[],"_links":{"self":[{"href":"https:\/\/www.ufmg.br\/augm2025\/extensao\/wp-json\/wp\/v2\/pages\/539"}],"collection":[{"href":"https:\/\/www.ufmg.br\/augm2025\/extensao\/wp-json\/wp\/v2\/pages"}],"about":[{"href":"https:\/\/www.ufmg.br\/augm2025\/extensao\/wp-json\/wp\/v2\/types\/page"}],"author":[{"embeddable":true,"href":"https:\/\/www.ufmg.br\/augm2025\/extensao\/wp-json\/wp\/v2\/users\/3"}],"replies":[{"embeddable":true,"href":"https:\/\/www.ufmg.br\/augm2025\/extensao\/wp-json\/wp\/v2\/comments?post=539"}],"version-history":[{"count":5,"href":"https:\/\/www.ufmg.br\/augm2025\/extensao\/wp-json\/wp\/v2\/pages\/539\/revisions"}],"predecessor-version":[{"id":566,"href":"https:\/\/www.ufmg.br\/augm2025\/extensao\/wp-json\/wp\/v2\/pages\/539\/revisions\/566"}],"wp:attachment":[{"href":"https:\/\/www.ufmg.br\/augm2025\/extensao\/wp-json\/wp\/v2\/media?parent=539"}],"curies":[{"name":"wp","href":"https:\/\/api.w.org\/{rel}","templated":true}]}}