{"id":692,"date":"2025-11-24T14:54:40","date_gmt":"2025-11-24T17:54:40","guid":{"rendered":"https:\/\/www.ufmg.br\/augm2025\/extensao\/?page_id=692"},"modified":"2025-11-26T10:48:59","modified_gmt":"2025-11-26T13:48:59","slug":"sessao-de-posteres-08h-as-0920","status":"publish","type":"page","link":"https:\/\/www.ufmg.br\/augm2025\/extensao\/programacao-cronograma\/sessao-de-posteres-08h-as-0920\/","title":{"rendered":"Sess\u00e3o de p\u00f4steres &#8211; 08:00 \u00e0s 09:20"},"content":{"rendered":"\n<figure class=\"wp-block-table has-small-font-size\"><table><tbody><tr><td><strong>PAINEL<\/strong><\/td><td><strong>T\u00cdTULO<\/strong><\/td><td><strong>AUTORES<\/strong><\/td><\/tr><tr><td>1<\/td><td>EXTENS\u00c3O UNIVERSIT\u00c1RIA E DESENVOLVIMENTO SUSTENT\u00c1VEL: AN\u00c1LISE DAS A\u00c7\u00d5ES AMBIENTAIS E COMUNICACIONAIS DO PROJETO RONDON EM JAPONVAR-MG<\/td><td>FELIPE DE CAMPOS LOCH<\/td><\/tr><tr><td>1<\/td><td>\u201cEDUCAR EN VALORES\u2026UNA TAREA DE TODOS, (SEXTA EDICI\u00d3N)\u201d<\/td><td>ANDRES GONZ\u00c1LEZ B\u00c1EZ<\/td><\/tr><tr><td>1<\/td><td>ATENDIMENTO ODONTOL\u00d3GICO \u00c0 COMUNIDADE ARGENTINA: RELATO DE EXPERI\u00caNCIA EXTENSIONISTA DE UM ESTUDANTE DA UFMG EM MOBILIDADE ACAD\u00caMICA INTERNACIONAL<\/td><td>ADRYANN CHRISTIAN DE SOUSA MADUREIRA<\/td><\/tr><tr><td>1<\/td><td>A EXTENS\u00c3O UNIVERSIT\u00c1RIA COMO AGENTE PROMOTOR DE SA\u00daDE<\/td><td>CAMILLA STEPHANE OLIVEIRA SILVA<\/td><\/tr><tr><td>2<\/td><td>ENTRE SABERES E PR\u00c1TICAS: MATERIAIS DID\u00c1TICOS COMO FERRAMENTA DE EDUCA\u00c7\u00c3O EM SA\u00daDE<\/td><td>RAISSA MOUR\u00c3O<\/td><\/tr><tr><td>2<\/td><td>PROJETO LEITURA \u00c9 SA\u00daDE: UMA FORMA DE DEMOCRATIZAR O ACESSO \u00c0 LEITURA E PROMOVER \u00c0 EDUCA\u00c7\u00c3O EM SA\u00daDE.<\/td><td>CAMILLA STEPHANE OLIVEIRA SILVA<\/td><\/tr><tr><td>2<\/td><td>AS A\u00c7\u00d5ES FORMATIVAS DO LABORAT\u00d3RIO DE ALFABETIZA\u00c7\u00c3O&nbsp; E LETRAMENTO (LAL\/CEALE\/UFMG)<\/td><td>CATARINA ANDRADE MARTINS; KARINE BARBOSA FERREIRA; DANIELA BRITO MONTUANI; ELIZABETH GUZZO DE ALMEIDA; GIOVANNA LAUAR VIVEIROS; FERNANDA LOUISE HELENA BRITES CARDOSO; J\u00daLIA RUIZ GOMES SIM\u00d5ES<\/td><\/tr><tr><td>2<\/td><td>INDICADORES PARA AVALIA\u00c7\u00c3O DE IMPACTO DA EXTENS\u00c3O NA EDUCA\u00c7\u00c3O B\u00c1SICA: PROPOSI\u00c7\u00c3O METODOL\u00d3GICA A PARTIR DO PROGRAMA 1000 FUTUROS CIENTISTAS<\/td><td>JANA\u00cdNA PAULA E SILVA<\/td><\/tr><tr><td>3<\/td><td>A EXTENS\u00c3O UNIVERSIT\u00c1RIA COMO ESPA\u00c7O FORMATIVO E A PR\u00c1XIS DOCENTE NA EDUCA\u00c7\u00c3O B\u00c1SICA<\/td><td>MARINEIA KOHLER<\/td><\/tr><tr><td>3<\/td><td>EXTENS\u00c3O UNIVERSIT\u00c1RIA COMO PR\u00c1XIS TRANSFORMADORA: REFLEX\u00d5ES CR\u00cdTICAS A PARTIR DO PROJETO VISITEX UFES<\/td><td>PAOLA PINHEIRO BERNARDI PRIMO<\/td><\/tr><tr><td>3<\/td><td>IMPLEMENTA\u00c7\u00c3O DE UMA CL\u00cdNICA ENTOMOL\u00d3GICA NO CCA\/UFSCAR: APROXIMANDO A CI\u00caNCIA DA COMUNIDADE<\/td><td>HELENA SONCINI<\/td><\/tr><tr><td>3<\/td><td>REDACCI\u00d3N Y ORATORIA COMO PUENTE EDUCATIVO: UNA EXPERIENCIA INTERDISCIPLINARIA DE EXTENSI\u00d3N UNIVERSITARIA<\/td><td>LILIANA MARIEL MARTINEZ<\/td><\/tr><tr><td>4<\/td><td>EXTENS\u00c3O UNIVERSIT\u00c1RIA COMO PONTE: O DIA DAS CRIAN\u00c7AS SOLID\u00c1RIO NO LITORAL PARANAENSE<\/td><td>THAIS DA SILVA SOUZA; JULLY DALZOTO PAVELSKI; KAUA PAIN<\/td><\/tr><tr><td>4<\/td><td>REVISTA INTERAGIR: PENSANDO A EXTENS\u00c3O: A EXPERI\u00caNCIA EDITORIAL COMO PR\u00c1TICA EXTENSIONISTA<\/td><td>MARIANE FERRARI MACABU; THEREZA CHRISTINA DE ALMEIDA ROSSO<\/td><\/tr><tr><td>4<\/td><td>PR\u00c9-NATAL ODONTOL\u00d3GICO NA ATEN\u00c7\u00c3O \u00c0 SA\u00daDE DA GESTANTE: RELATO DE A\u00c7\u00d5ES DO PROJETO DE EXTENS\u00c3O TAL M\u00c3E, TAL FILHO<\/td><td>NAJARA BARBOSA ROCHA; ANIELY FERREIRA NOGUEIRA; L\u00cdVIA GUIMAR\u00c3ES ZINA; LOLIZA LOLIZA LUIZ FIGUEIREDO HOURI CHALUB; ANA CLARA VALADARES DA SILVEIRA; SOFIA SANTIAGO ANAST\u00c1CIO<\/td><\/tr><tr><td>5<\/td><td>PRESTA\u00c7\u00c3O DE SERVI\u00c7O E COLABORA\u00c7\u00c3O T\u00c9CNICA E CIENT\u00cdFICA COM A PREFEITURA DE ITAJUB\u00c1 &#8211; MG PARA IMPLANTA\u00c7\u00c3O DA FARM\u00c1CIA VIVA: UM RELATO DE EXPERI\u00caNCIA.<\/td><td>DANIELA QUADROS DE AZEVEDO<\/td><\/tr><tr><td>5<\/td><td>ANATOMIA EM FIGURINHAS: PRODUTO DE EXTENS\u00c3O UNIVERSIT\u00c1RIA PARA PROMO\u00c7\u00c3O DA SA\u00daDE E DO AUTOCUIDADO NA INF\u00c2NCIA.<\/td><td>BIANCA MICHALSKY MONTEIRO COELHO; RANIELE FERREIRA OLIVEIRA; VIT\u00d3RIA EMANUELY LOUREN\u00c7O DOURADO; MARCOS AUGUSTO DE S\u00c1; PAULA ROCHA MOREIRA<\/td><\/tr><tr><td>5<\/td><td>EDUCACI\u00d3N, PATRIMONIO Y COMUNIDAD: TALLER DE MANEJO Y CONSERVACI\u00d3N DE MINERALES Y ROCAS COMO ESTRATEGIA DE DEMOCRATIZACI\u00d3N DEL SABER GEOL\u00d3GICO<\/td><td>ANA ELIZABETH GODOY ARA\u00d1A<\/td><\/tr><tr><td>5<\/td><td>EXTENS\u00c3O E CULTURA NA UNIVERSIDADE: ESTREITANDO LA\u00c7OS ENTRE A ACADEMIA, A CULTURA E A SOCIEDADE MARANHENSE<\/td><td>ADRIANA RAQUEL DE ALMEIDA DA ANUNCIA\u00c7\u00c3O<\/td><\/tr><tr><td>6<\/td><td>ALTERNATIVAS PRODUTIVAS E EMPREENDEDORISMO RURAL: CAPACITA\u00c7\u00c3O COMUNIT\u00c1RIA NO NORTE DE MINAS GERAIS<\/td><td>FELIPE DE CAMPOS LOCH<\/td><\/tr><tr><td>6<\/td><td>A CONSTRU\u00c7\u00c3O DA MASCULINIDADE T\u00d3XICA: RELATO DE EXPERI\u00caNCIA DE ATIVIDADE DE EXTENS\u00c3O COM ADOLESCENTES<\/td><td>GIOVANA SANTOS LIMA; AILTON DE SOUZA ARAG\u00c3O<\/td><\/tr><tr><td>6<\/td><td>EXTENS\u00c3O E INOVA\u00c7\u00c3O NO ENSINO DE ANATOMIA: PERCEP\u00c7\u00c3O DE ESTUDANTES DE MEDICINA VETERIN\u00c1RIA SOBRE O USO DE PE\u00c7AS ANAT\u00d4MICAS CONSERVADAS POR M\u00c9TODOS ALTERNATIVOS<\/td><td>ADRIANA RAQUEL DE ALMEIDA DA ANUNCIA\u00c7\u00c3O<\/td><\/tr><tr><td>6<\/td><td>COCINA ESCUELA COMUNITARIA EN LA UNE<\/td><td>MIRIAN FLECHA<\/td><\/tr><tr><td>7<\/td><td>CAPITAL INCENTIVO AL EMPRENDIMIENTO INNOVADOR UNE<\/td><td>TERESA FLEITAS RODR\u00cdGUEZ<\/td><\/tr><tr><td>7<\/td><td>MENTES L\u00d3GICAS<\/td><td>THAINAN SANTOS THEODORO<\/td><\/tr><tr><td>7<\/td><td>SUSTENTABILIDADE E GERA\u00c7\u00c3O DE RENDA: REAPROVEITAMENTO DE RES\u00cdDUOS INDUSTRIAIS E FORTALECIMENTO COMUNIT\u00c1RIO EM FRANCA (SP)<\/td><td>MARIA FERNANDA FURLAN<\/td><\/tr><tr><td>7<\/td><td>EFEITOS DA EDUCA\u00c7\u00c3O PERMANENTE EM SA\u00daDE NA APRENDIZAGEM E PR\u00c1TICA DOS AGENTES COMUNIT\u00c1RIOS DE SA\u00daDE RURAIS SOBRE EQUIPAMENTOS DE PROTE\u00c7\u00c3O INDIVIDUAL E MANEJO DE AGROT\u00d3XICOS<\/td><td>MARIA REGINA MARTINEZ; NAT\u00c9RCIA TAVEIRA CARVALHAES DIAS<\/td><\/tr><tr><td>8<\/td><td>QUANDO A URG\u00caNCIA INTERPELA A ACADEMIA: EXTENS\u00c3O UNIVERSIT\u00c1RIA FRENTE A SITUA\u00c7\u00d5ES DE ACUMULA\u00c7\u00c3O DE OBJETOS E ANIMAIS<\/td><td>JUAN C. GERMAN; MARIELA FONSECA TOSCANO; RENAN H. FERNANDES; JULIANA K. LOMAR BARROS; LUANA BONON; KARINA PAES B\u00dcRGER<\/td><\/tr><tr><td>8<\/td><td>EDUCA\u00c7\u00c3O AMBIENTAL NA CONSERVA\u00c7\u00c3O DOS ECOSSISTEMAS AQU\u00c1TICOS:&nbsp; ARTICULA\u00c7\u00c3O ENTRE ENSINO B\u00c1SICO E UFMG<\/td><td>BIANCA AZEVEDO SILVA<\/td><\/tr><tr><td>8<\/td><td>EDUCAR PARA LA SOSTENIBILIDAD \u2013 \u201cPEQUE\u00d1AS ACCIONES, QUE TRANSFORMAN EL MA\u00d1ANA<\/td><td>LISA LIZ VELAZQUEZ<\/td><\/tr><tr><td>8<\/td><td>APRENDIENDO QUE EL DERECHO A UN MEDIO AMBIENTE SALUDABLE ES FUNDAMENTAL PARA MI DESARROLLO INTEGRAL<\/td><td>ARANTXA CORINA CARVALLAR CARDOZO<\/td><\/tr><tr><td>9<\/td><td>ECONOMIA SOLID\u00c1RIA E GEST\u00c3O SOCIOAMBIENTAL: FORTALECIMENTO DA ATLIMARJOM ATRAV\u00c9S DE ASSESSORIA SOCIOT\u00c9CNICA<\/td><td>ANLIY NATSUYO NASHIMOTO SARGEANT<\/td><\/tr><tr><td>9<\/td><td>ENGENHARIA F\u00cdSICA NA ESCOLA<\/td><td>YAN COSTA CARNEOSSO<\/td><\/tr><tr><td>9<\/td><td>TRANSFORMANDO REALIDADES PRODUCTIVAS EN PEGUAJH\u00d3 GUAS\u00da A TRAV\u00c9S DEL MANEJO CONSERVACIONISTA DEL SUELO Y LA COLABORACI\u00d3N INTERINSTITUCIONAL.<\/td><td>WILFRIDO DANIEL LUGO PEREIRA; DERLYS FERNANDO L\u00d3PEZ AVALOS; EULALIO MOREL LOPEZ; RAUL SANCHEZ JARA; FLORENCIO DAVID VALDEZ OCAMPO<\/td><\/tr><tr><td>9<\/td><td>MANOS QUE SIEMBRAN, SUELOS QUE PRODUCEN &#8211; V\u00cdNCULOS COMUNITARIOS PARA LA HORTICULTURA DEL FUTURO.<\/td><td>MODESTO OSMAR DA SILVA OVIEDO; DERLYS FERNANDO L\u00d3PEZ AVALOS; CARLOS ALBERTO MONGELOS BARRIOS; AMILCAR ISIDRO SERV\u00cdN NIZ; FLORENCIO DAVID VALDEZ OCAMPO; CARLOS RICARDO VERA JARA<\/td><\/tr><tr><td>10<\/td><td>FORTALECIMIENTO COMUNITARIO EN LA COMPA\u00d1\u00cdA DE CUMBARITY DE LA CIUDAD DE VILLETA, PARAGUAY. 2024<\/td><td>RODRIGO ROJAS L\u00d3PEZ<\/td><\/tr><tr><td>10<\/td><td>SAB\u00c3O ARTESANAL: EDUCA\u00c7\u00c3O AMBIENTAL, DIVULGA\u00c7\u00c3O CIENT\u00cdFICA EM REP\u00daBLICAS DE OURO PRETO, PRODU\u00c7\u00c3O A PARTIR DE \u00d3LEOS DESCARTADOS NAS REP\u00daBLICAS E SUSTENTABILIDADE SOCIOECON\u00d4MICA AMBIENTAL<\/td><td>VIVIANE MARTINS REBELLO DOS SANTOS<\/td><\/tr><tr><td>10<\/td><td>\u201cCADA COISA EM SEU LUGAR\u201d: EDUCA\u00c7\u00c3O AMBIENTAL E SEPARA\u00c7\u00c3O DOMICILIAR DE RES\u00cdDUOS NA CIDADE DE ESPERANZA<\/td><td>JUAN C. GERMAN\u00b9 \u00b2; LUIS E. MARTI\u00b9 \u00b2; LAUREANO S. FRIZZO\u00b9 \u00b2; PAOLA Y. FASCENDINI\u00b2 \u00b3<\/td><\/tr><tr><td>10<\/td><td>FLUORETO EM \u00c1GUAS SUBTERR\u00c2NEAS NO RIO GRANDE DO SUL: DIAGN\u00d3STICO, AN\u00c1LISE ESPACIAL E A\u00c7\u00d5ES EXTENSIONISTAS EM SA\u00daDE P\u00daBLICA<\/td><td>ELUIZE NASCIMENTO DE OLIVEIRA<\/td><\/tr><tr><td>11<\/td><td>EXTENS\u00c3O UNIVERSIT\u00c1RIA EM SITUA\u00c7\u00d5ES DE CALAMIDADE: ELABORA\u00c7\u00c3O DE LAUDO DE COMPROMETIMENTO DE ESCOLA IMPACTADA POR ENCHENTES NO RIO GRANDE DO SUL<\/td><td>ARTHUR DA COSTA TONIN<\/td><\/tr><tr><td>11<\/td><td>IMPLEMENTA\u00c7\u00c3O DA COOPERATIVA DE TRABALHO DOS PRODUTORES DE G\u00caNEROS FITOTER\u00c1PICOS E SUPLEMENTOS NUTRICIONAIS DE BRUMADINHO: UM PROJETO DE EXTENS\u00c3O PARA O EMPREGO VERDE E ECONOMIA SOLID\u00c1RIA.<\/td><td>DANIELA QUADROS DE AZEVEDO<\/td><\/tr><tr><td>11<\/td><td>CULTIVANDO EL PAN DE LOS PARAGUAYOS \u2013 CAPACITACI\u00d3N SOBRE EL CULTIVO DE MANDIOCA EN EL COLEGIO \u00c1REA 1, CIUDAD DEL ESTE<\/td><td>ERNESTO JOS\u00c9 BERNAL GINI<\/td><\/tr><tr><td>12<\/td><td>EXTENS\u00c3O UNIVERSIT\u00c1RIA E O CUIDADO AO USU\u00c1RIO NA CESSA\u00c7\u00c3O DO TABAGISMO: RELATO DE&nbsp; EXPERI\u00caNCIA EM UMA UBS DE BELO HORIZONTE<\/td><td>GABRIEL SOARES DAMACENO<\/td><\/tr><tr><td>12<\/td><td>NARRATIVAS DOMINANTES NA CONSTRU\u00c7\u00c3O DAS IDENTIDADES DA POPULA\u00c7\u00c3O EM SITUA\u00c7\u00c3O DE RUA: UMA AN\u00c1LISE DAS NOT\u00cdCIAS JORNAL\u00cdSTICAS E OFICIAIS EM FRANCA-SP.<\/td><td>GABRIELA ANDRADE DA SILVA<\/td><\/tr><tr><td>12<\/td><td>APLICA\u00c7\u00c3O DE UM INSTRUMENTO DE TRIAGEM DE VULNERABILIDADE EM IDOSOS EM UMA UBS DE BELO HORIZONTE: RELATO DE EXPERI\u00caNCIA<\/td><td>GABRIEL SOARES DAMACENO<\/td><\/tr><tr><td>12<\/td><td>&#8220;DEJANDO HUELLAS \u2013 JUGANDO APRENDO FINANZAS&#8221;<\/td><td>LUIS DEJESUS FLORENTIN CANTERO<\/td><\/tr><tr><td>13<\/td><td>ELECTRICIDAD B\u00c1SICA<\/td><td>JUAN CARLOS PITTA FERREIRA<\/td><\/tr><tr><td>13<\/td><td>FARMEX: A\u00c7\u00d5ES PRESENCIAIS NA PROMO\u00c7\u00c3O DA SA\u00daDE EM ESCOLAS P\u00daBLICAS E PRIVADAS.<\/td><td>VIN\u00cdCIUS LUCIO RIBEIRO<\/td><\/tr><tr><td>13<\/td><td>EXPERI\u00caNCIAS DE GRADUANDOS EM PROJETO DE EXTENS\u00c3O: PET EQUIDADE &#8211; DIREITOS HUMANOS, G\u00caNERO E SEXUALIDADE<\/td><td>MARIA EDUARDA CARBONI TOZZO; MARLI TERESINHA CASSAMASSIMO DUARTE; LAURA QUE\u00c7ADA GIORGI; JONATHAN VIDAL; MANUELA DOS SANTOS POIANA<\/td><\/tr><tr><td>13<\/td><td>CCU CON INFANCIAS: TALLERES DE EXPRESI\u00d3N ART\u00cdSTICA Y CULTURAL DESTINADOS A INFANCIAS EN TERRITORIO<\/td><td>MARIA ANDREA EIRIN<\/td><\/tr><tr><td>14<\/td><td>O QUE O CLOWN NOS ENSINA SOBRE A HUMANIZA\u00c7\u00c3O DA SA\u00daDE?<\/td><td>ANA CLARA MIRANDA CASTRO DOS SANTOS; CEC\u00cdLIA SILVA RODRIGUES<\/td><\/tr><tr><td>14<\/td><td>ATENCI\u00d3N OFTALMOL\u00d3GICA SOLIDARIA A PERSONAS MAYORES CON BAJA VISUAL POR CATARATA: UNA EXPERIENCIA DE EXTENSI\u00d3N, INVESTIGACI\u00d3N Y DOCENCIA EN EL DEPARTAMENTO DE CONCEPCI\u00d3N,&nbsp; PARAGUAY<\/td><td>MILCIADES SANCHEZ DENIS<\/td><\/tr><tr><td>14<\/td><td>P\u00c3O CONVERSO: UMA ESTRAT\u00c9GIA PARA QUALIFICAR A CONSTRU\u00c7\u00c3O DA PARENTALIDADE E INCENTIVO A UMA ALIMENTA\u00c7\u00c3O DE MAIS QUALIDADE DAS FAM\u00cdLIAS ATENDIDAS PELO PROGRAMA PRIMEIRA INF\u00c2NCIA MELHOR &#8211; PIM OS\u00d3RIO.<\/td><td>LARA PETITEMBERT LANG<\/td><\/tr><tr><td>15<\/td><td>EDUCANATO<\/td><td>SANY ELER; PAULO OT\u00c1VIO MARQUES MARINHO; LUIZ EDUARDO DE SOUSA<\/td><\/tr><tr><td>15<\/td><td>EDUCA\u00c7\u00c3O EM DIREITOS HUMANOS NO ENSINO FUNDAMENTAL: EXPERI\u00caNCIA DA OFICINA DE COMBATE AO RACISMO DO NETPDH\/UNESP<\/td><td>JORDANA MARTINS PERUSSI; RAYSSA RIBEIRO DOS SANTOS<\/td><\/tr><tr><td>15<\/td><td>A\u00c7\u00d5ES DO DEZEMBRO VERMELHO PARA PREVEN\u00c7\u00c3O E CUIDADOS DE INFEC\u00c7\u00d5ES SEXUALMENTE TRANSMISS\u00cdVEIS: RELATO DE EXPERI\u00caNCIA<\/td><td>RAISSA MOUR\u00c3O<\/td><\/tr><tr><td>15<\/td><td>GAMIFICACI\u00d3N EN LA ENSE\u00d1ANZA CON ENFOQUE EN FORMACI\u00d3N CIUDADANA EN ESCUELAS DEL SEGUNDO CICLO<\/td><td>GUILLERMO ACHAR L\u00d3PEZ; YAMILA BEL\u00c9N OTAZ\u00da GONZ\u00c1LEZ<\/td><\/tr><tr><td>16<\/td><td>SABERES T\u00c1CITOS, EXTENS\u00c3O UNIVERSIT\u00c1RIA E DIREITOS HUMANOS<\/td><td>MARIANA LUISA DE OLIVEIRA FERREIRA; CAROLYNE REIS BARROS; FERNANDA SILVA DE ASSIS RIBEIRO<\/td><\/tr><tr><td>16<\/td><td>IMPLEMENTA\u00c7\u00c3O DE A\u00c7\u00d5ES DE FORMA\u00c7\u00c3O E DE EDUCA\u00c7\u00c3O EM SA\u00daDE, ABORDANDO A DIVERSIDADE SEXUAL E DE G\u00caNERO: RELATO DE EXPERI\u00caNCIA<\/td><td>VIN\u00cdCIUS CAVALCANTI DE ARAUJO<\/td><\/tr><tr><td>16<\/td><td>10 ANOS DE A\u00c7\u00d5ES ACESS\u00cdVEIS REALIZADAS NO ESPA\u00c7O DO CONHECIMENTO UFMG<\/td><td>PRISCILA GABRIELE MARTINS SILVA<\/td><\/tr><tr><td>16<\/td><td>ATIVIDADE EXTENSIONISTA COMO ESTRAT\u00c9GIA&nbsp; PARA CONTINUIDADE DO CUIDADO DE PACIENTES PEDI\u00c1TRICOS COM DOEN\u00c7A RENAL CR\u00d4NICA EM TRATAMENTO CONSERVADOR<\/td><td>RAQUEL RODRIGUES MACHADO<\/td><\/tr><tr><td>17<\/td><td>RESUMEN EXTENDIDO DEL PROYECTO DE EXTENSI\u00d3N: \u201cASESOR\u00cdA JUR\u00cdDICA COMUNITARIA DE LA UNIVERSIDAD NACIONAL DEL ESTE\u201d<\/td><td>GILDA ELIZABETH AZUAGA SOLIS<\/td><\/tr><tr><td>18<\/td><td>APRESENTANDO OS DIREITOS HUMANOS PARA AS PEQUENAS MENTES<\/td><td>PAULO CESAR CORREA BORGES; S\u00c9RGIO FRANCISCO MARTINS DE JESUS<\/td><\/tr><tr><td>18<\/td><td>ESTA\u00c7\u00c3O CIDADANIA &#8211; DIVULGANDO A EXTENS\u00c3O UNIVERSIT\u00c1RIA<\/td><td>MARIA LU\u00cdSA MIRANDA TOSIN<\/td><\/tr><tr><td>18<\/td><td>FLORESCER: A\u00c7\u00d5ES DE PROMO\u00c7\u00c3O DA SA\u00daDE E CIDADANIA NA ATEN\u00c7\u00c3O PRIM\u00c1RIA \u00c0 SA\u00daDE<\/td><td>GABRIEL SILVEIRA GONTIJO RIGUEIRA; MARIA LUISA DOS ANJOS VASCONCELOS; GABRIEL CARVALHO ANDRADE; ANA CAROLINA ABREU RIBEIRO; BIANCA SABRINA DA SILVA GOMES; HOSANA MENDES FIGUEIRO; MARIA EDUARDA DE REZENDE AMARAL ALVARENGA; MARIA EDUARDA SILVA COTA; MARIANA AZEVEDO ASSUMP\u00c7\u00c3O E SILVA; B\u00c1RBARA SGARBI MORGAN FERNANDES; MARIANA ALMEIDA MAIA; ELAINE MIGUEL DELVIVO FAR\u00c3O<\/td><\/tr><tr><td>18<\/td><td>LA SONRISA NO TIENE EDAD: SALUD BUCAL EN ADULTOS MAYORES EN EL HOGAR &#8220;MONSE\u00d1OR EMILIO SOSA GAONA&#8221;, CONCEPCI\u00d3N- PARAGUAY<\/td><td>DIANA CAROLINA ACEVEDO GIM\u00c9NEZ; JORGE ANIBAL CORONEL GAMARRA; BLANCA ECHAGUE<\/td><\/tr><tr><td>19<\/td><td>FALACINE<\/td><td>BEATRIZ ANTUNES AVANCI; MARIANA NUNES RODRIGUES; CLARICE ISABELLE SANTANA<\/td><\/tr><tr><td>19<\/td><td>TERCEIRA IDADE CONECTADA: A EXPERI\u00caNCIA DE IDOSOS COM INFORM\u00c1TICA E INTELIG\u00caNCIA ARTIFICIAL (IA) NA UNATI\/UNESP<\/td><td>MARIA LUCIA PEREIRA ANTUNES<\/td><\/tr><tr><td>19<\/td><td>CONECTANDO GERA\u00c7\u00d5ES: A UNIVERSIDADE COMO ESPA\u00c7O DE APRENDIZADO E CONVIV\u00caNCIA PARA IDOSOS<\/td><td>M\u00c1RCIO ALEXANDRE MARQUES<\/td><\/tr><tr><td>20<\/td><td>CORRIENDO POR LA EDUCACION<\/td><td>JULIO VALDEZ CABA\u00d1AS<\/td><\/tr><tr><td>20<\/td><td>MOOC SOBRE ACESSIBILIDADE NA EDUCA\u00c7\u00c3O SUPERIOR &#8211; COMPARTILHANDO SABERES SOBRE A DEFICI\u00caNCIA<\/td><td>ANA PAULA SILVA DA SILVA<\/td><\/tr><tr><td>20<\/td><td>EDUCA\u00c7\u00c3O POPULAR COMO FERRAMENTA DE EMANCIPA\u00c7\u00c3O: CURSINHO POPULAR GUIMAR\u00c3ES ROSA<\/td><td>EDUARDO AUGUSTO SARTORI DOS SANTOS; KATARINE KELLY VIEIRA DA CRUZ; ISABELA REZENDE SILVA SCHERRER; ALINE ALMEIDA BENTES; DAIANA ELIAS RODRIGUES<\/td><\/tr><tr><td>20<\/td><td>COMUNICACI\u00d3N QUE TRANSFORMA: INTERACCI\u00d3N ,SERVICIO Y COMPROMISO<\/td><td>JAIME DE UGARTE LAZCANO<\/td><\/tr><tr><td>21<\/td><td>UNA ALIMENTACI\u00d3N CONSCIENTE<\/td><td>MAR\u00cdA PAZ SANABRIA VERGARA; DORA VILLALBA<\/td><\/tr><tr><td>21<\/td><td>\u201cVOCES UNIVERSITARIAS, PROYECTOS DE EXTENSI\u00d3N EN ACCI\u00d3N\u201d<\/td><td>TAMARA JAZM\u00cdN ROJAS MONGES; ADRIANA MABEL GONZ\u00c1LEZ<\/td><\/tr><tr><td>21<\/td><td>ALEMUR: A FUN\u00c7\u00c3O SOCIAL DAS UNIVERSIDADES P\u00daBLICAS ATRAV\u00c9S DA DIVULGA\u00c7\u00c3O CIENT\u00cdFICA EXTENSIONISTA<\/td><td>KERLEY DOS SANTOS ALVES; \u00c2NGELA LE\u00c3O ANDRADE; ANDR\u00c9IA BATISTA; ANA LETICIA PILZ DE CASTRO; PAULO DE TARSO AMORIM CASTRO; MARIA TEREZA DE GODOY CORDEIRO; MARIA LUIZA TEOFILO GANDINI; CRISTIANE PAULA DE CASTRO GONCALVES; VERA GUARDA; RODSON DE ABREU MARQUES; LOUISE APARECIDA MENDES; ALINE DE ARA\u00daJO NUNES; VIVIANE MARTINS REBELLO DOS SANTOS; CAROLINA MACHADO SARAIVA; PAULO DE CASTRO VIEIRA<\/td><\/tr><tr><td>22<\/td><td>POPULARIZA\u00c7\u00c3O DA CI\u00caNCIA POR MEIO DA EXTENS\u00c3O UNIVERSIT\u00c1RIA: A EXPERI\u00caNCIA DO LAB DE BEM NAS REDES<\/td><td>MARIANA SANTOS MOURA FERREIRA; GEOVANNA DA SILVA CARDOSO<\/td><\/tr><tr><td>22<\/td><td>HABLEMOS DE EXTENSI\u00d3N PARA COMUNICAR MEJOR<\/td><td>MIRIAN MART\u00cdNEZ ARCE<\/td><\/tr><tr><td>22<\/td><td>GEST\u00c3O E COMUNICA\u00c7\u00c3O CIENT\u00cdFICA DA EXTENS\u00c3O: FORTALECIMENTO DAS ATIVIDADES DO CENEX\/ICB<\/td><td>VIT\u00d3RIA EMANUELY LOUREN\u00c7O DOURADO<\/td><\/tr><tr><td>22<\/td><td>DESARROLLO DE COMPETENCIAS AUDIOVISUALES EN ESTUDIANTES DE EDUCACI\u00d3N MEDIA: UN ENFOQUE DESDE LA EXTENSI\u00d3N UNIVERSITARIA<\/td><td>LILIANA MARIEL MARTINEZ<\/td><\/tr><\/tbody><\/table><\/figure>\n","protected":false},"excerpt":{"rendered":"<p>PAINEL T\u00cdTULO AUTORES 1 EXTENS\u00c3O UNIVERSIT\u00c1RIA E DESENVOLVIMENTO SUSTENT\u00c1VEL: AN\u00c1LISE DAS A\u00c7\u00d5ES AMBIENTAIS E COMUNICACIONAIS DO PROJETO RONDON EM JAPONVAR-MG FELIPE DE CAMPOS LOCH 1 \u201cEDUCAR EN VALORES\u2026UNA TAREA DE TODOS, (SEXTA EDICI\u00d3N)\u201d ANDRES GONZ\u00c1LEZ B\u00c1EZ 1 ATENDIMENTO ODONTOL\u00d3GICO \u00c0 COMUNIDADE ARGENTINA: RELATO DE EXPERI\u00caNCIA EXTENSIONISTA DE UM ESTUDANTE DA UFMG EM MOBILIDADE ACAD\u00caMICA INTERNACIONAL [&hellip;]<\/p>\n","protected":false},"author":3,"featured_media":0,"parent":601,"menu_order":0,"comment_status":"closed","ping_status":"closed","template":"","meta":{"_acf_changed":false,"footnotes":""},"class_list":["post-692","page","type-page","status-publish","hentry"],"acf":[],"_links":{"self":[{"href":"https:\/\/www.ufmg.br\/augm2025\/extensao\/wp-json\/wp\/v2\/pages\/692"}],"collection":[{"href":"https:\/\/www.ufmg.br\/augm2025\/extensao\/wp-json\/wp\/v2\/pages"}],"about":[{"href":"https:\/\/www.ufmg.br\/augm2025\/extensao\/wp-json\/wp\/v2\/types\/page"}],"author":[{"embeddable":true,"href":"https:\/\/www.ufmg.br\/augm2025\/extensao\/wp-json\/wp\/v2\/users\/3"}],"replies":[{"embeddable":true,"href":"https:\/\/www.ufmg.br\/augm2025\/extensao\/wp-json\/wp\/v2\/comments?post=692"}],"version-history":[{"count":4,"href":"https:\/\/www.ufmg.br\/augm2025\/extensao\/wp-json\/wp\/v2\/pages\/692\/revisions"}],"predecessor-version":[{"id":744,"href":"https:\/\/www.ufmg.br\/augm2025\/extensao\/wp-json\/wp\/v2\/pages\/692\/revisions\/744"}],"up":[{"embeddable":true,"href":"https:\/\/www.ufmg.br\/augm2025\/extensao\/wp-json\/wp\/v2\/pages\/601"}],"wp:attachment":[{"href":"https:\/\/www.ufmg.br\/augm2025\/extensao\/wp-json\/wp\/v2\/media?parent=692"}],"curies":[{"name":"wp","href":"https:\/\/api.w.org\/{rel}","templated":true}]}}