{"id":695,"date":"2025-11-24T14:57:28","date_gmt":"2025-11-24T17:57:28","guid":{"rendered":"https:\/\/www.ufmg.br\/augm2025\/extensao\/?page_id=695"},"modified":"2025-11-26T10:51:47","modified_gmt":"2025-11-26T13:51:47","slug":"sessao-de-posteres-09h30-as-10h50","status":"publish","type":"page","link":"https:\/\/www.ufmg.br\/augm2025\/extensao\/programacao-cronograma\/sessao-de-posteres-09h30-as-10h50\/","title":{"rendered":"Sess\u00e3o de p\u00f4steres \u2013 09:30 \u00e0s 10:50"},"content":{"rendered":"\n<figure class=\"wp-block-table has-small-font-size\"><table><tbody><tr><td><strong>PAINEL<\/strong><\/td><td><strong>T\u00cdTULO<\/strong><\/td><td><strong>AUTORES<\/strong><\/td><\/tr><tr><td>1<\/td><td>O IMPACTO DE FATORES SOCIOECON\u00d4MICOS E CL\u00cdNICOS SOBRE A DOR DENT\u00c1RIA EM CRIAN\u00c7AS COM TRANSTORNO DO ESPECTRO AUTISTA E\/OU TRANSTORNO DE D\u00c9FICIT DE ATEN\u00c7\u00c3O E HIPERATIVIDADE ATENDIDAS EM PROJETO DE EXTENS\u00c3O<\/td><td>BRUNO LU\u00cdS DE CARVALHO VIEIRA; CAU\u00c3 GABRIEL DOS SANTOS; D\u00c9BORA GUEDES DA MOTA; ELIANE MARIA MASCARENHAS DA SILVA; FL\u00c1VIO DE FREITAS MATTOS; GUSTAVO LOTTERMAN LORENZ; JOS\u00c9 GABRIEL VICTOR COSTA SILVA; KELIANY ALVES MARIANO; LA\u00cdS BRAGA PAULON; LAYSA VIT\u00d3RIA DA SILVA SENA; LUIS OTAVIO PEREIRA DA SILVA; MARIANA CASTRO SILVA; MAURO HENRIQUE NOGUEIRA GUIMAR\u00c3ES DE ABREU; RENATA K\u00c9ZIA PEREIRA DOS ANJOS; SAMIRA SUELEN; SANDRA MARINA ANTUNES DA ROCHA; THIAGO CALDEIRA DINIZ; THIAGO PEIXOTO DA MOTTA; L\u00cdVIA GUIMAR\u00c3ES ZINA; ANA CLARA VALADARES DA SILVEIRA; FABIANA VARGAS-FERREIRA<\/td><\/tr><tr><td>1<\/td><td>AN\u00c1LISE DO TELETRABALHO DOS SERVIDORES DA UNIVERSIDADE FEDERAL DE MINAS GERAIS NOS ANOS DE PANDEMIA DE COVID-19 &#8211; 2020 E 2021 COM FOCO NA EXTENS\u00c3O UNIVERSIT\u00c1RIA<\/td><td>GILMA PEREIRA DE&nbsp; OLIVEIRA<\/td><\/tr><tr><td>1<\/td><td>INDICADORES DE EXTENS\u00c3O: ESTUDO DE CASO EM UMA INSTITUI\u00c7\u00c3O FEDERAL DE DE EDUCA\u00c7\u00c3O PROFISSIONAL E TECNOL\u00d3GICA<\/td><td>ADRIANE ZANGIACOMO FOLIGNO<\/td><\/tr><tr><td>2<\/td><td>CONECTANDO UNIVERSIDADE E SOCIEDADE: O PROJETO ESTA\u00c7\u00c3O ABERTA NA EECO-UFMG<\/td><td>MICHELLE GON\u00c7ALVES<\/td><\/tr><tr><td>2<\/td><td>OLIMPIADA PARAGUAYA DE BIOLOG\u00cdA \u201cACERCAMOS LA CIENCIA A NUEVOS HORIZONTES, INSPIRAMOS VOCACIONES E IMPULSAMOS EL FUTURO\u201d<\/td><td>LINDA VER\u00d3NICA ESTHER DENIS IBARS<\/td><\/tr><tr><td>2<\/td><td>PROCESSO DE INSTITUCIONALIZA\u00c7\u00c3O DO CUIDADO ENTRE A EXTENS\u00c3O UNIVERSIT\u00c1RIA E MATERNIDADES DE BELO HORIZONTE\/MG<\/td><td>GIOVANNA ALVES CARVALHO; LUIZA GON\u00c7ALVES GOMES CAMPOS; JULIANA DE OLIVEIRA MARCATTO<\/td><\/tr><tr><td>2<\/td><td>A IMPLEMENTA\u00c7\u00c3O DA CURRICULARIZA\u00c7\u00c3O DA EXTENS\u00c3O NA UNIVERSIDADE FUMEC: DESAFIOS, ESTRAT\u00c9GIAS E IMPACTOS<\/td><td>ADRIANA TEIXEIRA<\/td><\/tr><tr><td>3<\/td><td>A INFLU\u00caNCIA DE \u00c1REAS VERDES PROTEGIDAS NA EDUCA\u00c7\u00c3O AMBIENTAL: A PERCEP\u00c7\u00c3O DOS EDUCADORES DA ESTA\u00c7\u00c3O ECOL\u00d3GICA DA UFMG<\/td><td>VITORIA GENEROSO<\/td><\/tr><tr><td>3<\/td><td>PROJETO MENU: EFEITO DE INTERVEN\u00c7\u00d5ES DE EDUCA\u00c7\u00c3O ALIMENTAR E NUTRICIONAL NAS HABILIDADES CULIN\u00c1RIAS, NA QUALIDADE DA DIETA E NAS MOTIVA\u00c7\u00d5ES ALIMENTARES DE ADULTOS COM EXCESSO DE PESO<\/td><td>GIOVANA CORR\u00caA ALTEMARI; NAT\u00c1LIA LEITE LEMES; EMANUELE DE OLIVEIRA DORTA<\/td><\/tr><tr><td>3<\/td><td>IMPLEMENTA\u00c7\u00c3O DE PROTOCOLO: ESCALAS DE AVALIA\u00c7\u00c3O DA DOR EM HOSPITAL DE M\u00c9DIA COMPLEXIDADE.<\/td><td>MELISSSA SOARES SILVA<\/td><\/tr><tr><td>4<\/td><td>O OLHAR DISCENTE SOBRE O DI\u00c1LOGO ENTRE UNIVERSIDADE E EDUCA\u00c7\u00c3O B\u00c1SICA: UMA AN\u00c1LISE DOS RESUMOS DO ENCONTRO DE EXTENS\u00c3O DA UFMG SOBRE A UFMG JOVEM (2008 A 2024).<\/td><td>ANDR\u00c9 MENDON\u00c7A<\/td><\/tr><tr><td>4<\/td><td>HABILIDADES CULIN\u00c1RIAS E QUALIDADE DA DIETA DE ADULTOS E IDOSOS: EFEITO DE INTERVEN\u00c7\u00d5ES DE EDUCA\u00c7\u00c3O ALIMENTAR E NUTRICIONAL<\/td><td>ANDRESSA BEATRIZ MARTIM<\/td><\/tr><tr><td>4<\/td><td>AS DIRETRIZES DA EXTENS\u00c3O UNIVERSIT\u00c1RIA E SUA APLICA\u00c7\u00c3O: RELATO DE EXPERI\u00caNCIA EM PROJETO DE EXTENS\u00c3O DA FACULDADE DE ODONTOLOGIA DA UFMG<\/td><td>BRUNO LU\u00cdS DE CARVALHO VIEIRA; ELIANE MARIA MASCARENHAS DA SILVA; GUSTAVO LOTTERMAN LORENZ; JOS\u00c9 GABRIEL VICTOR COSTA SILVA; KELIANY ALVES MARIANO; LA\u00cdS BRAGA PAULON; LAYSA VITORIA DA SILVA SENA; RENATA K\u00c9ZIA PEREIRA DOS ANJOS; SAMIRA SUELEN ANDRADE VIEIRA; SANDRA MARINA ANTUNES DA ROCHA; TANIA MARA PIMENTA AMARAL; CAU\u00c3 GABRIEL DOS SANTOS; FABIANA VARGAS-FERREIRA<\/td><\/tr><tr><td>4<\/td><td>QU\u00cdMICA EN ACCI\u00d3N, EXPLORANDO LA QU\u00cdMICA DE LOS ALIMENTOS.<\/td><td>JORGE BELOTTO<\/td><\/tr><tr><td>5<\/td><td>EXTENSI\u00d3N, CULTURA Y PARTICIPACI\u00d3N: UNA MIRADA DESDE LA FCE-UNE<\/td><td>GABRIELA ALIENDRE TRONCOSO<\/td><\/tr><tr><td>5<\/td><td>LA CULTURA COMO ELEMENTO DE CONEXI\u00d3N CON LA SOCIEDAD<\/td><td>MAR\u00cdA GRACIELA M\u00c9NDEZ MARECOS<\/td><\/tr><tr><td>5<\/td><td>CINECLUBE CINELATINO: IMAGENS DA AM\u00c9RICA LATINA A SEREM DECIFRADAS<\/td><td>BRUNA TASATO<\/td><\/tr><tr><td>6<\/td><td>EDUCA\u00c7\u00c3O AMBIENTAL E SUSTENTABILIDADE: IMPLANTA\u00c7\u00c3O DE HORTA MEDICINAL E JARDIM EM ESCOLA P\u00daBLICA RURAL<\/td><td>TAMIRES DA SILVA GON\u00c7ALVES<\/td><\/tr><tr><td>6<\/td><td>ARTE E CI\u00caNCIA EM PLACAS DE PETRI: PR\u00c1TICAS DE EDUCA\u00c7\u00c3O AMBIENTAL COM BIOFERTILIZANTES<\/td><td>GIOVANA ALVES DE ANDRADE<\/td><\/tr><tr><td>6<\/td><td>PRODU\u00c7\u00c3O DE MUDAS NATIVAS DO CERRADO NO AMBIENTE ESCOLAR COMO ESPA\u00c7O DE APRENDIZADO SUSTENT\u00c1VEL E FERRAMENTA DE EDUCA\u00c7\u00c3O AMBIENTAL<\/td><td>POLIANA PONCIANO SILV\u00c9RIO<\/td><\/tr><tr><td>6<\/td><td>COMPOSTAGEM COM CRIAN\u00c7AS EM ESCOLA QUILOMBOLA: UMA ABORDAGEM DE EDUCA\u00c7\u00c3O AMBIENTAL PARA A INCLUS\u00c3O E A SUSTENTABILIDADE<\/td><td>SARA GABRIELA SOARES ALMEIDA<\/td><\/tr><tr><td>7<\/td><td>MELIPONICULTURA COMO ESTRAT\u00c9GIA DE REPARA\u00c7\u00c3O SOCIOAMBIENTAL P\u00d3S-ROMPIMENTO DA BARRAGEM DE FUND\u00c3O: AVALIA\u00c7\u00c3O E PERCEP\u00c7\u00c3O DOS PARTICIPANTES EM MINAS GERAIS<\/td><td>AD\u00c3O J\u00daNIOR VIANA DE PAULA<\/td><\/tr><tr><td>7<\/td><td>FLORARTE: UMA TRAJET\u00d3RIA DE EDUCA\u00c7\u00c3O AMBIENTAL E TRANSFORMA\u00c7\u00c3O SOCIAL EM ESCOLAS RURAIS DO VALE DO JEQUITINHONHA<\/td><td>JANA\u00cdNA FERNANDES GON\u00c7ALVES<\/td><\/tr><tr><td>7<\/td><td>SISTEMATIZACI\u00d3N DE LA INFORMACI\u00d3N FINANCIERA PARA LA SOSTENIBILIDAD DE LOS EMPRENDIMIENTOS EMERGENTES<\/td><td>LUIS JAVIER ALVAREZ DIAZ<\/td><\/tr><tr><td>8<\/td><td>JARDIM LOUISE RIBEIRO &#8211; EDUCA\u00c7\u00c3O PARA A EQUIDADE DE G\u00caNERO E EDUCA\u00c7\u00c3O AMBIENTAL A PARTIR DE UM JARDIM DE CERRADO<\/td><td>ISABEL SCHMIDT<\/td><\/tr><tr><td>8<\/td><td>SANEAMENTO RURAL: IMPLANTA\u00c7\u00c3O DE SISTEMA DE WETLANDS CONSTRU\u00cdDAS<\/td><td>MARTA SIVIERO GUILHERME PIRES<\/td><\/tr><tr><td>8<\/td><td>MAIS VERDE, MAIS VIDA: A\u00c7\u00d5ES INTEGRADAS DE RECUPERA\u00c7\u00c3O AMBIENTAL<\/td><td>MARIA CLARA LAGE FERREIRA<\/td><\/tr><tr><td>9<\/td><td>DA NORMA AO TERRIT\u00d3RIO: A EXTENS\u00c3O UNIVERSIT\u00c1RIA COMO PONTE PARA A DEFESA DAS APPS URBANAS E O DIREITO \u00c0 CIDADE<\/td><td>GUSTAVO LUIZ FARIA RIBEIRO<\/td><\/tr><tr><td>9<\/td><td>EXPERI\u00caNCIA DO PROJETO &#8220;\u00c1RVORES DA UENF&#8221; COM O ENSINO INFANTIL E FUNDAMENTAL<\/td><td>FABIANA APARECIDA CUNHA VICENTE<\/td><\/tr><tr><td>10<\/td><td>T\u00cdTULO: CERRADO VIVO: EDUCA\u00c7\u00c3O AMBIENTAL COMO FERRAMENTA EXTENSIONISTA PARA CONSERVA\u00c7\u00c3O SOCIOAMBIENTAL EM MINAS GERAIS<\/td><td>HENRIQUE BETHONICO DE JESUS; CAMILA BRAGA DAM\u00c1SIO; LU\u00cdSA COUTO GON\u00c7ALVES DE SOUZA; MARIA AUXILIADORA DRUMOND; GABRIELLA KATLHEEN LELES; AMANDA LOPES REIS; LUANA MARGARIDA SABINO LOBO; LAURA PROEN\u00c7A; B\u00c1RBARA DA SILVA MATOSO<\/td><\/tr><tr><td>10<\/td><td>A EDUCA\u00c7\u00c3O COMO PR\u00c1TICA DE LIBERDADE: O JORNAL ESCOLAR COMO PR\u00c1TICA EXTENSIONISTA EM ESCOLAS P\u00daBLICAS<\/td><td>ALICE KLEIN<\/td><\/tr><tr><td>10<\/td><td>A\u00c7\u00d5ES INSTITUCIONAIS E INTERDISCIPLINARES NO \u00c2MBITO DO PROGRAMA BANCO DE ALIMENTOS<\/td><td>INAYARA CRISTINA ALVES LACERDA; J\u00daLIA ANT\u00d4NIO VALENTIM; JANICE HENRIQUES DA SILVA AMARAL; ANA BEATRIZ SANTANA SANTOS; TANIA MARA SEGATELLI<\/td><\/tr><tr><td>10<\/td><td>TRILHAS INTERPRETATIVAS NA ESTA\u00c7\u00c3O ECOL\u00d3GICA DA UFMG: EDUCA\u00c7\u00c3O AMBIENTAL EM UMA \u00c1REA VERDE URBANA<\/td><td>LUANA MARGARIDA SABINO LOBO; ISABELA SANTANA SOFAL<\/td><\/tr><tr><td>11<\/td><td>GEOCI\u00caNCIAS NA EDUCA\u00c7\u00c3O B\u00c1SICA: AN\u00c1LISE CR\u00cdTICA E REFLEX\u00d5ES SOBRE A BNCC E A EDUCA\u00c7\u00c3O CIENT\u00cdFICA NO BRASIL<\/td><td>CARLA FERNANDA SILVA GARCIA; D\u00c9BORA SILVANO MOREIRA<\/td><\/tr><tr><td>11<\/td><td>MONITORAMENTO PARTICIPATIVO DA SA\u00daDE NAS \u00c1GUAS P\u00daBLICAS DE OURO PRETO, MINAS GERAIS<\/td><td>MILLA BITTENCOURT<\/td><\/tr><tr><td>11<\/td><td>URBANISMO EM MINAS GERAIS: MAPEAMENTO CULTURAL E AMBIENTAL COM PARTICIPA\u00c7\u00c3O COMUNIT\u00c1RIA<\/td><td>JULIANE RODRIGUES; RAQUEL VON RANDOW PORTES; LUCIANE TASCA; LAURA PINTON FONSECA; FABIO JOSE MARTINS DE LIMA<\/td><\/tr><tr><td>11<\/td><td>SENSIBILIZA\u00c7\u00c3O E PERTENCIMENTO: OFICINAS AMBIENTAIS COMO ESTRAT\u00c9GIAS DE PRESERVA\u00c7\u00c3O DO CERRADO<\/td><td>GABRIEL GUIMAR\u00c3ES FARIA; ANA JULIA DA COSTA RODRIGUES<\/td><\/tr><tr><td>12<\/td><td>PROCESSAMENTO DE ALIMENTOS REGIONAIS PARA A DIVERSIDADE DE RENDA E DESENVOLVIMENTO SUSTENT\u00c1VEL<\/td><td>FL\u00c1VIA BEATRIZ CUST\u00d3DIO; VER\u00d4NICA ORTIZ ALVARENGA<\/td><\/tr><tr><td>12<\/td><td>DI\u00c1LOGO, INOVA\u00c7\u00c3O E IMPACTO SOCIAL: O PAPEL DO PROGRAMA COMUNI NA EXTENS\u00c3O UNIVERSIT\u00c1RIA<\/td><td>C\u00c9SAR AUGUSTO NUNES; EGLE MENEZES DE SOUZA; LISIA SOUSA DE AGUILAR; MATHEUS ANCHIETA RAMIREZ; PEDRO DRUMMOND RODRIGUES<\/td><\/tr><tr><td>12<\/td><td>PROJETO \u00c1RVORES DA UENF: PRODUTOS E SERVI\u00c7OS<\/td><td>L\u00cdVIA PESSANHA GON\u00c7ALVES SANTANA<\/td><\/tr><tr><td>12<\/td><td>PROJETO INOVAQUA &#8211; INOVA\u00c7\u00c3O E COMPROMISSO SOCIAL<\/td><td>MATHEUS ANCHIETA RAMIREZ; PEDRO DRUMMOND RODRIGUES; THALITA OLIVEIRA DOS SANTOS<\/td><\/tr><tr><td>13<\/td><td>MINERA\u00c7\u00c3O PREDAT\u00d3RIO NO BRASI E MINAS GERAIS: ATUA\u00c7\u00c3O DA EXTENS\u00c3O E PESQUISA DO GRUPO EDUMITE NA PRODU\u00c7\u00c3O DE CONTE\u00daDOS E PESQUISA CR\u00cdTICA<\/td><td>DANIELA CAMPOLINA; LUSSANDRA GIANASI<\/td><\/tr><tr><td>13<\/td><td>RECICLANDO DI\u00c1LOGOS E EDUCA\u00c7\u00c3O AMBIENTAL: TRABALHANDO A PROBLEM\u00c1TICA DOS RES\u00cdDUOS S\u00d3LIDOS URBANOS POR MEIO DE UM JOGO DE TABULEIRO TEM\u00c1TICO<\/td><td>B\u00ca AFONSECA CRUZ CARVALHO; VITORIA AQUILA MIGUEL GENEROSO; IAF FANTINE LEAL CRUZ; LUANA MARGARIDA SABINO LOBO; GIOVANNA PELUZO<\/td><\/tr><tr><td>13<\/td><td>INTEGRA\u00c7\u00c3O UNIVERSIDADE-COMUNIDADE NO FOMENTO \u00c0 PRODU\u00c7\u00c3O AGROECOL\u00d3GICA<\/td><td>ARTHUR AUGUSTO RASPANTI RODRIGUES; GABRIELA LUIZA SOARES CLARINDO; MATHEUS ANCHIETA RAMIREZ; PEDRO DRUMMOND RODRIGUES<\/td><\/tr><tr><td>13<\/td><td>PROJETO DE EXTENS\u00c3O UNIVERSIT\u00c1RIA: INTERVEN\u00c7\u00c3O PRECOCE PARA LACTENTES DE RISCO (IPL)<\/td><td>MARIA EDUARDA MOREIRA MUNIZ<\/td><\/tr><tr><td>14<\/td><td>EDUCA\u00c7\u00c3O SEXUAL COMO PR\u00c1TICA TRANSFORMADORA: A\u00c7\u00d5ES PRESENCIAIS E DIGITAIS DO PROJETO MEU CORPO EU CUIDO<\/td><td>FERNANDA PAULINI<\/td><\/tr><tr><td>14<\/td><td>CONTRIBUI\u00c7\u00d5ES DA EXTENS\u00c3O UNIVERSIT\u00c1RIA SOBRE O TRANSTORNO DO ESPECTRO AUTISTA (TEA) NO PERCURSO DE DISCENTES<\/td><td>BRUNO LU\u00cdS DE CARVALHO VIEIRA; CAU\u00c3 GABRIEL DOS SANTOS; ELIANE MARIA MASCARENHAS DA SILVA; FL\u00c1VIO DE FREITAS MATTOS; JOS\u00c9 GABRIEL VICTOR COSTA SILVA; KELIANY ALVES MARIANO; LA\u00cdS BRAGA PAULON; LAYSA VIT\u00d3RIA DA SILVA SENA; LUISA GATTI-REIS; RAQUEL GONCALVES VIEIRA DE ANDRADE; RENATA K\u00c9ZIA PEREIRA DOS ANJOS; SAMIRA SUELEN ANDRADE VIEIRA; SANDRA MARINA ANTUNES DA ROCHA; SAUL MARTINS PAIVA; TANIA MARA PIMENTA AMARAL; GUSTAVO LOTTERMAN LORENZ; FABIANA VARGAS-FERREIRA<\/td><\/tr><tr><td>14<\/td><td>A COR DA CI\u00caNCIA, O SABOR DO CONHECIMENTO E O SONHO DE SER O QUE QUISER: A EXTENS\u00c3O UNIVERSIT\u00c1RIA NA FORMA\u00c7\u00c3O DE CRIAN\u00c7AS E ADOLESCENTES VULNER\u00c1VEIS<\/td><td>MARIA EDUARDA CARVALHO VARGAS<\/td><\/tr><tr><td>14<\/td><td>TRANSFORMANDO RES\u00cdDUOS EM CONSCI\u00caNCIA: COMPOSTAGEM COMO PR\u00c1TICA EDUCATIVA EM SEGURAN\u00c7A ALIMENTAR E SUSTENTABILIDADE INFANTIL<\/td><td>YARA PAULA NISHIYAMA HORTENSE<\/td><\/tr><tr><td>15<\/td><td>UNIMONTES SOLID\u00c1RIA: EXTENS\u00c3O UNIVERSIT\u00c1RIA COMO PONTE ENTRE O SABER E A TRANSFORMA\u00c7\u00c3O SOCIAL<\/td><td>ANA KAROLINE ANTUNES DIAS<\/td><\/tr><tr><td>15<\/td><td>A CONTRIBUI\u00c7\u00c3O DA EXTENS\u00c3O UNIVERSIT\u00c1RIA NA INTEGRALIDADE DO CUIDADO VOLTADO AOS PACIENTES PORTADORES DE DOEN\u00c7AS CR\u00d4NICAS NO TERRIT\u00d3RIO DE UMA CIDADE DO INTERIOR PAULISTA<\/td><td>JO\u00c3O MATHEUS CASSIANO DE ASSIS; ELIANA GOLDFARB CYRINO; EDUARDA DA SILVA MARTINS<\/td><\/tr><tr><td>15<\/td><td>EFEITOS FISIOL\u00d3GICOS, NUTRICIONAIS E COMPORTAMENTAIS DE UMA INTERVEN\u00c7\u00c3O DE ESTILO DE VIDA EM PESSOAS COM SOBREPESO E OBESIDADE: UM ESTUDO DE M\u00c9TODOS MISTOS<\/td><td>FABIANA BRAGA BENATTI; JOANA PEREIRA DE CARVALHO FERREIRA<\/td><\/tr><tr><td>15<\/td><td>PROJETO DE A\u00c7\u00d5ES PREVENTIVAS ODONTOL\u00d3GICAS (PAPO): EXTENS\u00c3O QUE CONECTA EDUCA\u00c7\u00c3O EM SA\u00daDE, TRANSFORMA\u00c7\u00c3O SOCIAL E CIDADANIA<\/td><td>ISABELLA SOUZA<\/td><\/tr><tr><td>15<\/td><td>A EXTENS\u00c3O UNIVERSIT\u00c1RIA COMO CONEX\u00c3O ENTRE A SA\u00daDE P\u00daBLICA E OS ACAD\u00caMICOS: RELATO DE EXPERI\u00caNCIA DA UNIMONTES SOLID\u00c1RIA<\/td><td>ANA GIULIA NOBRE VIEIRA DUR\u00c3ES<\/td><\/tr><tr><td>16<\/td><td>O IMPACTO DA EXTENS\u00c3O NO N\u00c3O USO DE SERVI\u00c7O ODONTOL\u00d3GICO DE CRIAN\u00c7AS E ADOLESCENTES COM TRANSTORNO DO ESPECTRO AUTISTA E\/OU TRANSTORNO DE D\u00c9FICIT DE ATEN\u00c7\u00c3O E HIPERATIVIDADE<\/td><td>ANA CLARA VALADARES DA SILVEIRA; BRUNO LU\u00cdS DE CARVALHO VIEIRA; CAU\u00c3 GABRIEL DOS SANTOS; D\u00c9BORA GUEDES DA MOTA; ELIANE MARIA MASCARENHAS DA SILVA; GUSTAVO LOTTERMAN LORENZ; JOS\u00c9 GABRIEL VICTOR COSTA SILVA; KELIANY ALVES MARIANO; LA\u00cdS BRAGA PAULON; LAYSA VIT\u00d3RIA DA SILVA SENA; LUIS OTAVIO PEREIRA DA SILVA; MAURO HENRIQUE NOGUEIRA GUIMAR\u00c3ES DE ABREU; RENATA K\u00c9ZIA PEREIRA DOS ANJOS; ROSA N\u00daBIA VIEIRA DE MOURA; SAMIRA SUELEN; SANDRA MARINA ANTUNES DA ROCHA; THIAGO PEIXOTO DA MOTTA; FABIANA VARGAS-FERREIRA<\/td><\/tr><tr><td>16<\/td><td>A PERCEP\u00c7\u00c3O DE FAM\u00cdLIAS DE CRIAN\u00c7AS E\/OU ADOLESCENTES COM TRANSTORNO DO ESPECTRO AUTISTA (TEA) SOBRE A ATEN\u00c7\u00c3O E ASSIST\u00caNCIA INTERDISCIPLINAR EM UM PROJETO DE EXTENS\u00c3O<\/td><td>BRUNO LU\u00cdS DE CARVALHO VIEIRA; CAU\u00c3 GABRIEL DOS SANTOS; ELIANE MARIA MASCARENHAS DA SILVA; FERNANDO HENRIQUE DA SILVA OLIVEIRA; GUSTAVO LOTTERMAN LORENZ; JOS\u00c9 GABRIEL VICTOR COSTA SILVA; KELIANY ALVES MARIANO; LA\u00cdS BRAGA PAULON; LUISA GATTI-REIS; RENATA K\u00c9ZIA PEREIRA DOS ANJOS; SAMIRA SUELEN ANDRADE VIEIRA; TANIA MARA PIMENTA AMARAL; FABIANA VARGAS-FERREIRA; LAYSA VIT\u00d3RIA DA SILVA SENA<\/td><\/tr><tr><td>16<\/td><td>AN\u00c1LISE DOS DESAFIOS RELACIONADOS \u00c0 SELETIVIDADE ALIMENTAR E \u00c0 HIGIENE BUCAL EM CRIAN\u00c7AS COM TRANSTORNO DO ESPECTRO AUTISTA: RELATO DE EXPERI\u00caNCIA EM PROJETO DE EXTENS\u00c3O<\/td><td>ANA LAURA OLIVEIRA STAUFFER; ANNA LUIZA GOMES CRISOSTOMO GOMES CRISOSTOMO; BRUNO LU\u00cdS DE CARVALHO VIEIRA; ELIANE MARIA MASCARENHAS DA SILVA; JOS\u00c9 GABRIEL VICTOR COSTA SILVA; KELIANY ALVES MARIANO; LA\u00cdS BRAGA PAULON; LAYSA VIT\u00d3RIA DA SILVA SENA; LET\u00cdCIA ALMEIDA MOREIRA; RENATA K\u00c9ZIA PEREIRA DOS ANJOS; SAMIRA SUELEN ANDRADE VIEIRA; SANDRA MARINA ANTUNES DA ROCHA; TANIA MARA PIMENTA AMARAL; THAIS EMANUELLE DA SILVA MACHADO; FABIANA VARGAS-FERREIRA<\/td><\/tr><tr><td>16<\/td><td>O IMPACTO DE A\u00c7\u00d5ES EXTENSIONISTAS NA FORMA\u00c7\u00c3O CR\u00cdTICA DE JOVENS SOBRE DROGAS E SEUS EFEITOS.<\/td><td>ARTHUR NUNES FERREIRA<\/td><\/tr><tr><td>17<\/td><td>EDUCA\u00c7\u00c3O EM MOVIMENTO: PERCEP\u00c7\u00c3O DOS PARTICIPANTES SOBRE O FORMA SB E OS&nbsp; IMPACTOS&nbsp; DO CURSO NA ATEN\u00c7\u00c3O PRIM\u00c1RIA \u00c0 SA\u00daDE<\/td><td>MARIA IN\u00caS BARREIROS SENNA; ELISETE CASOTTI; ANA MARIA FREIRE DE SOUZA LIMA; SARAH VIT\u00d3RIA MACIEL MORAES<\/td><\/tr><tr><td>17<\/td><td>BOCAS INVIS\u00cdVEIS, CUIDADOS VIS\u00cdVEIS: EXTENS\u00c3O EM SA\u00daDE BUCAL PARA A POPULA\u00c7\u00c3O EM SITUA\u00c7\u00c3O DE RUA<\/td><td>NAJARA BARBOSA DA ROCHA; GUSTAVO LOTTERMANN LORENZ; GUILHERME ALVES BRAZ; GUILHERME AUGUSTO MARCELINO; WESLEY CARVALHO DE ALMEIDA JUNIOR; GABRIEL VASCONCELOS VIANA BARBOSA; ISABELLA DE PAULA FARIA; J\u00daLIA CASTRO DE ALMEIDA; MARIA EDUARDA PAVAN BOCARDI; NATHALIA RAQUEL SANTOS SILVA; PAULO HENRIQUE CORREIA LIMA; SAMARA LIMA PEREIRA ZENLLI; VICTOR BENTO OIVEIRA; GUSTAVO CORREIA BASTO DA SILVA; FERNANDO HENRIQUE DA SILVA OLIVEIRA; ANDREIA MARIA ARA\u00daJO DRUMMOND; ROSANA LEAL DO PRADO<\/td><\/tr><tr><td>17<\/td><td>EVALUACI\u00d3N DEL CONTROL INTERNO A MIPYMES UBICADAS EN EL DEPARTAMENTO CENTRAL: DIAGN\u00d3STICO Y OPORTUNIDADES DE MEJORA.<\/td><td>CELINA GONZ\u00c1LEZ<\/td><\/tr><tr><td>17<\/td><td>ALIMENTA\u00c7\u00c3O SAUD\u00c1VEL NAS ESCOLAS: INTEGRA\u00c7\u00c3O UNIVERSIDADE, COMUNIDADE E EDUCA\u00c7\u00c3O<\/td><td>INAYARA CRISTINA ALVES LACERDA; HELENA DELORT; MARIA EDUARDA GUIMAR\u00c3ES DUTRA; ANA KARINE RESENDE LISBOA; RAQUEL LINHARES BELLO DE ARA\u00daJO; J\u00daLIA MENDES GROSSI FERREIRA; KARINE DA PENHA GON\u00c7ALVES<\/td><\/tr><tr><td>18<\/td><td>EXTENS\u00c3O E INCLUS\u00c3O DE M\u00c3OS DADAS COM A ABET<\/td><td>J\u00c9SSICA CARVALHO<\/td><\/tr><tr><td>18<\/td><td>XADREZ IMUNOL\u00d3GICO \u2013 GAMIFICA\u00c7\u00c3O E METODOLOGIAS ATIVAS NO ENSINO DE IMUNOLOGIA<\/td><td>SORAYA CASTRO TRINDADE; MATHEUS FERREIRA PORTO; VIN\u00cdCIUS MENESES L\u00c9LIS; CARLOS RAIMUNDO DOS SANTOS SOUZA; DAVID SAMPAIO MOREIRA; LAURA VALENTINA MEJIA MARULANDA; PHABLO VINICIUS DOS SANTOS CARNEIRO; DIEGO DOS SANTOS GOMES ESTR\u00caLA<\/td><\/tr><tr><td>18<\/td><td>DI\u00c1LOGOS PRA O BEM-VIVER: ACOLHIMENTO E TROCA DE SABERES EM DOEN\u00c7AS INFLAMAT\u00d3RIAS INTESTINAIS<\/td><td>ALEXANDRA SILVA SOUZA OLIVEIRA; LUANA ALMEIDA REZENDE; LARA HELLEN PRATES RIBEIRO; C\u00c9LIS LUZIA FURLAN LIMA<\/td><\/tr><tr><td>18<\/td><td>CONSTRUINDO ESPA\u00c7OS FORMATIVOS DE DI\u00c1LOGO E ACOLHIMENTO PARA ATEN\u00c7\u00c3O INTEGRAL EM SA\u00daDE DE POPULA\u00c7\u00d5ES LGBTIAPN+<\/td><td>ARTHUR DE BRIBEAN GUERRA; NAT\u00c1LIA REJANE SALIM; ALEKIN ANTONIO AMBROSIO; THIAGO LOUREIRO<\/td><\/tr><tr><td>19<\/td><td>EDUCA\u00c7\u00c3O E EXTENS\u00c3O UNIVERSIT\u00c1RIA: A EXPERI\u00caNCIA DA UNIMONTES SOLID\u00c1RIA NA COMUNIDADE QUILOMBOLA DE PO\u00c7\u00d5ES<\/td><td>EDSON BATISTA LOPES<\/td><\/tr><tr><td>19<\/td><td>O PAPEL DA EXTENS\u00c3O UNIVERSIT\u00c1RIA NA CONSTRU\u00c7\u00c3O DA CIDADANIA: UMA REVIS\u00c3O DA LITERATURA<\/td><td>SILMARA BRITO RIBEIRO<\/td><\/tr><tr><td>19<\/td><td>PERCEP\u00c7\u00d5ES E EXPERI\u00caNCIAS DE INDIV\u00cdDUOS REABILITADOS COM PR\u00d3TESE FACIAL: ESTUDO QUALITATIVO<\/td><td>DIOGO TALES DA SILVA<\/td><\/tr><tr><td>20<\/td><td>&#8220;PROJETO DE EXTENS\u00c3O TERAPIA PERIODONTAL DE SUPORTE: MANUTEN\u00c7\u00c3O&nbsp; LONGITUDINAL AOS PACIENTES PERIODONTAIS&#8221;<\/td><td>VICTORIA RIBEIRO MALTA<\/td><\/tr><tr><td>20<\/td><td>A INFLU\u00caNCIA DO PET-SA\u00daDE NA QUALIDADE DE ENSINO: UM PROCESSO DE REFORMULA\u00c7\u00c3O DO PPC DO CURSO DE FISIOTERAPIA DA UFTM<\/td><td>ISABEL APARECIDA PORCATTI DE WALSH; MARCIA ERCILIA FARIAS CAMPBELL; SURAYA GOMES NOVAIS SHIMANO; VIT\u00d3RIA HELENA MACIEL COELHO; LISLEI JORGE PATRIZZI MARTINS<\/td><\/tr><tr><td>20<\/td><td>SA\u00daDE INCLUSIVA PARA PESSOAS TRANS: A INFLU\u00caNCIA DA EXTENS\u00c3O UNIVERSIT\u00c1RIA NOS SERVI\u00c7OS DE SA\u00daDE<\/td><td>THIAGO CALDEIRA DINIZ<\/td><\/tr><tr><td>20<\/td><td>COMISS\u00c3O MACACOS E A LUTA POR PARTICIPA\u00c7\u00c3O NO CONTEXTO DOS CONFLITOS SOCIOAMBIENTAIS EM MINAS GERAIS<\/td><td>ISADORA CARDOSO; VIN\u00cdCIUS CORR\u00caA DA CRUZ; CAIO CREMASCO CICCONE; LU\u00cdSA DE CASTRO DUARTE DOS SANTOS; MARIA J\u00daLIA PAULINO PEREIRA; ANA\u00cdS RODRIGUES SOMARRIBA; MARIA FERNANDA SALCEDO REPOL\u00caS; DIEGO SANTOS DE&nbsp;OLIVEIRA; MARIA ALICE SORIA DA CUNHA<\/td><\/tr><tr><td>21<\/td><td>ASISTENCIA A LOS ABUELITOS RESIDENTES EN EL HOGAR DE ANCIANOS SAN FRANCISCO DE AS\u00cdS, HERNANDARIAS<\/td><td>NANCY ROSANNA M\u00c9NDEZ MOREL<\/td><\/tr><tr><td>21<\/td><td>EDUCA\u00c7\u00c3O AMBIENTAL COMO FERRAMENTA DE PERTENCIMENTO SOCIOAMBIENTAL: A\u00c7\u00d5ES DE EXTENS\u00c3O E PESQUISA JUNTO \u00c0 EDUCA\u00c7\u00c3O B\u00c1SICA DO MUNIC\u00cdPIO DE MARIANA\/MG<\/td><td>GABRIELA ZAKI MARTINS DOS SANTOS<\/td><\/tr><tr><td>21<\/td><td>ABORDAGEM MULTIDISCIPLINAR EM INDIV\u00cdDUOS COM TRANSTORNO DO ESPECTRO AUTISTA: O USO DAS REDES SOCIAIS COMO ESTRAT\u00c9GIA DE POPULARIZA\u00c7\u00c3O DA CI\u00caNCIA E PROMO\u00c7\u00c3O DA INCLUS\u00c3O EM SA\u00daDE<\/td><td>ANA CAROLINA VIANA RODRIGUES; BRUNO LU\u00cdS DE CARVALHO VIEIRA; D\u00c9BORA GUEDES DA MOTA; ELIANE MARIA MASCARENHAS DA SILVA; FL\u00c1VIO DE FREITAS MATTOS; JOS\u00c9 GABRIEL VICTOR COSTA SILVA; JULIA VIT\u00d3RIA FRANCA REINALDO; KELIANY ALVES MARIANO; LA\u00cdS BRAGA PAULON; LAYSA VIT\u00d3RIA DA SILVA SENA; LUANA NASCIMENTO PEREIRA; MARIANA CASTRO SILVA; RENATA K\u00c9ZIA PEREIRA DOS ANJOS; SAMIRA SUELEN ANDRADE VIEIRA; SANDRA MARINA ANTUNES DA ROCHA; TATIELLE DA SILVA VAL; THAIS ALVES DE OLIVEIRA; THALINY VIT\u00d3RIA DINIZ REIS; THIAGO CALDEIRA DINIZ; THIAGO PEIXOTO DA MOTTA; WIDLA EMANUELLA PEREIRA BARRETO GARCEZ; YAN VICTOR DE ANDRADE PEREIRA; FABIANA VARGAS-FERREIRA<\/td><\/tr><tr><td>21<\/td><td>A COMUNICA\u00c7\u00c3O COMO PILAR DA EXTENS\u00c3O: A TRAJET\u00d3RIA E TRANSFORMA\u00c7\u00c3O DO PROJETO \u201cDROGAS: O QUE VOC\u00ca DEVE SABER!\u201d<\/td><td>MARIA EDUARDA SOUZA LEITE AMORIM<\/td><\/tr><tr><td>22<\/td><td>KOSKO: INTELIGENCIA ARTIFICIAL, COLABORACI\u00d3N INTERNACIONAL Y REDES EDUCATIVAS PARA TRANSFORMAR LA ENSE\u00d1ANZA DE CIENCIAS Y MATEM\u00c1TICAS<\/td><td>SANDRA L\u00d3PEZ<\/td><\/tr><tr><td>22<\/td><td>COOPERACI\u00d3N INTERNACIONAL PARA ENFRENTAR DESAF\u00cdOS SANITARIOS GLOBALES DESDE UNA PERSPECTIVA INTERDISCIPLINARIA: PROYECTO CONJUNTO ENTRE EL LABORATORIO DE BIOINFORM\u00c1TICA INTEGRATIVA DE LA UFMG Y LA C\u00c1TEDRA DE ENFERMEDADES INFECCIOSAS DE LA FCV-UBA<\/td><td>ROMINA LEIVA<\/td><\/tr><tr><td>22<\/td><td>FARMEX: ESTRAT\u00c9GIAS DIGITAIS NA COMUNICA\u00c7\u00c3O EM SA\u00daDE EM TEMPOS DE PANDEMIA<\/td><td>AMANDA PACHECO DE ALENCAR<\/td><\/tr><tr><td>22<\/td><td>CONSTRU\u00c7\u00c3O DA ANATOMIA HUMANA SOB A PERSPECTIVA DO PROJETO MENTE ANAT\u00d4MICA: UM MOSAICO ENTRE DIVULGA\u00c7\u00c3O CIENT\u00cdFICA, CULTURA E EXTENS\u00c3O<\/td><td>VICTOR FERNANDES DE OLIVEIRA<\/td><\/tr><\/tbody><\/table><\/figure>\n","protected":false},"excerpt":{"rendered":"<p>PAINEL T\u00cdTULO AUTORES 1 O IMPACTO DE FATORES SOCIOECON\u00d4MICOS E CL\u00cdNICOS SOBRE A DOR DENT\u00c1RIA EM CRIAN\u00c7AS COM TRANSTORNO DO ESPECTRO AUTISTA E\/OU TRANSTORNO DE D\u00c9FICIT DE ATEN\u00c7\u00c3O E HIPERATIVIDADE ATENDIDAS EM PROJETO DE EXTENS\u00c3O BRUNO LU\u00cdS DE CARVALHO VIEIRA; CAU\u00c3 GABRIEL DOS SANTOS; D\u00c9BORA GUEDES DA MOTA; ELIANE MARIA MASCARENHAS DA SILVA; FL\u00c1VIO DE [&hellip;]<\/p>\n","protected":false},"author":3,"featured_media":0,"parent":601,"menu_order":0,"comment_status":"closed","ping_status":"closed","template":"","meta":{"_acf_changed":false,"footnotes":""},"class_list":["post-695","page","type-page","status-publish","hentry"],"acf":[],"_links":{"self":[{"href":"https:\/\/www.ufmg.br\/augm2025\/extensao\/wp-json\/wp\/v2\/pages\/695"}],"collection":[{"href":"https:\/\/www.ufmg.br\/augm2025\/extensao\/wp-json\/wp\/v2\/pages"}],"about":[{"href":"https:\/\/www.ufmg.br\/augm2025\/extensao\/wp-json\/wp\/v2\/types\/page"}],"author":[{"embeddable":true,"href":"https:\/\/www.ufmg.br\/augm2025\/extensao\/wp-json\/wp\/v2\/users\/3"}],"replies":[{"embeddable":true,"href":"https:\/\/www.ufmg.br\/augm2025\/extensao\/wp-json\/wp\/v2\/comments?post=695"}],"version-history":[{"count":5,"href":"https:\/\/www.ufmg.br\/augm2025\/extensao\/wp-json\/wp\/v2\/pages\/695\/revisions"}],"predecessor-version":[{"id":746,"href":"https:\/\/www.ufmg.br\/augm2025\/extensao\/wp-json\/wp\/v2\/pages\/695\/revisions\/746"}],"up":[{"embeddable":true,"href":"https:\/\/www.ufmg.br\/augm2025\/extensao\/wp-json\/wp\/v2\/pages\/601"}],"wp:attachment":[{"href":"https:\/\/www.ufmg.br\/augm2025\/extensao\/wp-json\/wp\/v2\/media?parent=695"}],"curies":[{"name":"wp","href":"https:\/\/api.w.org\/{rel}","templated":true}]}}