{"id":141,"date":"2016-05-25T10:41:34","date_gmt":"2016-05-25T13:41:34","guid":{"rendered":"http:\/\/150.164.74.193\/coep_novo\/?page_id=141"},"modified":"2026-01-19T13:52:00","modified_gmt":"2026-01-19T16:52:00","slug":"home","status":"publish","type":"page","link":"https:\/\/www.ufmg.br\/bioetica\/cep\/","title":{"rendered":"Home"},"content":{"rendered":"<div>\u00a0<strong><span style=\"color: #ff0000;\">A data limite para recep\u00e7\u00e3o de projetos de pesquisa ser\u00e1 10\/11\/25\u00a0 para a an\u00e1lise em 2025, j\u00e1 que\u00a0 a \u00faltima reuni\u00e3o do semestre ser\u00e1 em 10\/12\/25.\u00a0<\/span><\/strong><\/div>\n<p><span style=\"color: #0000ff;\">Clique\u00a0<u><a href=\"https:\/\/drive.google.com\/file\/d\/1PlNKdCLm-hOzVIGirOq3IS39PoKGPvZn\/view?usp=sharing\">aqui<\/a><\/u>\u00a0 para <span style=\"font-size: medium;\">webin\u00e1rio sobre a Lei n\u00ba 14.874\/2024 que acontecer\u00e1 no dia 20\/01\/26 \u00e0s 19:00 horas.<\/span><\/span><\/p>\n<p>O Comit\u00ea de \u00c9tica em Pesquisa &#8211; CEP-UFMG \u00e9 o \u00f3rg\u00e3o institucional da <a href=\"http:\/\/www.ufmg.br\">UFMG<\/a> que visa proteger o bem-estar dos indiv\u00edduos participantes em pesquisas realizadas no \u00e2mbito da Universidade. Necessitam da aprova\u00e7\u00e3o do CEP-UFMG os projetos de pesquisa, cuja fonte prim\u00e1ria de informa\u00e7\u00e3o seja o ser humano, individual ou coletivamente, direta ou indiretamente &#8211; incluindo suas partes. Isto inclui material biol\u00f3gico ou dados j\u00e1 armazenados.<\/p>\n<div align=\"justify\">A an\u00e1lise \u00e9tica pelo COEP n\u00e3o se restringe aos poss\u00edveis riscos que algu\u00e9m possa correr por participar da pesquisa. As diretrizes observadas para an\u00e1lise constam de v\u00e1rias <a href=\"http:\/\/www.ufmg.br\/bioetica\/coep\/resolucoes\/\">Resolu\u00e7\u00f5es do CNS.<\/a><\/div>\n<div align=\"justify\"><\/div>\n<div align=\"justify\">O CEP \u00e9 interdisciplinar, constitu\u00eddo por <a href=\"https:\/\/www.ufmg.br\/bioetica\/cep\/membros\/\">profissionais<\/a> de ambos os sexos, al\u00e9m de pelo menos um representante da comunidade. \u00c9 aut\u00f4nomo em suas decis\u00f5es e administrativamente vinculado \u00e0 Pr\u00f3-Reitoria de Pesquisa &#8211; PRPq. O COEP \u00e9 um dos Comit\u00eas de \u00c9tica brasileiros vinculados ao Sistema <a href=\"http:\/\/conselho.saude.gov.br\/comissao\/doc_ref_eticpesq.htm\" target=\"_self\">CEP-CONEP<\/a>. O Sistema CEP-CONEP \u00e9 organizado pela Comiss\u00e3o Nacional de \u00c9tica em Pesquisa &#8211; <a href=\"http:\/\/conselho.saude.gov.br\/comissao\/eticapesq.htm\" target=\"_self\">CONEP<\/a>, \u00f3rg\u00e3o consultivo do <a href=\"http:\/\/conselho.saude.gov.br\/\" target=\"_self\">Conselho Nacional de Sa\u00fade (CNS)<\/a>, com sede em Bras\u00edlia. As caracter\u00edsticas e atribui\u00e7\u00f5es dos Comit\u00eas de \u00c9tica em Pesquisa no Brasil est\u00e3o contidas na Resolu\u00e7\u00e3o 466\/12 do CNS. <strong>Hor\u00e1rio\u00a0de atendimento:<\/strong> de\u00a09:00h \u00e0s 11:00 e de\u00a014:00h \u00e0s 16:00h .<\/div>\n<div align=\"justify\">\n<p><strong>Os atendimentos presenciais para as 2\u00aa, 3\u00aa , 5\u00aa e 6\u00aa feiras ser\u00e3o realizados mediante agendamento pr\u00e9vio pelo email: <a href=\"mailto:coep@prpq.ufmg.br\">coep@prpq.ufmg.br<\/a>. Caso\u00a0 a inten\u00e7\u00e3o de atendimento seja\u00a0 para os dias 4\u00aa feiras n\u00e3o h\u00e1 necessidade \u00a0de agendamento desde que seja observado o hor\u00e1rio de funcionamento do CEP.<\/strong><\/p>\n<\/div>\n<div align=\"justify\"><\/div>\n<div align=\"justify\">\u00a0Atendimento telef\u00f4nico plataformabrasil de segunda \u00e0 sexta, das 08h \u00e0s 20h. Disque sa\u00fade 136, escolha op\u00e7\u00e3o 8 e depois 9, solicitar atendimento ao suporte da Plataforma Brasil.<\/div>\n<div align=\"justify\">\n<p>&nbsp;<\/p>\n<\/div>\n<div align=\"justify\"><span style=\"color: #ff0000;\">OBSERVA\u00c7\u00d5ES:<\/span><\/div>\n<div align=\"justify\"><\/div>\n<div align=\"justify\">\n<p><span style=\"color: #ff0000;\">1 &#8211; O CEP n\u00e3o envia emails sobre tramita\u00e7\u00e3o de projetos pois n\u00e3o \u00e9 administrador do sistema. Dessa forma, solicitamos a todos acompanhar a tramita\u00e7\u00e3o do projeto regularmente na Plataforma Brasil observando o status do mesmo.\u00a0<\/span><\/p>\n<\/div>\n<div align=\"justify\">\n<p><span style=\"color: #ff0000;\">2 &#8211; O projeto s\u00f3 come\u00e7a a tramitar de fato no CEP ap\u00f3s a recep\u00e7\u00e3o do mesmo, com a documenta\u00e7\u00e3o correta conforme checklist dispon\u00edvel na aba formul\u00e1rios. Ap\u00f3s a recep\u00e7\u00e3o o projeto ganha n\u00famero CAAE, por gentileza acompanhar regularmente.<\/span><\/p>\n<p><span style=\"color: #ff0000;\">3 &#8211; S\u00f3 podem ser recebidos projetos constando como pesquisador respons\u00e1vel pessoal do quadro da UFMG(docente ou TAE), conforme Regimento Interno.<\/span><\/p>\n<\/div>\n<p>&nbsp;<\/p>\n<div align=\"justify\">\n<p>&nbsp;<\/p>\n<p><span style=\"color: #ff0000;\">\u00a0<\/span><\/p>\n<\/div>\n<div align=\"justify\">\n<p>&nbsp;<\/p>\n<p><strong><u>\u00a0<\/u><\/strong><\/p>\n<\/div>\n","protected":false},"excerpt":{"rendered":"<p>\u00a0A data limite para recep\u00e7\u00e3o de projetos de pesquisa ser\u00e1 10\/11\/25\u00a0 para a an\u00e1lise em 2025, j\u00e1 que\u00a0 a \u00faltima reuni\u00e3o do semestre ser\u00e1 em 10\/12\/25.\u00a0 Clique\u00a0aqui\u00a0 para webin\u00e1rio sobre a Lei n\u00ba 14.874\/2024 que acontecer\u00e1 no dia 20\/01\/26 \u00e0s 19:00 horas. O Comit\u00ea de \u00c9tica em Pesquisa &#8211; CEP-UFMG \u00e9 o \u00f3rg\u00e3o institucional da [&hellip;]<\/p>\n","protected":false},"author":1,"featured_media":0,"parent":0,"menu_order":0,"comment_status":"closed","ping_status":"closed","template":"","meta":{"footnotes":""},"categories":[],"class_list":["post-141","page","type-page","status-publish","hentry"],"_links":{"self":[{"href":"https:\/\/www.ufmg.br\/bioetica\/cep\/wp-json\/wp\/v2\/pages\/141","targetHints":{"allow":["GET"]}}],"collection":[{"href":"https:\/\/www.ufmg.br\/bioetica\/cep\/wp-json\/wp\/v2\/pages"}],"about":[{"href":"https:\/\/www.ufmg.br\/bioetica\/cep\/wp-json\/wp\/v2\/types\/page"}],"author":[{"embeddable":true,"href":"https:\/\/www.ufmg.br\/bioetica\/cep\/wp-json\/wp\/v2\/users\/1"}],"replies":[{"embeddable":true,"href":"https:\/\/www.ufmg.br\/bioetica\/cep\/wp-json\/wp\/v2\/comments?post=141"}],"version-history":[{"count":133,"href":"https:\/\/www.ufmg.br\/bioetica\/cep\/wp-json\/wp\/v2\/pages\/141\/revisions"}],"predecessor-version":[{"id":1075,"href":"https:\/\/www.ufmg.br\/bioetica\/cep\/wp-json\/wp\/v2\/pages\/141\/revisions\/1075"}],"wp:attachment":[{"href":"https:\/\/www.ufmg.br\/bioetica\/cep\/wp-json\/wp\/v2\/media?parent=141"}],"wp:term":[{"taxonomy":"category","embeddable":true,"href":"https:\/\/www.ufmg.br\/bioetica\/cep\/wp-json\/wp\/v2\/categories?post=141"}],"curies":[{"name":"wp","href":"https:\/\/api.w.org\/{rel}","templated":true}]}}