{"id":145,"date":"2016-05-25T10:42:22","date_gmt":"2016-05-25T13:42:22","guid":{"rendered":"http:\/\/150.164.74.193\/coep_novo\/?page_id=145"},"modified":"2023-12-26T12:48:56","modified_gmt":"2023-12-26T14:48:56","slug":"formularios","status":"publish","type":"page","link":"https:\/\/www.ufmg.br\/bioetica\/cep\/formularios\/","title":{"rendered":"Formul\u00e1rios"},"content":{"rendered":"<table width=\"938\">\n<tbody>\n<tr>\n<td>\n<p><span style=\"color: #ff0000;\"><strong><span style=\"color: #000000;\">Recebemos protocolos exigem assinatura e carimbo tamb\u00e9m por meio da assinatura digital\u00a0 do SEI (Sistema eletr\u00f4nico de Informa\u00e7\u00f5es da UFMG). Isso quer dizer, os anexos obrigat\u00f3rios devem constar a assinatura digital que \u00e9 usada do SEI, os projetos n\u00e3o devem ser enviados pelo SEI, pois\u00a0 essa n\u00e3o \u00e9 a plataforma oficial para recebimento de projetos de pesquisa. Dessa forma, os protocolos enviados pelo SEI n\u00e3o ser\u00e3o recebidos. <\/span><\/strong><\/span><\/p>\n<p style=\"text-align: justify;\"><span style=\"color: #000000;\">\u00a0<\/span><\/p>\n<p style=\"text-align: justify;\">Observa\u00e7\u00e3o importante: as pend\u00eancias documentais s\u00e3o resultantes de uma checagem preliminar dos documentos obrigat\u00f3rios para a submiss\u00e3o ao CEP,logo\u00a0essa pend\u00eancia <strong>n\u00e3o \u00e9 da reuni\u00e3o colegiada do CEP<\/strong>.\u00a0Para que o projeto receba n\u00famero CAAE e continue a tramitar no CEP\u00a0at\u00e9 ser analisado em reuni\u00e3o, <strong>ele precisa possuir toda a documenta\u00e7\u00e3o obrigat\u00f3ria de checklist \u00a0conforme instru\u00e7\u00f5es no site do Comit\u00ea.<\/strong> O Colegiado do CEP analisar\u00e1 o conte\u00fado do projeto e tamb\u00e9m poder\u00e1 gerar pend\u00eancias (dilig\u00eancias).\u00a0O pesquisador deve estar atento ao Calend\u00e1rio Acad\u00eamico, pois o c\u00f4mputo dos prazos s\u00e3o suspensos durante os recessos e fins de semana.<\/p>\n<\/td>\n<\/tr>\n<tr>\n<td>\n<p><a href=\"https:\/\/www.ufmg.br\/bioetica\/cep\/wp-content\/uploads\/2021\/12\/Submiss\u00e3o-de-Projeto-de-Pesquisa.pdf\">Guia de submiss\u00e3o<\/a> na PlataformaBrasil<\/p>\n<p><a href=\"https:\/\/www.ufmg.br\/bioetica\/cep\/wp-content\/uploads\/2021\/12\/anexar.pdf\">Instru\u00e7\u00f5es<\/a> para habilitar a\u00a0 aba de anexar<\/p>\n<p><a href=\"https:\/\/www.ufmg.br\/bioetica\/cep\/wp-content\/uploads\/2023\/09\/Check-list-para-submiss\u00e3o-de-projetos.doc\">Documenta\u00e7\u00e3o<\/a>\u00a0necess\u00e1ria para avalia\u00e7\u00e3o de projetos pelo CEP<\/p>\n<p><a href=\"https:\/\/www.ufmg.br\/bioetica\/cep\/wp-content\/uploads\/2021\/07\/%C3%80s-C%C3%A2maras-Departamentais-da-UFMG.pdf\">Carta Circular\u00a0do CE<\/a>P<a href=\"https:\/\/www.ufmg.br\/bioetica\/cep\/wp-content\/uploads\/2021\/07\/%C3%80s-C%C3%A2maras-Departamentais-da-UFMG.pdf\">\u00a0<\/a>\u00e0s C\u00e2maras Departamentais e Colegiados de P\u00f3s Gradua\u00e7\u00e3o\u00a0sobre recomenda\u00e7\u00f5es ao seu Parecer Consubstanciado de cunho t\u00e9cnico-cient\u00edfico<\/p>\n<div dir=\"ltr\">\n<div><a href=\"https:\/\/www.ufmg.br\/bioetica\/cep\/wp-content\/uploads\/2021\/12\/OrientacoesProjetoEnsinoPesquisa-1.pdf\">Orienta\u00e7\u00f5es\u00a0<\/a>para projetos com interface em ensino e pesquisa<\/div>\n<div>\u00a0<\/div>\n<\/div>\n<p><a href=\"http:\/\/conselho.saude.gov.br\/Web_comissoes\/conep\/aquivos\/conep\/relatorio_final_encerramento.pdf\">Orienta\u00e7\u00f5es <\/a>para elabora\u00e7\u00e3o de relat\u00f3rio final ( Estudos cl\u00ednicos unic\u00eantricos e multic\u00eantricos envio via plataformaBrasil por notifica\u00e7\u00e3o).<\/p>\n<p><a href=\"https:\/\/www.ufmg.br\/bioetica\/cep\/wp-content\/uploads\/2021\/12\/Orienta\u00e7\u00f5es-pend\u00eancias-frequentes-em-protocolos-de-Pesquisa-Cl\u00ednica-na-Conep-1.pdf\">\u00a0Manual<\/a> de orienta\u00e7\u00e3o\u00a0\u00a0de pend\u00eancias frequentes em protocolos de pesquisas cl\u00ednicas.<\/p>\n<p><a href=\"https:\/\/www.ufmg.br\/bioetica\/cep\/wp-content\/uploads\/2023\/12\/Manual_de_Orientacao_Pendencias_comuns_em_protocolos_CHS_versao_23102023.pdf\">Manual<\/a> de orienta\u00e7\u00e3o\u00a0\u00a0de pend\u00eancias frequentes em protocolos de pesquisas ci\u00eancias humanas e sociais.<\/p>\n<p>\u00a0<a href=\"https:\/\/www.ufmg.br\/bioetica\/cep\/wp-content\/uploads\/2021\/12\/visualiza\u00e7\u00e3o-de-parecer.pdf\">Como visualizar<\/a> o parecer consubstanciado do COEP.<\/p>\n<p>\u00a0<a href=\"https:\/\/www.ufmg.br\/bioetica\/cep\/wp-content\/uploads\/2021\/12\/pend3.pdf\">Orienta\u00e7\u00f5es<\/a> de respostas de pend\u00eancias.<\/p>\n<p><a href=\"https:\/\/www.ufmg.br\/bioetica\/cep\/wp-content\/uploads\/2021\/01\/Carta_Circular_13_2020_CONEP_EAS_EAG.pdf\">\u00a0Orienta\u00e7\u00f5es <\/a>de envio de Eventos Adversos Graves.<\/p>\n<p><a href=\"https:\/\/youtu.be\/WFpPiDnq-Ts\">V\u00eddeo tutorial <\/a>para visualiza\u00e7\u00e3o de parecer emitido pelo CEP e orienta\u00e7\u00f5es \u00a0nas respostas de pend\u00eancias.<\/p>\n<p><a href=\"https:\/\/www.ufmg.br\/bioetica\/cep\/wp-content\/uploads\/2021\/12\/TCUD-Cep-UFMG.docx\">Modelo<\/a> de Termo de Compromisso de Uso de Dados(TCUD) para pesquisas com banco de dados.<\/p>\n<p><a href=\"https:\/\/www.ufmg.br\/bioetica\/cep\/wp-content\/uploads\/2021\/02\/ambiente-virtual.pdf\">Orienta\u00e7\u00f5es<\/a> para para procedimentos em pesquisas com\u00a0qualquer etapa em ambiente virtual.<\/p>\n<p><a href=\"https:\/\/www.ufmg.br\/bioetica\/cep\/wp-content\/uploads\/2021\/07\/SEI_MS-0021538699-Carta-Circular.html\">Orienta\u00e7\u00f5es<\/a> para EAG de ensaios cl\u00ednicos com vacinas contra Covid-19<strong>.<\/strong><\/p>\n<p><a href=\"https:\/\/www.ufmg.br\/bioetica\/cep\/wp-content\/uploads\/2022\/02\/Roteiro_0025315101_1-relat\u00f3rio-de-biobancos.pdf\">Roteiro<\/a> para relat\u00f3rio de Biobanco<\/p>\n<\/td>\n<\/tr>\n<tr>\n<td>\n<p><em><span style=\"color: #ff0000;\">IMPORTANTE:<\/span><\/em><\/p>\n<ul>\n<li><span style=\"color: #ff0000;\">Os projetos \u00a0de pesquisas s\u00f3 ser\u00e3o validados, com n\u00famero de registro de CAAE, se estiverem corretos conforme <a href=\"https:\/\/www.ufmg.br\/bioetica\/cep\/wp-content\/uploads\/2021\/07\/Check-list-para-submiss%C3%A3o-de-projetos.doc\"><strong><em>documenta\u00e7\u00e3o<\/em><\/strong> <\/a>necess\u00e1ria<em>.<\/em> \u00a0<\/span><\/li>\n<li><span style=\"color: #ff0000;\">Se o projeto foi\u00a0 recusado, o aviso\u00a0segue com orienta\u00e7\u00e3o\u00a0 de\u00a0 documentos\u00a0\u00a0 que\u00a0 devem\u00a0 ser anexados. Pend\u00eancias documentais n\u00e3o significam que o projeto foi apreciado em reuni\u00e3o.<\/span><\/li>\n<li><span style=\"color: #ff0000;\">Os pareceres consubstanciados do CEP s\u00e3o elaborados ap\u00f3s a recep\u00e7\u00e3o definitiva do CEP com a emiss\u00e3o do CAAE, em caso de d\u00favidas consulte nosso FAQ.<\/span>\u00a0\u00a0<strong>Consulte sempre o andamento de seu projeto!<\/strong><\/li>\n<\/ul>\n<\/td>\n<\/tr>\n<\/tbody>\n<\/table>\n<p>&nbsp;<\/p>\n","protected":false},"excerpt":{"rendered":"<p>Recebemos protocolos exigem assinatura e carimbo tamb\u00e9m por meio da assinatura digital\u00a0 do SEI (Sistema eletr\u00f4nico de Informa\u00e7\u00f5es da UFMG). Isso quer dizer, os anexos obrigat\u00f3rios devem constar a assinatura digital que \u00e9 usada do SEI, os projetos n\u00e3o devem ser enviados pelo SEI, pois\u00a0 essa n\u00e3o \u00e9 a plataforma oficial para recebimento de projetos [&hellip;]<\/p>\n","protected":false},"author":1,"featured_media":0,"parent":0,"menu_order":0,"comment_status":"closed","ping_status":"closed","template":"","meta":{"footnotes":""},"categories":[],"class_list":["post-145","page","type-page","status-publish","hentry"],"_links":{"self":[{"href":"https:\/\/www.ufmg.br\/bioetica\/cep\/wp-json\/wp\/v2\/pages\/145","targetHints":{"allow":["GET"]}}],"collection":[{"href":"https:\/\/www.ufmg.br\/bioetica\/cep\/wp-json\/wp\/v2\/pages"}],"about":[{"href":"https:\/\/www.ufmg.br\/bioetica\/cep\/wp-json\/wp\/v2\/types\/page"}],"author":[{"embeddable":true,"href":"https:\/\/www.ufmg.br\/bioetica\/cep\/wp-json\/wp\/v2\/users\/1"}],"replies":[{"embeddable":true,"href":"https:\/\/www.ufmg.br\/bioetica\/cep\/wp-json\/wp\/v2\/comments?post=145"}],"version-history":[{"count":75,"href":"https:\/\/www.ufmg.br\/bioetica\/cep\/wp-json\/wp\/v2\/pages\/145\/revisions"}],"predecessor-version":[{"id":891,"href":"https:\/\/www.ufmg.br\/bioetica\/cep\/wp-json\/wp\/v2\/pages\/145\/revisions\/891"}],"wp:attachment":[{"href":"https:\/\/www.ufmg.br\/bioetica\/cep\/wp-json\/wp\/v2\/media?parent=145"}],"wp:term":[{"taxonomy":"category","embeddable":true,"href":"https:\/\/www.ufmg.br\/bioetica\/cep\/wp-json\/wp\/v2\/categories?post=145"}],"curies":[{"name":"wp","href":"https:\/\/api.w.org\/{rel}","templated":true}]}}