{"id":151,"date":"2016-05-25T10:44:08","date_gmt":"2016-05-25T13:44:08","guid":{"rendered":"http:\/\/150.164.74.193\/coep_novo\/?page_id=151"},"modified":"2025-02-27T11:36:27","modified_gmt":"2025-02-27T14:36:27","slug":"resolucoes","status":"publish","type":"page","link":"https:\/\/www.ufmg.br\/bioetica\/cep\/resolucoes\/","title":{"rendered":"Resolu\u00e7\u00f5es"},"content":{"rendered":"<table class=\"alinha\" border=\"0\" width=\"607\" cellspacing=\"1\" cellpadding=\"2\" bgcolor=\"#f2f2f2\">\n<tbody>\n<tr>\n<td valign=\"top\" bgcolor=\"#ffffff\" width=\"8%\" height=\"20\"><strong>ANO<\/strong><\/td>\n<td valign=\"top\" bgcolor=\"#ffffff\" width=\"30%\" height=\"20\"><strong>RESOLU\u00c7\u00c3O<\/strong><\/td>\n<td valign=\"top\" bgcolor=\"#ffffff\" width=\"62%\" height=\"20\"><strong>EMENTA<\/strong><\/td>\n<\/tr>\n<tr>\n<td valign=\"top\">2024<\/p>\n<p>&nbsp;<\/p>\n<p>2023<\/p>\n<p>&nbsp;<\/p>\n<p>&nbsp;<\/p>\n<p>2022<\/p>\n<p>&nbsp;<\/p>\n<p>2022<\/p>\n<p>&nbsp;<\/p>\n<p>&nbsp;<\/p>\n<p>2022<\/p>\n<p>&nbsp;<\/p>\n<p>2022<\/p>\n<p>&nbsp;<\/p>\n<p>&nbsp;<\/p>\n<p>2021<\/p>\n<p>2020<\/p>\n<p>&nbsp;<\/p>\n<p>&nbsp;<\/p>\n<p>2018<\/p>\n<p>&nbsp;<\/p>\n<p>&nbsp;<\/p>\n<p>2018<\/p>\n<p>&nbsp;<\/p>\n<p>2017<\/p>\n<p>&nbsp;<\/p>\n<p>&nbsp;<\/p>\n<p>&nbsp;<\/p>\n<p>2016<\/p>\n<p>&nbsp;<\/p>\n<p>&nbsp;<\/p>\n<p>&nbsp;<\/p>\n<p>&nbsp;<\/p>\n<p>&nbsp;<\/p>\n<p>&nbsp;<\/p>\n<p>2013<\/p>\n<p>&nbsp;<\/p>\n<p>&nbsp;<\/p>\n<p>&nbsp;<\/td>\n<td valign=\"top\"><a href=\"https:\/\/www.ufmg.br\/bioetica\/cep\/wp-content\/uploads\/2025\/02\/lei-14874.pdf\">Lei\u00a0 14.874\/ 2024<\/a><\/p>\n<p>&nbsp;<\/p>\n<p><a href=\"https:\/\/www.ufmg.br\/bioetica\/cep\/wp-content\/uploads\/2024\/08\/RESOLU%C3%87%C3%83O_N%C2%BA_706_DE_16_DE_FEVEREIRO_DE_2023.pdf\">Resolu\u00e7\u00e3o 706\/23<\/a><\/p>\n<p>&nbsp;<\/p>\n<p><a href=\"https:\/\/www.ufmg.br\/bioetica\/cep\/wp-content\/uploads\/2024\/07\/Resolu%C3%A7a%C3%B5-674.pdf\">Resolu\u00e7\u00e3o 674\/22<\/a><\/p>\n<p>&nbsp;<\/p>\n<p><a href=\"https:\/\/www.ufmg.br\/bioetica\/cep\/wp-content\/uploads\/2022\/11\/Resolu\u00e7\u00e3o-012022.pdf\">Resolu\u00e7\u00e3o 01\/22<\/a><\/p>\n<p>&nbsp;<\/p>\n<p><a href=\"https:\/\/www.ufmg.br\/bioetica\/cep\/wp-content\/uploads\/2022\/08\/Of%C3%ADcio_Circular_17_SEI_MS_-_25000.094016_2022_10-1.pdf\">CIRCULAR 17\/22 <\/a><\/p>\n<p>&nbsp;<\/p>\n<p><a href=\"https:\/\/www.ufmg.br\/bioetica\/cep\/wp-content\/uploads\/2022\/07\/SEI_MS-0027868988-Of%C3%ADcio-Circular-1.html\">OF\u00cdCIO CIRCULAR N\u00ba 16\/2022\/CONEP\/<\/a><\/p>\n<p><a href=\"https:\/\/www.ufmg.br\/bioetica\/cep\/wp-content\/uploads\/2022\/01\/oficio_circular_biobancos_platataforma_brasil.pdf\">Carta circular\u00a0 34<\/a><\/p>\n<p><a href=\"https:\/\/www.ufmg.br\/bioetica\/cep\/wp-content\/uploads\/2021\/06\/SEI_MS-0020832584-Carta-Circular.html\">Carta circular 02<\/a><\/p>\n<p><a href=\"https:\/\/www.ufmg.br\/bioetica\/cep\/wp-content\/uploads\/2021\/02\/Reso647.pdf\">Resolu\u00e7\u00e3o 647\/2020<\/a><\/p>\n<p><a href=\"https:\/\/www.ufmg.br\/bioetica\/cep\/wp-content\/uploads\/2021\/02\/Reso580.pdf\">Resolu\u00e7\u00e3o 580\/2018<\/a><\/p>\n<p>&nbsp;<\/p>\n<p><a href=\"https:\/\/drive.google.com\/open?id=1EOEkvcJu9xcIkzaz0sCwy2kflUdUjD8V\">Carta circular 166\/2018<\/a><\/p>\n<p><strong><a href=\"https:\/\/drive.google.com\/open?id=0By2eHQY08crKenVkazdxcWR3aVk\">Fluxo coparticipa\u00e7\u00e3o<\/a><\/strong><\/p>\n<p><a href=\"https:\/\/drive.google.com\/file\/d\/1AuxVuMw-VD2ztDjFfBXvk0NHp5hw8D2F\/view?usp=sharing\">Carta Circular CONEP<\/a><\/p>\n<p>&nbsp;<\/p>\n<p><a href=\"https:\/\/www.ufmg.br\/bioetica\/cep\/wp-content\/uploads\/2025\/01\/Resolucao-no-510.pdf\">Resolu\u00e7\u00e3o 510\/2016<\/a><\/p>\n<p>&nbsp;<\/p>\n<p>&nbsp;<\/p>\n<p>&nbsp;<\/p>\n<p><a href=\"https:\/\/www.ufmg.br\/bioetica\/cep\/wp-content\/uploads\/2025\/02\/Carta-Circular-n\u00b0-244-de-8-de-dezembro-de-2016-1.pdf\">Carta circular 244 de 16\/12\/2016<\/a><\/p>\n<p>&nbsp;<\/p>\n<p><a href=\"https:\/\/drive.google.com\/file\/d\/1T4fBXlBZPxZzlzy4D64feIduBb_rHeh5\/view?usp=sharing\">Norma operacional 001\/13<\/a><\/p>\n<p>&nbsp;<\/p>\n<p>&nbsp;<\/td>\n<td valign=\"top\">Disp\u00f5e sobre a pesquisa com seres humanos e institui o Sistema Nacional de \u00c9tica em Pesquisa com Seres Humanos.<\/p>\n<p>Disp\u00f5e sobre o credenciamento dos CEPs.<\/p>\n<p>Disp\u00f5e sobre a tipifica\u00e7\u00e3o da pesquisa e a tramita\u00e7\u00e3o dos projetos de pesquisa.<\/p>\n<p>Autoriza a cria\u00e7\u00e3o de Comit\u00eas de \u00c9tica em Pesquisa envolvendo seres humanos no \u00e2mbito da UFMG e aprova o Regimento dos CEPs-UFMG, revogando a Resolu\u00e7\u00e3o no 11\/2017, de 05\/12\/2017<\/p>\n<p>&nbsp;<\/p>\n<p>PESQUISAS DE OPINI\u00c3O P\u00daBLICA<\/p>\n<p>&nbsp;<\/p>\n<p>OF\u00cdCIO CIRCULAR N\u00ba 16\/2022\/CONEP\/SECNS\/MS<\/p>\n<p>Submiss\u00e3o de biobancos na Plataforma Brasil<\/p>\n<p>Orienta\u00e7\u00f5es para estudos com vacinas contra a Covid-19<\/p>\n<p>Regulamenta\u00e7\u00e3o do processo de designa\u00e7\u00e3o e atua\u00e7\u00e3o dos membros de CEP indicados por entidades do controle social<\/p>\n<p>As especificidades \u00e9ticas das pesquisas de interesse estrat\u00e9gico para o Sistema \u00danico de Sa\u00fade (SUS) .<\/p>\n<p>Instru\u00e7\u00f5es para tramita\u00e7\u00f5es sobre Relato de Caso.<\/p>\n<p>Fluxo de an\u00e1lise de projetos de pesquisa nos CEP&#8217;s das institui\u00e7\u00f5es proponentes e coparticipantes.<\/p>\n<p>Pesquisas com metodologia pr\u00f3prias da Ci\u00eancias Sociais<\/p>\n<p>Aprova as diretrizes para an\u00e1lise \u00e9tica de projetos de pesquisa das Ci\u00eancias humanas e sociais.Orienta\u00e7\u00f5es acerca do artigo 1.\u00ba da Resolu\u00e7\u00e3o CNS n.\u00ba 510, de 7 de abril de 2016.<\/p>\n<p>&nbsp;<\/p>\n<p>&nbsp;<\/p>\n<p>Informa\u00e7\u00e3o aos Comit\u00eas de \u00c9tica em Pesquisa sobre paralisa\u00e7\u00e3o tempor\u00e1ria das<br \/>\natividades em decorr\u00eancia de greve ou f\u00e9rias na institui\u00e7\u00e3o<\/p>\n<p>&nbsp;<\/p>\n<p>A presente Norma Operacional disp\u00f5e sobre a organiza\u00e7\u00e3o e funcionamento do Sistema CEP\/CONEP.<\/td>\n<\/tr>\n<tr>\n<td align=\"center\" valign=\"top\" bgcolor=\"#ffffff\"><strong>2012<\/strong><\/td>\n<td valign=\"top\" bgcolor=\"#ffffff\"><a href=\"https:\/\/www.ufmg.br\/bioetica\/cep\/wp-content\/uploads\/2025\/01\/Resolucao-no-466.pdf\">Resolu<\/a><a href=\"https:\/\/www.ufmg.br\/bioetica\/cep\/wp-content\/uploads\/2025\/01\/Resolucao-no-466.pdf\">\u00e7\u00e3o CNS <\/a><a href=\"https:\/\/www.ufmg.br\/bioetica\/cep\/wp-content\/uploads\/2025\/01\/Resolucao-no-466.pdf\">466\/12<\/a><\/p>\n<p>&nbsp;<\/td>\n<td bgcolor=\"#ffffff\">Revoga as resolu\u00e7\u00f5es CNS 196\/96, 303\/2000 e 404\/2008.<\/p>\n<p>&nbsp;<\/td>\n<\/tr>\n<tr>\n<td align=\"center\" valign=\"top\" bgcolor=\"#ffffff\"><strong>2011<\/strong><\/td>\n<td valign=\"top\" bgcolor=\"#ffffff\"><a href=\"https:\/\/www.ufmg.br\/bioetica\/cep\/wp-content\/uploads\/2025\/01\/resolucao-cns-no-441.pdf\">Resolu\u00e7\u00e3o CNS 441\/11<\/a><\/td>\n<td valign=\"top\" bgcolor=\"#ffffff\">Aprova as diretrizes para an\u00e1lise \u00e9tica de projetos de pesquisa que envolvam armazenamento de material biol\u00f3gico humano ou uso de material armazenado em pesquisas anteriores.<\/td>\n<\/tr>\n<tr>\n<td align=\"center\" valign=\"top\" bgcolor=\"#ffffff\">2010<\/p>\n<p><strong>2005<\/strong><\/td>\n<td valign=\"top\" bgcolor=\"#ffffff\"><a href=\"https:\/\/www.ufmg.br\/bioetica\/cep\/wp-content\/uploads\/2021\/03\/CARTA-N-0212_CONEP_CNS-coparticipa%C3%A7%C3%A3o.pdf\">Carta circular 212<\/a><\/p>\n<p><a href=\"https:\/\/www.ufmg.br\/bioetica\/cep\/wp-content\/uploads\/2025\/01\/Resolucao-no-346.pdf\">Resolu\u00e7\u00e3o CNS 346\/05<\/a><\/p>\n<p><a href=\"http:\/\/www.ufmg.br\/bioetica\/cep\/wp-content\/uploads\/2016\/05\/Parecer-Procuradoria-Geral-Federal.pdf\">Parecer Procuradoria Jur\u00eddica da UFMG &#8211; Parecer Consubstanciado<\/a><\/td>\n<td valign=\"top\" bgcolor=\"#ffffff\">Estabelece o fluxo entre entidades proponentes e coparticipantes<\/p>\n<p>&nbsp;<\/p>\n<p>Projetos multic\u00eantricos<\/p>\n<p>Aprova\u00e7\u00e3o dos pareceres consubstanciados pela C\u00e2mara Departamental das Unidades<\/td>\n<\/tr>\n<tr>\n<td valign=\"top\" bgcolor=\"#ffffff\"><strong>2004<\/strong><\/td>\n<td valign=\"top\" bgcolor=\"#ffffff\"><a href=\"https:\/\/www.ufmg.br\/bioetica\/cep\/wp-content\/uploads\/2025\/01\/Resolucao-no-340.pdf\">Resolu\u00e7\u00e3o CNS 340\/04<\/a><\/td>\n<td bgcolor=\"#ffffff\">Aprova as Diretrizes para An\u00e1lise \u00c9tica e Tramita\u00e7\u00e3o dos Projetos de Pesquisa da \u00c1rea Tem\u00e1tica Especial de Gen\u00e9tica Humana<\/td>\n<\/tr>\n<tr>\n<td valign=\"top\" width=\"8%\">&nbsp;<\/p>\n<p>&nbsp;<\/td>\n<td valign=\"top\" width=\"30%\"><\/td>\n<td valign=\"top\" width=\"62%\"><\/td>\n<\/tr>\n<tr>\n<td valign=\"top\" bgcolor=\"#ffffff\" width=\"8%\"><strong>2000<\/strong><\/td>\n<td valign=\"top\" bgcolor=\"#ffffff\" width=\"30%\"><a href=\"https:\/\/www.ufmg.br\/bioetica\/cep\/wp-content\/uploads\/2025\/01\/Resolucao-no-304.pdf\">Resolu\u00e7\u00e3o CNS 304\/00<\/a><\/p>\n<p><a href=\"https:\/\/www.ufmg.br\/bioetica\/cep\/wp-content\/uploads\/2025\/01\/resolucao-no-301.pdf\">Resolu\u00e7\u00e3o CNS 301\/00<\/a><\/td>\n<td valign=\"top\" bgcolor=\"#ffffff\" width=\"62%\">Contempla norma complementar para a \u00e1rea de Pesquisas em Povos Ind\u00edgenas<\/p>\n<p>Contempla o posicionamento do CNS e CONEP cont\u00e1rio a modifica\u00e7oes da Declara\u00e7\u00e3o de Helsinque.<\/td>\n<\/tr>\n<tr>\n<td valign=\"top\" bgcolor=\"#ffffff\" width=\"8%\"><strong>1999<\/strong><\/td>\n<td valign=\"top\" bgcolor=\"#ffffff\" width=\"30%\"><a href=\"https:\/\/www.ufmg.br\/bioetica\/cep\/wp-content\/uploads\/2025\/01\/Resolucao-no-292-1.pdf\">Resolu\u00e7\u00e3o CNS 292\/99<\/a> &#8211;<\/td>\n<td valign=\"top\" bgcolor=\"#ffffff\" width=\"62%\">Estabelece normas espec\u00edficas para a aprova\u00e7\u00e3o de protocolos de pesquisa com coopera\u00e7\u00e3o estrangeira, mantendo o requisito de aprova\u00e7\u00e3o final pela CONEP, ap\u00f3s aprova\u00e7\u00e3o do CEP<\/td>\n<\/tr>\n<tr>\n<td valign=\"top\" width=\"8%\"><strong>1997 <\/strong><\/td>\n<td valign=\"top\" width=\"30%\"><a href=\"https:\/\/www.ufmg.br\/bioetica\/cep\/wp-content\/uploads\/2025\/01\/Resolucao-no-251.pdf\">Resolu\u00e7\u00e3o CNS 251\/97<\/a><\/p>\n<p><a href=\"https:\/\/www.ufmg.br\/bioetica\/cep\/wp-content\/uploads\/2025\/01\/Resolucao-n.o-240.pdf\">Resolu\u00e7\u00e3o CNS 240\/97<\/a><\/td>\n<td valign=\"top\" width=\"62%\">Contempla a norma complementar para a \u00e1rea tem\u00e1tica especial de novos f\u00e1rmacos, vacinas e testes diagn\u00f3sticos e delega aos CEPs a an\u00e1lise final dos projetos nessa \u00e1rea, que deixa de ser especial<\/p>\n<p>Define representa\u00e7\u00e3o de usu\u00e1rios nos CEPs e orienta a escolha.<\/td>\n<\/tr>\n<tr>\n<td valign=\"top\" width=\"8%\"><strong>1995<\/strong><\/td>\n<td valign=\"top\" width=\"30%\"><a href=\"https:\/\/www.ufmg.br\/bioetica\/cep\/wp-content\/uploads\/2025\/01\/Resolucao-170.pdf\">Resolu\u00e7\u00e3o CNS 170\/95<\/a><\/p>\n<p><a href=\"https:\/\/www.ufmg.br\/bioetica\/cep\/wp-content\/uploads\/2025\/01\/Resolucao-173.pdf\">Resolu\u00e7\u00e3o CNS 173\/95<\/a><\/td>\n<td valign=\"top\" width=\"62%\">Define a forma\u00e7\u00e3o de um Grupo Executivo de Trabalho para revis\u00e3o da Resolu\u00e7\u00e3o CNS 01\/88 (compuseram o grupo: pesquisadores, representantes dos Minist\u00e9rios da Sa\u00fade e da Ci\u00eancia e Tecnologia, CFM, OAB, CNBB, representante de usu\u00e1rios do SUS, ONGs e etc.)<\/p>\n<p>Define o Plano de trabalho de revis\u00e3o da Resolu\u00e7\u00e3o CNS 01\/88, incluindo a normatiza\u00e7\u00e3o de \u00e1reas tem\u00e1ticas especiais<\/td>\n<\/tr>\n<tr>\n<td valign=\"top\" width=\"8%\"><strong>1988<\/strong><\/td>\n<td valign=\"top\" width=\"30%\"><a href=\"https:\/\/www.ufmg.br\/bioetica\/cep\/wp-content\/uploads\/2025\/01\/Resolucao-no-001-88.pdf\">Resolu\u00e7\u00e3o CNS 01\/88<\/a><\/td>\n<td width=\"62%\">Regulamenta o credenciamento de Centros de Pesquisa no pa\u00eds e recomenda a cria\u00e7\u00e3o de um Comit\u00ea de \u00c9tica em Pesquisa (<strong>CEP<\/strong>) em cada centro &#8211; Revogada<\/td>\n<\/tr>\n<\/tbody>\n<\/table>\n","protected":false},"excerpt":{"rendered":"<p>ANO RESOLU\u00c7\u00c3O EMENTA 2024 &nbsp; 2023 &nbsp; &nbsp; 2022 &nbsp; 2022 &nbsp; &nbsp; 2022 &nbsp; 2022 &nbsp; &nbsp; 2021 2020 &nbsp; &nbsp; 2018 &nbsp; &nbsp; 2018 &nbsp; 2017 &nbsp; &nbsp; &nbsp; 2016 &nbsp; &nbsp; &nbsp; &nbsp; &nbsp; &nbsp; 2013 &nbsp; &nbsp; &nbsp; Lei\u00a0 14.874\/ 2024 &nbsp; Resolu\u00e7\u00e3o 706\/23 &nbsp; Resolu\u00e7\u00e3o 674\/22 &nbsp; Resolu\u00e7\u00e3o 01\/22 &nbsp; [&hellip;]<\/p>\n","protected":false},"author":1,"featured_media":0,"parent":0,"menu_order":0,"comment_status":"closed","ping_status":"closed","template":"","meta":{"footnotes":""},"categories":[],"class_list":["post-151","page","type-page","status-publish","hentry"],"_links":{"self":[{"href":"https:\/\/www.ufmg.br\/bioetica\/cep\/wp-json\/wp\/v2\/pages\/151","targetHints":{"allow":["GET"]}}],"collection":[{"href":"https:\/\/www.ufmg.br\/bioetica\/cep\/wp-json\/wp\/v2\/pages"}],"about":[{"href":"https:\/\/www.ufmg.br\/bioetica\/cep\/wp-json\/wp\/v2\/types\/page"}],"author":[{"embeddable":true,"href":"https:\/\/www.ufmg.br\/bioetica\/cep\/wp-json\/wp\/v2\/users\/1"}],"replies":[{"embeddable":true,"href":"https:\/\/www.ufmg.br\/bioetica\/cep\/wp-json\/wp\/v2\/comments?post=151"}],"version-history":[{"count":145,"href":"https:\/\/www.ufmg.br\/bioetica\/cep\/wp-json\/wp\/v2\/pages\/151\/revisions"}],"predecessor-version":[{"id":1006,"href":"https:\/\/www.ufmg.br\/bioetica\/cep\/wp-json\/wp\/v2\/pages\/151\/revisions\/1006"}],"wp:attachment":[{"href":"https:\/\/www.ufmg.br\/bioetica\/cep\/wp-json\/wp\/v2\/media?parent=151"}],"wp:term":[{"taxonomy":"category","embeddable":true,"href":"https:\/\/www.ufmg.br\/bioetica\/cep\/wp-json\/wp\/v2\/categories?post=151"}],"curies":[{"name":"wp","href":"https:\/\/api.w.org\/{rel}","templated":true}]}}