{"id":164,"date":"2016-05-25T10:46:37","date_gmt":"2016-05-25T13:46:37","guid":{"rendered":"http:\/\/150.164.74.193\/coep_novo\/?page_id=164"},"modified":"2021-12-28T19:48:27","modified_gmt":"2021-12-28T21:48:27","slug":"emendas-e-extensoes","status":"publish","type":"page","link":"https:\/\/www.ufmg.br\/bioetica\/cep\/emendas-e-extensoes\/","title":{"rendered":"Emendas"},"content":{"rendered":"<p>O que s\u00e3o e como devem transitar<\/p>\n<p>Emenda \u00e9 qualquer proposta de modifica\u00e7\u00e3o no projeto original, apresentada com a justificativa que a motivou. A extens\u00e3o \u00e9 uma variante de\u00a0 emenda que objetiva em propor a prorroga\u00e7\u00e3o ou continuidade da pesquisa com os mesmos participantes recrutados, sem mudan\u00e7a essencial nos objetivos e na metodologia do projeto original. Havendo modifica\u00e7\u00f5es importantes de objetivos e m\u00e9todos,\u00a0 outro protocolo de pesquisa dever\u00e1 ser apresentado. A submiss\u00e3o de uma emenda\u00a0 se faz atrav\u00e9s da rotina espec\u00edfica\u00a0 de na\u00a0PlataformaBrasil para projetos submetidos eletronicamente. <span style=\"color: #ff0000;\">Toda submiss\u00e3o de emenda dever\u00e1 vir acompanhada de uma carta de encaminhamento detalhando\u00a0quais documentos ou altera\u00e7\u00f5es que ser\u00e3o aprovadas<\/span>\u00a0(A limita\u00e7\u00e3o de espa\u00e7o no formul\u00e1rio eletr\u00f4nico da Plataforma Brasil compromete o\u00a0esclarecimento das inclus\u00f5es e\/ou altera\u00e7\u00f5es que s\u00e3o\u00a0 foco das\u00a0emendas, tornando esse documento indispens\u00e1vel. Preferencialmente,\u00a0a carta deve estar datada e assinada pelos pesquisadores respons\u00e1veis e\/ou assistentes) .<\/p>\n<p><a href=\"https:\/\/www.ufmg.br\/bioetica\/cep\/wp-content\/uploads\/2016\/05\/emend.pdf\">Clique aqui <\/a>\u00a0para\u00a0visualizar o passo a passo de\u00a0submiss\u00e3o de emenda via Plataforma Brasil.<\/p>\n<p><a href=\"https:\/\/www.ufmg.br\/bioetica\/cep\/wp-content\/uploads\/2021\/12\/Check-list-para-submiss\u00e3o-de-emendas.docx\">Clique aqui<\/a> para documentos necess\u00e1rios para\u00a0envio de emenda.<\/p>\n<p>Projetos anteriores \u00e0 PlataformaBrasil, o pedido de emenda ser\u00e1 formalizado mediante requerimento junto \u00e0 secretaria do CEP-UFMG<\/p>\n<p>As emendas devem ser apresentadas ao CEP-UFMG de forma clara e suscinta, identificando a parte do protocolo a ser modificado e suas justificativas. Em caso de projetos do grupo I ou II apresentados anteriormente \u00e0 ANVISA, o pesquisador ou patrocinador deve envi\u00e1-las tamb\u00e9m a ANVISA junto com o parecer aprovat\u00f3rio do CEP, para serem juntadas ao projeto original. N\u00e3o h\u00e1 necessidade do parecer da CONEP, tanto para emendas quanto para extens\u00f5es (como aqui definidas), a n\u00e3o ser quando o CEP o solicite por identificar dilema espec\u00edfico.<\/p>\n<p>&nbsp;<\/p>\n","protected":false},"excerpt":{"rendered":"<p>O que s\u00e3o e como devem transitar Emenda \u00e9 qualquer proposta de modifica\u00e7\u00e3o no projeto original, apresentada com a justificativa que a motivou. A extens\u00e3o \u00e9 uma variante de\u00a0 emenda que objetiva em propor a prorroga\u00e7\u00e3o ou continuidade da pesquisa com os mesmos participantes recrutados, sem mudan\u00e7a essencial nos objetivos e na metodologia do projeto [&hellip;]<\/p>\n","protected":false},"author":1,"featured_media":0,"parent":0,"menu_order":0,"comment_status":"closed","ping_status":"closed","template":"","meta":{"footnotes":""},"categories":[],"class_list":["post-164","page","type-page","status-publish","hentry"],"_links":{"self":[{"href":"https:\/\/www.ufmg.br\/bioetica\/cep\/wp-json\/wp\/v2\/pages\/164","targetHints":{"allow":["GET"]}}],"collection":[{"href":"https:\/\/www.ufmg.br\/bioetica\/cep\/wp-json\/wp\/v2\/pages"}],"about":[{"href":"https:\/\/www.ufmg.br\/bioetica\/cep\/wp-json\/wp\/v2\/types\/page"}],"author":[{"embeddable":true,"href":"https:\/\/www.ufmg.br\/bioetica\/cep\/wp-json\/wp\/v2\/users\/1"}],"replies":[{"embeddable":true,"href":"https:\/\/www.ufmg.br\/bioetica\/cep\/wp-json\/wp\/v2\/comments?post=164"}],"version-history":[{"count":12,"href":"https:\/\/www.ufmg.br\/bioetica\/cep\/wp-json\/wp\/v2\/pages\/164\/revisions"}],"predecessor-version":[{"id":696,"href":"https:\/\/www.ufmg.br\/bioetica\/cep\/wp-json\/wp\/v2\/pages\/164\/revisions\/696"}],"wp:attachment":[{"href":"https:\/\/www.ufmg.br\/bioetica\/cep\/wp-json\/wp\/v2\/media?parent=164"}],"wp:term":[{"taxonomy":"category","embeddable":true,"href":"https:\/\/www.ufmg.br\/bioetica\/cep\/wp-json\/wp\/v2\/categories?post=164"}],"curies":[{"name":"wp","href":"https:\/\/api.w.org\/{rel}","templated":true}]}}