{"id":167,"date":"2016-05-25T10:47:10","date_gmt":"2016-05-25T13:47:10","guid":{"rendered":"http:\/\/150.164.74.193\/coep_novo\/?page_id=167"},"modified":"2025-12-18T11:28:02","modified_gmt":"2025-12-18T14:28:02","slug":"reunioes","status":"publish","type":"page","link":"https:\/\/www.ufmg.br\/bioetica\/cep\/reunioes\/","title":{"rendered":"Reuni\u00f5es"},"content":{"rendered":"<p><a href=\"https:\/\/www.ufmg.br\/bioetica\/cep\/wp-content\/uploads\/2021\/12\/fluxograma.pdf\">Acesse aqui<\/a>\u00a0o fluxograma de submiss\u00e3o de projetos.<\/p>\n<p><span style=\"color: #ff0000;\">Nos dias de reuni\u00e3o do Comit\u00ea n\u00e3o ocorrer\u00e3o atendimentos presenciais e telef\u00f4nicos.\u00a0<\/span><\/p>\n<p><span style=\"color: #ff0000;\">Reitera-se que a libera\u00e7\u00e3o dos pareceres consubstanciados pela coordena\u00e7\u00e3o ocorrer\u00e3o at\u00e9 o s\u00e9timo dia \u00fatil da semana subsequente \u00e0 semana de reuni\u00e3o do CEP.<\/span><\/p>\n<p><span style=\"color: #ff0000;\"><strong>\u00a0<\/strong><\/span><br \/>\nReuni\u00f5es do CEP-UFMG para 1\u00ba Semestre de 2026<\/p>\n<table width=\"546\">\n<tbody>\n<tr>\n<td width=\"177\">M\u00eas<\/td>\n<td width=\"202\"><\/td>\n<td width=\"167\"><\/td>\n<\/tr>\n<tr>\n<td width=\"177\">Fevereiro<\/td>\n<td width=\"202\">&#8211;<\/td>\n<td width=\"167\"><\/td>\n<\/tr>\n<tr>\n<td width=\"177\">Mar\u00e7o<\/td>\n<td width=\"202\">11<\/td>\n<td width=\"167\"><\/td>\n<\/tr>\n<tr>\n<td width=\"177\">Abril<\/td>\n<td width=\"202\">15<\/td>\n<td width=\"167\"><\/td>\n<\/tr>\n<tr>\n<td width=\"177\">Maio<\/td>\n<td width=\"202\">13<\/td>\n<td width=\"167\">&#8211;<\/td>\n<\/tr>\n<tr>\n<td width=\"177\">Junho<\/p>\n<p>Julho<\/p>\n<p>&nbsp;<\/td>\n<td width=\"202\">10<\/p>\n<p>01<\/p>\n<p>&nbsp;<\/td>\n<td width=\"167\"><\/td>\n<\/tr>\n<\/tbody>\n<\/table>\n<p>Reuni\u00f5es do CEP-UFMG para 2\u00ba Semestre de 2025<\/p>\n<table width=\"960\">\n<tbody>\n<tr>\n<td width=\"282\">agosto<\/td>\n<td width=\"228\">13<\/td>\n<td width=\"228\"><\/td>\n<td width=\"222\"><\/td>\n<\/tr>\n<tr>\n<td width=\"282\">setembro<\/td>\n<td width=\"228\">17<\/td>\n<td width=\"228\"><\/td>\n<td width=\"222\"><\/td>\n<\/tr>\n<tr>\n<td width=\"282\">outubro<\/td>\n<td width=\"228\">15<\/td>\n<td width=\"228\"><\/td>\n<td width=\"222\"><\/td>\n<\/tr>\n<tr>\n<td width=\"282\">novembro<\/td>\n<td width=\"228\">12<\/td>\n<td width=\"228\"><\/td>\n<td width=\"222\"><\/td>\n<\/tr>\n<tr>\n<td width=\"282\">dezembro<\/td>\n<td width=\"228\">10<\/td>\n<td width=\"228\"><\/td>\n<td width=\"222\"><\/td>\n<\/tr>\n<tr>\n<td width=\"282\"><\/td>\n<td width=\"228\"><\/td>\n<td width=\"228\"><\/td>\n<td width=\"222\"><\/td>\n<\/tr>\n<tr>\n<td width=\"282\"><\/td>\n<td width=\"228\"><\/td>\n<td width=\"228\"><\/td>\n<td width=\"222\"><\/td>\n<\/tr>\n<\/tbody>\n<\/table>\n","protected":false},"excerpt":{"rendered":"<p>Acesse aqui\u00a0o fluxograma de submiss\u00e3o de projetos. Nos dias de reuni\u00e3o do Comit\u00ea n\u00e3o ocorrer\u00e3o atendimentos presenciais e telef\u00f4nicos.\u00a0 Reitera-se que a libera\u00e7\u00e3o dos pareceres consubstanciados pela coordena\u00e7\u00e3o ocorrer\u00e3o at\u00e9 o s\u00e9timo dia \u00fatil da semana subsequente \u00e0 semana de reuni\u00e3o do CEP. \u00a0 Reuni\u00f5es do CEP-UFMG para 1\u00ba Semestre de 2026 M\u00eas Fevereiro &#8211; [&hellip;]<\/p>\n","protected":false},"author":1,"featured_media":0,"parent":0,"menu_order":0,"comment_status":"closed","ping_status":"closed","template":"","meta":{"footnotes":""},"categories":[],"class_list":["post-167","page","type-page","status-publish","hentry"],"_links":{"self":[{"href":"https:\/\/www.ufmg.br\/bioetica\/cep\/wp-json\/wp\/v2\/pages\/167","targetHints":{"allow":["GET"]}}],"collection":[{"href":"https:\/\/www.ufmg.br\/bioetica\/cep\/wp-json\/wp\/v2\/pages"}],"about":[{"href":"https:\/\/www.ufmg.br\/bioetica\/cep\/wp-json\/wp\/v2\/types\/page"}],"author":[{"embeddable":true,"href":"https:\/\/www.ufmg.br\/bioetica\/cep\/wp-json\/wp\/v2\/users\/1"}],"replies":[{"embeddable":true,"href":"https:\/\/www.ufmg.br\/bioetica\/cep\/wp-json\/wp\/v2\/comments?post=167"}],"version-history":[{"count":55,"href":"https:\/\/www.ufmg.br\/bioetica\/cep\/wp-json\/wp\/v2\/pages\/167\/revisions"}],"predecessor-version":[{"id":1072,"href":"https:\/\/www.ufmg.br\/bioetica\/cep\/wp-json\/wp\/v2\/pages\/167\/revisions\/1072"}],"wp:attachment":[{"href":"https:\/\/www.ufmg.br\/bioetica\/cep\/wp-json\/wp\/v2\/media?parent=167"}],"wp:term":[{"taxonomy":"category","embeddable":true,"href":"https:\/\/www.ufmg.br\/bioetica\/cep\/wp-json\/wp\/v2\/categories?post=167"}],"curies":[{"name":"wp","href":"https:\/\/api.w.org\/{rel}","templated":true}]}}