{"id":264,"date":"2016-12-14T09:57:16","date_gmt":"2016-12-14T11:57:16","guid":{"rendered":"http:\/\/www.ufmg.br\/bioetica\/coep\/?page_id=264"},"modified":"2025-05-22T10:48:46","modified_gmt":"2025-05-22T13:48:46","slug":"modelo-de-relatorio-parcial-ou-final","status":"publish","type":"page","link":"https:\/\/www.ufmg.br\/bioetica\/cep\/modelo-de-relatorio-parcial-ou-final\/","title":{"rendered":"Modelo de relat\u00f3rio parcial ou final"},"content":{"rendered":"<h2>\u00a0Esse modelo \u00e9 necess\u00e1rio para aprecia\u00e7\u00e3o de notifica\u00e7\u00e3o no CEP. Caso o protocolo n\u00e3o contemple algum campo espec\u00edfico, \u00e9 poss\u00edvel assinalar como &#8220;N\u00c3O SE APLICA&#8221;.<\/h2>\n<h2>Esse formul\u00e1rio\u00a0 se aplica para pesquisas\u00a0 nas \u00e1reas das ci\u00eancias sociais e humanidades. Se a pesquisa envolva estudo cl\u00ednico, o modelo de relat\u00f3rio final sugerido pela Conep est\u00e1 no link ao final da p\u00e1gina ou clique <a href=\"https:\/\/www.ufmg.br\/bioetica\/cep\/wp-content\/uploads\/2022\/01\/relatorio_final_encerramento_clinico.pdf\">aqui<\/a>.<\/h2>\n<h1><strong>RELAT\u00d3RIO DE PESQUISA (COMIT\u00ca DE \u00c9TICA EM PESQUISA)<a href=\"#_ftn1\" name=\"_ftnref1\">[1]<\/a><\/strong><\/h1>\n<p>&nbsp;<\/p>\n<p><strong>[\u00a0\u00a0 ]\u00a0 PARCIAL\u00a0\u00a0\u00a0\u00a0\u00a0\u00a0\u00a0\u00a0\u00a0\u00a0\u00a0\u00a0\u00a0\u00a0\u00a0\u00a0\u00a0\u00a0\u00a0\u00a0\u00a0 [\u00a0\u00a0 ]\u00a0 FINAL<\/strong><\/p>\n<p><strong>\u00a0<\/strong><\/p>\n<p><strong>Relat\u00f3rio referente ao per\u00edodo de ___\/ ___ \/ 20__ a ___\/ ___ \/ 20__<a href=\"#_ftn2\" name=\"_ftnref2\"><strong>[2]<\/strong><\/a>.<\/strong><\/p>\n<table>\n<tbody>\n<tr>\n<td width=\"648\">CAAE n<sup>o:<\/sup><\/td>\n<\/tr>\n<tr>\n<td width=\"648\">T\u00edtulo da Pesquisa:<\/td>\n<\/tr>\n<tr>\n<td width=\"648\">Pesquisador Respons\u00e1vel:<\/td>\n<\/tr>\n<tr>\n<td width=\"648\">E-mail:<\/td>\n<\/tr>\n<tr>\n<td width=\"648\">Pesquisadores assistentes<\/td>\n<\/tr>\n<tr>\n<td width=\"648\">Data da aprova\u00e7\u00e3o pelo COEP:<\/td>\n<\/tr>\n<\/tbody>\n<\/table>\n<p><strong>\u00a0<\/strong><\/p>\n<p><strong>Sobre a pesquisa<\/strong><\/p>\n<p>&nbsp;<\/p>\n<ol>\n<li>Apresenta\u00e7\u00e3o (apresentar o problema de pesquisa e seus objetivos)<\/li>\n<\/ol>\n<table>\n<tbody>\n<tr>\n<td width=\"650\">&nbsp;<\/p>\n<p>&nbsp;<\/p>\n<p>&nbsp;<\/p>\n<p>&nbsp;<\/p>\n<p>&nbsp;<\/p>\n<p>&nbsp;<\/td>\n<\/tr>\n<\/tbody>\n<\/table>\n<p>&nbsp;<\/p>\n<p>&nbsp;<\/p>\n<p><strong>Desenvolvimento do projeto<\/strong><\/p>\n<ol start=\"2\">\n<li>Explicitar as atividades desenvolvidas, enfatizando os procedimentos que<\/li>\n<\/ol>\n<p>afetem diretamente os participantes da pesquisa. (Detalhar as etapas do estudo, local de realiza\u00e7\u00e3o das atividades e condi\u00e7\u00f5es de participa\u00e7\u00e3o na pesquisa)<\/p>\n<table>\n<tbody>\n<tr>\n<td width=\"650\">&nbsp;<\/p>\n<p>&nbsp;<\/p>\n<p>&nbsp;<\/p>\n<p>&nbsp;<\/p>\n<p>&nbsp;<\/p>\n<p>&nbsp;<\/td>\n<\/tr>\n<\/tbody>\n<\/table>\n<p>&nbsp;<\/p>\n<ol start=\"3\">\n<li>Apontar os resultados alcan\u00e7ados<\/li>\n<\/ol>\n<table>\n<tbody>\n<tr>\n<td width=\"650\">&nbsp;<\/p>\n<p>&nbsp;<\/p>\n<p>&nbsp;<\/p>\n<p>&nbsp;<\/p>\n<p>&nbsp;<\/p>\n<p>&nbsp;<\/td>\n<\/tr>\n<\/tbody>\n<\/table>\n<p>&nbsp;<\/p>\n<ol start=\"4\">\n<li>Informar o n\u00famero de participantes da pesquisa, por categoria de participante (exemplo: se a mesma pesquisa abordar pacientes em um hospital e m\u00e9dicos, devem ser discriminados quantos participantes pacientes e m\u00e9dicos fizeram parte do estudo).<\/li>\n<\/ol>\n<p>Informar, para cada categoria de participante: Esse n\u00famero \u00e9 o proposto no projeto inicial? Caso tenha ocorrido inclus\u00e3o ou exclus\u00e3o de participante, \u00e9 necess\u00e1rio justificar.<\/p>\n<table>\n<tbody>\n<tr>\n<td width=\"650\">&nbsp;<\/p>\n<p>&nbsp;<\/p>\n<p>&nbsp;<\/p>\n<p>&nbsp;<\/p>\n<p>&nbsp;<\/p>\n<p>&nbsp;<\/p>\n<p>&nbsp;<\/td>\n<\/tr>\n<\/tbody>\n<\/table>\n<p>5.Indicar a ocorr\u00eancia de desconfortos <strong>f\u00edsicos, emocionais ou morais<\/strong>, imediatos ou tardios, comprometendo os participantes. Para estudos cl\u00ednicos, DEVE ser apresentado neste campo lista dos eventos adversos relacionados ou n\u00e3o ao estudo com respectiva data de comunica\u00e7\u00e3o ao CEP e n\u00famero de notifica\u00e7\u00e3o ou of\u00edcio encaminhado. Para os eventos relatados via Plataforma Brasil, indicar os n\u00fameros das notifi(ca\u00e7\u00f5es correspondentes; para os eventos em papel, indicar datas, n\u00fameros dos pacientes e desfecho. O relato n\u00e3o dispensa a tramita\u00e7\u00e3o de EAS em formul\u00e1rios pr\u00f3prios conforme legisla\u00e7\u00e3o em vigor).<\/p>\n<table>\n<tbody>\n<tr>\n<td width=\"650\">&nbsp;<\/p>\n<p>&nbsp;<\/p>\n<p>&nbsp;<\/p>\n<p>&nbsp;<\/p>\n<p>&nbsp;<\/p>\n<p>&nbsp;<\/td>\n<\/tr>\n<\/tbody>\n<\/table>\n<p>6.Indicar se foi necess\u00e1rio realizar algum tipo de indeniza\u00e7\u00e3o ou assist\u00eancia aos participantes da pesquisa, de maneira pormenorizada e com documentos comprobat\u00f3rios.<\/p>\n<p>&nbsp;<\/p>\n<table>\n<tbody>\n<tr>\n<td width=\"650\">&nbsp;<\/p>\n<p>&nbsp;<\/p>\n<p>&nbsp;<\/p>\n<p>&nbsp;<\/p>\n<p>&nbsp;<\/p>\n<p>&nbsp;<\/td>\n<\/tr>\n<\/tbody>\n<\/table>\n<p>&nbsp;<\/p>\n<p>7.Indicar se houve retorno social da pesquisa e de que forma foi realizado. (Devolutiva feita ao grupo e\/ou comunidade, a partir dos resultados da pesquisa)<\/p>\n<table>\n<tbody>\n<tr>\n<td width=\"650\">&nbsp;<\/p>\n<p>&nbsp;<\/p>\n<p>&nbsp;<\/p>\n<p>&nbsp;<\/p>\n<p>&nbsp;<\/td>\n<\/tr>\n<\/tbody>\n<\/table>\n<p><strong>\u00a08.<\/strong>Relatar se os resultados parciais ou totais foram publicados ou apresentados em congresso, indicando: os autores, o t\u00edtulo do trabalho, o nome, local e data do evento. (Pede-se que a lista das publica\u00e7\u00f5es originadas do estudo sejam apresentadas em normas bibliogr\u00e1ficas adequadas \u2013 pode-se indicar publica\u00e7\u00f5es no prelo. Caso n\u00e3o existam publica\u00e7\u00f5es j\u00e1 encaminhadas ou realizadas, indicar a inten\u00e7\u00e3o de publica\u00e7\u00e3o posterior)<\/p>\n<p>&nbsp;<\/p>\n<table>\n<tbody>\n<tr>\n<td width=\"650\">&nbsp;<\/p>\n<p>&nbsp;<\/p>\n<p>&nbsp;<\/p>\n<p>&nbsp;<\/p>\n<p>&nbsp;<\/p>\n<p>&nbsp;<\/td>\n<\/tr>\n<\/tbody>\n<\/table>\n<p>9.Houve necessidade de altera\u00e7\u00e3o ou adequa\u00e7\u00e3o de algum aspecto do projeto? (por exemplo: altera\u00e7\u00e3o de instrumento de pesquisa) Qual (is)? Detalhar e justificar as altera\u00e7\u00f5es<a href=\"#_ftn3\" name=\"_ftnref3\">[3]<\/a><em>. <\/em><\/p>\n<table>\n<tbody>\n<tr>\n<td width=\"654\">&nbsp;<\/p>\n<p>&nbsp;<\/p>\n<p>&nbsp;<\/p>\n<p>&nbsp;<\/p>\n<p>&nbsp;<\/p>\n<p>&nbsp;<\/td>\n<\/tr>\n<\/tbody>\n<\/table>\n<p><strong><em>\u00a010.<\/em><\/strong>Outras informa\u00e7\u00f5es que julgar pertinentes.<\/p>\n<table>\n<tbody>\n<tr>\n<td width=\"654\">&nbsp;<\/p>\n<p>&nbsp;<\/p>\n<p>&nbsp;<\/p>\n<p>&nbsp;<\/p>\n<p>&nbsp;<\/td>\n<\/tr>\n<\/tbody>\n<\/table>\n<p>&nbsp;<\/p>\n<p><strong>.<\/strong><\/p>\n<p>&nbsp;<\/p>\n<p><strong>\u00a0<\/strong><\/p>\n<p>Belo Horizonte, ____\/____\/_____<\/p>\n<p>&nbsp;<\/p>\n<p>&nbsp;<\/p>\n<p>______________________________________<\/p>\n<p>Assinatura do Pesquisador Respons\u00e1vel<\/p>\n<p>&nbsp;<\/p>\n<p>&nbsp;<\/p>\n<p>&nbsp;<\/p>\n<p>&nbsp;<\/p>\n<p>&nbsp;<\/p>\n<p>&nbsp;<\/p>\n<p><a href=\"#_ftnref1\" name=\"_ftn1\">[1]<\/a> Este relat\u00f3rio N\u00c3O deve ser usado como modelo para relat\u00f3rio final de estudos cl\u00ednicos unic\u00eantricos e multic\u00eantricos, os quais t\u00eam modelo pr\u00f3prio regulamentado pela CONEP.<\/p>\n<p><a href=\"#_ftnref2\" name=\"_ftn2\">[2]<\/a> Pedidos de prorroga\u00e7\u00e3o \u2013 extens\u00e3o de prazo da pesquisa devem ser realizados por meio de emenda na Plataforma Brasil. As datas aqui se referem \u00e0s datas de execu\u00e7\u00e3o aprovadas.<\/p>\n<p><a href=\"#_ftnref3\" name=\"_ftn3\">[3]<\/a> Modifica\u00e7\u00f5es de aspectos do projeto aqui relatadas devem estar congruentes com pedidos de emenda ao protocolo de pesquisa na Plataforma Brasil.<\/p>\n<p><a href=\"https:\/\/www.ufmg.br\/bioetica\/cep\/wp-content\/uploads\/2022\/01\/ModelosRelatoriosFinalParcial_Vs2019_Vs2.doc\">Vers\u00e3o<\/a>\u00a0em .docx do relat\u00f3rio parcial\/final<\/p>\n<p><a href=\"https:\/\/www.ufmg.br\/bioetica\/cep\/wp-content\/uploads\/2022\/01\/relatorio_final_encerramento_clinico.pdf\">Orienta\u00e7\u00f5es<\/a>\u00a0para elabora\u00e7\u00e3o de relat\u00f3rio final ( Estudos cl\u00ednicos unic\u00eantricos e multic\u00eantricos envio via plataformaBrasil por notifica\u00e7\u00e3o).<\/p>\n<p><a href=\"https:\/\/www.ufmg.br\/bioetica\/cep\/wp-content\/uploads\/2022\/01\/Check-list-para-submiss\u00e3o-de-notifica\u00e7\u00f5es.docx\">Orienta\u00e7\u00f5es<\/a> para elabora\u00e7\u00e3o de relat\u00f3rio parcial\/final e comunica\u00e7\u00e3o de encerramento do projeto.<\/p>\n<p><a href=\"https:\/\/www.ufmg.br\/bioetica\/cep\/wp-content\/uploads\/2016\/05\/Submeter-Notificacao.pdf\">Tutorial\u00a0<\/a>de envio de notifica\u00e7\u00e3o de relat\u00f3rio parcial ou final via plataformaBrasil.<\/p>\n<p>&nbsp;<\/p>\n","protected":false},"excerpt":{"rendered":"<p>\u00a0Esse modelo \u00e9 necess\u00e1rio para aprecia\u00e7\u00e3o de notifica\u00e7\u00e3o no CEP. Caso o protocolo n\u00e3o contemple algum campo espec\u00edfico, \u00e9 poss\u00edvel assinalar como &#8220;N\u00c3O SE APLICA&#8221;. Esse formul\u00e1rio\u00a0 se aplica para pesquisas\u00a0 nas \u00e1reas das ci\u00eancias sociais e humanidades. Se a pesquisa envolva estudo cl\u00ednico, o modelo de relat\u00f3rio final sugerido pela Conep est\u00e1 no link [&hellip;]<\/p>\n","protected":false},"author":5,"featured_media":0,"parent":0,"menu_order":0,"comment_status":"closed","ping_status":"closed","template":"","meta":{"footnotes":""},"categories":[],"class_list":["post-264","page","type-page","status-publish","hentry"],"_links":{"self":[{"href":"https:\/\/www.ufmg.br\/bioetica\/cep\/wp-json\/wp\/v2\/pages\/264","targetHints":{"allow":["GET"]}}],"collection":[{"href":"https:\/\/www.ufmg.br\/bioetica\/cep\/wp-json\/wp\/v2\/pages"}],"about":[{"href":"https:\/\/www.ufmg.br\/bioetica\/cep\/wp-json\/wp\/v2\/types\/page"}],"author":[{"embeddable":true,"href":"https:\/\/www.ufmg.br\/bioetica\/cep\/wp-json\/wp\/v2\/users\/5"}],"replies":[{"embeddable":true,"href":"https:\/\/www.ufmg.br\/bioetica\/cep\/wp-json\/wp\/v2\/comments?post=264"}],"version-history":[{"count":17,"href":"https:\/\/www.ufmg.br\/bioetica\/cep\/wp-json\/wp\/v2\/pages\/264\/revisions"}],"predecessor-version":[{"id":1017,"href":"https:\/\/www.ufmg.br\/bioetica\/cep\/wp-json\/wp\/v2\/pages\/264\/revisions\/1017"}],"wp:attachment":[{"href":"https:\/\/www.ufmg.br\/bioetica\/cep\/wp-json\/wp\/v2\/media?parent=264"}],"wp:term":[{"taxonomy":"category","embeddable":true,"href":"https:\/\/www.ufmg.br\/bioetica\/cep\/wp-json\/wp\/v2\/categories?post=264"}],"curies":[{"name":"wp","href":"https:\/\/api.w.org\/{rel}","templated":true}]}}