{"id":398,"date":"2019-04-15T19:11:36","date_gmt":"2019-04-15T22:11:36","guid":{"rendered":"http:\/\/www.ufmg.br\/bioetica\/coep\/?page_id=398"},"modified":"2021-03-31T17:28:02","modified_gmt":"2021-03-31T20:28:02","slug":"tcud","status":"publish","type":"page","link":"https:\/\/www.ufmg.br\/bioetica\/cep\/tcud\/","title":{"rendered":"TCUD"},"content":{"rendered":"<table style=\"height: 4325px;\" width=\"783\">\n<tbody>\n<tr>\n<td width=\"357\">\u00a0<\/td>\n<td style=\"text-align: justify;\" width=\"244\">\n<p><strong>Termo de Compromisso de Utiliza\u00e7\u00e3o de Dados (TCUD)<\/strong><\/p>\n<p>&nbsp;<\/p>\n<p>Instru\u00e7\u00f5es de preenchimento<\/p>\n<ul>\n<li>Obrigat\u00f3rio para pesquisa que utilizam e coletam informa\u00e7\u00f5es em banco de dados de institui\u00e7\u00f5es, prontu\u00e1rios m\u00e9dicos ou odontol\u00f3gicos, excetuando os bancos de dados de acesso p\u00fablico (ex: dados dispon\u00edveis em consulta p\u00fablica de processos nos sites dos tribunais de justi\u00e7a).<\/li>\n<li>Adapte o modelo conforme as particularidades de seu projeto, substituindo as partes em vermelho.<\/li>\n<li>Todos os pesquisadores que ter\u00e3o acesso aos documentos do arquivo dever\u00e3o informar o seu nome e seu registro de identidade (R.G.), e assinar este termo. Ser\u00e1 vedado o acesso aos documentos a pessoas cujo nome e assinatura n\u00e3o constarem no documento.<\/li>\n<li>A anu\u00eancia, ou modelo de carta de anu\u00eancia, de acesso aos bancos de dados deve ser apresentada na submiss\u00e3o \u00e0 Plataforma Brasil. As assinaturas dos respons\u00e1veis dos bancos de dados devem ser obrigatoriamente apresentadas na coleta de dados.<\/li>\n<li>As p\u00e1ginas devem ser enumeradas e uma via deste termo deve ser entregue \u00e0 Institui\u00e7\u00e3o e outra ficar de posse do pesquisador respons\u00e1vel.<\/li>\n<li>Esta folha de instru\u00e7\u00f5es deve ser removida da vers\u00e3o que ser\u00e1 postada na Plataforma Brasil, permanecendo apenas o modelo do documento abaixo.<\/li>\n<\/ul>\n<p>&nbsp;<\/p>\n<table width=\"100%\">\n<tbody>\n<tr>\n<td>\n<p>Vers\u00e3o 2.0\/2015<\/p>\n<\/td>\n<\/tr>\n<\/tbody>\n<\/table>\n<p> <strong><br \/> <\/strong><\/p>\n<p><strong>\u00a0<\/strong><\/p>\n<p><strong>\u00a0<\/strong><\/p>\n<p><\/p>\n<p><strong>Termo de Compromisso de Utiliza\u00e7\u00e3o de Dados (TCUD)<\/strong><\/p>\n<p>&nbsp;<\/p>\n<ol>\n<li><strong>Identifica\u00e7\u00e3o dos membros do grupo de pesquisa <\/strong><\/li>\n<\/ol>\n<p><strong>\u00a0<\/strong><\/p>\n<table>\n<tbody>\n<tr>\n<td width=\"326\">\n<p><strong>Nome completo (sem abrevia\u00e7\u00e3o)<\/strong><\/p>\n<\/td>\n<td width=\"123\">\n<p><strong>RG<\/strong><\/p>\n<\/td>\n<td width=\"150\">\n<p><strong>Assinatura<\/strong><\/p>\n<\/td>\n<\/tr>\n<tr>\n<td width=\"326\">\n<p>&nbsp;<\/p>\n<\/td>\n<td width=\"123\">\n<p>&nbsp;<\/p>\n<\/td>\n<td width=\"150\">\n<p>&nbsp;<\/p>\n<\/td>\n<\/tr>\n<tr>\n<td width=\"326\">\n<p>&nbsp;<\/p>\n<\/td>\n<td width=\"123\">\n<p>&nbsp;<\/p>\n<\/td>\n<td width=\"150\">\n<p>&nbsp;<\/p>\n<\/td>\n<\/tr>\n<tr>\n<td width=\"326\">\n<p>&nbsp;<\/p>\n<\/td>\n<td width=\"123\">\n<p>&nbsp;<\/p>\n<\/td>\n<td width=\"150\">\n<p>&nbsp;<\/p>\n<\/td>\n<\/tr>\n<tr>\n<td width=\"326\">\n<p>&nbsp;<\/p>\n<\/td>\n<td width=\"123\">\n<p>&nbsp;<\/p>\n<\/td>\n<td width=\"150\">\n<p>&nbsp;<\/p>\n<\/td>\n<\/tr>\n<tr>\n<td width=\"326\">\n<p>&nbsp;<\/p>\n<\/td>\n<td width=\"123\">\n<p>&nbsp;<\/p>\n<\/td>\n<td width=\"150\">\n<p>&nbsp;<\/p>\n<\/td>\n<\/tr>\n<tr>\n<td width=\"326\">\n<p>&nbsp;<\/p>\n<\/td>\n<td width=\"123\">\n<p>&nbsp;<\/p>\n<\/td>\n<td width=\"150\">\n<p>&nbsp;<\/p>\n<\/td>\n<\/tr>\n<\/tbody>\n<\/table>\n<p>&nbsp;<\/p>\n<ol start=\"2\">\n<li><strong>Identifica\u00e7\u00e3o da pesquisa <\/strong><\/li>\n<\/ol>\n<p><strong>\u00a0<\/strong><\/p>\n<ol>\n<li style=\"text-align: left;\">a)T\u00edtulo do Projeto: ______________________________________________________________________________<\/li>\n<li style=\"text-align: left;\">b) Departamento\/Faculdade\/Curso: ______________________________________________________________________________<\/li>\n<li style=\"text-align: left;\">c) Pesquisador Respons\u00e1vel: _____________________________________________________________________________<\/li>\n<li><strong>Descri\u00e7\u00e3o dos Dados<\/strong><\/li>\n<\/ol>\n<p><strong>\u00a0<\/strong><\/p>\n<p>S\u00e3o dados a serem coletados somente ap\u00f3s aprova\u00e7\u00e3o do projeto de pesquisa pelo Comit\u00ea de \u00c9tica da Universidade Federal de Minas Gerais (CEP-UFMG) e (comit\u00eas de \u00e9tica coparticipantes, se aplic\u00e1vel): citar o objeto da coleta, por exemplo: cirurgias ortop\u00e9dicas registrados no per\u00edodo de: (especificar o per\u00edodo relativo \u00e0 ocorr\u00eancia dos eventos, por exemplo: entre maio de 2001 e maio de 2007).<\/p>\n<p>Os dados obtidos na pesquisa somente ser\u00e3o utilizados para o projeto vinculado. Para d\u00favidas de aspecto \u00e9tico, pode ser contactado o Comit\u00ea de \u00c9tica em Pesquisa da UFMG (CEP\/UFMG): Av. Ant\u00f4nio Carlos, 6627, Pampulha &#8211; Belo Horizonte &#8211; MG &#8211; CEP 31270-901 Unidade Administrativa II &#8211; 2\u00ba Andar &#8211; Sala: 2005 Telefone: (031) 3409-4592 &#8211; E-mail: coep@prpq.ufmg.br .<\/p>\n<p><strong>\u00a0<\/strong><\/p>\n<ol start=\"4\">\n<li><strong>Declara\u00e7\u00e3o dos pesquisadores<\/strong><\/li>\n<\/ol>\n<p><strong>\u00a0<\/strong><\/p>\n<p>Os pesquisadores envolvidos no projeto se comprometem a manter a confidencialidade sobre os dados coletados nos arquivos do <strong>local do banco ou institui\u00e7\u00e3o de coleta<\/strong>, bem como a privacidade de seus conte\u00fados, como preconizam a Resolu\u00e7\u00e3o 466\/12, e suas complementares, do Conselho Nacional de Sa\u00fade.<\/p>\n<p>Declaramos entender que a integridade das informa\u00e7\u00f5es e a garantia da confidencialidade dos dados e a privacidade dos indiv\u00edduos que ter\u00e3o suas informa\u00e7\u00f5es acessadas est\u00e3o sob nossa responsabilidade. Tamb\u00e9m declaramos que n\u00e3o repassaremos os dados coletados ou o banco de dados em sua \u00edntegra, ou parte dele, a pessoas n\u00e3o envolvidas na equipe da pesquisa.<\/p>\n<p>Os dados obtidos na pesquisa somente ser\u00e3o utilizados para este projeto. Todo e qualquer outro uso que venha a ser planejado, ser\u00e1 objeto de novo projeto de pesquisa, que ser\u00e1 submetido \u00e0 aprecia\u00e7\u00e3o do CEP UFMG.<\/p>\n<p>Devido \u00e0 impossibilidade de obten\u00e7\u00e3o do Termo de Consentimento Livre e Esclarecido de todos os sujeitos, assinaremos esse Termo de Consentimento de Uso de Banco de Dados, para a salvaguarda dos direitos dos participantes.<\/p>\n<p>Local, data.<\/p>\n<p>&nbsp;<\/p>\n<table>\n<tbody>\n<tr>\n<td width=\"357\">\n<p><strong>Nome completo (sem abrevia\u00e7\u00e3o)<\/strong><\/p>\n<\/td>\n<td width=\"244\">\n<p><strong>Assinatura<\/strong><\/p>\n<\/td>\n<\/tr>\n<tr>\n<td width=\"357\">\n<p>&nbsp;<\/p>\n<\/td>\n<td width=\"244\">\n<p>&nbsp;<\/p>\n<\/td>\n<\/tr>\n<tr>\n<td width=\"357\">\n<p>&nbsp;<\/p>\n<\/td>\n<td width=\"244\">\n<p>&nbsp;<\/p>\n<\/td>\n<\/tr>\n<tr>\n<td width=\"357\">\n<p>&nbsp;<\/p>\n<\/td>\n<td width=\"244\">\n<p>&nbsp;<\/p>\n<\/td>\n<\/tr>\n<tr>\n<td width=\"357\">\n<p>&nbsp;<\/p>\n<\/td>\n<td width=\"244\">\n<p>&nbsp;<\/p>\n<\/td>\n<\/tr>\n<tr>\n<td width=\"357\">\n<p>&nbsp;<\/p>\n<\/td>\n<td width=\"244\">\n<p>&nbsp;<\/p>\n<\/td>\n<\/tr>\n<tr>\n<td width=\"357\">\n<p>&nbsp;<\/p>\n<\/td>\n<td width=\"244\">\n<p>&nbsp;<\/p>\n<\/td>\n<\/tr>\n<\/tbody>\n<\/table>\n<p>&nbsp;<\/p>\n<p><strong>\u00a0<\/strong><\/p>\n<ol start=\"5\">\n<li><strong>Autoriza\u00e7\u00e3o da Institui\u00e7\u00e3o<\/strong><\/li>\n<\/ol>\n<p><strong>\u00a0<\/strong><\/p>\n<p>\u00a0Declaramos para os devidos fins, que cederemos aos pesquisadores apresentados neste termo, o acesso aos dados solicitados para serem utilizados nesta pesquisa.<\/p>\n<p>Esta autoriza\u00e7\u00e3o est\u00e1 condicionada ao cumprimento do (a) pesquisador (a) aos requisitos da Resolu\u00e7\u00e3o 466\/12 e suas complementares, comprometendo-se o(a) mesmo(a) a utilizar os dados dos participantes da pesquisa, exclusivamente para os fins cient\u00edficos, mantendo o sigilo e garantindo a n\u00e3o utiliza\u00e7\u00e3o das informa\u00e7\u00f5es em preju\u00edzo das pessoas e\/ou das comunidades.<\/p>\n<p>Antes de iniciar a coleta de dados o\/a pesquisador\/a dever\u00e1 apresentar o Parecer Consubstanciado devidamente aprovado, emitido por Comit\u00ea de \u00c9tica em Pesquisa Envolvendo Seres Humanos, credenciado ao Sistema CEP\/CONEP.<\/p>\n<p>Local, data.<\/p>\n<p>______________________________________________________________<\/p>\n<p>Nome leg\u00edvel\/assinatura e carimbo do respons\u00e1vel pela anu\u00eancia da Institui\u00e7\u00e3o<\/p>\n<\/td>\n<\/tr>\n<tr>\n<td width=\"357\">\u00a0<\/td>\n<td width=\"244\">\u00a0<\/td>\n<\/tr>\n<tr>\n<td width=\"357\">\u00a0<\/td>\n<td width=\"244\">\u00a0<\/td>\n<\/tr>\n<tr>\n<td width=\"357\">\u00a0<\/td>\n<td width=\"244\">\u00a0<\/td>\n<\/tr>\n<tr>\n<td width=\"357\">\u00a0<\/td>\n<td width=\"244\">\u00a0<\/td>\n<\/tr>\n<tr>\n<td width=\"357\">\u00a0<\/td>\n<td width=\"244\">\u00a0<\/td>\n<\/tr>\n<tr>\n<td width=\"357\">\u00a0<\/td>\n<td width=\"244\">\n<p>&nbsp;<\/p>\n<\/td>\n<\/tr>\n<\/tbody>\n<\/table>\n<p><a href=\"https:\/\/www.ufmg.br\/bioetica\/cep\/wp-content\/uploads\/2021\/03\/TCUD-Cep-UFMG.docx\">Clique <\/a>para download para\u00a0 vers\u00e3o edit\u00e1vel.<\/p>\n<p><strong>\u00a0<\/strong><\/p>\n","protected":false},"excerpt":{"rendered":"<p>\u00a0 Termo de Compromisso de Utiliza\u00e7\u00e3o de Dados (TCUD) &nbsp; Instru\u00e7\u00f5es de preenchimento Obrigat\u00f3rio para pesquisa que utilizam e coletam informa\u00e7\u00f5es em banco de dados de institui\u00e7\u00f5es, prontu\u00e1rios m\u00e9dicos ou odontol\u00f3gicos, excetuando os bancos de dados de acesso p\u00fablico (ex: dados dispon\u00edveis em consulta p\u00fablica de processos nos sites dos tribunais de justi\u00e7a). Adapte o [&hellip;]<\/p>\n","protected":false},"author":5,"featured_media":0,"parent":0,"menu_order":0,"comment_status":"closed","ping_status":"closed","template":"","meta":{"footnotes":""},"categories":[],"class_list":["post-398","page","type-page","status-publish","hentry"],"_links":{"self":[{"href":"https:\/\/www.ufmg.br\/bioetica\/cep\/wp-json\/wp\/v2\/pages\/398","targetHints":{"allow":["GET"]}}],"collection":[{"href":"https:\/\/www.ufmg.br\/bioetica\/cep\/wp-json\/wp\/v2\/pages"}],"about":[{"href":"https:\/\/www.ufmg.br\/bioetica\/cep\/wp-json\/wp\/v2\/types\/page"}],"author":[{"embeddable":true,"href":"https:\/\/www.ufmg.br\/bioetica\/cep\/wp-json\/wp\/v2\/users\/5"}],"replies":[{"embeddable":true,"href":"https:\/\/www.ufmg.br\/bioetica\/cep\/wp-json\/wp\/v2\/comments?post=398"}],"version-history":[{"count":7,"href":"https:\/\/www.ufmg.br\/bioetica\/cep\/wp-json\/wp\/v2\/pages\/398\/revisions"}],"predecessor-version":[{"id":606,"href":"https:\/\/www.ufmg.br\/bioetica\/cep\/wp-json\/wp\/v2\/pages\/398\/revisions\/606"}],"wp:attachment":[{"href":"https:\/\/www.ufmg.br\/bioetica\/cep\/wp-json\/wp\/v2\/media?parent=398"}],"wp:term":[{"taxonomy":"category","embeddable":true,"href":"https:\/\/www.ufmg.br\/bioetica\/cep\/wp-json\/wp\/v2\/categories?post=398"}],"curies":[{"name":"wp","href":"https:\/\/api.w.org\/{rel}","templated":true}]}}