{"id":465,"date":"2019-12-18T15:37:58","date_gmt":"2019-12-18T17:37:58","guid":{"rendered":"http:\/\/www.ufmg.br\/bioetica\/coep\/?page_id=465"},"modified":"2020-08-31T09:54:18","modified_gmt":"2020-08-31T12:54:18","slug":"biorrepositorio","status":"publish","type":"page","link":"https:\/\/www.ufmg.br\/bioetica\/cep\/tale\/biorrepositorio\/","title":{"rendered":"Biorreposit\u00f3rio"},"content":{"rendered":"<p><a href=\"https:\/\/www.ufmg.br\/bioetica\/cep\/wp-content\/uploads\/2019\/12\/TCLEBiorreposit%C3%B3rioUFMG2015.doc\">Clique aqui\u00a0<\/a>\u00a0para visualizar a sugest\u00e3o de modelo do\u00a0TCLE de Biorreposit\u00f3rio.<\/p>\n<p><a href=\"https:\/\/www.ufmg.br\/bioetica\/cep\/wp-content\/uploads\/2019\/12\/Termo-de-Constitui%C3%A7%C3%A3o-de-Biorreposit%C3%B3rio.docx\">Clique aqui\u00a0<\/a>para visualizar\u00a0a sugest\u00e3o de modelo do Termo de Constitui\u00e7\u00e3o de Biorreposit\u00f3rio.<\/p>\n","protected":false},"excerpt":{"rendered":"<p>Clique aqui\u00a0\u00a0para visualizar a sugest\u00e3o de modelo do\u00a0TCLE de Biorreposit\u00f3rio. Clique aqui\u00a0para visualizar\u00a0a sugest\u00e3o de modelo do Termo de Constitui\u00e7\u00e3o de Biorreposit\u00f3rio.<\/p>\n","protected":false},"author":5,"featured_media":0,"parent":229,"menu_order":3,"comment_status":"closed","ping_status":"closed","template":"","meta":{"footnotes":""},"categories":[],"class_list":["post-465","page","type-page","status-publish","hentry"],"_links":{"self":[{"href":"https:\/\/www.ufmg.br\/bioetica\/cep\/wp-json\/wp\/v2\/pages\/465","targetHints":{"allow":["GET"]}}],"collection":[{"href":"https:\/\/www.ufmg.br\/bioetica\/cep\/wp-json\/wp\/v2\/pages"}],"about":[{"href":"https:\/\/www.ufmg.br\/bioetica\/cep\/wp-json\/wp\/v2\/types\/page"}],"author":[{"embeddable":true,"href":"https:\/\/www.ufmg.br\/bioetica\/cep\/wp-json\/wp\/v2\/users\/5"}],"replies":[{"embeddable":true,"href":"https:\/\/www.ufmg.br\/bioetica\/cep\/wp-json\/wp\/v2\/comments?post=465"}],"version-history":[{"count":4,"href":"https:\/\/www.ufmg.br\/bioetica\/cep\/wp-json\/wp\/v2\/pages\/465\/revisions"}],"predecessor-version":[{"id":555,"href":"https:\/\/www.ufmg.br\/bioetica\/cep\/wp-json\/wp\/v2\/pages\/465\/revisions\/555"}],"up":[{"embeddable":true,"href":"https:\/\/www.ufmg.br\/bioetica\/cep\/wp-json\/wp\/v2\/pages\/229"}],"wp:attachment":[{"href":"https:\/\/www.ufmg.br\/bioetica\/cep\/wp-json\/wp\/v2\/media?parent=465"}],"wp:term":[{"taxonomy":"category","embeddable":true,"href":"https:\/\/www.ufmg.br\/bioetica\/cep\/wp-json\/wp\/v2\/categories?post=465"}],"curies":[{"name":"wp","href":"https:\/\/api.w.org\/{rel}","templated":true}]}}