{"id":485,"date":"2019-12-19T16:49:28","date_gmt":"2019-12-19T18:49:28","guid":{"rendered":"http:\/\/www.ufmg.br\/bioetica\/coep\/?page_id=485"},"modified":"2023-05-25T12:12:11","modified_gmt":"2023-05-25T15:12:11","slug":"coparticipacoes","status":"publish","type":"page","link":"https:\/\/www.ufmg.br\/bioetica\/cep\/coparticipacoes\/","title":{"rendered":"Coparticipa\u00e7\u00f5es, multic\u00eantricos (UFMG \u00e9 entidade participante)"},"content":{"rendered":"<p>Documentos obrigat\u00f3rios para aprecia\u00e7\u00e3o envolvendo a coparticipa\u00e7\u00e3o e a participa\u00e7\u00e3o da UFMG<\/p>\n<table>\n<tbody>\n<tr>\n<td width=\"576\">\n<p>1 &#8211; Se o projeto for desenvolvido no <strong>Hospital Risoleta Neves<\/strong> ou no <strong>Hospital das Cl\u00ednicas<\/strong>, deve ser inclu\u00eddo, na Plataforma Brasil, o <strong>protocolo da NEPE ou da GEPE<\/strong>, respectivamente;<\/p>\n<\/td>\n<\/tr>\n<tr>\n<td width=\"576\">\n<p>2- Inclus\u00e3o da <strong>anu\u00eancia do local ou laborat\u00f3rio de pesquisa no \u00e2mbito da UFMG em que o estudo ser\u00e1 desenvolvido <\/strong>(\u00e0 <strong>exce\u00e7\u00e3o<\/strong> dos projetos no \u00e2mbito do <strong>Hospital Risoleta Neves ou Hospital das Cl\u00ednicas<\/strong>), com identifica\u00e7\u00e3o do respons\u00e1vel institucional;<\/p>\n<\/td>\n<\/tr>\n<tr>\n<td width=\"576\">\n<p>3- <strong>Carta ou documento elaborado por um pesquisador<\/strong> com <strong>v\u00ednculo com a UFMG que se responsabilize pelo acompanhamento<\/strong> do projeto, caso ele n\u00e3o esteja vinculado a um laborat\u00f3rio de pesquisa institu\u00eddo, quando aplic\u00e1vel.<\/p>\n<\/td>\n<\/tr>\n<tr>\n<td width=\"576\">\n<p>4- Caso a investiga\u00e7\u00e3o envolva seres humanos, os <strong>Termos de Consentimento Livre e Esclarecido e Assentimento Livre e Esclarecido<\/strong> \u00a0devem atender \u00e0s diretrizes do CEP que tamb\u00e9m est\u00e3o dispon\u00edveis neste site.<\/p>\n<p>5- <strong>Parecer consubstanciado<\/strong> aprovado pela C\u00e2mara Departamental vinculada ao docente que se responsabilizar\u00e1\u00a0 pelo acompanhamento do projeto na UFMG. S\u00e3o aceitos os pareceres oriundos dos Centros Institucionais de Tecnologia e Inova\u00e7\u00e3o conforme regulamenta\u00e7\u00e3o da resolu\u00e7\u00e3o 02\/2023 de 20\/04\/2023.<\/p>\n<\/td>\n<\/tr>\n<\/tbody>\n<\/table>\n<p>\u00a0As inclus\u00f5es de entidades coparticipantes\u00a0na quais a UFMG \u00e9 entidade proponente devem ser realizadas por meio de solicita\u00e7\u00e3o de emenda via formul\u00e1rio eletr\u00f4nico da Plataforma Brasil em campo espec\u00edfico.<\/p>\n","protected":false},"excerpt":{"rendered":"<p>Documentos obrigat\u00f3rios para aprecia\u00e7\u00e3o envolvendo a coparticipa\u00e7\u00e3o e a participa\u00e7\u00e3o da UFMG 1 &#8211; Se o projeto for desenvolvido no Hospital Risoleta Neves ou no Hospital das Cl\u00ednicas, deve ser inclu\u00eddo, na Plataforma Brasil, o protocolo da NEPE ou da GEPE, respectivamente; 2- Inclus\u00e3o da anu\u00eancia do local ou laborat\u00f3rio de pesquisa no \u00e2mbito da [&hellip;]<\/p>\n","protected":false},"author":5,"featured_media":0,"parent":0,"menu_order":0,"comment_status":"closed","ping_status":"closed","template":"","meta":{"footnotes":""},"categories":[],"class_list":["post-485","page","type-page","status-publish","hentry"],"_links":{"self":[{"href":"https:\/\/www.ufmg.br\/bioetica\/cep\/wp-json\/wp\/v2\/pages\/485","targetHints":{"allow":["GET"]}}],"collection":[{"href":"https:\/\/www.ufmg.br\/bioetica\/cep\/wp-json\/wp\/v2\/pages"}],"about":[{"href":"https:\/\/www.ufmg.br\/bioetica\/cep\/wp-json\/wp\/v2\/types\/page"}],"author":[{"embeddable":true,"href":"https:\/\/www.ufmg.br\/bioetica\/cep\/wp-json\/wp\/v2\/users\/5"}],"replies":[{"embeddable":true,"href":"https:\/\/www.ufmg.br\/bioetica\/cep\/wp-json\/wp\/v2\/comments?post=485"}],"version-history":[{"count":6,"href":"https:\/\/www.ufmg.br\/bioetica\/cep\/wp-json\/wp\/v2\/pages\/485\/revisions"}],"predecessor-version":[{"id":858,"href":"https:\/\/www.ufmg.br\/bioetica\/cep\/wp-json\/wp\/v2\/pages\/485\/revisions\/858"}],"wp:attachment":[{"href":"https:\/\/www.ufmg.br\/bioetica\/cep\/wp-json\/wp\/v2\/media?parent=485"}],"wp:term":[{"taxonomy":"category","embeddable":true,"href":"https:\/\/www.ufmg.br\/bioetica\/cep\/wp-json\/wp\/v2\/categories?post=485"}],"curies":[{"name":"wp","href":"https:\/\/api.w.org\/{rel}","templated":true}]}}