{"id":545,"date":"2020-07-23T18:21:02","date_gmt":"2020-07-23T21:21:02","guid":{"rendered":"http:\/\/www.ufmg.br\/bioetica\/coep\/?page_id=545"},"modified":"2024-11-26T17:29:39","modified_gmt":"2024-11-26T19:29:39","slug":"treinamento-comunidade-academica","status":"publish","type":"page","link":"https:\/\/www.ufmg.br\/bioetica\/cep\/treinamento-comunidade-academica\/","title":{"rendered":"Treinamento comunidade acad\u00eamica"},"content":{"rendered":"<p>Caros pesquisadores,\u00a0 os materiais aqui disponibilizados foram apresentados no treinamento realizado no dia 08 de julho de 2020, das 14:00 \u00e0s 17:30.<\/p>\n<p><a href=\"https:\/\/www.ufmg.br\/bioetica\/cep\/wp-content\/uploads\/2020\/07\/apresenta\u00e7\u00e3o-para-pesqusisadores-da-UFMG-1.pdf\">Submiss\u00e3o do protocolo<\/a>: atividades de secretaria (checagem documental, recep\u00e7\u00e3o, preenchimento na Plataforma Brasil) .<\/p>\n<p><a href=\"https:\/\/www.ufmg.br\/bioetica\/cep\/wp-content\/uploads\/2020\/07\/treinamento-CEP-UFMG-Cr\u00edssia-1.pdf\">\u00c9tica em Pauta:<\/a> Pesquisa com Seres Humanos (aspectos relevantes).<\/p>\n<p><a href=\"https:\/\/www.ufmg.br\/bioetica\/cep\/wp-content\/uploads\/2020\/07\/apresenta\u00e7\u00e3o-para-pesqusisadores-da-UFMG-Corinne.pdf\">Pesquisas com Seres Humanos nas Ci\u00eancias Sociais:<\/a> obriga\u00e7\u00f5es \u00e9ticas (resolu\u00e7\u00e3o 510\/16).<\/p>\n<p><a href=\"https:\/\/www.youtube.com\/watch?v=Mf8S-UnLQ9Y&amp;feature=youtu.be\">Acesse aqui a \u00edntegra do treinamento. <\/a><\/p>\n<p><a href=\"https:\/\/www.youtube.com\/watch?v=Ur4PsltU2UE&amp;t=1446s\">Acesse aqui a \u00edntegra do Semin\u00e1rio 2021<\/a><\/p>\n<p><a href=\"https:\/\/ufmgbr.sharepoint.com\/:v:\/r\/sites\/OficinaDocenteMPGSS\/Shared%20Documents\/General\/Recordings\/Oficina%20Docente-20220119_161023-Grava%C3%A7%C3%A3o%20de%20Reuni%C3%A3o.mp4?csf=1&amp;web=1&amp;e=nA4HQR\">Acesse aqui oficina realizada na P\u00f3s Gradua\u00e7\u00e3o em Gest\u00e3o de Servi\u00e7os de Sa\u00fade<\/a><\/p>\n<p><a href=\"https:\/\/www.youtube.com\/watch?v=CzE4zy3Dt_U&amp;t=2s\">Acesse aqui a \u00edntegra do Semin\u00e1rio 2023<\/a><\/p>\n<p><a href=\"https:\/\/drive.google.com\/file\/d\/1OZOEnBPtpGJnuTpsLxxvk5AJXgyTULh8\/view?usp=sharing\">Acesse aqui a \u00edntegra\u00a0 sobre &#8220;A regulamenta\u00e7\u00e3o da pesquisa com seres humanos por meio da lei 14.874\/2024: retrocessos e desafios&#8221;<\/a><\/p>\n<p><a href=\"https:\/\/youtu.be\/ncOd3YCDVgw\">Acesse aqui o Semin\u00e1rio de 2024<\/a><\/p>\n<p>&nbsp;<\/p>\n","protected":false},"excerpt":{"rendered":"<p>Caros pesquisadores,\u00a0 os materiais aqui disponibilizados foram apresentados no treinamento realizado no dia 08 de julho de 2020, das 14:00 \u00e0s 17:30. Submiss\u00e3o do protocolo: atividades de secretaria (checagem documental, recep\u00e7\u00e3o, preenchimento na Plataforma Brasil) . \u00c9tica em Pauta: Pesquisa com Seres Humanos (aspectos relevantes). Pesquisas com Seres Humanos nas Ci\u00eancias Sociais: obriga\u00e7\u00f5es \u00e9ticas (resolu\u00e7\u00e3o [&hellip;]<\/p>\n","protected":false},"author":5,"featured_media":0,"parent":0,"menu_order":0,"comment_status":"closed","ping_status":"closed","template":"","meta":{"footnotes":""},"categories":[],"class_list":["post-545","page","type-page","status-publish","hentry"],"_links":{"self":[{"href":"https:\/\/www.ufmg.br\/bioetica\/cep\/wp-json\/wp\/v2\/pages\/545","targetHints":{"allow":["GET"]}}],"collection":[{"href":"https:\/\/www.ufmg.br\/bioetica\/cep\/wp-json\/wp\/v2\/pages"}],"about":[{"href":"https:\/\/www.ufmg.br\/bioetica\/cep\/wp-json\/wp\/v2\/types\/page"}],"author":[{"embeddable":true,"href":"https:\/\/www.ufmg.br\/bioetica\/cep\/wp-json\/wp\/v2\/users\/5"}],"replies":[{"embeddable":true,"href":"https:\/\/www.ufmg.br\/bioetica\/cep\/wp-json\/wp\/v2\/comments?post=545"}],"version-history":[{"count":9,"href":"https:\/\/www.ufmg.br\/bioetica\/cep\/wp-json\/wp\/v2\/pages\/545\/revisions"}],"predecessor-version":[{"id":936,"href":"https:\/\/www.ufmg.br\/bioetica\/cep\/wp-json\/wp\/v2\/pages\/545\/revisions\/936"}],"wp:attachment":[{"href":"https:\/\/www.ufmg.br\/bioetica\/cep\/wp-json\/wp\/v2\/media?parent=545"}],"wp:term":[{"taxonomy":"category","embeddable":true,"href":"https:\/\/www.ufmg.br\/bioetica\/cep\/wp-json\/wp\/v2\/categories?post=545"}],"curies":[{"name":"wp","href":"https:\/\/api.w.org\/{rel}","templated":true}]}}