{"id":822,"date":"2022-09-13T15:07:56","date_gmt":"2022-09-13T18:07:56","guid":{"rendered":"http:\/\/www.ufmg.br\/bioetica\/coep\/?page_id=822"},"modified":"2026-04-15T12:16:41","modified_gmt":"2026-04-15T15:16:41","slug":"membros","status":"publish","type":"page","link":"https:\/\/www.ufmg.br\/bioetica\/cep\/membros\/","title":{"rendered":"Membros"},"content":{"rendered":"<table width=\"697\">\n<tbody>\n<tr>\n<td width=\"263\">REPRESENTA\u00c7\u00c3O COMUNIDADE ACAD\u00caMICA<\/td>\n<td width=\"242\">INDICA\u00c7\u00c3O DAS UNIDADES<\/td>\n<\/tr>\n<tr>\n<td colspan=\"2\" width=\"505\"><strong>Faculdade de Medicina<\/strong><\/td>\n<\/tr>\n<tr>\n<td width=\"263\"><strong>Titular<\/strong><\/td>\n<td width=\"242\"><strong>Suplente<\/strong><\/td>\n<\/tr>\n<tr>\n<td width=\"263\">Prof. Antonio Marcos Alvim Soares (16\/01\/24 a\u00a0 15\/01\/28)<\/td>\n<td width=\"242\">\u00a0Aguardando indica\u00e7\u00e3o<\/td>\n<\/tr>\n<tr>\n<td width=\"263\">Prof. Luiz S\u00e9rgio Silva (11\/05\/2023-10\/05\/2026)<\/td>\n<td width=\"242\">\u00a0Prof. S\u00e9rgio Augusto Vieira Can\u00e7ado (10\/10\/25-09\/10\/29)<\/td>\n<\/tr>\n<tr>\n<td width=\"263\">(aguardando indica\u00e7\u00e3o)<\/p>\n<p>Profa. Fl\u00e1via Ribeiro de Oliveira(28\/12\/23 a 27\/12\/27)<\/p>\n<p>(aguardando indica\u00e7\u00e3o)<\/p>\n<p>(aguardando indica\u00e7\u00e3o)<\/td>\n<td width=\"242\">Prof.\u00a0Fl\u00e1vio Barbosa Nunes (13\/06\/24 a 12\/06\/28)<\/p>\n<p>Profa. Graziella Lage Oliveira\u00a0 (23\/08\/24 a 22\/08\/28)<\/p>\n<p>Prof. Jos\u00e9 Roberto Faria (26\/06\/23- 25\/06\/26)<\/p>\n<p>Profa. Adriana Teixeira Rodrigues (26\/01\/24 a 25\/01\/28)<\/p>\n<p>&nbsp;<\/td>\n<\/tr>\n<tr>\n<td colspan=\"2\" width=\"505\">&nbsp;<\/p>\n<p><strong>EEFFTO<\/strong><\/td>\n<\/tr>\n<tr>\n<td width=\"263\">Profa. Marina de Brito Brand\u00e3o (25\/08\/25 a 24\/08\/29)<\/td>\n<td width=\"242\">\u00a0Prof. Jos\u00e9 Martim Marques<\/p>\n<p>(23\/08\/24 a 22\/08\/28)<\/td>\n<\/tr>\n<tr>\n<td width=\"263\">Prof. C\u00e9sar Teixeira Castilho (10\/10\/25-09\/10\/29)<\/p>\n<p>Prof. Bruno Teobaldo Campos (12\/01\/26 a 11\/01\/30)<\/p>\n<p><span style=\"font-weight: 400;\">Prof. Crystian Moraes Silva Gomes(12\/01\/26 a 11\/01\/30)<\/span><\/td>\n<td width=\"242\">Profa. Nath\u00e1lia Maria Resende (23\/08\/24\u00a0 a 22\/08\/28)<\/p>\n<p>Prof. Lucas Savassi Figueiredo(12\/01\/26 a 11\/01\/30)<\/p>\n<p>Profa.Glaucia Miranda Varella Pereira<\/p>\n<p>(12\/01\/26 a 11\/01\/30))<\/td>\n<\/tr>\n<tr>\n<td colspan=\"2\" width=\"505\">&nbsp;<\/p>\n<p><strong>Faculdade de Odontologia<\/strong><\/td>\n<\/tr>\n<tr>\n<td width=\"263\">Profa.Ivana M\u00e1rcia Alves Diniz (01\/08\/25 a 31\/07\/29)<\/td>\n<td width=\"242\">Profa.Ivana Meyer Prado (01\/08\/25 a 31\/07\/29)<\/td>\n<\/tr>\n<tr>\n<td colspan=\"2\" width=\"505\">&nbsp;<\/p>\n<p><strong>Faculdade de Farm\u00e1cia<\/strong><\/td>\n<\/tr>\n<tr>\n<td width=\"263\">Profa. Marina Scopel (25\/08\/25-24\/08\/29)<\/td>\n<td width=\"242\">Profa. Marina Guimar\u00e3es Lima ((10\/10\/25-09\/10\/29)<\/td>\n<\/tr>\n<tr>\n<td colspan=\"2\" width=\"505\">&nbsp;<\/p>\n<p><strong>Escola de Belas Artes<\/strong><\/td>\n<\/tr>\n<tr>\n<td width=\"263\">Profa. Camila Henriques Maia de Camargos (16\/01\/2024 a 15\/01\/28)<\/td>\n<td width=\"242\">Prof. Leonardo \u00c1lvares Vidigal (28\/03\/2025 a 27\/03\/29)<\/td>\n<\/tr>\n<tr>\n<td colspan=\"2\" width=\"505\">&nbsp;<\/p>\n<p><strong>ICEX<\/strong><\/td>\n<\/tr>\n<tr>\n<td width=\"263\">Profa. Hallen Daniel Rezende Calado (05\/10\/23-04\/10\/27)<\/td>\n<td width=\"242\">Aloisio Joaquim Freitas Ribeiro(10\/10\/25-09\/10\/29)<\/td>\n<\/tr>\n<tr>\n<td colspan=\"2\" width=\"505\">&nbsp;<\/p>\n<p><strong>Veterin\u00e1ria<\/strong><\/td>\n<\/tr>\n<tr>\n<td width=\"263\">Profa. Bruna Maria Salotti de Souza (11\/05\/23- 10\/05\/26)<\/td>\n<td width=\"242\">Prof. Tadeu Chaves de Figueiredo (25\/08\/2025 a 24\/08\/29)<\/td>\n<\/tr>\n<tr>\n<td colspan=\"2\" width=\"505\">&nbsp;<\/p>\n<p><strong>FAFICH<\/strong><\/td>\n<\/tr>\n<tr>\n<td width=\"263\">Prof. Tiago Pedro Ferreira Tom\u00e9\u00a0(11\/05\/23- 10\/05\/26)<\/td>\n<td width=\"242\">Profa. Mariuche Rodrigues de Almeida Gomides (28\/03\/25 a 27\/03\/29)<\/td>\n<\/tr>\n<tr>\n<td colspan=\"2\" width=\"505\">&nbsp;<\/p>\n<p><strong>FALE<\/strong><\/td>\n<\/tr>\n<tr>\n<td width=\"263\">Profa. Eva dos Reis Ara\u00fajo Barbosa (24\/02\/26- 22\/02\/30)<\/p>\n<p>&nbsp;<\/td>\n<td width=\"242\">Let\u00edcia Fernandes Malloy Diniz(24\/02\/26- 22\/02\/30)<\/td>\n<\/tr>\n<tr>\n<td colspan=\"2\" width=\"505\">&nbsp;<\/p>\n<p><strong>ICB<\/strong><\/td>\n<\/tr>\n<tr>\n<td width=\"263\">Prof. Stefan Michael Geiger (07\/04\/26-06\/04\/30)<\/td>\n<td width=\"242\">Aguardando indica\u00e7\u00e3o (-)<\/td>\n<\/tr>\n<tr>\n<td width=\"263\">Prof. George Eduardo Gabriel Kluck(28\/11\/25- 27\/11\/29)<\/td>\n<td width=\"242\">Profa.Barbara Maximino Rezende Goncalves (07\/04\/26-06\/04\/30)<\/td>\n<\/tr>\n<tr>\n<td width=\"263\">\u00a0Profa.Vanessa de F\u00e1tima Bernardes(07\/04\/26-06\/04\/30)<\/td>\n<td width=\"242\">Aguardando indica\u00e7\u00e3o (-)<\/td>\n<\/tr>\n<tr>\n<td colspan=\"2\" width=\"505\">&nbsp;<\/p>\n<p><strong>FAE<\/strong><\/td>\n<\/tr>\n<tr>\n<td width=\"263\">Profa. Michele Aparecida de S\u00e1 (23\/08\/2024 -22\/08\/2028)<\/td>\n<td width=\"242\">Profa. Elizabeth Guzzo de Almeida (23\/08\/2024-22\/08\/2028)<\/td>\n<\/tr>\n<tr>\n<td width=\"263\">(aguardando indica\u00e7\u00e3o)<\/p>\n<p>Profa.M\u00f4nica Daisy Vieira Ara\u00fajo<\/p>\n<p>(12\/01\/26 a 11\/01\/30)<\/p>\n<p>M\u00f4nica Yumi Jinzenji(25\/08\/25-24\/08\/29)<\/td>\n<td width=\"242\">Profa.Maria Am\u00e1lia de Almeida Cunha<\/p>\n<p>(28\/11\/25-27\/11\/29)<\/p>\n<p>Val\u00e9ria Barbosa Machado (10\/10\/22- 09\/10\/25<\/p>\n<p>Marlucy Alves Para\u00edso(12\/01\/26 a 11\/01\/30)<\/td>\n<\/tr>\n<tr>\n<td colspan=\"2\" width=\"505\">&nbsp;<\/p>\n<p><strong>Escola de Enfermagem<\/strong><\/td>\n<\/tr>\n<tr>\n<td width=\"263\">Profa. Mariana Almeida Maia (13\/06\/24 a 12\/06\/28)<\/td>\n<td width=\"242\">Profa. Belisa Vieira da Silveira (13\/06\/24 a 12\/06\/28)<\/td>\n<\/tr>\n<tr>\n<td width=\"263\">Profa. Amanda M\u00e1rcia dos Santos Reinaldo (10\/10\/25-09\/10\/29)<\/p>\n<p>Profa. Taysa de F\u00e1tima Garcia(26\/01\/24-25\/01\/28)<\/p>\n<p>Profa.T\u00e9rcia Moreira Ribeiro da Silva(10\/10\/25-09\/10\/29)<\/p>\n<p>Profa.Renata Marques de Oliveira<\/p>\n<p>(28\/11\/25-27\/11\/29)<\/p>\n<p>Profa. Juliana Costa Liboredo (23\/8\/24-22\/8\/28)<\/td>\n<td width=\"242\">Profa. Juliana de Oliveira Marcatto (10\/10\/25-09\/10\/29)<\/p>\n<p>Profa. Lilian Cristina Rezende (11\/05\/23- 10\/05\/26)<\/p>\n<p>Profa.\u00a0Moema Santos Souza<\/p>\n<p>(28\/11\/25-27\/11\/29)<\/p>\n<p>Prof. Mark Anthony Beinner (10\/10\/25-09\/10\/29)<\/p>\n<p>Prof. Gilberto Simeone Henriques\u00a0(23\/8\/24-22\/8\/28)<\/td>\n<\/tr>\n<tr>\n<td colspan=\"2\" width=\"505\">&nbsp;<\/p>\n<p><strong>Faculdade de Direito<\/strong><\/td>\n<\/tr>\n<tr>\n<td width=\"263\">Profa. Carla Vasconcelos Carvalho<\/p>\n<p>(11\/05\/2023-10\/05\/2026)<\/td>\n<td width=\"242\">Profa. Juraciara Vieira Cardoso<\/p>\n<p>(07\/04\/26- 06\/04\/30)<\/td>\n<\/tr>\n<tr>\n<td colspan=\"2\" width=\"505\">&nbsp;<\/p>\n<p><strong>Escola de M\u00fasica<\/strong><\/td>\n<\/tr>\n<tr>\n<td width=\"263\">Prof. Jos\u00e9 Ricardo Jamal J\u00fanior(13\/06\/24 a 12\/06\/28)<\/td>\n<td width=\"242\">Prof. Marco Ant\u00f4nio Farias Scarassatti\u00a0 Ros\u00e1rio(13\/06\/24 a 12\/06\/28)<\/td>\n<\/tr>\n<tr>\n<td colspan=\"2\" width=\"505\">&nbsp;<\/p>\n<p><strong>FACE<\/strong><\/td>\n<\/tr>\n<tr>\n<td width=\"263\">Prof.Renan Pereira Almeida (01\/08\/2025 a 31\/07\/29)<\/td>\n<td width=\"242\">Profa.Vanessa Gabrielle Di Lego Gon\u00e7alves(01\/08\/2025 a 31\/07\/29)<\/td>\n<\/tr>\n<tr>\n<td colspan=\"2\" width=\"505\">&nbsp;<\/p>\n<p><strong>Coltec ou Centro Pedag\u00f3gico<\/strong><\/td>\n<\/tr>\n<tr>\n<td width=\"263\">Prof. Arnaldo de Moura Vaz da Silva (01\/08\/2025-31\/07\/2029)<\/p>\n<p>&nbsp;<\/td>\n<td width=\"242\">Luiz Gustavo Nicacio (01\/08\/2025-31\/07\/2029)<\/p>\n<p>&nbsp;<\/td>\n<\/tr>\n<tr>\n<td colspan=\"2\" width=\"505\"><strong>Escola de engenharia<\/strong><\/td>\n<\/tr>\n<tr>\n<td width=\"263\">Prof. Eduardo Romeiro Filho<\/p>\n<p>(16\/05\/25- 15\/05\/29)<\/td>\n<td width=\"242\">Prof.Raphael Tobias de Vasconcelos Barros(01\/08\/2025-31\/07\/2029)<\/td>\n<\/tr>\n<tr>\n<td colspan=\"2\" width=\"505\">&nbsp;<\/p>\n<p><strong>Coordena\u00e7\u00e3o<\/strong><\/td>\n<\/tr>\n<tr>\n<td colspan=\"2\" width=\"505\">Prof.Helton da Costa Santiago\u2013 Coordenador do CEP<\/td>\n<\/tr>\n<tr>\n<td colspan=\"2\" width=\"505\">Profa. Fabiene Bernardes Castro Vale\u2013 Coordenadora Adjunta do CEP<\/td>\n<\/tr>\n<tr>\n<td colspan=\"2\" width=\"505\">&nbsp;<\/p>\n<p><strong>T\u00e9cnicos<\/strong><\/td>\n<\/tr>\n<tr>\n<td width=\"263\">Ricardo Augusto de Jesus Sales (16\/01\/24- 15\/01\/28)<\/td>\n<td width=\"242\">Elisa Sampaio de Faria (04\/10\/23-03\/10\/27)<\/td>\n<\/tr>\n<tr>\n<td colspan=\"2\" width=\"505\"><strong>Representantes de participantes de pesquisa<\/strong><\/td>\n<\/tr>\n<tr>\n<td width=\"263\">Senhora Dirce Efig\u00eania Brito Lopes e Oliveira<\/p>\n<p>&nbsp;<\/td>\n<td width=\"242\">Conselho Estadual de Educa\u00e7\u00e3o<\/td>\n<\/tr>\n<tr>\n<td width=\"263\">Senhora Cl\u00e1udia Aparecida Pereira Br\u00edgido<\/p>\n<p>Senhora Mayara Ferreira de Abreu<\/td>\n<td width=\"242\">Conselho Estadual de Seguran\u00e7a P\u00fablica e Defesa Social<\/td>\n<\/tr>\n<tr>\n<td width=\"263\">Senhor Robson S\u00e1vio Reis Souza<\/p>\n<p>Senhor Daniel Caldeira de Melo<\/td>\n<td width=\"242\">Conselho Estadual de Direitos Humanos de Minas Gerais<\/td>\n<\/tr>\n<tr>\n<td width=\"263\">Senhora \u00a0Melissa Luciana Ara\u00fajo<\/td>\n<td width=\"242\">Conselho municipal de seguran\u00e7a alimentar<\/td>\n<\/tr>\n<tr>\n<td width=\"263\">Senhora\u00a0 Neli Martins de Souza:<\/p>\n<p>Senhor Marcus T\u00falio de Oliveira Gonzaga<\/td>\n<td width=\"242\">Conselho municipal de promo\u00e7\u00e3o da igualdade racial<\/td>\n<\/tr>\n<tr>\n<td width=\"263\">Senhor Marcos Tadeu Righi Rodrigues de Sousa<\/td>\n<td width=\"242\">Cons. Municipal de Saneamento<\/td>\n<\/tr>\n<tr>\n<td width=\"263\">\u00a0Senhor Filipe Marcos Horta Nunes<\/td>\n<td width=\"242\">Conselho Regional de Biologia<\/td>\n<\/tr>\n<tr>\n<td width=\"263\">Senhora <span data-sheets-root=\"1\">Eleusa Andrade Veiga<\/span><\/td>\n<td width=\"242\">Cons. Municipal dos Direitos da Crian\u00e7a<\/td>\n<\/tr>\n<tr>\n<td width=\"263\"><\/td>\n<td width=\"242\"><\/td>\n<\/tr>\n<\/tbody>\n<\/table>\n<p>&nbsp;<\/p>\n","protected":false},"excerpt":{"rendered":"<p>REPRESENTA\u00c7\u00c3O COMUNIDADE ACAD\u00caMICA INDICA\u00c7\u00c3O DAS UNIDADES Faculdade de Medicina Titular Suplente Prof. Antonio Marcos Alvim Soares (16\/01\/24 a\u00a0 15\/01\/28) \u00a0Aguardando indica\u00e7\u00e3o Prof. Luiz S\u00e9rgio Silva (11\/05\/2023-10\/05\/2026) \u00a0Prof. S\u00e9rgio Augusto Vieira Can\u00e7ado (10\/10\/25-09\/10\/29) (aguardando indica\u00e7\u00e3o) Profa. Fl\u00e1via Ribeiro de Oliveira(28\/12\/23 a 27\/12\/27) (aguardando indica\u00e7\u00e3o) (aguardando indica\u00e7\u00e3o) Prof.\u00a0Fl\u00e1vio Barbosa Nunes (13\/06\/24 a 12\/06\/28) Profa. Graziella Lage Oliveira\u00a0 [&hellip;]<\/p>\n","protected":false},"author":5,"featured_media":0,"parent":0,"menu_order":0,"comment_status":"closed","ping_status":"closed","template":"","meta":{"footnotes":""},"categories":[],"class_list":["post-822","page","type-page","status-publish","hentry"],"_links":{"self":[{"href":"https:\/\/www.ufmg.br\/bioetica\/cep\/wp-json\/wp\/v2\/pages\/822","targetHints":{"allow":["GET"]}}],"collection":[{"href":"https:\/\/www.ufmg.br\/bioetica\/cep\/wp-json\/wp\/v2\/pages"}],"about":[{"href":"https:\/\/www.ufmg.br\/bioetica\/cep\/wp-json\/wp\/v2\/types\/page"}],"author":[{"embeddable":true,"href":"https:\/\/www.ufmg.br\/bioetica\/cep\/wp-json\/wp\/v2\/users\/5"}],"replies":[{"embeddable":true,"href":"https:\/\/www.ufmg.br\/bioetica\/cep\/wp-json\/wp\/v2\/comments?post=822"}],"version-history":[{"count":61,"href":"https:\/\/www.ufmg.br\/bioetica\/cep\/wp-json\/wp\/v2\/pages\/822\/revisions"}],"predecessor-version":[{"id":1089,"href":"https:\/\/www.ufmg.br\/bioetica\/cep\/wp-json\/wp\/v2\/pages\/822\/revisions\/1089"}],"wp:attachment":[{"href":"https:\/\/www.ufmg.br\/bioetica\/cep\/wp-json\/wp\/v2\/media?parent=822"}],"wp:term":[{"taxonomy":"category","embeddable":true,"href":"https:\/\/www.ufmg.br\/bioetica\/cep\/wp-json\/wp\/v2\/categories?post=822"}],"curies":[{"name":"wp","href":"https:\/\/api.w.org\/{rel}","templated":true}]}}