{"id":12,"date":"2016-03-09T20:45:57","date_gmt":"2016-03-09T20:45:57","guid":{"rendered":"https:\/\/www.ufmg.br\/brasildoc\/?page_id=12"},"modified":"2017-12-01T19:29:41","modified_gmt":"2017-12-01T21:29:41","slug":"apresentacao","status":"publish","type":"page","link":"https:\/\/www.ufmg.br\/brasildoc\/","title":{"rendered":"Apresenta\u00e7\u00e3o"},"content":{"rendered":"<p class=\"p1\" style=\"text-align: right\"><em>Heloisa Starling<\/em><\/p>\n<p class=\"p1\"><b><\/b>O site Brasil Doc. \u00e9 um arquivo digital constru\u00eddo pela Universidade Federal de Minas Gerais (UFMG) com o objetivo de tornar dispon\u00edvel, em transpar\u00eancia ativa, fontes hist\u00f3ricas de natureza diversa abrigadas na institui\u00e7\u00e3o.<\/p>\n<p class=\"p1\">Arquivos s\u00e3o conjuntos de documentos, independentemente de sua data, de sua forma e de seu suporte material, produzidos ou recebidos por qualquer pessoa f\u00edsica ou jur\u00eddica e por qualquer servi\u00e7o ou organismo p\u00fablico ou privado. Um Arquivo, por si s\u00f3 n\u00e3o diz nada ou quase nada. Aproximar-se de um Arquivo exige formular alguns enunciados. O que ele guarda? De que modo guarda? Que crit\u00e9rios ele utiliza para distribui\u00e7\u00e3o, divis\u00e3o e agrupamento de seus conjuntos documentais? Quais as condi\u00e7\u00f5es de acesso? Quais as condi\u00e7\u00f5es de consulta?<\/p>\n<p class=\"p1\">Fontes s\u00e3o documentos contempor\u00e2neos aos fatos e manipulados pelo historiador por meio de abordagens espec\u00edficas, m\u00e9todos diferentes e t\u00e9cnicas variadas, para investigar o que aconteceu com os outros. Sua natureza \u00e9 diversa e quase intermin\u00e1vel. Fontes podem ser documentais, impressas, orais, biogr\u00e1ficas e audiovisuais. Podem ser cartas e di\u00e1rios; pronunciamentos e discursos; testamentos, invent\u00e1rios, registros paroquiais; senten\u00e7as, autos, relat\u00f3rios produzidos pelo poder Judici\u00e1rio, pela pol\u00edcia ou por \u00f3rg\u00e3os de repress\u00e3o pol\u00edtica; textos liter\u00e1rios, jornais, panfletos, an\u00fancios; can\u00e7\u00f5es, filmes, fotografias e obras de arte.<\/p>\n<p class=\"p1\">A primeira fase de implanta\u00e7\u00e3o do site Brasil Doc. ir\u00e1 franquear o acesso p\u00fablico a 4.100 p\u00e1ginas de documentos referentes \u00e0 historia contempor\u00e2nea do Brasil, com corte temporal entre os anos de 1961 e 1988 e \u00eanfase no per\u00edodo da ditadura militar. Parte dessa documenta\u00e7\u00e3o \u00e9 in\u00e9dita, e foi gerada pelos servi\u00e7os de informa\u00e7\u00e3o e repress\u00e3o das For\u00e7as Armadas: Centro de Informa\u00e7\u00f5es da Marinha (CENIMAR); Centro de Informa\u00e7\u00f5es do Ex\u00e9rcito (CIE); Centro de Informa\u00e7\u00f5es da Aeron\u00e1utica (CISA); Servi\u00e7o Nacional de Informa\u00e7\u00f5es (SNI); Centros de Opera\u00e7\u00e3o e Defesa Interna (CODI). Destacamentos de Opera\u00e7\u00e3o Interna (DOI). Outra parte da documenta\u00e7\u00e3o foi obtida por pesquisadores da UFMG em arquivos no exterior \u2013 em especial no Arquivo de Seguran\u00e7a Nacional (Paraguai). Uma terceira parte desses conjuntos documentais foi produzida por indiv\u00edduos, grupos, associa\u00e7\u00f5es e partidos que atuaram nas diferentes formas de resist\u00eancia \u00e0 ditadura militar brasileira.<\/p>\n<p class=\"p1\">O site Brasil Doc., tem a inten\u00e7\u00e3o de contribuir para o conhecimento daquilo que Hannah Arendt chamou por \u201cverdade factual\u201d: a ostenta\u00e7\u00e3o p\u00fablica de fatos que n\u00e3o podem ser modificados pela vontade de quem ocupa o poder, nem podem ser demovidos a n\u00e3o ser por for\u00e7a de mentiras cabais. Por essa raz\u00e3o, seu contr\u00e1rio n\u00e3o \u00e9 o erro, nem a ilus\u00e3o, nem a opini\u00e3o, e sim a falsidade deliberada, a mentira.<\/p>\n<p class=\"p1\">Informar ao p\u00fablico sobre aquilo que ele tem o direito de saber representa uma conquista hist\u00f3rica, e \u00e9 um recurso decisivo para a realiza\u00e7\u00e3o do processo de forma\u00e7\u00e3o de opini\u00e3o em toda sua infind\u00e1vel diversidade pol\u00edtica. Dar ao cidad\u00e3o a informa\u00e7\u00e3o que ele tem o direito de ter ou devolver ao p\u00fablico a narrativa do que aconteceu a ele \u2013 e que, portanto, lhe pertence de direito \u2013 s\u00e3o procedimentos constitutivos da cultura pol\u00edtica do republicanismo e fazem parte do compromisso institucional da UFMG. Uma hist\u00f3ria p\u00fablica ao p\u00fablico pertence.<\/p>\n","protected":false},"excerpt":{"rendered":"<p>Heloisa Starling O site Brasil Doc. \u00e9 um arquivo digital constru\u00eddo pela Universidade Federal de Minas Gerais (UFMG) com o objetivo de tornar dispon\u00edvel, em transpar\u00eancia ativa, fontes hist\u00f3ricas de natureza diversa abrigadas na institui\u00e7\u00e3o. Arquivos s\u00e3o conjuntos de documentos, independentemente de sua data, de sua forma e de seu suporte material, produzidos ou recebidos [&hellip;]<\/p>\n","protected":false},"author":1,"featured_media":655,"parent":0,"menu_order":0,"comment_status":"closed","ping_status":"closed","template":"","meta":{"footnotes":""},"class_list":["post-12","page","type-page","status-publish","has-post-thumbnail","hentry"],"_links":{"self":[{"href":"https:\/\/www.ufmg.br\/brasildoc\/wp-json\/wp\/v2\/pages\/12"}],"collection":[{"href":"https:\/\/www.ufmg.br\/brasildoc\/wp-json\/wp\/v2\/pages"}],"about":[{"href":"https:\/\/www.ufmg.br\/brasildoc\/wp-json\/wp\/v2\/types\/page"}],"author":[{"embeddable":true,"href":"https:\/\/www.ufmg.br\/brasildoc\/wp-json\/wp\/v2\/users\/1"}],"replies":[{"embeddable":true,"href":"https:\/\/www.ufmg.br\/brasildoc\/wp-json\/wp\/v2\/comments?post=12"}],"version-history":[{"count":2,"href":"https:\/\/www.ufmg.br\/brasildoc\/wp-json\/wp\/v2\/pages\/12\/revisions"}],"predecessor-version":[{"id":3081,"href":"https:\/\/www.ufmg.br\/brasildoc\/wp-json\/wp\/v2\/pages\/12\/revisions\/3081"}],"wp:featuredmedia":[{"embeddable":true,"href":"https:\/\/www.ufmg.br\/brasildoc\/wp-json\/wp\/v2\/media\/655"}],"wp:attachment":[{"href":"https:\/\/www.ufmg.br\/brasildoc\/wp-json\/wp\/v2\/media?parent=12"}],"curies":[{"name":"wp","href":"https:\/\/api.w.org\/{rel}","templated":true}]}}