{"id":20,"date":"2016-03-10T13:29:09","date_gmt":"2016-03-10T13:29:09","guid":{"rendered":"https:\/\/www.ufmg.br\/brasildoc\/?page_id=20"},"modified":"2017-12-01T19:26:46","modified_gmt":"2017-12-01T21:26:46","slug":"1-golpe-militar-de-1964","status":"publish","type":"page","link":"https:\/\/www.ufmg.br\/brasildoc\/temas\/1-golpe-militar-de-1964\/","title":{"rendered":"1. Golpe militar de 1964"},"content":{"rendered":"<p style=\"text-align: right\"><em>Heloisa Starling<\/em><\/p>\n<p><span style=\"font-weight: 400\">V\u00e1rias organiza\u00e7\u00f5es e movimentos origin\u00e1rios da sociedade civil, de natureza conservadora e\/ou de extrema direita atuaram ativamente contra o governo de Jo\u00e3o Goulart. Em seu conjunto, essas organiza\u00e7\u00f5es formam uma esp\u00e9cie de rede conspirativa cujo objetivo era a desestabiliza\u00e7\u00e3o e a derrubada do governo. O mais importante n\u00facleo dessa rede foi o Instituto de Pesquisas e Estudos Sociais (IPES), criado em agosto de 1961, por um grupo de empres\u00e1rios do Rio de Janeiro e de S\u00e3o Paulo e por um punhado de oficiais que orbitavam em torno da Escola Superior de Guerra (ESG). <\/span><\/p>\n<p><span style=\"font-weight: 400\">O IPES reunia a nata do empresariado brasileiro, al\u00e9m dos diretores de empresas multinacionais com atua\u00e7\u00e3o no pa\u00eds, dirigentes das principais associa\u00e7\u00f5es de classe empresariais, militares, jornalistas, intelectuais e um grupo de jovens tecnocratas. O que os unificava num mesmo background ideol\u00f3gico eram suas rela\u00e7\u00f5es econ\u00f4micas multinacionais e associadas, o seu posicionamento anticomunista e o prop\u00f3sito de subsidiar um novo projeto de governo e de desenvolvimento para o pa\u00eds, aberto ao fluxo do capital internacional e com voca\u00e7\u00e3o autorit\u00e1ria. Era uma organiza\u00e7\u00e3o de ingresso controlado e vida dupla. De p\u00fablico, tratava-se de uma institui\u00e7\u00e3o de orienta\u00e7\u00e3o pol\u00edtica conservadora voltada a realiza\u00e7\u00e3o de estudos e debates sobre a realidade brasileira. Seus membros estavam ostensivamente envolvidos em atividades de produ\u00e7\u00e3o intelectual e de divulga\u00e7\u00e3o que contemplavam desde a publica\u00e7\u00e3o, edi\u00e7\u00e3o, tradu\u00e7\u00e3o e distribui\u00e7\u00e3o de livros, revistas e folhetos, a realiza\u00e7\u00e3o e veicula\u00e7\u00e3o de filmes de propaganda e document\u00e1rios at\u00e9 a realiza\u00e7\u00e3o de palestras e pesquisas sobre a realidade brasileira.<\/span><\/p>\n<p><span style=\"font-weight: 400\">Mas o IPES tinha tamb\u00e9m uma estrutura de organiza\u00e7\u00e3o clandestina e agiu contra o governo de Jo\u00e3o Goulart de duas maneiras. A primeira consistiu na prepara\u00e7\u00e3o e execu\u00e7\u00e3o de um bem orquestrado esfor\u00e7o de desestabiliza\u00e7\u00e3o do governo, que incluiu custear uma vigorosa campanha de propaganda anticomunista, bancar diversos tipos de manifesta\u00e7\u00e3o p\u00fablica antigovernistas e escorar inclusive financeiramente grupos e associa\u00e7\u00f5es de oposi\u00e7\u00e3o ou de extrema direita. <\/span><\/p>\n<p><span style=\"font-weight: 400\">Debaixo do guarda-chuva do IPES atuavam os grupos de mulheres politicamente organizadas \u2013 Campanha da Mulher Democrata (Rio de Janeiro), Uni\u00e3o C\u00edvica Radical (S\u00e3o Paulo), Liga da Mulher Democrata (Minas Gerais), grupos respons\u00e1veis por desencadearem as Marchas da Fam\u00edlia com Deus pela Liberdade. O IPES atuava tamb\u00e9m em organiza\u00e7\u00f5es estudantis como, por exemplo, o Movimento Estudantil Democr\u00e1tico; entre os trabalhadores urbanos e oper\u00e1rios como o Movimento Sindical Democr\u00e1tico e a Confedera\u00e7\u00e3o Nacional dos Trabalhadores Crist\u00e3os; junto aos grupos de camponeses e l\u00edderes rurais, como os que se organizavam em torno do Servi\u00e7o de Orienta\u00e7\u00e3o Rural de Pernambuco; e, em associa\u00e7\u00e3o com o bloco de parlamentares patrocinado pela A\u00e7\u00e3o Democr\u00e1tica Parlamentar, uma frente conservadora voltada para a desestabiliza\u00e7\u00e3o do governo Goulart, com atua\u00e7\u00e3o intensa no Congresso Nacional.<\/span><\/p>\n<p><span style=\"font-weight: 400\">O IPES tinha uma estrutura interna constru\u00edda em torno de dez Grupos de Estudo e A\u00e7\u00e3o. Os GEA operavam em \u00e1reas distintas de interven\u00e7\u00e3o pol\u00edtica, produ\u00e7\u00e3o de propaganda e doutrina\u00e7\u00e3o ideol\u00f3gica, manipula\u00e7\u00e3o da opini\u00e3o p\u00fablica e capacidade de influ\u00eancia em \u00e1reas e grupos sociais espec\u00edficos \u2013 nas For\u00e7as Armadas, no Congresso, na Igreja, na imprensa, ou junto \u00e0s classes m\u00e9dias. <\/span><\/p>\n<p><span style=\"font-weight: 400\">O mais importante Grupo de Estudo e A\u00e7\u00e3o do IPES chamava-se Grupo de Levantamento da Conjuntura. Tinha a fun\u00e7\u00e3o de acompanhar os acontecimentos pol\u00edticos avaliando, apurando e fazendo estimativas quanto ao seu impacto pol\u00edtico e esbo\u00e7ando mudan\u00e7as t\u00e1ticas para acompanhar a evolu\u00e7\u00e3o da conjuntura pol\u00edtica. Levantava informa\u00e7\u00f5es e definia o planejamento estrat\u00e9gico. O Grupo de Levantamento da Conjuntura foi dirigido pelo general Golbery do Couto e Silva e seus arquivos, com dados sobre 400 mil brasileiros, serviram de base para a cria\u00e7\u00e3o do Servi\u00e7o Nacional de Informa\u00e7\u00f5es (SNI), em junho de 1964, ap\u00f3s a vit\u00f3ria do golpe que derrubou o governo de Jo\u00e3o Goulart. <\/span><\/p>\n<p><span style=\"font-weight: 400\">O IPES tinha suas pr\u00f3prias fontes financeiras. A mais evidente era fruto da arrecada\u00e7\u00e3o junto aos empres\u00e1rios, dirigentes de empresas multinacionais e associadas e associa\u00e7\u00f5es de classe empresariais. A outra fonte financeira do IPES, clandestina, vinha do exterior. O instituto recebia uma substancial assist\u00eancia de fundos americanos para suas opera\u00e7\u00f5es atrav\u00e9s da Embaixada dos EUA. Esses recursos vinham principalmente da American Chamber, do Departamento de Estado e da Chamber of Commerce dos EUA. Al\u00e9m disso, o IPES recebia doa\u00e7\u00f5es regulares de 297 corpora\u00e7\u00f5es estrangeiras: norte-americanas (cerca de 7 milh\u00f5es de d\u00f3lares anuais); brit\u00e2nicas (cerca de 4 milh\u00f5es de d\u00f3lares anuais); suecas e alem\u00e3s. <\/span><\/p>\n<p><span style=\"font-weight: 400\">O IPES n\u00e3o foi um mero disseminador de propaganda anticomunista ou um grupo de extrema direita ocupado em armazenar armas. Era um n\u00facleo de conspira\u00e7\u00e3o golpista com agenda pol\u00edtica pr\u00f3pria. Seus membros estavam estrategicamente informados e muito bem posicionados entre os conspiradores que derrubaram Goulart. E, ao lado dos militares, foram os protagonistas do processo de ocupa\u00e7\u00e3o da estrutura do Estado ap\u00f3s mar\u00e7o de 1964 \u2013 o IPES funcionou regularmente at\u00e9 o ano de 1973.<\/span><\/p>\n<p><span style=\"font-weight: 400\">Outro organismo com atua\u00e7\u00e3o importante nessa rede conspirativa foi o Instituto Brasileiro de A\u00e7\u00e3o Democr\u00e1tica (IBAD), criado no Rio de Janeiro, em 25 de maio de 1959. Era uma organiza\u00e7\u00e3o de natureza pol\u00edtica conservadora e anticomunista e estava diretamente vinculada \u00e0 esta\u00e7\u00e3o da Ag\u00eancia Central de Informa\u00e7\u00f5es (CIA), no Rio de Janeiro \u2013 sua dire\u00e7\u00e3o foi entregue a Ivan Hasslocher, ex-integralista e agente de liga\u00e7\u00e3o da CIA para o Brasil, Bol\u00edvia e Equador. A partir da posse de Jo\u00e3o Goulart na presid\u00eancia da Rep\u00fablica, em 1961, o IBAD intensificou suas a\u00e7\u00f5es com o objetivo de estimular na sociedade brasileira um amplo processo de mobiliza\u00e7\u00e3o pol\u00edtica anticomunista e de oposi\u00e7\u00e3o ao governo Goulart. <\/span><\/p>\n<p><span style=\"font-weight: 400\">O IBAD atuou intensamente na \u00e1rea rural, no meio parlamentar, no movimento estudantil e sindical e junto \u00e0 Igreja cat\u00f3lica. A partir de 1962, o IBAD criou dois bra\u00e7os de atua\u00e7\u00e3o pol\u00edtica. O primeiro, a Incrementadora de vendas PROMOTION S\/A, era uma agencia de publicidade com sede no Rio de Janeiro. A PROMOTION estava encarregada de disseminar a propaganda pol\u00edtica do IBAD nas esta\u00e7\u00f5es de r\u00e1dio, jornais, revistas e canais de televis\u00e3o. E foi gasto muito dinheiro financiado pelo governo dos EUA com propaganda anticomunista e contra o governo de Jango. Apenas em 1964 foram gastos US$ 2 milh\u00f5es com propaganda em r\u00e1dio, jornais e unidades m\u00f3veis de exibi\u00e7\u00e3o de filmes; e, em 1963, foram feitas 1.706 exibi\u00e7\u00f5es de filmes, somente no Rio de Janeiro, e s\u00f3 para cerca de 179 mil militares, em quart\u00e9is, escolas e navios.<\/span><\/p>\n<p><span style=\"font-weight: 400\">O outro bra\u00e7o do IBAD era a A\u00e7\u00e3o Democr\u00e1tica Popular (ADEP), encarregada de intervir em campanhas eleitorais e fazer lobbying pol\u00edtico em todo o pa\u00eds, notadamente nas elei\u00e7\u00f5es realizadas em 1962. O Congresso havia se transformado em campo de batalha de um sistema pol\u00edtico altamente polarizado e o prop\u00f3sito do IBAD era o de intervir no Legislativo para bloquear as a\u00e7\u00f5es do Executivo e fomentar seu isolamento. Com esse prop\u00f3sito, o IBAD estimulou e patrocinou a cria\u00e7\u00e3o de uma frente parlamentar conservadora e reacion\u00e1ria \u2013 a A\u00e7\u00e3o Democr\u00e1tica Parlamentar (ADP). A frente era formada por deputados e senadores de diversos partidos pol\u00edticos e atuava tanto como caixa de resson\u00e2ncia das id\u00e9ias conservadoras para a opini\u00e3o p\u00fablica, quanto como foco de desestabiliza\u00e7\u00e3o do governo Goulart atrav\u00e9s do Legislativo, criando uma atmosfera pol\u00edtica de impasse no Congresso Nacional. <\/span><\/p>\n<p><span style=\"font-weight: 400\">Nas elei\u00e7\u00f5es de1962, o IBAD despejou uma avalanche de dinheiro \u2013 cerca de 5 bilh\u00f5es de cruzeiros, \u00e0 \u00e9poca \u2013 para o financiamento de 250 candidatos a deputados federais e 600 deputados estaduais, al\u00e9m de 8 candidatos a governadores \u2013 uma ilegalidade sem tamanho, de acordo com a lei eleitoral em vigor. Os recursos provinham da CIA, de empresas multinacionais ou associadas ao capital estrangeiro e de fontes governamentais dos Estados Unidos. Para receber a prote\u00e7\u00e3o financeira do IBAD n\u00e3o havia restri\u00e7\u00e3o partid\u00e1ria; exigia-se apenas a integral disposi\u00e7\u00e3o oposicionista por parte do candidato e sua disposi\u00e7\u00e3o de, caso eleito, engrossar as fileiras da A\u00e7\u00e3o Democr\u00e1tica Parlamentar. O objetivo do patroc\u00ednio em alta escala era estrat\u00e9gico: construir uma frente parlamentar oposicionista no Congresso, emperrar o governo e abrir caminho para o golpe.<\/span><\/p>\n<p><span style=\"font-weight: 400\">O envolvimento do IBAD nas elei\u00e7\u00f5es de 1962 foi de tamanho significado no contexto da \u00e9poca que induziu a cria\u00e7\u00e3o de uma Comiss\u00e3o Parlamentar de Inqu\u00e9rito (CPI) no Congresso Nacional. A partir dos trabalhos da CPI comprovou-se a intromiss\u00e3o do IBAD na campanha e a farta utiliza\u00e7\u00e3o de meios ilegais. Gra\u00e7as aos trabalhos da CPI, o IBAD e a ADEP foram fechados por crime de corrup\u00e7\u00e3o atrav\u00e9s de decreto de Jo\u00e3o Goulart em 31 de agosto de 1963.<\/span><\/p>\n<p><span style=\"font-weight: 400\">Os documentos dispon\u00edveis s\u00e3o de natureza variada: panfletos, atas, informes, manifestos, programas, declara\u00e7\u00f5es, pe\u00e7as de propaganda.<\/span><\/p>\n<p>&nbsp;<\/p>\n<p><b>Para saber mais<\/b><\/p>\n<p><span style=\"font-weight: 400\">DREIFUSS, Ren\u00e9 Armand. <\/span><i><span style=\"font-weight: 400\">1964: a conquista do Estado<\/span><\/i><span style=\"font-weight: 400\">. Petr\u00f3polis: Vozes, 1981; STARLING, Heloisa Maria Murgel. <\/span><i><span style=\"font-weight: 400\">Os senhores das Gerais: os novos inconfidentes e o golpe de 1964<\/span><\/i><span style=\"font-weight: 400\">. Petr\u00f3polis: Vozes, 1986; <\/span><\/p>\n<p><span style=\"font-weight: 400\">AGEE, Philip. <\/span><i><span style=\"font-weight: 400\">Inside the Company: CIA diary<\/span><\/i><span style=\"font-weight: 400\">. Londres: Penguin Books, 1975;<\/span><\/p>\n<p><span style=\"font-weight: 400\">FICO, Carlos. <\/span><i><span style=\"font-weight: 400\">O grande irm\u00e3o: da opera\u00e7\u00e3o Brother Sam aos anos de chumbo<\/span><\/i><span style=\"font-weight: 400\">. Rio de Janeiro: Civiliza\u00e7\u00e3o Brasileira, 2008.<\/span><\/p>\n<p>&nbsp;<\/p>\n<p><a href=\"\/brasildoc\/temas\/1-golpe-militar-de-1964\/1-1-ipes\/\" class=\"enigma-button has-label medium orange has-border\" ><i class=\" \"><\/i>1.1. IPES<\/a><br \/>\n<a href=\"\/brasildoc\/temas\/1-golpe-militar-de-1964\/1-2-ibad\/\" class=\"enigma-button has-label medium orange has-border\" ><i class=\" \"><\/i>1.2. IBAD<\/a><br \/>\n<a href=\"\/brasildoc\/temas\/1-golpe-militar-de-1964\/1-3-exercito-brasileiro\/\" class=\"enigma-button has-label medium orange has-border\" ><i class=\" \"><\/i>1.3. EX\u00c9RCITO<\/a><\/p>\n","protected":false},"excerpt":{"rendered":"<p>Heloisa Starling V\u00e1rias organiza\u00e7\u00f5es e movimentos origin\u00e1rios da sociedade civil, de natureza conservadora e\/ou de extrema direita atuaram ativamente contra o governo de Jo\u00e3o Goulart. Em seu conjunto, essas organiza\u00e7\u00f5es formam uma esp\u00e9cie de rede conspirativa cujo objetivo era a desestabiliza\u00e7\u00e3o e a derrubada do governo. O mais importante n\u00facleo dessa rede foi o Instituto [&hellip;]<\/p>\n","protected":false},"author":1,"featured_media":695,"parent":24,"menu_order":0,"comment_status":"closed","ping_status":"closed","template":"","meta":{"footnotes":""},"class_list":["post-20","page","type-page","status-publish","has-post-thumbnail","hentry"],"_links":{"self":[{"href":"https:\/\/www.ufmg.br\/brasildoc\/wp-json\/wp\/v2\/pages\/20"}],"collection":[{"href":"https:\/\/www.ufmg.br\/brasildoc\/wp-json\/wp\/v2\/pages"}],"about":[{"href":"https:\/\/www.ufmg.br\/brasildoc\/wp-json\/wp\/v2\/types\/page"}],"author":[{"embeddable":true,"href":"https:\/\/www.ufmg.br\/brasildoc\/wp-json\/wp\/v2\/users\/1"}],"replies":[{"embeddable":true,"href":"https:\/\/www.ufmg.br\/brasildoc\/wp-json\/wp\/v2\/comments?post=20"}],"version-history":[{"count":3,"href":"https:\/\/www.ufmg.br\/brasildoc\/wp-json\/wp\/v2\/pages\/20\/revisions"}],"predecessor-version":[{"id":3079,"href":"https:\/\/www.ufmg.br\/brasildoc\/wp-json\/wp\/v2\/pages\/20\/revisions\/3079"}],"up":[{"embeddable":true,"href":"https:\/\/www.ufmg.br\/brasildoc\/wp-json\/wp\/v2\/pages\/24"}],"wp:featuredmedia":[{"embeddable":true,"href":"https:\/\/www.ufmg.br\/brasildoc\/wp-json\/wp\/v2\/media\/695"}],"wp:attachment":[{"href":"https:\/\/www.ufmg.br\/brasildoc\/wp-json\/wp\/v2\/media?parent=20"}],"curies":[{"name":"wp","href":"https:\/\/api.w.org\/{rel}","templated":true}]}}