{"id":24,"date":"2016-03-10T13:33:28","date_gmt":"2016-03-10T13:33:28","guid":{"rendered":"https:\/\/www.ufmg.br\/brasildoc\/?page_id=24"},"modified":"2016-03-10T13:33:28","modified_gmt":"2016-03-10T13:33:28","slug":"temas","status":"publish","type":"page","link":"https:\/\/www.ufmg.br\/brasildoc\/temas\/","title":{"rendered":"Temas"},"content":{"rendered":"<p><a href=\"\/brasildoc\/temas\/1-golpe-militar-de-1964\/\" class=\"enigma-button has-label medium orange has-border\" ><i class=\" \"><\/i>1. Golpe militar de 1964<\/a><br \/>\n<a href=\"\/brasildoc\/temas\/2-orgaos-de-informacao-e-repressao-da-ditadura\/\" class=\"enigma-button has-label medium orange has-border\" ><i class=\" \"><\/i>2. \u00d3rg\u00e3os de Informa\u00e7\u00e3o e repress\u00e3o da ditadura<\/a><br \/>\n<a href=\"\/brasildoc\/temas\/3-informantes-infiltrados-agentes-e-centros-de-repressao\/\" class=\"enigma-button has-label medium orange has-border\" ><i class=\" \"><\/i>3. Informantes, Infiltrados, agentes e centros de repress\u00e3o<\/a><br \/>\n<a href=\"\/brasildoc\/temas\/4-censura\/\" class=\"enigma-button has-label medium orange has-border\" ><i class=\" \"><\/i>4. Censura<\/a><br \/>\n<a href=\"\/brasildoc\/temas\/5-ditadura-militar-e-populacoes-indigenas\/\" class=\"enigma-button has-label medium orange has-border\" ><i class=\" \"><\/i>5. Ditadura militar e popula\u00e7\u00f5es Ind\u00edgenas<\/a><br \/>\n<a href=\"\/brasildoc\/temas\/6-organizacoes-e-movimentos-de-resistencia\/\" class=\"enigma-button has-label medium orange has-border\" ><i class=\" \"><\/i>6. Organiza\u00e7\u00f5es e movimentos de resist\u00eancia<\/a><\/p>\n","protected":false},"excerpt":{"rendered":"","protected":false},"author":1,"featured_media":0,"parent":0,"menu_order":0,"comment_status":"closed","ping_status":"closed","template":"","meta":{"footnotes":""},"class_list":["post-24","page","type-page","status-publish","hentry"],"_links":{"self":[{"href":"https:\/\/www.ufmg.br\/brasildoc\/wp-json\/wp\/v2\/pages\/24"}],"collection":[{"href":"https:\/\/www.ufmg.br\/brasildoc\/wp-json\/wp\/v2\/pages"}],"about":[{"href":"https:\/\/www.ufmg.br\/brasildoc\/wp-json\/wp\/v2\/types\/page"}],"author":[{"embeddable":true,"href":"https:\/\/www.ufmg.br\/brasildoc\/wp-json\/wp\/v2\/users\/1"}],"replies":[{"embeddable":true,"href":"https:\/\/www.ufmg.br\/brasildoc\/wp-json\/wp\/v2\/comments?post=24"}],"version-history":[{"count":0,"href":"https:\/\/www.ufmg.br\/brasildoc\/wp-json\/wp\/v2\/pages\/24\/revisions"}],"wp:attachment":[{"href":"https:\/\/www.ufmg.br\/brasildoc\/wp-json\/wp\/v2\/media?parent=24"}],"curies":[{"name":"wp","href":"https:\/\/api.w.org\/{rel}","templated":true}]}}