{"id":28,"date":"2016-03-10T13:40:37","date_gmt":"2016-03-10T13:40:37","guid":{"rendered":"https:\/\/www.ufmg.br\/brasildoc\/?page_id=28"},"modified":"2016-05-04T16:10:27","modified_gmt":"2016-05-04T19:10:27","slug":"3-informantes-infiltrados-agentes-e-centros-de-repressao","status":"publish","type":"page","link":"https:\/\/www.ufmg.br\/brasildoc\/temas\/3-informantes-infiltrados-agentes-e-centros-de-repressao\/","title":{"rendered":"3. Informantes, Infiltrados, agentes e centros de repress\u00e3o"},"content":{"rendered":"<ul>\n<li class=\"p1\">Relat\u00f3rios e registros de informantes da repress\u00e3o;<\/li>\n<li class=\"p1\">Informes sobre atribui\u00e7\u00f5es de centros clandestinos;<\/li>\n<li class=\"p1\">Registros de investiga\u00e7\u00f5es da Marinha que envolviam oficiais;<\/li>\n<\/ul>\n<p><a href=\"\/brasildoc\/temas\/3-informantes-infiltrados-agentes-e-centros-de-repressao\/3-1-cenimar\/\" class=\"enigma-button has-label medium orange has-border\" ><i class=\" \"><\/i>3.1. CENIMAR<\/a><br \/>\n<a href=\"\/brasildoc\/temas\/3-informantes-infiltrados-agentes-e-centros-de-repressao\/3-2-cie\/\" class=\"enigma-button has-label medium orange has-border\" ><i class=\" \"><\/i>3.2. CIE<\/a><br \/>\n<a href=\"\/brasildoc\/temas\/3-informantes-infiltrados-agentes-e-centros-de-repressao\/3-3-sni\/\" class=\"enigma-button has-label medium orange has-border\" ><i class=\" \"><\/i>3.3. SNI<\/a><\/p>\n","protected":false},"excerpt":{"rendered":"<p>Relat\u00f3rios e registros de informantes da repress\u00e3o; Informes sobre atribui\u00e7\u00f5es de centros clandestinos; Registros de investiga\u00e7\u00f5es da Marinha que envolviam oficiais;<\/p>\n","protected":false},"author":1,"featured_media":719,"parent":24,"menu_order":2,"comment_status":"closed","ping_status":"closed","template":"","meta":{"footnotes":""},"class_list":["post-28","page","type-page","status-publish","has-post-thumbnail","hentry"],"_links":{"self":[{"href":"https:\/\/www.ufmg.br\/brasildoc\/wp-json\/wp\/v2\/pages\/28"}],"collection":[{"href":"https:\/\/www.ufmg.br\/brasildoc\/wp-json\/wp\/v2\/pages"}],"about":[{"href":"https:\/\/www.ufmg.br\/brasildoc\/wp-json\/wp\/v2\/types\/page"}],"author":[{"embeddable":true,"href":"https:\/\/www.ufmg.br\/brasildoc\/wp-json\/wp\/v2\/users\/1"}],"replies":[{"embeddable":true,"href":"https:\/\/www.ufmg.br\/brasildoc\/wp-json\/wp\/v2\/comments?post=28"}],"version-history":[{"count":1,"href":"https:\/\/www.ufmg.br\/brasildoc\/wp-json\/wp\/v2\/pages\/28\/revisions"}],"predecessor-version":[{"id":720,"href":"https:\/\/www.ufmg.br\/brasildoc\/wp-json\/wp\/v2\/pages\/28\/revisions\/720"}],"up":[{"embeddable":true,"href":"https:\/\/www.ufmg.br\/brasildoc\/wp-json\/wp\/v2\/pages\/24"}],"wp:featuredmedia":[{"embeddable":true,"href":"https:\/\/www.ufmg.br\/brasildoc\/wp-json\/wp\/v2\/media\/719"}],"wp:attachment":[{"href":"https:\/\/www.ufmg.br\/brasildoc\/wp-json\/wp\/v2\/media?parent=28"}],"curies":[{"name":"wp","href":"https:\/\/api.w.org\/{rel}","templated":true}]}}