{"id":77,"date":"2016-03-14T17:58:06","date_gmt":"2016-03-14T17:58:06","guid":{"rendered":"https:\/\/www.ufmg.br\/brasildoc\/?page_id=77"},"modified":"2016-05-03T16:00:50","modified_gmt":"2016-05-03T19:00:50","slug":"sobre-o-projeto-republica","status":"publish","type":"page","link":"https:\/\/www.ufmg.br\/brasildoc\/sobre-o-projeto-republica\/","title":{"rendered":"Sobre o Projeto Rep\u00fablica"},"content":{"rendered":"<p><span style=\"font-weight: 400;\">O<\/span><i><span style=\"font-weight: 400;\"> Projeto Rep\u00fablica: n\u00facleo de pesquisa, documenta\u00e7\u00e3o e mem\u00f3ria<\/span><\/i><span style=\"font-weight: 400;\"> foi criado em 2001, est\u00e1 vinculado ao Departamento de Hist\u00f3ria da Universidade Federal de Minas Gerais e \u00e9 coordenado pela professora Heloisa Maria Murgel Starling, (Titular Livre de Hist\u00f3ria do Brasil da UFMG). O <\/span><i><span style=\"font-weight: 400;\">Projeto Rep\u00fablica<\/span><\/i><span style=\"font-weight: 400;\"> tem como foco principal o per\u00edodo hist\u00f3rico republicano brasileiro, o percurso da hist\u00f3ria das id\u00e9ias e dos conceitos no Brasil e o estudo da tem\u00e1tica do republicanismo. <\/span> <span style=\"font-weight: 400;\">A produ\u00e7\u00e3o de conhecimento gerada no interior do <\/span><i><span style=\"font-weight: 400;\">Projeto Rep\u00fablica: n\u00facleo de pesquisa, documenta\u00e7\u00e3o e mem\u00f3ria<\/span><\/i><span style=\"font-weight: 400;\"> est\u00e1 ancorado por duas \u00e1reas principais de investiga\u00e7\u00e3o. A primeira \u00e1rea de investiga\u00e7\u00e3o concentra a pesquisa direcionada para constru\u00e7\u00e3o de um campo historiogr\u00e1fico interessado em desenvolver e estimular a incorpora\u00e7\u00e3o de tecnologias interativas sustentadas por linguagens est\u00e9ticas e art\u00edsticas e em ve\u00edculos materiais de m\u00eddia. <\/span> <span style=\"font-weight: 400;\">A segunda \u00e1rea est\u00e1 voltada tanto para o estudo de temporalidades recentes, com \u00eanfase para o per\u00edodo que compreende o experimento republicano brasileiro, quanto para a investiga\u00e7\u00e3o e an\u00e1lise de determinados temas pr\u00f3prios \u00e0 t\u00f3pica do republicanismo, tais como: estudo das condi\u00e7\u00f5es hist\u00f3ricas de esvaziamento da esfera p\u00fablica e constitui\u00e7\u00e3o das formas pol\u00edticas de repress\u00e3o e autoritarismo na Rep\u00fablica brasileira; identifica\u00e7\u00e3o de elementos hist\u00f3ricos pr\u00f3prios \u00e0 constitui\u00e7\u00e3o do espa\u00e7o p\u00fablico, do interesse p\u00fablico, da vida p\u00fablica; identifica\u00e7\u00e3o dos mecanismos de funda\u00e7\u00e3o da comunidade pol\u00edtica ou formadores de cultura c\u00edvica e de pr\u00e1ticas de cidadania; an\u00e1lise e interpreta\u00e7\u00e3o de conceitos e vocabul\u00e1rios espec\u00edficos da linguagem pol\u00edtica e social do republicanismo, tais como:<\/span><i><span style=\"font-weight: 400;\"> virtude<\/span><\/i><span style=\"font-weight: 400;\">, <\/span><i><span style=\"font-weight: 400;\">liberdade,<\/span><\/i> <i><span style=\"font-weight: 400;\">corrup\u00e7\u00e3o<\/span><\/i><span style=\"font-weight: 400;\">, <\/span><i><span style=\"font-weight: 400;\">p\u00e1tria<\/span><\/i><span style=\"font-weight: 400;\">, <\/span><i><span style=\"font-weight: 400;\">periferia,<\/span><\/i> <i><span style=\"font-weight: 400;\">bem comum<\/span><\/i><span style=\"font-weight: 400;\">, <\/span><i><span style=\"font-weight: 400;\">tirania,<\/span><\/i> <i><span style=\"font-weight: 400;\">justi\u00e7a<\/span><\/i><span style=\"font-weight: 400;\">; an\u00e1lise e reconstru\u00e7\u00e3o das tradi\u00e7\u00f5es intelectuais, das id\u00e9ias e da imagina\u00e7\u00e3o cultural brasileira produzida por atores hist\u00f3ricos direta ou indiretamente engajados na a\u00e7\u00e3o pol\u00edtica de seu tempo. <\/span> <span style=\"font-weight: 400;\">As atividades de ensino e pesquisa desenvolvidas pelo <\/span><i><span style=\"font-weight: 400;\">Projeto<\/span><\/i> <i><span style=\"font-weight: 400;\">Rep\u00fablica: n\u00facleo de pesquisa, documenta\u00e7\u00e3o e mem\u00f3ria<\/span><\/i><span style=\"font-weight: 400;\"> est\u00e3o distribu\u00eddas em seis linhas principais de investiga\u00e7\u00e3o que trabalham de maneira integrada para obten\u00e7\u00e3o de resultados. S\u00e3o elas: <\/span><i><span style=\"font-weight: 400;\">Rep\u00fablica, hist\u00f3ria e imagem<\/span><\/i><span style=\"font-weight: 400;\">; <\/span><i><span style=\"font-weight: 400;\">Mem\u00f3rias: resist\u00eancia e ditadura na Rep\u00fablica brasileira<\/span><\/i><span style=\"font-weight: 400;\">; <\/span><i><span style=\"font-weight: 400;\">Linguagens<\/span><\/i> <i><span style=\"font-weight: 400;\">do republicanismo<\/span><\/i><span style=\"font-weight: 400;\">; <\/span><i><span style=\"font-weight: 400;\">Decantando a Rep\u00fablica: um invent\u00e1rio hist\u00f3rico e pol\u00edtico da moderna can\u00e7\u00e3o popular brasileira<\/span><\/i><span style=\"font-weight: 400;\">; <\/span><i><span style=\"font-weight: 400;\">Sentimento de reforma agr\u00e1ria, sentimento de Rep\u00fablica<\/span><\/i><span style=\"font-weight: 400;\">;<\/span><i><span style=\"font-weight: 400;\"> UFMG: hist\u00f3ria e of\u00edcio.<\/span><\/i> <span style=\"font-weight: 400;\">O <\/span><i><span style=\"font-weight: 400;\">Projeto<\/span><\/i> <i><span style=\"font-weight: 400;\">Rep\u00fablica: n\u00facleo de pesquisa, documenta\u00e7\u00e3o e mem\u00f3ria<\/span><\/i><span style=\"font-weight: 400;\"> possui os certificados UFMG; CNPq; FAPEMIG e conta com uma equipe de 18 estudantes bolsistas e pesquisares em n\u00edveis acad\u00eamicos distintos \u2013 de Inicia\u00e7\u00e3o Cient\u00edfica ao P\u00f3s Doutorado. A forma\u00e7\u00e3o da equipe incluindo estudantes das \u00e1reas de hist\u00f3ria, ci\u00eancia da informa\u00e7\u00e3o, belas artes, comunica\u00e7\u00e3o social, filosofia e ci\u00eancias sociais, indica sua natureza interdisciplinar e de trabalho integrado principalmente no sentido de induzir \u00e0 inova\u00e7\u00e3o, transferir informa\u00e7\u00f5es, catalisar mudan\u00e7as e interferir na produ\u00e7\u00e3o do conhecimento. A equipe \u00e9 assessorada por um corpo de professores associados ao projeto, tamb\u00e9m de natureza interdisciplinar e origin\u00e1rios da UFMG e de outras institui\u00e7\u00f5es universit\u00e1rias. <\/span> <span style=\"font-weight: 400;\">O<\/span><i><span style=\"font-weight: 400;\"> Projeto<\/span><\/i> <i><span style=\"font-weight: 400;\">Rep\u00fablica: n\u00facleo de pesquisa, documenta\u00e7\u00e3o e mem\u00f3ria <\/span><\/i><span style=\"font-weight: 400;\">tem realizado, igualmente, seu prop\u00f3sito de oferecer treinamento adequado para a forma\u00e7\u00e3o de jovens pesquisadores na gradua\u00e7\u00e3o e na p\u00f3s-gradua\u00e7\u00e3o origin\u00e1rios de diferentes \u00e1reas de conhecimento. Esse treinamento busca facilitar a possibilidade de o aluno ter contato direto com o documento hist\u00f3rico, com a pr\u00e1tica da pesquisa hist\u00f3rica, com a tipologia e conte\u00fado das fontes historiogr\u00e1ficas, com a formula\u00e7\u00e3o de conceitos e vocabul\u00e1rios referentes \u00e0 t\u00f3pica republicana. <\/span><\/p>\n","protected":false},"excerpt":{"rendered":"<p>O Projeto Rep\u00fablica: n\u00facleo de pesquisa, documenta\u00e7\u00e3o e mem\u00f3ria foi criado em 2001, est\u00e1 vinculado ao Departamento de Hist\u00f3ria da Universidade Federal de Minas Gerais e \u00e9 coordenado pela professora Heloisa Maria Murgel Starling, (Titular Livre de Hist\u00f3ria do Brasil da UFMG). O Projeto Rep\u00fablica tem como foco principal o per\u00edodo hist\u00f3rico republicano brasileiro, o [&hellip;]<\/p>\n","protected":false},"author":1,"featured_media":656,"parent":0,"menu_order":0,"comment_status":"closed","ping_status":"closed","template":"","meta":{"footnotes":""},"class_list":["post-77","page","type-page","status-publish","has-post-thumbnail","hentry"],"_links":{"self":[{"href":"https:\/\/www.ufmg.br\/brasildoc\/wp-json\/wp\/v2\/pages\/77"}],"collection":[{"href":"https:\/\/www.ufmg.br\/brasildoc\/wp-json\/wp\/v2\/pages"}],"about":[{"href":"https:\/\/www.ufmg.br\/brasildoc\/wp-json\/wp\/v2\/types\/page"}],"author":[{"embeddable":true,"href":"https:\/\/www.ufmg.br\/brasildoc\/wp-json\/wp\/v2\/users\/1"}],"replies":[{"embeddable":true,"href":"https:\/\/www.ufmg.br\/brasildoc\/wp-json\/wp\/v2\/comments?post=77"}],"version-history":[{"count":1,"href":"https:\/\/www.ufmg.br\/brasildoc\/wp-json\/wp\/v2\/pages\/77\/revisions"}],"predecessor-version":[{"id":657,"href":"https:\/\/www.ufmg.br\/brasildoc\/wp-json\/wp\/v2\/pages\/77\/revisions\/657"}],"wp:featuredmedia":[{"embeddable":true,"href":"https:\/\/www.ufmg.br\/brasildoc\/wp-json\/wp\/v2\/media\/656"}],"wp:attachment":[{"href":"https:\/\/www.ufmg.br\/brasildoc\/wp-json\/wp\/v2\/media?parent=77"}],"curies":[{"name":"wp","href":"https:\/\/api.w.org\/{rel}","templated":true}]}}