{"id":1339,"date":"2023-04-27T16:36:16","date_gmt":"2023-04-27T19:36:16","guid":{"rendered":"https:\/\/www.ufmg.br\/cac\/?page_id=1339"},"modified":"2026-01-20T07:05:45","modified_gmt":"2026-01-20T10:05:45","slug":"contatos","status":"publish","type":"page","link":"https:\/\/www.ufmg.br\/cac\/contatos\/","title":{"rendered":"Contatos"},"content":{"rendered":"\n<p><strong>Coordena\u00e7\u00e3o<\/strong><br>Telefone: (31) 3409-4192<br>e-mail: coord@cac.ufmg.br<\/p>\n\n\n\n<hr class=\"wp-block-separator\"\/>\n\n\n\n<p><strong>Secretaria Geral<\/strong><br>Telefone: (31) 3409-4191<br>e-mail: info@cac.ufmg.br<br>Informa\u00e7\u00f5es sobre EMEI Ala\u00edde Lisboa: (31) 99636-1174<\/p>\n\n\n\n<hr class=\"wp-block-separator\"\/>\n\n\n\n<p><strong>Se\u00e7\u00e3o de Pessoal<\/strong><br>Telefone: (31) 3409-4190<br>Teletrabalho (quarta e sexta-feira): (31) 98626-0247<br>e-mail: spessoal@cac.ufmg.br<\/p>\n\n\n\n<hr class=\"wp-block-separator\"\/>\n\n\n\n<p><strong>Se\u00e7\u00e3o de Compras<\/strong><br>Telefone: (31) 3409-4587<br>Teletrabalho (quinta e sexta-feira): (31) 98915-4556<br>e-mail: scompras@cac.ufmg.br <\/p>\n\n\n\n<hr class=\"wp-block-separator\"\/>\n\n\n\n<p><strong>Patrim\u00f4nio e Infraestrutura<\/strong><br>Telefone: (31) 3409-4191<br>Teletrabalho (ter\u00e7a e quinta-feira): (31) 98648-3011<br>e-mail Infraestrutura: infra@cac.ufmg.br<br>e-mail Patrim\u00f4nio: patrimonio@cac.ufmg.br <\/p>\n\n\n\n<hr class=\"wp-block-separator\"\/>\n\n\n\n<p><strong>N\u00facleo de Apoio a Eventos<\/strong><br>Telefones: (31) 3409-3861 \/ (31) 3409-4193<br>e-mail: eventos@cac.ufmg.br<\/p>\n\n\n\n<p>Agendamento de Eventos: <a href=\"http:\/\/agenda.cac.ufmg.br\" target=\"_blank\" rel=\"noreferrer noopener\">agenda.cac.ufmg.br<\/a><\/p>\n\n\n\n<hr class=\"wp-block-separator\"\/>\n\n\n\n<p><strong>N\u00facleo de Audiovisual<\/strong><br>Telefone: Telefone: (31) 3409-3981<br>e-mail: nav@cac.ufmg.br<\/p>\n\n\n\n<p>Canal YouTube CAC: <a rel=\"noreferrer noopener\" href=\"https:\/\/www.youtube.com\/cacufmg\" target=\"_blank\">https:\/\/www.youtube.com\/cacufmg<\/a><\/p>\n\n\n\n<hr class=\"wp-block-separator\"\/>\n\n\n\n<p><strong>Centro de Atividades Did\u00e1ticas 1 &#8211; CAD1<\/strong><\/p>\n\n\n\n<p>Telefone: Telefone: (31) 3409-3945<br>e-mail: cad1@cac.ufmg.br<\/p>\n\n\n\n<hr class=\"wp-block-separator\"\/>\n\n\n\n<p><strong>Centro de Atividades Did\u00e1ticas 2 &#8211; CAD2<\/strong><\/p>\n\n\n\n<p>Telefone: Telefone: (31) 3409-7493<br>e-mail: cad2@cac.ufmg.br<\/p>\n\n\n\n<hr class=\"wp-block-separator\"\/>\n\n\n\n<p><strong>Centro de Atividades Did\u00e1ticas 3 &#8211; CAD3<\/strong><\/p>\n\n\n\n<p>Telefone: Telefone: (31) 3409-7371<br>e-mail: cad3@cac.ufmg.br<\/p>\n\n\n\n<hr class=\"wp-block-separator\"\/>\n\n\n\n<p><\/p>\n","protected":false},"excerpt":{"rendered":"<p>Coordena\u00e7\u00e3oTelefone: (31) 3409-4192e-mail: coord@cac.ufmg.br Secretaria GeralTelefone: (31) 3409-4191e-mail: info@cac.ufmg.brInforma\u00e7\u00f5es sobre [&hellip;]<\/p>\n","protected":false},"author":2,"featured_media":0,"parent":0,"menu_order":0,"comment_status":"closed","ping_status":"closed","template":"","meta":[],"_links":{"self":[{"href":"https:\/\/www.ufmg.br\/cac\/wp-json\/wp\/v2\/pages\/1339"}],"collection":[{"href":"https:\/\/www.ufmg.br\/cac\/wp-json\/wp\/v2\/pages"}],"about":[{"href":"https:\/\/www.ufmg.br\/cac\/wp-json\/wp\/v2\/types\/page"}],"author":[{"embeddable":true,"href":"https:\/\/www.ufmg.br\/cac\/wp-json\/wp\/v2\/users\/2"}],"replies":[{"embeddable":true,"href":"https:\/\/www.ufmg.br\/cac\/wp-json\/wp\/v2\/comments?post=1339"}],"version-history":[{"count":10,"href":"https:\/\/www.ufmg.br\/cac\/wp-json\/wp\/v2\/pages\/1339\/revisions"}],"predecessor-version":[{"id":2366,"href":"https:\/\/www.ufmg.br\/cac\/wp-json\/wp\/v2\/pages\/1339\/revisions\/2366"}],"wp:attachment":[{"href":"https:\/\/www.ufmg.br\/cac\/wp-json\/wp\/v2\/media?parent=1339"}],"curies":[{"name":"wp","href":"https:\/\/api.w.org\/{rel}","templated":true}]}}