{"id":1352,"date":"2023-05-05T12:29:44","date_gmt":"2023-05-05T15:29:44","guid":{"rendered":"https:\/\/www.ufmg.br\/cac\/?page_id=1352"},"modified":"2026-03-30T07:34:08","modified_gmt":"2026-03-30T10:34:08","slug":"eleicoes-2023","status":"publish","type":"page","link":"https:\/\/www.ufmg.br\/cac\/comicao-eleitoral-central\/cec-consultas-eleitorais-centralizadas\/eleicoes-2023\/","title":{"rendered":"Elei\u00e7\u00f5es &#8211; 2023"},"content":{"rendered":"\n<p><strong>Abaixo voc\u00ea encontrar\u00e1 todas as informa\u00e7\u00f5es referentes aos processos eleitorais da UFMG 2023<\/strong><\/p>\n\n\n\n<div class=\"wp-block-buttons\">\n<div class=\"wp-block-button is-style-outline\"><a class=\"wp-block-button__link has-vivid-cyan-blue-color has-text-color no-border-radius\" href=\"https:\/\/www.ufmg.br\/cac\/eleicoes-ufmg\/eleicoes-2023\/editais-cec-01-2023-a-cec-06-2023\/\"><strong>Editais CEC 01-2023 a CEC 06-2023<\/strong><\/a><\/div>\n\n\n\n<p><\/p>\n<\/div>\n\n\n\n<div class=\"wp-block-buttons\">\n<div class=\"wp-block-button is-style-outline\"><a class=\"wp-block-button__link has-vivid-cyan-blue-color has-text-color no-border-radius\" href=\"https:\/\/www.ufmg.br\/cac\/eleicoes-ufmg\/eleicoes-2023\/editais-cec-07-2023-a-cec-12-2023\/\"><strong>Editais CEC 07-2023 a CEC 12-2023<\/strong><\/a><\/div>\n\n\n\n<p><\/p>\n<\/div>\n\n\n\n<p><\/p>\n","protected":false},"excerpt":{"rendered":"<p>Abaixo voc\u00ea encontrar\u00e1 todas as informa\u00e7\u00f5es referentes aos processos eleitorais [&hellip;]<\/p>\n","protected":false},"author":2,"featured_media":0,"parent":2442,"menu_order":0,"comment_status":"closed","ping_status":"closed","template":"","meta":[],"_links":{"self":[{"href":"https:\/\/www.ufmg.br\/cac\/wp-json\/wp\/v2\/pages\/1352"}],"collection":[{"href":"https:\/\/www.ufmg.br\/cac\/wp-json\/wp\/v2\/pages"}],"about":[{"href":"https:\/\/www.ufmg.br\/cac\/wp-json\/wp\/v2\/types\/page"}],"author":[{"embeddable":true,"href":"https:\/\/www.ufmg.br\/cac\/wp-json\/wp\/v2\/users\/2"}],"replies":[{"embeddable":true,"href":"https:\/\/www.ufmg.br\/cac\/wp-json\/wp\/v2\/comments?post=1352"}],"version-history":[{"count":10,"href":"https:\/\/www.ufmg.br\/cac\/wp-json\/wp\/v2\/pages\/1352\/revisions"}],"predecessor-version":[{"id":1563,"href":"https:\/\/www.ufmg.br\/cac\/wp-json\/wp\/v2\/pages\/1352\/revisions\/1563"}],"up":[{"embeddable":true,"href":"https:\/\/www.ufmg.br\/cac\/wp-json\/wp\/v2\/pages\/2442"}],"wp:attachment":[{"href":"https:\/\/www.ufmg.br\/cac\/wp-json\/wp\/v2\/media?parent=1352"}],"curies":[{"name":"wp","href":"https:\/\/api.w.org\/{rel}","templated":true}]}}