{"id":1500,"date":"2023-08-30T07:29:32","date_gmt":"2023-08-30T10:29:32","guid":{"rendered":"https:\/\/www.ufmg.br\/cac\/?page_id=1500"},"modified":"2023-08-30T07:48:18","modified_gmt":"2023-08-30T10:48:18","slug":"cp001-2023-chamada-publica","status":"publish","type":"page","link":"https:\/\/www.ufmg.br\/cac\/emei\/cp001-2023-chamada-publica\/","title":{"rendered":"CHAMADA P\u00daBLICA N\u00ba 001\/2023"},"content":{"rendered":"\n<p><strong>Abaixo voc\u00ea encontrar\u00e1 todas as informa\u00e7\u00f5es referentes \u00e0 CHAMADA P\u00daBLICA N\u00ba 001\/2023 para a EMEI Ala\u00edde Lisboa<\/strong><\/p>\n\n\n\n<div class=\"wp-block-buttons\">\n<div class=\"wp-block-button is-style-outline\"><a class=\"wp-block-button__link has-vivid-cyan-blue-color has-text-color no-border-radius\" href=\"https:\/\/www.ufmg.br\/cac\/emei\/cp001-2023-chamada-publica\/cp001-2023-edital\/\"><strong>Edital<\/strong><\/a><\/div>\n\n\n\n<div class=\"wp-block-button is-style-outline\"><a class=\"wp-block-button__link has-vivid-cyan-blue-color has-text-color no-border-radius\" href=\"https:\/\/www.ufmg.br\/cac\/emei\/cp001-2023-chamada-publica\/cp001-2023-inscricoes-deferidas\/\"><strong>Inscri\u00e7\u00f5es deferidas<\/strong><\/a><\/div>\n\n\n\n<div class=\"wp-block-button is-style-outline\"><a class=\"wp-block-button__link has-vivid-cyan-blue-color has-text-color no-border-radius\" href=\"https:\/\/www.ufmg.br\/cac\/emei\/cp001-2023-chamada-publica\/cp001-2023-sorteio\/\"><strong>Sorteio<\/strong><\/a><\/div>\n\n\n\n<div class=\"wp-block-button is-style-outline\"><a class=\"wp-block-button__link has-vivid-cyan-blue-color has-text-color no-border-radius\" href=\"https:\/\/www.ufmg.br\/cac\/emei\/cp001-2023-chamada-publica\/cp001-2023-convocacoes\/\"><strong>Convoca\u00e7\u00f5es<\/strong><\/a><\/div>\n<\/div>\n\n\n\n<p><\/p>\n","protected":false},"excerpt":{"rendered":"<p>Abaixo voc\u00ea encontrar\u00e1 todas as informa\u00e7\u00f5es referentes \u00e0 CHAMADA P\u00daBLICA [&hellip;]<\/p>\n","protected":false},"author":2,"featured_media":0,"parent":195,"menu_order":0,"comment_status":"closed","ping_status":"closed","template":"","meta":[],"_links":{"self":[{"href":"https:\/\/www.ufmg.br\/cac\/wp-json\/wp\/v2\/pages\/1500"}],"collection":[{"href":"https:\/\/www.ufmg.br\/cac\/wp-json\/wp\/v2\/pages"}],"about":[{"href":"https:\/\/www.ufmg.br\/cac\/wp-json\/wp\/v2\/types\/page"}],"author":[{"embeddable":true,"href":"https:\/\/www.ufmg.br\/cac\/wp-json\/wp\/v2\/users\/2"}],"replies":[{"embeddable":true,"href":"https:\/\/www.ufmg.br\/cac\/wp-json\/wp\/v2\/comments?post=1500"}],"version-history":[{"count":4,"href":"https:\/\/www.ufmg.br\/cac\/wp-json\/wp\/v2\/pages\/1500\/revisions"}],"predecessor-version":[{"id":1518,"href":"https:\/\/www.ufmg.br\/cac\/wp-json\/wp\/v2\/pages\/1500\/revisions\/1518"}],"up":[{"embeddable":true,"href":"https:\/\/www.ufmg.br\/cac\/wp-json\/wp\/v2\/pages\/195"}],"wp:attachment":[{"href":"https:\/\/www.ufmg.br\/cac\/wp-json\/wp\/v2\/media?parent=1500"}],"curies":[{"name":"wp","href":"https:\/\/api.w.org\/{rel}","templated":true}]}}