{"id":1501,"date":"2023-08-30T07:29:43","date_gmt":"2023-08-30T10:29:43","guid":{"rendered":"https:\/\/www.ufmg.br\/cac\/?page_id=1501"},"modified":"2023-10-19T13:04:51","modified_gmt":"2023-10-19T16:04:51","slug":"cp001-2023-edital","status":"publish","type":"page","link":"https:\/\/www.ufmg.br\/cac\/emei\/cp001-2023-chamada-publica\/cp001-2023-edital\/","title":{"rendered":"Edital &#8211; CHAMADA P\u00daBLICA N\u00ba 001\/2023"},"content":{"rendered":"\n<h2>CHAMADA P\u00daBLICA N\u00ba 001\/2023 &#8211; PROCESSO SELETIVO 2023 EMEI ALA\u00cdDE LISBOA \u2013 COMUNIDADE UNIVERSIT\u00c1RIA<\/h2>\n\n\n\n<h3><strong>Processo n\u00ba 23072.251148\/2023-67<\/strong><\/h3>\n\n\n\n<hr class=\"wp-block-separator is-style-default\"\/>\n\n\n\n<p>A Universidade Federal de Minas Gerais (UFMG), por interm\u00e9dio da Coordenadoria de Assuntos Comunit\u00e1rios da UFMG (CAC\/UFMG), torna p\u00fablica a presente Chamada P\u00fablica, em cumprimento ao estabelecido pelo Conselho Universit\u00e1rio, em reuni\u00e3o realizada no dia 1\u00ba de mar\u00e7o de 2007, e com base no art. 13 da Portaria SMED n\u00ba 238\/2023, publicada em 19 de agosto de 2023. Os interessados dever\u00e3o se inscrever no per\u00edodo de 4 a 18 de setembro de 2023, por meio de preenchimento do Requerimento de Inscri\u00e7\u00e3o dispon\u00edvel no link &lt;<a rel=\"noreferrer noopener\" href=\"https:\/\/forms.gle\/4SdThbENz1hMyJr46\" target=\"_blank\">https:\/\/forms.gle\/4SdThbENz1hMyJr46<\/a>&gt; (<strong>Aten\u00e7\u00e3o: este formul\u00e1rio estar\u00e1 dispon\u00edvel para preenchimento apenas a partir do dia 04\/09\/2023<\/strong>).<\/p>\n\n\n\n<div class=\"wp-block-file\"><a href=\"https:\/\/www.ufmg.br\/cac\/wp-content\/uploads\/2023\/08\/cp-001_2023-edital-30082023.pdf\" target=\"_blank\" rel=\"noreferrer noopener\">Edital &#8211; CHAMADA P\u00daBLICA N\u00ba 001\/2023<\/a><a href=\"https:\/\/www.ufmg.br\/cac\/wp-content\/uploads\/2023\/08\/cp-001_2023-edital-30082023.pdf\" class=\"wp-block-file__button\" download><strong><span style=\"color:#ffffff\" class=\"tadv-color\">Baixar<\/span><\/strong><\/a><\/div>\n\n\n\n<p><\/p>\n\n\n\n<p class=\"has-medium-font-size\"><span style=\"text-decoration: underline\" class=\"underline\"><strong>RETIFICA\u00c7\u00c3O DO EDITAL &#8211; CHAMADA P\u00daBLICA N\u00ba 001\/2023<\/strong><\/span><\/p>\n\n\n\n<p><strong>Comunicamos que houve retifica\u00e7\u00e3o na Chamada P\u00fablica 001\/2023 nos itens referentes \u00e0 data do sorteio das vagas e da matr\u00edcula. O sorteio fica alterado de: 25 de outubro de 2023 para 22 de novembro de 2023 \u00e0s 14:00h e o prazo para matr\u00edcula se iniciar\u00e1 em 28 de novembro de 2023.<\/strong><\/p>\n\n\n\n<div class=\"wp-block-file\"><a href=\"https:\/\/www.ufmg.br\/cac\/wp-content\/uploads\/2023\/10\/cp-001_2023-edital_re-19102023.pdf\" target=\"_blank\" rel=\"noreferrer noopener\">Edital de retifica\u00e7\u00e3o &#8211; CHAMADA P\u00daBLICA N\u00ba 001\/2023<\/a><a href=\"https:\/\/www.ufmg.br\/cac\/wp-content\/uploads\/2023\/10\/cp-001_2023-edital_re-19102023.pdf\" class=\"wp-block-file__button\" download><strong><span style=\"color:#ffffff\" class=\"tadv-color\">Baixar<\/span><\/strong><\/a><\/div>\n","protected":false},"excerpt":{"rendered":"<p>CHAMADA P\u00daBLICA N\u00ba 001\/2023 &#8211; PROCESSO SELETIVO 2023 EMEI ALA\u00cdDE [&hellip;]<\/p>\n","protected":false},"author":3,"featured_media":0,"parent":1500,"menu_order":0,"comment_status":"closed","ping_status":"closed","template":"","meta":[],"_links":{"self":[{"href":"https:\/\/www.ufmg.br\/cac\/wp-json\/wp\/v2\/pages\/1501"}],"collection":[{"href":"https:\/\/www.ufmg.br\/cac\/wp-json\/wp\/v2\/pages"}],"about":[{"href":"https:\/\/www.ufmg.br\/cac\/wp-json\/wp\/v2\/types\/page"}],"author":[{"embeddable":true,"href":"https:\/\/www.ufmg.br\/cac\/wp-json\/wp\/v2\/users\/3"}],"replies":[{"embeddable":true,"href":"https:\/\/www.ufmg.br\/cac\/wp-json\/wp\/v2\/comments?post=1501"}],"version-history":[{"count":17,"href":"https:\/\/www.ufmg.br\/cac\/wp-json\/wp\/v2\/pages\/1501\/revisions"}],"predecessor-version":[{"id":1598,"href":"https:\/\/www.ufmg.br\/cac\/wp-json\/wp\/v2\/pages\/1501\/revisions\/1598"}],"up":[{"embeddable":true,"href":"https:\/\/www.ufmg.br\/cac\/wp-json\/wp\/v2\/pages\/1500"}],"wp:attachment":[{"href":"https:\/\/www.ufmg.br\/cac\/wp-json\/wp\/v2\/media?parent=1501"}],"curies":[{"name":"wp","href":"https:\/\/api.w.org\/{rel}","templated":true}]}}