{"id":1618,"date":"2023-11-01T14:48:54","date_gmt":"2023-11-01T17:48:54","guid":{"rendered":"https:\/\/www.ufmg.br\/cac\/?page_id=1618"},"modified":"2023-12-04T16:46:19","modified_gmt":"2023-12-04T18:46:19","slug":"edital-n-2548-2023-cac-ch-ufmg","status":"publish","type":"page","link":"https:\/\/www.ufmg.br\/cac\/processos-seletivos\/edital-n-2548-2023-cac-ch-ufmg\/","title":{"rendered":"EDITAL N\u00ba 2548\/2023\/CAC-CH-UFMG"},"content":{"rendered":"\n\n\n<p>EDITAL N\u00ba 2548\/2023\/CAC-CH-UFMG &#8211; Convoca\u00e7\u00e3o de Elei\u00e7\u00e3o<\/p>\n<p>Baixar Edital<br \/><a href=\"https:\/\/www.ufmg.br\/cac\/wp-content\/uploads\/2023\/11\/cac_ch_ufmg-2548_2023-edital-01112023.pdf\" target=\"_blank\" rel=\"noopener\">Download<\/a><\/p>\n<p>Formul\u00e1rio de Inscri\u00e7\u00e3o<br \/><a href=\"https:\/\/www.ufmg.br\/cac\/wp-content\/uploads\/2023\/11\/formulario_inscricao_01112023.docx\" target=\"_blank\" rel=\"noopener\">Download<\/a><\/p>\n<p>Candidaturas Homologadas<br \/><a href=\"https:\/\/www.ufmg.br\/cac\/wp-content\/uploads\/2023\/11\/cac_ch_ufmg-2548_candidaturas_-homologadas_20112023.pdf\" target=\"_blank\" rel=\"noopener\">Download<\/a><\/p>\n<p>Relat\u00f3rio de Apura\u00e7\u00e3o<br \/><a href=\"https:\/\/www.ufmg.br\/cac\/wp-content\/uploads\/2023\/11\/cac_ch_ufmg-2548_apuracao_21112023.pdf\" target=\"_blank\" rel=\"noopener\">Download<\/a><\/p>\n<p>Ata de Homologa\u00e7\u00e3o do Resultado<br \/><a href=\"https:\/\/www.ufmg.br\/cac\/wp-content\/uploads\/2023\/12\/cac_ch_ufmg-2548_homologacao_resultado_01122023.pdf\" target=\"_blank\" rel=\"noopener\">Download<\/a><\/p>\n<p>Portaria N\u00ba 11101, de 04\/12\/2023<br \/><a href=\"https:\/\/www.ufmg.br\/cac\/wp-content\/uploads\/2023\/12\/cac_ch_ufmg-2548_portaria_04122023.pdf\" target=\"_blank\" rel=\"noopener\">Download<\/a><\/p>\n\n\n\n<p><\/p>\n","protected":false},"excerpt":{"rendered":"<p>EDITAL N\u00ba 2548\/2023\/CAC-CH-UFMG &#8211; Convoca\u00e7\u00e3o de Elei\u00e7\u00e3o Baixar EditalDownload Formul\u00e1rio [&hellip;]<\/p>\n","protected":false},"author":2,"featured_media":0,"parent":197,"menu_order":0,"comment_status":"closed","ping_status":"closed","template":"","meta":[],"_links":{"self":[{"href":"https:\/\/www.ufmg.br\/cac\/wp-json\/wp\/v2\/pages\/1618"}],"collection":[{"href":"https:\/\/www.ufmg.br\/cac\/wp-json\/wp\/v2\/pages"}],"about":[{"href":"https:\/\/www.ufmg.br\/cac\/wp-json\/wp\/v2\/types\/page"}],"author":[{"embeddable":true,"href":"https:\/\/www.ufmg.br\/cac\/wp-json\/wp\/v2\/users\/2"}],"replies":[{"embeddable":true,"href":"https:\/\/www.ufmg.br\/cac\/wp-json\/wp\/v2\/comments?post=1618"}],"version-history":[{"count":6,"href":"https:\/\/www.ufmg.br\/cac\/wp-json\/wp\/v2\/pages\/1618\/revisions"}],"predecessor-version":[{"id":1680,"href":"https:\/\/www.ufmg.br\/cac\/wp-json\/wp\/v2\/pages\/1618\/revisions\/1680"}],"up":[{"embeddable":true,"href":"https:\/\/www.ufmg.br\/cac\/wp-json\/wp\/v2\/pages\/197"}],"wp:attachment":[{"href":"https:\/\/www.ufmg.br\/cac\/wp-json\/wp\/v2\/media?parent=1618"}],"curies":[{"name":"wp","href":"https:\/\/api.w.org\/{rel}","templated":true}]}}