{"id":195,"date":"2022-09-20T10:47:02","date_gmt":"2022-09-20T13:47:02","guid":{"rendered":"https:\/\/www.ufmg.br\/cac\/?page_id=195"},"modified":"2022-10-06T11:39:24","modified_gmt":"2022-10-06T14:39:24","slug":"emei","status":"publish","type":"page","link":"https:\/\/www.ufmg.br\/cac\/emei\/","title":{"rendered":"EMEI"},"content":{"rendered":"\n<p>Para informa\u00e7\u00f5es sobre processos seletivos da EMEI Ala\u00edde Lisboa, escolha uma op\u00e7\u00e3o no menu ao lado.<\/p>\n","protected":false},"excerpt":{"rendered":"<p>Para informa\u00e7\u00f5es sobre processos seletivos da EMEI Ala\u00edde Lisboa, escolha [&hellip;]<\/p>\n","protected":false},"author":2,"featured_media":0,"parent":0,"menu_order":0,"comment_status":"closed","ping_status":"closed","template":"","meta":[],"_links":{"self":[{"href":"https:\/\/www.ufmg.br\/cac\/wp-json\/wp\/v2\/pages\/195"}],"collection":[{"href":"https:\/\/www.ufmg.br\/cac\/wp-json\/wp\/v2\/pages"}],"about":[{"href":"https:\/\/www.ufmg.br\/cac\/wp-json\/wp\/v2\/types\/page"}],"author":[{"embeddable":true,"href":"https:\/\/www.ufmg.br\/cac\/wp-json\/wp\/v2\/users\/2"}],"replies":[{"embeddable":true,"href":"https:\/\/www.ufmg.br\/cac\/wp-json\/wp\/v2\/comments?post=195"}],"version-history":[{"count":3,"href":"https:\/\/www.ufmg.br\/cac\/wp-json\/wp\/v2\/pages\/195\/revisions"}],"predecessor-version":[{"id":1167,"href":"https:\/\/www.ufmg.br\/cac\/wp-json\/wp\/v2\/pages\/195\/revisions\/1167"}],"wp:attachment":[{"href":"https:\/\/www.ufmg.br\/cac\/wp-json\/wp\/v2\/media?parent=195"}],"curies":[{"name":"wp","href":"https:\/\/api.w.org\/{rel}","templated":true}]}}