{"id":1956,"date":"2024-08-13T08:05:30","date_gmt":"2024-08-13T11:05:30","guid":{"rendered":"https:\/\/www.ufmg.br\/cac\/?page_id=1956"},"modified":"2024-08-29T14:55:00","modified_gmt":"2024-08-29T17:55:00","slug":"cp001-2024-edital","status":"publish","type":"page","link":"https:\/\/www.ufmg.br\/cac\/emei\/cp001-2024-chamada-publica\/cp001-2024-edital\/","title":{"rendered":"Edital &#8211; CHAMADA P\u00daBLICA N\u00ba 001\/2024"},"content":{"rendered":"\n<h2>CHAMADA P\u00daBLICA N\u00ba 001\/2024 &#8211; PROCESSO SELETIVO 2025 EMEI ALA\u00cdDE LISBOA \u2013 COMUNIDADE UNIVERSIT\u00c1RIA<\/h2>\n\n\n\n<h3><strong>Processo n\u00ba 23072.248769\/2024-44<\/strong><\/h3>\n\n\n\n<p>A Universidade Federal de Minas Gerais (UFMG), por interm\u00e9dio da Coordenadoria de Assuntos Comunit\u00e1rios da UFMG (CAC\/UFMG), torna p\u00fablica a presente Chamada P\u00fablica, em cumprimento ao estabelecido pelo Conselho Universit\u00e1rio, em reuni\u00e3o realizada no dia 1\u00ba de mar\u00e7o de 2007, e com base no art. 13 da Portaria SMED n\u00ba 240\/2024, publicada em 8 de agosto de 2024. Os interessados dever\u00e3o se inscrever no per\u00edodo de 2 a 13 de setembro de 2024, por meio de preenchimento do Requerimento de Inscri\u00e7\u00e3o dispon\u00edvel no link <a href=\"http:\/\/forms.gle\/k5zNQaCMyxqi3PFG6\" target=\"_blank\" rel=\"noreferrer noopener\">https:\/\/forms.gle\/k5zNQaCMyxqi3PFG6.<\/a> <strong>(Aten\u00e7\u00e3o: este formul\u00e1rio estar\u00e1 dispon\u00edvel para preenchimento apenas a partir do dia 02\/09\/2024)<\/strong><\/p>\n\n\n\n<p><a rel=\"noreferrer noopener\" href=\"https:\/\/www.ufmg.br\/cac\/wp-content\/uploads\/2024\/08\/cp-001_2024-edital-29082024.html\" target=\"_blank\">Clique aqui para acessar o Edital \u2013 CHAMADA P\u00daBLICA N\u00ba 001\/2024<\/a><br>Vers\u00e3o em PDF dispon\u00edvel <a href=\"https:\/\/www.ufmg.br\/cac\/wp-content\/uploads\/2024\/08\/cp-001_2024-edital-29082024.pdf\" target=\"_blank\" rel=\"noreferrer noopener\">aqui<\/a><\/p>\n","protected":false},"excerpt":{"rendered":"<p>CHAMADA P\u00daBLICA N\u00ba 001\/2024 &#8211; PROCESSO SELETIVO 2025 EMEI ALA\u00cdDE [&hellip;]<\/p>\n","protected":false},"author":3,"featured_media":0,"parent":1944,"menu_order":0,"comment_status":"closed","ping_status":"closed","template":"","meta":[],"_links":{"self":[{"href":"https:\/\/www.ufmg.br\/cac\/wp-json\/wp\/v2\/pages\/1956"}],"collection":[{"href":"https:\/\/www.ufmg.br\/cac\/wp-json\/wp\/v2\/pages"}],"about":[{"href":"https:\/\/www.ufmg.br\/cac\/wp-json\/wp\/v2\/types\/page"}],"author":[{"embeddable":true,"href":"https:\/\/www.ufmg.br\/cac\/wp-json\/wp\/v2\/users\/3"}],"replies":[{"embeddable":true,"href":"https:\/\/www.ufmg.br\/cac\/wp-json\/wp\/v2\/comments?post=1956"}],"version-history":[{"count":7,"href":"https:\/\/www.ufmg.br\/cac\/wp-json\/wp\/v2\/pages\/1956\/revisions"}],"predecessor-version":[{"id":1983,"href":"https:\/\/www.ufmg.br\/cac\/wp-json\/wp\/v2\/pages\/1956\/revisions\/1983"}],"up":[{"embeddable":true,"href":"https:\/\/www.ufmg.br\/cac\/wp-json\/wp\/v2\/pages\/1944"}],"wp:attachment":[{"href":"https:\/\/www.ufmg.br\/cac\/wp-json\/wp\/v2\/media?parent=1956"}],"curies":[{"name":"wp","href":"https:\/\/api.w.org\/{rel}","templated":true}]}}