{"id":197,"date":"2022-09-20T10:47:02","date_gmt":"2022-09-20T13:47:02","guid":{"rendered":"https:\/\/www.ufmg.br\/cac\/?page_id=197"},"modified":"2025-10-06T11:55:10","modified_gmt":"2025-10-06T14:55:10","slug":"processos-seletivos","status":"publish","type":"page","link":"https:\/\/www.ufmg.br\/cac\/processos-seletivos\/","title":{"rendered":"Processos Seletivos"},"content":{"rendered":"\n\n\n<p><strong><strong>Abaixo voc\u00ea encontrar\u00e1 informa\u00e7\u00f5es referentes aos Processos Seletivos Internos da CAC<\/strong><\/strong><\/p>\n\n\n\n<p><\/p>\n\n\n\n<div class=\"wp-block-buttons\">\n<div class=\"wp-block-button is-style-outline\"><a class=\"wp-block-button__link has-vivid-cyan-blue-color has-text-color no-border-radius\" href=\"https:\/\/www.ufmg.br\/cac\/processos-seletivos\/edital-n-2633-2025-cac-ufmg\/\"><strong>EDITAL N\u00b0 2633\/2025\/CAC-UFMG<\/strong><\/a><\/div>\n<\/div>\n\n\n\n<div class=\"wp-block-buttons\">\n<div class=\"wp-block-button is-style-outline\"><a class=\"wp-block-button__link has-vivid-cyan-blue-color has-text-color no-border-radius\" href=\"https:\/\/www.ufmg.br\/cac\/edital-n-2255-2025-cac-ufmg\/\"><strong>EDITAL N\u00b0 2255\/2025\/CAC-UFMG<\/strong><\/a><\/div>\n<\/div>\n\n\n\n<div class=\"wp-block-buttons\">\n<div class=\"wp-block-button is-style-outline\"><a class=\"wp-block-button__link has-vivid-cyan-blue-color has-text-color no-border-radius\" href=\"https:\/\/www.ufmg.br\/cac\/processos-seletivos\/edital-no-2018-2024-cac-ufmg\/\"><strong>EDITAL N\u00ba 2018\/2024\/CAC-UFMG<\/strong><\/a><\/div>\n<\/div>\n\n\n\n<div class=\"wp-block-buttons\">\n<div class=\"wp-block-button is-style-outline\"><a class=\"wp-block-button__link has-vivid-cyan-blue-color has-text-color no-border-radius\" href=\"https:\/\/www.ufmg.br\/cac\/processos-seletivos\/edital-no-2818-2023-cac-ufmg\/\"><strong>EDITAL N\u00ba 2818\/2023\/CAC-UFMG<\/strong><\/a><\/div>\n<\/div>\n\n\n\n<div class=\"wp-block-buttons\">\n<div class=\"wp-block-button is-style-outline\"><a class=\"wp-block-button__link has-vivid-cyan-blue-color has-text-color no-border-radius\" href=\"https:\/\/www.ufmg.br\/cac\/edital-n-2548-2023-cac-ch-ufmg\/\"><strong>EDITAL N\u00ba 2548\/2023\/CAC-CH-UFMG<\/strong><\/a><\/div>\n<\/div>\n\n\n\n<div class=\"wp-block-buttons\">\n<div class=\"wp-block-button is-style-outline\"><a class=\"wp-block-button__link has-vivid-cyan-blue-color has-text-color no-border-radius\" href=\"https:\/\/www.ufmg.br\/cac\/processos-seletivos\/processo-seletivo-edital-n-723-2022-cac-nad-ufmg\/\"><strong>EDITAL N\u00ba 723\/2022\/CAC-NAD-UFMG<\/strong><\/a><\/div>\n<\/div>\n\n\n\n<p><\/p>\n","protected":false},"excerpt":{"rendered":"<p>Abaixo voc\u00ea encontrar\u00e1 informa\u00e7\u00f5es referentes aos Processos Seletivos Internos da [&hellip;]<\/p>\n","protected":false},"author":2,"featured_media":0,"parent":0,"menu_order":0,"comment_status":"closed","ping_status":"closed","template":"","meta":[],"_links":{"self":[{"href":"https:\/\/www.ufmg.br\/cac\/wp-json\/wp\/v2\/pages\/197"}],"collection":[{"href":"https:\/\/www.ufmg.br\/cac\/wp-json\/wp\/v2\/pages"}],"about":[{"href":"https:\/\/www.ufmg.br\/cac\/wp-json\/wp\/v2\/types\/page"}],"author":[{"embeddable":true,"href":"https:\/\/www.ufmg.br\/cac\/wp-json\/wp\/v2\/users\/2"}],"replies":[{"embeddable":true,"href":"https:\/\/www.ufmg.br\/cac\/wp-json\/wp\/v2\/comments?post=197"}],"version-history":[{"count":15,"href":"https:\/\/www.ufmg.br\/cac\/wp-json\/wp\/v2\/pages\/197\/revisions"}],"predecessor-version":[{"id":2294,"href":"https:\/\/www.ufmg.br\/cac\/wp-json\/wp\/v2\/pages\/197\/revisions\/2294"}],"wp:attachment":[{"href":"https:\/\/www.ufmg.br\/cac\/wp-json\/wp\/v2\/media?parent=197"}],"curies":[{"name":"wp","href":"https:\/\/api.w.org\/{rel}","templated":true}]}}