{"id":2097,"date":"2025-03-19T11:39:11","date_gmt":"2025-03-19T14:39:11","guid":{"rendered":"https:\/\/www.ufmg.br\/cac\/?page_id=2097"},"modified":"2026-03-30T07:34:52","modified_gmt":"2026-03-30T10:34:52","slug":"editais-cec-01-2025-a-cec-10-2025","status":"publish","type":"page","link":"https:\/\/www.ufmg.br\/cac\/comicao-eleitoral-central\/cec-consultas-eleitorais-centralizadas\/eleicoes-2025\/editais-cec-01-2025-a-cec-10-2025\/","title":{"rendered":"Editais CEC 01-2025 a CEC 10-2025"},"content":{"rendered":"\n<p><strong>RESULTADOS HOMOLOGADOS<\/strong><br><a href=\"https:\/\/www.ufmg.br\/cac\/wp-content\/uploads\/2025\/05\/cec-01-10_2025-resultado_homologado-21052025.pdf\" target=\"_blank\" rel=\"noopener\">Baixar Resultados Homologados<\/a><br><\/p>\n<hr>\n<p><strong>RESULTADOS DAS CONSULTAS ELEITORAIS CENTRALIZADAS<\/strong><\/p>\n<p><strong>CEPE &#8211; Coordenadores de Extens\u00e3o<br><\/strong><a href=\"https:\/\/www.ufmg.br\/cac\/wp-content\/uploads\/2025\/05\/CEPE-Coordenadores-de-Extensao_09052025.pdf\" target=\"_blank\" rel=\"noopener\">Baixar Resultado<\/a><strong><br><\/strong><\/p>\n<p><strong>CEPE &#8211; Coordenadores de Gradua\u00e7\u00e3o<\/strong><br><a href=\"https:\/\/www.ufmg.br\/cac\/wp-content\/uploads\/2025\/05\/CEPE-Coordenadores-de-Graduacao_09052025.pdf\" target=\"_blank\" rel=\"noopener\">Baixar Resultado<\/a><\/p>\n<p><strong>CEPE &#8211; Coordenadores de P\u00f3s-gradua\u00e7\u00e3o<\/strong><br><a href=\"https:\/\/www.ufmg.br\/cac\/wp-content\/uploads\/2025\/05\/CEPE-Coordenadores-de-Pos-graduacao_09052025.pdf\" target=\"_blank\" rel=\"noopener\">Baixar Resultado<\/a><\/p>\n<p><strong>CIS &#8211; TAEs<\/strong><br><a href=\"https:\/\/www.ufmg.br\/cac\/wp-content\/uploads\/2025\/05\/CIS-TAEs_09052025.pdf\" target=\"_blank\" rel=\"noopener\">Baixar Resultado<\/a><\/p>\n<p><strong>Conselho de Curadores &#8211; Docentes<\/strong><br><a href=\"https:\/\/www.ufmg.br\/cac\/wp-content\/uploads\/2025\/05\/Conselho-de-Curadores-Docentes_09052025.pdf\" target=\"_blank\" rel=\"noopener\">Baixar Resultado<\/a><\/p>\n<p><strong>Conselho de Curadores &#8211; TAEs<\/strong><br><a href=\"https:\/\/www.ufmg.br\/cac\/wp-content\/uploads\/2025\/05\/Conselho-de-Curadores-TAEs_09052025.pdf\" target=\"_blank\" rel=\"noopener\">Baixar Resultado<\/a><\/p>\n<p><strong>Conselho de Diretores &#8211; TAEs<\/strong><br><a href=\"https:\/\/www.ufmg.br\/cac\/wp-content\/uploads\/2025\/05\/Conselho-de-Diretores-TAEs_09052025.pdf\" target=\"_blank\" rel=\"noopener\">Baixar Resultado<\/a><\/p>\n<p><strong>Conselho Diretor da BU &#8211; TAEs<\/strong><br><a href=\"https:\/\/www.ufmg.br\/cac\/wp-content\/uploads\/2025\/05\/Conselho-Diretor-da-BU-TAEs_09052025.pdf\" target=\"_blank\" rel=\"noopener\">Baixar Resultado<\/a><\/p>\n<p><strong>Conselho Diretor da Moradia Universit\u00e1ria &#8211; Moradores<\/strong><br><a href=\"https:\/\/www.ufmg.br\/cac\/wp-content\/uploads\/2025\/05\/Conselho-Diretor-da-Moradia-Universitaria-Moradores_09052025.pdf\" target=\"_blank\" rel=\"noopener\">Baixar Resultado<\/a><\/p>\n<p><strong>Conselho Diretor da Moradia Universit\u00e1ria &#8211; TAEs<\/strong><br><a href=\"https:\/\/www.ufmg.br\/cac\/wp-content\/uploads\/2025\/05\/Conselho-Diretor-da-Moradia-Universitaria-TAEs_09052025.pdf\" target=\"_blank\" rel=\"noopener\">Baixar Resultado<\/a><\/p>\n<p><strong>Conselho Universit\u00e1rio &#8211; Humanidades<\/strong><br><a href=\"https:\/\/www.ufmg.br\/cac\/wp-content\/uploads\/2025\/05\/Conselho-Universitario-Humanidades_09052025.pdf\" target=\"_blank\" rel=\"noopener\">Baixar Resultado<\/a><\/p>\n<p><strong>Conselho Universit\u00e1rio &#8211; TAEs<\/strong><br><a href=\"https:\/\/www.ufmg.br\/cac\/wp-content\/uploads\/2025\/05\/Conselho-Universitario-TAEs_09052025.pdf\" target=\"_blank\" rel=\"noopener\">Baixar Resultado<\/a><\/p>\n<p><strong>CPPD &#8211; Ci\u00eancias da Natureza<\/strong><br><a href=\"https:\/\/www.ufmg.br\/cac\/wp-content\/uploads\/2025\/05\/CPPD-Ciencias-da-Natureza_09052025.pdf\" target=\"_blank\" rel=\"noopener\">Baixar Resultado<\/a><\/p>\n<p><strong>CPPD &#8211; Ci\u00eancias da Vida<\/strong><br><a href=\"https:\/\/www.ufmg.br\/cac\/wp-content\/uploads\/2025\/05\/CPPD-Ciencias-da-Vida_09052025.pdf\" target=\"_blank\" rel=\"noopener\">Baixar Resultado<\/a><\/p>\n<p><strong>CPPD &#8211; Humanidades<\/strong><br><a href=\"https:\/\/www.ufmg.br\/cac\/wp-content\/uploads\/2025\/05\/CPPD-Humanidades_09052025.pdf\" target=\"_blank\" rel=\"noopener\">Baixar Resultado<\/a><\/p>\n<p><strong>Assista \u00e0 apura\u00e7\u00e3o dos votos <a href=\"https:\/\/www.youtube.com\/watch?v=htjHpDr0whM\" target=\"_blank\" rel=\"noopener\">AQUI<\/a><\/strong><\/p>\n<hr>\n<p><strong>CANDIDATURAS HOMOLOGADAS<\/strong><br><a href=\"https:\/\/www.ufmg.br\/cac\/wp-content\/uploads\/2025\/04\/cec-01-10_2025-candidaturas_homologadas-17042025.pdf\" target=\"_blank\" rel=\"noopener\">baixar candidaturas<\/a><\/p>\n<hr>\n<p><strong>CANDIDATURAS<\/strong><br><a href=\"https:\/\/www.ufmg.br\/cac\/wp-content\/uploads\/2025\/04\/cec-01-10_2025-candidaturas-14042025.pdf\" target=\"_blank\" rel=\"noopener\">baixar candidaturas<\/a><\/p>\n<hr>\n<p>Informamos que foram publicados os editais referentes \u00e0s consultas centralizadas para recomposi\u00e7\u00e3o dos \u00f3rg\u00e3os colegiados da Administra\u00e7\u00e3o Central. Cada edital refere-se a um \u00f3rg\u00e3o e s\u00e3o previstas vagas docentes, discentes e TAEs.<\/p>\n<p><strong>EDITAL CEC 01-2025 &#8211; CONSELHO DIRETOR DA MORADIA UNIVERSIT\u00c1RIA <\/strong><br><a href=\"https:\/\/www.ufmg.br\/cac\/wp-content\/uploads\/2025\/03\/cec-01_2025-edital-cdmu-19032025.pdf\" target=\"_blank\" rel=\"noopener\">baixar edital CEC 01-2025<\/a><\/p>\n<p><strong>EDITAL CEC 02-2025 &#8211; CONSELHO DE ENSINO, PESQUISA E EXTENS\u00c3O (CEPE) <\/strong><br><a href=\"https:\/\/www.ufmg.br\/cac\/wp-content\/uploads\/2025\/03\/cec-02_2025-edital-cepe-19032025.pdf\" target=\"_blank\" rel=\"noopener\">baixar edital CEC 02-2025<\/a><\/p>\n<p><strong>EDITAL CEC 03-2025 &#8211; CONSELHO DE CURADORES <\/strong><br><a href=\"https:\/\/www.ufmg.br\/cac\/wp-content\/uploads\/2025\/03\/cec-03_2025-edital-ccu-19032025.pdf\" target=\"_blank\" rel=\"noopener\">baixar edital CEC 03-2025<\/a><\/p>\n<p><strong>EDITAL CEC 04-2025 &#8211; CONSELHO UNIVERSIT\u00c1RIO <\/strong><br><a href=\"https:\/\/www.ufmg.br\/cac\/wp-content\/uploads\/2025\/03\/cec-04_2025-edital-cu-19032025.pdf\" target=\"_blank\" rel=\"noopener\">baixar edital CEC 04-2025<\/a><\/p>\n<p><strong>EDITAL CEC 05-2025 &#8211; CONSELHO DE DIRETORES <\/strong><br><a href=\"https:\/\/www.ufmg.br\/cac\/wp-content\/uploads\/2025\/03\/cec-05_2025-edital-cd-19032025.pdf\" target=\"_blank\" rel=\"noopener\">baixar edital CEC 05-2025<\/a><\/p>\n<p><strong>EDITAL CEC 06-2025 &#8211; COMISS\u00c3O PERMANENTE DE PESSOAL DOCENTE (CPPD) <\/strong><br><a href=\"https:\/\/www.ufmg.br\/cac\/wp-content\/uploads\/2025\/03\/cec-06_2025-edital-cppd-19032025.pdf\" target=\"_blank\" rel=\"noopener\">baixar edital CEC 06-2025<\/a><br><strong>RETIFICA\u00c7\u00c3O EDITAL CEC 06-2025<\/strong><br><a href=\"https:\/\/www.ufmg.br\/cac\/wp-content\/uploads\/2025\/04\/cec-06_2025-retificacao-edital-cppd-03042025.pdf\" target=\"_blank rel=\" rel=\"noopener\">baixar retifica\u00e7\u00e3o<\/a><\/p>\n<p><strong>EDITAL CEC 07-2025 &#8211; CONSELHO DIRETOR DA BIBLIOTECA UNIVERSIT\u00c1RIA <\/strong><br><a href=\"https:\/\/www.ufmg.br\/cac\/wp-content\/uploads\/2025\/03\/cec-07_2025-edital-cdbu-19032025.pdf\" target=\"_blank\" rel=\"noopener\">baixar edital CEC 07-2025<\/a><\/p>\n<p><strong>EDITAL CEC 08-2025 &#8211; COMIT\u00ca DE \u00c9TICA EM PESQUISA (CEP) <\/strong><br><a href=\"https:\/\/www.ufmg.br\/cac\/wp-content\/uploads\/2025\/03\/cec-08_2025-edital-cep-19032025.pdf\" target=\"_blank\" rel=\"noopener\">baixar edital CEC 08-2025<\/a><\/p>\n<p><strong>EDITAL CEC 09-2025 &#8211; COMISS\u00c3O INTERNA DE SUPERVIS\u00c3O DO PLANO DE CARREIRA DOS CARGOS T\u00c9CNICO ADMINISTRATIVOS EM EDUCA\u00c7\u00c3O (CIS) <\/strong><br><a href=\"https:\/\/www.ufmg.br\/cac\/wp-content\/uploads\/2025\/03\/cec-09_2025-edital-cis-19032025.pdf\" target=\"_blank\" rel=\"noopener\">baixar edital CEC 09-2025<\/a><\/p>\n<p><strong>EDITAL CEC 10-2025 &#8211; COMISS\u00c3O DE \u00c9TICA NO USO DE ANIMAIS (CEUA) <\/strong><br><a href=\"https:\/\/www.ufmg.br\/cac\/wp-content\/uploads\/2025\/03\/cec-10_2025-edital-ceua-19032025.pdf\" target=\"_blank\" rel=\"noopener\">baixar edital CEC 10-2025<\/a><\/p>\n<p><strong>FORMUL\u00c1RIO DE INSCRI\u00c7\u00c3O <br><\/strong>Formul\u00e1rio de inscri\u00e7\u00e3o para todos os editais acima. <br><a href=\"https:\/\/www.ufmg.br\/cac\/wp-content\/uploads\/2025\/03\/cec-formulario_incricao-19032025.pdf\" target=\"_blank\" rel=\"noopener\">baixar formul\u00e1rio de inscri\u00e7\u00e3o<\/a><\/p>\n","protected":false},"excerpt":{"rendered":"<p>RESULTADOS HOMOLOGADOSBaixar Resultados Homologados RESULTADOS DAS CONSULTAS ELEITORAIS CENTRALIZADAS CEPE [&hellip;]<\/p>\n","protected":false},"author":3,"featured_media":0,"parent":2096,"menu_order":0,"comment_status":"closed","ping_status":"closed","template":"","meta":[],"_links":{"self":[{"href":"https:\/\/www.ufmg.br\/cac\/wp-json\/wp\/v2\/pages\/2097"}],"collection":[{"href":"https:\/\/www.ufmg.br\/cac\/wp-json\/wp\/v2\/pages"}],"about":[{"href":"https:\/\/www.ufmg.br\/cac\/wp-json\/wp\/v2\/types\/page"}],"author":[{"embeddable":true,"href":"https:\/\/www.ufmg.br\/cac\/wp-json\/wp\/v2\/users\/3"}],"replies":[{"embeddable":true,"href":"https:\/\/www.ufmg.br\/cac\/wp-json\/wp\/v2\/comments?post=2097"}],"version-history":[{"count":10,"href":"https:\/\/www.ufmg.br\/cac\/wp-json\/wp\/v2\/pages\/2097\/revisions"}],"predecessor-version":[{"id":2168,"href":"https:\/\/www.ufmg.br\/cac\/wp-json\/wp\/v2\/pages\/2097\/revisions\/2168"}],"up":[{"embeddable":true,"href":"https:\/\/www.ufmg.br\/cac\/wp-json\/wp\/v2\/pages\/2096"}],"wp:attachment":[{"href":"https:\/\/www.ufmg.br\/cac\/wp-json\/wp\/v2\/media?parent=2097"}],"curies":[{"name":"wp","href":"https:\/\/api.w.org\/{rel}","templated":true}]}}