{"id":215,"date":"2022-09-20T14:48:02","date_gmt":"2022-09-20T17:48:02","guid":{"rendered":"https:\/\/www.ufmg.br\/cac\/?page_id=215"},"modified":"2022-11-29T07:36:24","modified_gmt":"2022-11-29T10:36:24","slug":"cp001-2021-chamada-publica","status":"publish","type":"page","link":"https:\/\/www.ufmg.br\/cac\/emei\/cp001-2021-chamada-publica\/","title":{"rendered":"CHAMADA P\u00daBLICA N\u00ba 001\/2021"},"content":{"rendered":"\n<p><strong><strong>Abaixo voc\u00ea encontrar\u00e1 todas as informa\u00e7\u00f5es referentes \u00e0 CHAMADA P\u00daBLICA N\u00ba 001\/2021 para a EMEI Ala\u00edde Lisboa<\/strong><\/strong><\/p>\n\n\n\n<div class=\"wp-block-buttons\">\n<div class=\"wp-block-button is-style-outline\"><a class=\"wp-block-button__link has-vivid-cyan-blue-color has-text-color no-border-radius\" href=\"https:\/\/www.ufmg.br\/cac\/emei\/cp001-2021-chamada-publica\/cp001-2021-edital\/\"><strong>Edital<\/strong><\/a><\/div>\n\n\n\n<div class=\"wp-block-button is-style-outline\"><a class=\"wp-block-button__link has-vivid-cyan-blue-color has-text-color no-border-radius\" href=\"https:\/\/www.ufmg.br\/cac\/emei\/cp001-2021-chamada-publica\/cp001-2021-inscricoes-deferidas\/\"><strong>Inscri\u00e7\u00f5es deferidas<\/strong><\/a><\/div>\n\n\n\n<div class=\"wp-block-button is-style-outline\"><a class=\"wp-block-button__link has-vivid-cyan-blue-color has-text-color no-border-radius\" href=\"https:\/\/www.ufmg.br\/cac\/emei\/cp001-2021-chamada-publica\/cp001-2021-sorteio\/\"><strong>Sorteio<\/strong><\/a><\/div>\n\n\n\n<div class=\"wp-block-button is-style-outline\"><a class=\"wp-block-button__link has-vivid-cyan-blue-color has-text-color no-border-radius\" href=\"https:\/\/www.ufmg.br\/cac\/emei\/cp001-2021-chamada-publica\/cp001-2021-convocacoes\/\"><strong>Convoca\u00e7\u00f5es<\/strong><\/a><\/div>\n<\/div>\n\n\n\n<p><\/p>\n\n\n\n<h2>Avisos<\/h2>\n\n\n\n<p><\/p>\n\n\n\n<p style=\"text-align: justify;\"><strong>01\/09\/2021<\/strong><\/p>\n<p style=\"text-align: justify;\">\u00c0 Comunidade Universit\u00e1ria,<\/p>\n<p style=\"text-align: justify;\">Informamos que o cadastro escolar para a Educa\u00e7\u00e3o Infantil no ano de 2022, na EMEI Ala\u00edde Lisboa, para os alunos de 3 a 5 anos, nascidos entre 1\u00ba de abril de 2016 a 31 de mar\u00e7o de 2019, ser\u00e1 realizado exclusivamente por meio do site da Prefeitura de Belo Horizonte (PBH) <a title=\"www.pbh.gov.br\" href=\"https:\/\/www.pbh.gov.br\" target=\"_blank\" rel=\"noopener\">www.pbh.gov.br<\/a>, no per\u00edodo de 30 de agosto a 17 de setembro de 2021.<\/p>\n<p style=\"text-align: justify;\">Os pais dever\u00e3o cadastrar seus filhos no site da PBH no per\u00edodo informado, utilizando, obrigatoriamente, o endere\u00e7o da UFMG como refer\u00eancia: Avenida Presidente Ant\u00f4nio Carlos, n\u00ba 6627 &#8211; CEP 31.270-901. Esclarecemos que, se o respons\u00e1vel pelo cadastro informar outro endere\u00e7o, n\u00e3o ser\u00e1 poss\u00edvel alocar a crian\u00e7a na EMEI Ala\u00edde Lisboa.<\/p>\n<p style=\"text-align: justify;\">Para as demais faixas et\u00e1rias ser\u00e1 expedida Chamada P\u00fablica da UFMG, oportunamente.<\/p>\n","protected":false},"excerpt":{"rendered":"<p>Abaixo voc\u00ea encontrar\u00e1 todas as informa\u00e7\u00f5es referentes \u00e0 CHAMADA P\u00daBLICA [&hellip;]<\/p>\n","protected":false},"author":2,"featured_media":0,"parent":195,"menu_order":1,"comment_status":"closed","ping_status":"closed","template":"","meta":[],"_links":{"self":[{"href":"https:\/\/www.ufmg.br\/cac\/wp-json\/wp\/v2\/pages\/215"}],"collection":[{"href":"https:\/\/www.ufmg.br\/cac\/wp-json\/wp\/v2\/pages"}],"about":[{"href":"https:\/\/www.ufmg.br\/cac\/wp-json\/wp\/v2\/types\/page"}],"author":[{"embeddable":true,"href":"https:\/\/www.ufmg.br\/cac\/wp-json\/wp\/v2\/users\/2"}],"replies":[{"embeddable":true,"href":"https:\/\/www.ufmg.br\/cac\/wp-json\/wp\/v2\/comments?post=215"}],"version-history":[{"count":7,"href":"https:\/\/www.ufmg.br\/cac\/wp-json\/wp\/v2\/pages\/215\/revisions"}],"predecessor-version":[{"id":1236,"href":"https:\/\/www.ufmg.br\/cac\/wp-json\/wp\/v2\/pages\/215\/revisions\/1236"}],"up":[{"embeddable":true,"href":"https:\/\/www.ufmg.br\/cac\/wp-json\/wp\/v2\/pages\/195"}],"wp:attachment":[{"href":"https:\/\/www.ufmg.br\/cac\/wp-json\/wp\/v2\/media?parent=215"}],"curies":[{"name":"wp","href":"https:\/\/api.w.org\/{rel}","templated":true}]}}